{"id":26622,"date":"2020-12-04T22:50:33","date_gmt":"2020-12-04T22:50:33","guid":{"rendered":"https:\/\/www.quincycompressor.com\/gestion-de-condensados\/"},"modified":"2026-02-20T13:45:07","modified_gmt":"2026-02-20T13:45:07","slug":"gestion-de-condensados","status":"publish","type":"page","link":"https:\/\/www.quincycompressor.com\/es\/productos\/gestion-de-condensados\/","title":{"rendered":"Gesti\u00f3n de condensados"},"content":{"rendered":"","protected":false},"excerpt":{"rendered":"","protected":false},"author":5,"featured_media":26640,"parent":27175,"menu_order":0,"comment_status":"closed","ping_status":"closed","template":"page-product-category.php","meta":{"_acf_changed":false,"inline_featured_image":false,"footnotes":""},"acf":[],"yoast_head":"<!-- This site is optimized with the Yoast SEO plugin v22.9 - https:\/\/yoast.com\/wordpress\/plugins\/seo\/ -->\n<title>Productos para la gesti\u00f3n de condensados | Compresor Quincy<\/title>\n<meta name=\"description\" content=\"Consulta nuestra p\u00e1gina de productos para la gesti\u00f3n de condensados para buscar nuevos purificadores y desag\u00fces de condensados. \u00a1Visita nuestra web o consulta con un representante local hoy mismo!\" \/>\n<meta name=\"robots\" content=\"index, follow, max-snippet:-1, max-image-preview:large, max-video-preview:-1\" \/>\n<link rel=\"canonical\" href=\"https:\/\/www.quincycompressor.com\/es\/productos\/gestion-de-condensados\/\" \/>\n<meta property=\"og:locale\" content=\"es_ES\" \/>\n<meta property=\"og:type\" content=\"article\" \/>\n<meta property=\"og:title\" content=\"Productos para la gesti\u00f3n de condensados | Compresor Quincy\" \/>\n<meta property=\"og:description\" content=\"Consulta nuestra p\u00e1gina de productos para la gesti\u00f3n de condensados para buscar nuevos purificadores y desag\u00fces de condensados. \u00a1Visita nuestra web o consulta con un representante local hoy mismo!\" \/>\n<meta property=\"og:url\" content=\"https:\/\/www.quincycompressor.com\/es\/productos\/gestion-de-condensados\/\" \/>\n<meta property=\"og:site_name\" content=\"Quincy Compressor\" \/>\n<meta property=\"article:modified_time\" content=\"2026-02-20T13:45:07+00:00\" \/>\n<meta property=\"og:image\" content=\"https:\/\/www.quincycompressor.com\/wp-content\/uploads\/2023\/10\/Untitled-design-35-e1699038768269.png\" \/>\n\t<meta property=\"og:image:width\" content=\"1600\" \/>\n\t<meta property=\"og:image:height\" content=\"1155\" \/>\n\t<meta property=\"og:image:type\" content=\"image\/png\" \/>\n<meta name=\"twitter:card\" content=\"summary_large_image\" \/>\n<script type=\"application\/ld+json\" class=\"yoast-schema-graph\">{\"@context\":\"https:\/\/schema.org\",\"@graph\":[{\"@type\":\"WebPage\",\"@id\":\"https:\/\/www.quincycompressor.com\/es\/productos\/gestion-de-condensados\/\",\"url\":\"https:\/\/www.quincycompressor.com\/es\/productos\/gestion-de-condensados\/\",\"name\":\"Productos para la gesti\u00f3n de condensados | Compresor Quincy\",\"isPartOf\":{\"@id\":\"https:\/\/www.quincycompressor.com\/es\/#website\"},\"primaryImageOfPage\":{\"@id\":\"https:\/\/www.quincycompressor.com\/es\/productos\/gestion-de-condensados\/#primaryimage\"},\"image\":{\"@id\":\"https:\/\/www.quincycompressor.com\/es\/productos\/gestion-de-condensados\/#primaryimage\"},\"thumbnailUrl\":\"https:\/\/www.quincycompressor.com\/wp-content\/uploads\/2023\/10\/Untitled-design-35-e1699038768269.png\",\"datePublished\":\"2020-12-04T22:50:33+00:00\",\"dateModified\":\"2026-02-20T13:45:07+00:00\",\"description\":\"Consulta nuestra p\u00e1gina de productos para la gesti\u00f3n de condensados para buscar nuevos purificadores y desag\u00fces de condensados. \u00a1Visita nuestra web o consulta con un representante local hoy mismo!\",\"breadcrumb\":{\"@id\":\"https:\/\/www.quincycompressor.com\/es\/productos\/gestion-de-condensados\/#breadcrumb\"},\"inLanguage\":\"es\",\"potentialAction\":[{\"@type\":\"ReadAction\",\"target\":[\"https:\/\/www.quincycompressor.com\/es\/productos\/gestion-de-condensados\/\"]}]},{\"@type\":\"ImageObject\",\"inLanguage\":\"es\",\"@id\":\"https:\/\/www.quincycompressor.com\/es\/productos\/gestion-de-condensados\/#primaryimage\",\"url\":\"https:\/\/www.quincycompressor.com\/wp-content\/uploads\/2023\/10\/Untitled-design-35-e1699038768269.png\",\"contentUrl\":\"https:\/\/www.quincycompressor.com\/wp-content\/uploads\/2023\/10\/Untitled-design-35-e1699038768269.png\",\"width\":1600,\"height\":1155},{\"@type\":\"BreadcrumbList\",\"@id\":\"https:\/\/www.quincycompressor.com\/es\/productos\/gestion-de-condensados\/#breadcrumb\",\"itemListElement\":[{\"@type\":\"ListItem\",\"position\":1,\"name\":\"Inicio\",\"item\":\"https:\/\/www.quincycompressor.com\/es\/inicio\/\"},{\"@type\":\"ListItem\",\"position\":2,\"name\":\"Productos\",\"item\":\"https:\/\/www.quincycompressor.com\/es\/productos\/\"},{\"@type\":\"ListItem\",\"position\":3,\"name\":\"Gesti\u00f3n de condensados\"}]},{\"@type\":\"WebSite\",\"@id\":\"https:\/\/www.quincycompressor.com\/es\/#website\",\"url\":\"https:\/\/www.quincycompressor.com\/es\/\",\"name\":\"Quincy Compressor\",\"description\":\"Quincy Compressor is your go-to source to find knowledge and dealers with the right air compressor for your situation.\",\"publisher\":{\"@id\":\"https:\/\/www.quincycompressor.com\/es\/#organization\"},\"potentialAction\":[{\"@type\":\"SearchAction\",\"target\":{\"@type\":\"EntryPoint\",\"urlTemplate\":\"https:\/\/www.quincycompressor.com\/es\/?s={search_term_string}\"},\"query-input\":\"required name=search_term_string\"}],\"inLanguage\":\"es\"},{\"@type\":\"Organization\",\"@id\":\"https:\/\/www.quincycompressor.com\/es\/#organization\",\"name\":\"Compresor Quincy\",\"url\":\"https:\/\/www.quincycompressor.com\/es\/\",\"logo\":{\"@type\":\"ImageObject\",\"inLanguage\":\"es\",\"@id\":\"https:\/\/www.quincycompressor.com\/es\/#\/schema\/logo\/image\/\",\"url\":\"https:\/\/www.quincycompressor.com\/wp-content\/uploads\/2021\/04\/Quincy-Compressor-Logo-web-full.jpg\",\"contentUrl\":\"https:\/\/www.quincycompressor.com\/wp-content\/uploads\/2021\/04\/Quincy-Compressor-Logo-web-full.jpg\",\"width\":293,\"height\":111,\"caption\":\"Compresor Quincy\"},\"image\":{\"@id\":\"https:\/\/www.quincycompressor.com\/es\/#\/schema\/logo\/image\/\"}}]}<\/script>\n<!-- \/ Yoast SEO plugin. -->","yoast_head_json":{"title":"Productos para la gesti\u00f3n de condensados | Compresor Quincy","description":"Consulta nuestra p\u00e1gina de productos para la gesti\u00f3n de condensados para buscar nuevos purificadores y desag\u00fces de condensados. \u00a1Visita nuestra web o consulta con un representante local hoy mismo!","robots":{"index":"index","follow":"follow","max-snippet":"max-snippet:-1","max-image-preview":"max-image-preview:large","max-video-preview":"max-video-preview:-1"},"canonical":"https:\/\/www.quincycompressor.com\/es\/productos\/gestion-de-condensados\/","og_locale":"es_ES","og_type":"article","og_title":"Productos para la gesti\u00f3n de condensados | Compresor Quincy","og_description":"Consulta nuestra p\u00e1gina de productos para la gesti\u00f3n de condensados para buscar nuevos purificadores y desag\u00fces de condensados. \u00a1Visita nuestra web o consulta con un representante local hoy mismo!","og_url":"https:\/\/www.quincycompressor.com\/es\/productos\/gestion-de-condensados\/","og_site_name":"Quincy Compressor","article_modified_time":"2026-02-20T13:45:07+00:00","og_image":[{"width":1600,"height":1155,"url":"https:\/\/www.quincycompressor.com\/wp-content\/uploads\/2023\/10\/Untitled-design-35-e1699038768269.png","type":"image\/png"}],"twitter_card":"summary_large_image","schema":{"@context":"https:\/\/schema.org","@graph":[{"@type":"WebPage","@id":"https:\/\/www.quincycompressor.com\/es\/productos\/gestion-de-condensados\/","url":"https:\/\/www.quincycompressor.com\/es\/productos\/gestion-de-condensados\/","name":"Productos para la gesti\u00f3n de condensados | Compresor Quincy","isPartOf":{"@id":"https:\/\/www.quincycompressor.com\/es\/#website"},"primaryImageOfPage":{"@id":"https:\/\/www.quincycompressor.com\/es\/productos\/gestion-de-condensados\/#primaryimage"},"image":{"@id":"https:\/\/www.quincycompressor.com\/es\/productos\/gestion-de-condensados\/#primaryimage"},"thumbnailUrl":"https:\/\/www.quincycompressor.com\/wp-content\/uploads\/2023\/10\/Untitled-design-35-e1699038768269.png","datePublished":"2020-12-04T22:50:33+00:00","dateModified":"2026-02-20T13:45:07+00:00","description":"Consulta nuestra p\u00e1gina de productos para la gesti\u00f3n de condensados para buscar nuevos purificadores y desag\u00fces de condensados. \u00a1Visita nuestra web o consulta con un representante local hoy mismo!","breadcrumb":{"@id":"https:\/\/www.quincycompressor.com\/es\/productos\/gestion-de-condensados\/#breadcrumb"},"inLanguage":"es","potentialAction":[{"@type":"ReadAction","target":["https:\/\/www.quincycompressor.com\/es\/productos\/gestion-de-condensados\/"]}]},{"@type":"ImageObject","inLanguage":"es","@id":"https:\/\/www.quincycompressor.com\/es\/productos\/gestion-de-condensados\/#primaryimage","url":"https:\/\/www.quincycompressor.com\/wp-content\/uploads\/2023\/10\/Untitled-design-35-e1699038768269.png","contentUrl":"https:\/\/www.quincycompressor.com\/wp-content\/uploads\/2023\/10\/Untitled-design-35-e1699038768269.png","width":1600,"height":1155},{"@type":"BreadcrumbList","@id":"https:\/\/www.quincycompressor.com\/es\/productos\/gestion-de-condensados\/#breadcrumb","itemListElement":[{"@type":"ListItem","position":1,"name":"Inicio","item":"https:\/\/www.quincycompressor.com\/es\/inicio\/"},{"@type":"ListItem","position":2,"name":"Productos","item":"https:\/\/www.quincycompressor.com\/es\/productos\/"},{"@type":"ListItem","position":3,"name":"Gesti\u00f3n de condensados"}]},{"@type":"WebSite","@id":"https:\/\/www.quincycompressor.com\/es\/#website","url":"https:\/\/www.quincycompressor.com\/es\/","name":"Quincy Compressor","description":"Quincy Compressor is your go-to source to find knowledge and dealers with the right air compressor for your situation.","publisher":{"@id":"https:\/\/www.quincycompressor.com\/es\/#organization"},"potentialAction":[{"@type":"SearchAction","target":{"@type":"EntryPoint","urlTemplate":"https:\/\/www.quincycompressor.com\/es\/?s={search_term_string}"},"query-input":"required name=search_term_string"}],"inLanguage":"es"},{"@type":"Organization","@id":"https:\/\/www.quincycompressor.com\/es\/#organization","name":"Compresor Quincy","url":"https:\/\/www.quincycompressor.com\/es\/","logo":{"@type":"ImageObject","inLanguage":"es","@id":"https:\/\/www.quincycompressor.com\/es\/#\/schema\/logo\/image\/","url":"https:\/\/www.quincycompressor.com\/wp-content\/uploads\/2021\/04\/Quincy-Compressor-Logo-web-full.jpg","contentUrl":"https:\/\/www.quincycompressor.com\/wp-content\/uploads\/2021\/04\/Quincy-Compressor-Logo-web-full.jpg","width":293,"height":111,"caption":"Compresor Quincy"},"image":{"@id":"https:\/\/www.quincycompressor.com\/es\/#\/schema\/logo\/image\/"}}]}},"_links":{"self":[{"href":"https:\/\/www.quincycompressor.com\/es\/wp-json\/wp\/v2\/pages\/26622"}],"collection":[{"href":"https:\/\/www.quincycompressor.com\/es\/wp-json\/wp\/v2\/pages"}],"about":[{"href":"https:\/\/www.quincycompressor.com\/es\/wp-json\/wp\/v2\/types\/page"}],"author":[{"embeddable":true,"href":"https:\/\/www.quincycompressor.com\/es\/wp-json\/wp\/v2\/users\/5"}],"replies":[{"embeddable":true,"href":"https:\/\/www.quincycompressor.com\/es\/wp-json\/wp\/v2\/comments?post=26622"}],"version-history":[{"count":0,"href":"https:\/\/www.quincycompressor.com\/es\/wp-json\/wp\/v2\/pages\/26622\/revisions"}],"up":[{"embeddable":true,"href":"https:\/\/www.quincycompressor.com\/es\/wp-json\/wp\/v2\/pages\/27175"}],"wp:featuredmedia":[{"embeddable":true,"href":"https:\/\/www.quincycompressor.com\/es\/wp-json\/wp\/v2\/media\/26640"}],"wp:attachment":[{"href":"https:\/\/www.quincycompressor.com\/es\/wp-json\/wp\/v2\/media?parent=26622"}],"curies":[{"name":"wp","href":"https:\/\/api.w.org\/{rel}","templated":true}]}}