{"id":26711,"date":"2020-12-03T02:57:02","date_gmt":"2020-12-03T02:57:02","guid":{"rendered":"https:\/\/www.quincycompressor.com\/netync-ii\/"},"modified":"2026-02-04T07:47:46","modified_gmt":"2026-02-04T07:47:46","slug":"netync-ii","status":"publish","type":"page","link":"https:\/\/www.quincycompressor.com\/es\/productos\/netync-ii\/","title":{"rendered":"Net$ync II"},"content":{"rendered":"<p>Net$ync II Conductor de Quincy sincroniza la salida de tus compresores seg\u00fan la demanda para optimizar la producci\u00f3n minimizando costes. Sincronizar la salida de aire comprimido con la demanda garantiza que el sistema nunca consuma m\u00e1s energ\u00eda de la necesaria y iguale el tiempo de funcionamiento. Igualar el tiempo de funcionamiento y eliminar energ\u00eda desperdiciada reducir\u00e1 el mantenimiento y aumentar\u00e1 el rendimiento.  <\/p>\n","protected":false},"excerpt":{"rendered":"<p>Net$ync II Conductor de Quincy sincroniza la salida de tus compresores seg\u00fan la demanda para optimizar la producci\u00f3n minimizando costes. Sincronizar la salida de aire comprimido con la demanda garantiza que el sistema nunca consuma m\u00e1s energ\u00eda de la necesaria y iguale el tiempo de funcionamiento. Igualar el tiempo de funcionamiento y eliminar energ\u00eda desperdiciada [&hellip;]<\/p>\n","protected":false},"author":5,"featured_media":26712,"parent":27175,"menu_order":0,"comment_status":"closed","ping_status":"closed","template":"","meta":{"_acf_changed":false,"inline_featured_image":false,"footnotes":""},"acf":[],"yoast_head":"<!-- This site is optimized with the Yoast SEO plugin v22.9 - https:\/\/yoast.com\/wordpress\/plugins\/seo\/ -->\n<title>Net$ync Controller<\/title>\n<meta name=\"description\" content=\"El conductor Net$ync II de Quincy Compressor sincroniza la salida de tus compresores seg\u00fan la demanda para optimizar la producci\u00f3n minimizando costes.\" \/>\n<meta name=\"robots\" content=\"index, follow, max-snippet:-1, max-image-preview:large, max-video-preview:-1\" \/>\n<link rel=\"canonical\" href=\"https:\/\/www.quincycompressor.com\/es\/productos\/netync-ii\/\" \/>\n<meta property=\"og:locale\" content=\"es_ES\" \/>\n<meta property=\"og:type\" content=\"article\" \/>\n<meta property=\"og:title\" content=\"Net$ync Controller\" \/>\n<meta property=\"og:description\" content=\"El conductor Net$ync II de Quincy Compressor sincroniza la salida de tus compresores seg\u00fan la demanda para optimizar la producci\u00f3n minimizando costes.\" \/>\n<meta property=\"og:url\" content=\"https:\/\/www.quincycompressor.com\/es\/productos\/netync-ii\/\" \/>\n<meta property=\"og:site_name\" content=\"Quincy Compressor\" \/>\n<meta property=\"article:modified_time\" content=\"2026-02-04T07:47:46+00:00\" \/>\n<meta property=\"og:image\" content=\"https:\/\/www.quincycompressor.com\/wp-content\/uploads\/2021\/01\/netsync-ii.jpg\" \/>\n\t<meta property=\"og:image:width\" content=\"629\" \/>\n\t<meta property=\"og:image:height\" content=\"768\" \/>\n\t<meta property=\"og:image:type\" content=\"image\/jpeg\" \/>\n<meta name=\"twitter:card\" content=\"summary_large_image\" \/>\n<script type=\"application\/ld+json\" class=\"yoast-schema-graph\">{\"@context\":\"https:\/\/schema.org\",\"@graph\":[{\"@type\":\"WebPage\",\"@id\":\"https:\/\/www.quincycompressor.com\/es\/productos\/netync-ii\/\",\"url\":\"https:\/\/www.quincycompressor.com\/es\/productos\/netync-ii\/\",\"name\":\"Net$ync Controller\",\"isPartOf\":{\"@id\":\"https:\/\/www.quincycompressor.com\/es\/#website\"},\"primaryImageOfPage\":{\"@id\":\"https:\/\/www.quincycompressor.com\/es\/productos\/netync-ii\/#primaryimage\"},\"image\":{\"@id\":\"https:\/\/www.quincycompressor.com\/es\/productos\/netync-ii\/#primaryimage\"},\"thumbnailUrl\":\"https:\/\/www.quincycompressor.com\/wp-content\/uploads\/2021\/01\/netsync-ii.jpg\",\"datePublished\":\"2020-12-03T02:57:02+00:00\",\"dateModified\":\"2026-02-04T07:47:46+00:00\",\"description\":\"El conductor Net$ync II de Quincy Compressor sincroniza la salida de tus compresores seg\u00fan la demanda para optimizar la producci\u00f3n minimizando costes.\",\"breadcrumb\":{\"@id\":\"https:\/\/www.quincycompressor.com\/es\/productos\/netync-ii\/#breadcrumb\"},\"inLanguage\":\"es\",\"potentialAction\":[{\"@type\":\"ReadAction\",\"target\":[\"https:\/\/www.quincycompressor.com\/es\/productos\/netync-ii\/\"]}]},{\"@type\":\"ImageObject\",\"inLanguage\":\"es\",\"@id\":\"https:\/\/www.quincycompressor.com\/es\/productos\/netync-ii\/#primaryimage\",\"url\":\"https:\/\/www.quincycompressor.com\/wp-content\/uploads\/2021\/01\/netsync-ii.jpg\",\"contentUrl\":\"https:\/\/www.quincycompressor.com\/wp-content\/uploads\/2021\/01\/netsync-ii.jpg\",\"width\":629,\"height\":768},{\"@type\":\"BreadcrumbList\",\"@id\":\"https:\/\/www.quincycompressor.com\/es\/productos\/netync-ii\/#breadcrumb\",\"itemListElement\":[{\"@type\":\"ListItem\",\"position\":1,\"name\":\"Inicio\",\"item\":\"https:\/\/www.quincycompressor.com\/es\/inicio\/\"},{\"@type\":\"ListItem\",\"position\":2,\"name\":\"Productos\",\"item\":\"https:\/\/www.quincycompressor.com\/es\/productos\/\"},{\"@type\":\"ListItem\",\"position\":3,\"name\":\"Net$ync II\"}]},{\"@type\":\"WebSite\",\"@id\":\"https:\/\/www.quincycompressor.com\/es\/#website\",\"url\":\"https:\/\/www.quincycompressor.com\/es\/\",\"name\":\"Quincy Compressor\",\"description\":\"Quincy Compressor is your go-to source to find knowledge and dealers with the right air compressor for your situation.\",\"publisher\":{\"@id\":\"https:\/\/www.quincycompressor.com\/es\/#organization\"},\"potentialAction\":[{\"@type\":\"SearchAction\",\"target\":{\"@type\":\"EntryPoint\",\"urlTemplate\":\"https:\/\/www.quincycompressor.com\/es\/?s={search_term_string}\"},\"query-input\":\"required name=search_term_string\"}],\"inLanguage\":\"es\"},{\"@type\":\"Organization\",\"@id\":\"https:\/\/www.quincycompressor.com\/es\/#organization\",\"name\":\"Compresor Quincy\",\"url\":\"https:\/\/www.quincycompressor.com\/es\/\",\"logo\":{\"@type\":\"ImageObject\",\"inLanguage\":\"es\",\"@id\":\"https:\/\/www.quincycompressor.com\/es\/#\/schema\/logo\/image\/\",\"url\":\"https:\/\/www.quincycompressor.com\/wp-content\/uploads\/2021\/04\/Quincy-Compressor-Logo-web-full.jpg\",\"contentUrl\":\"https:\/\/www.quincycompressor.com\/wp-content\/uploads\/2021\/04\/Quincy-Compressor-Logo-web-full.jpg\",\"width\":293,\"height\":111,\"caption\":\"Compresor Quincy\"},\"image\":{\"@id\":\"https:\/\/www.quincycompressor.com\/es\/#\/schema\/logo\/image\/\"}}]}<\/script>\n<!-- \/ Yoast SEO plugin. -->","yoast_head_json":{"title":"Net$ync Controller","description":"El conductor Net$ync II de Quincy Compressor sincroniza la salida de tus compresores seg\u00fan la demanda para optimizar la producci\u00f3n minimizando costes.","robots":{"index":"index","follow":"follow","max-snippet":"max-snippet:-1","max-image-preview":"max-image-preview:large","max-video-preview":"max-video-preview:-1"},"canonical":"https:\/\/www.quincycompressor.com\/es\/productos\/netync-ii\/","og_locale":"es_ES","og_type":"article","og_title":"Net$ync Controller","og_description":"El conductor Net$ync II de Quincy Compressor sincroniza la salida de tus compresores seg\u00fan la demanda para optimizar la producci\u00f3n minimizando costes.","og_url":"https:\/\/www.quincycompressor.com\/es\/productos\/netync-ii\/","og_site_name":"Quincy Compressor","article_modified_time":"2026-02-04T07:47:46+00:00","og_image":[{"width":629,"height":768,"url":"https:\/\/www.quincycompressor.com\/wp-content\/uploads\/2021\/01\/netsync-ii.jpg","type":"image\/jpeg"}],"twitter_card":"summary_large_image","schema":{"@context":"https:\/\/schema.org","@graph":[{"@type":"WebPage","@id":"https:\/\/www.quincycompressor.com\/es\/productos\/netync-ii\/","url":"https:\/\/www.quincycompressor.com\/es\/productos\/netync-ii\/","name":"Net$ync Controller","isPartOf":{"@id":"https:\/\/www.quincycompressor.com\/es\/#website"},"primaryImageOfPage":{"@id":"https:\/\/www.quincycompressor.com\/es\/productos\/netync-ii\/#primaryimage"},"image":{"@id":"https:\/\/www.quincycompressor.com\/es\/productos\/netync-ii\/#primaryimage"},"thumbnailUrl":"https:\/\/www.quincycompressor.com\/wp-content\/uploads\/2021\/01\/netsync-ii.jpg","datePublished":"2020-12-03T02:57:02+00:00","dateModified":"2026-02-04T07:47:46+00:00","description":"El conductor Net$ync II de Quincy Compressor sincroniza la salida de tus compresores seg\u00fan la demanda para optimizar la producci\u00f3n minimizando costes.","breadcrumb":{"@id":"https:\/\/www.quincycompressor.com\/es\/productos\/netync-ii\/#breadcrumb"},"inLanguage":"es","potentialAction":[{"@type":"ReadAction","target":["https:\/\/www.quincycompressor.com\/es\/productos\/netync-ii\/"]}]},{"@type":"ImageObject","inLanguage":"es","@id":"https:\/\/www.quincycompressor.com\/es\/productos\/netync-ii\/#primaryimage","url":"https:\/\/www.quincycompressor.com\/wp-content\/uploads\/2021\/01\/netsync-ii.jpg","contentUrl":"https:\/\/www.quincycompressor.com\/wp-content\/uploads\/2021\/01\/netsync-ii.jpg","width":629,"height":768},{"@type":"BreadcrumbList","@id":"https:\/\/www.quincycompressor.com\/es\/productos\/netync-ii\/#breadcrumb","itemListElement":[{"@type":"ListItem","position":1,"name":"Inicio","item":"https:\/\/www.quincycompressor.com\/es\/inicio\/"},{"@type":"ListItem","position":2,"name":"Productos","item":"https:\/\/www.quincycompressor.com\/es\/productos\/"},{"@type":"ListItem","position":3,"name":"Net$ync II"}]},{"@type":"WebSite","@id":"https:\/\/www.quincycompressor.com\/es\/#website","url":"https:\/\/www.quincycompressor.com\/es\/","name":"Quincy Compressor","description":"Quincy Compressor is your go-to source to find knowledge and dealers with the right air compressor for your situation.","publisher":{"@id":"https:\/\/www.quincycompressor.com\/es\/#organization"},"potentialAction":[{"@type":"SearchAction","target":{"@type":"EntryPoint","urlTemplate":"https:\/\/www.quincycompressor.com\/es\/?s={search_term_string}"},"query-input":"required name=search_term_string"}],"inLanguage":"es"},{"@type":"Organization","@id":"https:\/\/www.quincycompressor.com\/es\/#organization","name":"Compresor Quincy","url":"https:\/\/www.quincycompressor.com\/es\/","logo":{"@type":"ImageObject","inLanguage":"es","@id":"https:\/\/www.quincycompressor.com\/es\/#\/schema\/logo\/image\/","url":"https:\/\/www.quincycompressor.com\/wp-content\/uploads\/2021\/04\/Quincy-Compressor-Logo-web-full.jpg","contentUrl":"https:\/\/www.quincycompressor.com\/wp-content\/uploads\/2021\/04\/Quincy-Compressor-Logo-web-full.jpg","width":293,"height":111,"caption":"Compresor Quincy"},"image":{"@id":"https:\/\/www.quincycompressor.com\/es\/#\/schema\/logo\/image\/"}}]}},"_links":{"self":[{"href":"https:\/\/www.quincycompressor.com\/es\/wp-json\/wp\/v2\/pages\/26711"}],"collection":[{"href":"https:\/\/www.quincycompressor.com\/es\/wp-json\/wp\/v2\/pages"}],"about":[{"href":"https:\/\/www.quincycompressor.com\/es\/wp-json\/wp\/v2\/types\/page"}],"author":[{"embeddable":true,"href":"https:\/\/www.quincycompressor.com\/es\/wp-json\/wp\/v2\/users\/5"}],"replies":[{"embeddable":true,"href":"https:\/\/www.quincycompressor.com\/es\/wp-json\/wp\/v2\/comments?post=26711"}],"version-history":[{"count":0,"href":"https:\/\/www.quincycompressor.com\/es\/wp-json\/wp\/v2\/pages\/26711\/revisions"}],"up":[{"embeddable":true,"href":"https:\/\/www.quincycompressor.com\/es\/wp-json\/wp\/v2\/pages\/27175"}],"wp:featuredmedia":[{"embeddable":true,"href":"https:\/\/www.quincycompressor.com\/es\/wp-json\/wp\/v2\/media\/26712"}],"wp:attachment":[{"href":"https:\/\/www.quincycompressor.com\/es\/wp-json\/wp\/v2\/media?parent=26711"}],"curies":[{"name":"wp","href":"https:\/\/api.w.org\/{rel}","templated":true}]}}