{"id":26728,"date":"2020-12-03T02:20:39","date_gmt":"2020-12-03T02:20:39","guid":{"rendered":"https:\/\/www.quincycompressor.com\/compresores-libres-de-aceite\/"},"modified":"2026-02-20T13:48:40","modified_gmt":"2026-02-20T13:48:40","slug":"compresores-libres-de-aceite","status":"publish","type":"page","link":"https:\/\/www.quincycompressor.com\/es\/productos\/compresores-libres-de-aceite\/","title":{"rendered":"Compresores libres de aceite"},"content":{"rendered":"<p>Los compresores de aire sin aceite ayudan a los fabricantes a crear productos con alta calidad del aire durante todo el proceso de fabricaci\u00f3n. Este equipo normalmente no tiene contacto mec\u00e1nico dentro de la c\u00e1mara de compresi\u00f3n, o utiliza un material alternativo como agua o recubrimiento de tefl\u00f3n para proteger los mecanismos internos sin depender de la lubricaci\u00f3n con aceite. <a href=\"https:\/\/www.quincycompressor.com\/es\/blog-es\/como-funcionan-los-compresores-de-aire-sin-aceite\/\">Los compresores de aire sin aceite<\/a> pueden aportar pureza del aire, beneficios medioambientales y importantes ahorros de costes para los fabricantes. <\/p>\n<p><a class=\"btn btn-primary\" href=\"https:\/\/www.quincycompressor.com\/es\/localizador-de-ventas-y-servicio\/\">Encuentra un concesionario local<\/a><\/p>\n","protected":false},"excerpt":{"rendered":"<p>Los compresores de aire sin aceite ayudan a los fabricantes a crear productos con alta calidad del aire durante todo el proceso de fabricaci\u00f3n. Este equipo normalmente no tiene contacto mec\u00e1nico dentro de la c\u00e1mara de compresi\u00f3n, o utiliza un material alternativo como agua o recubrimiento de tefl\u00f3n para proteger los mecanismos internos sin depender [&hellip;]<\/p>\n","protected":false},"author":5,"featured_media":26745,"parent":27175,"menu_order":0,"comment_status":"closed","ping_status":"closed","template":"page-product-category.php","meta":{"_acf_changed":false,"inline_featured_image":false,"footnotes":""},"acf":[],"yoast_head":"<!-- This site is optimized with the Yoast SEO plugin v22.9 - https:\/\/yoast.com\/wordpress\/plugins\/seo\/ -->\n<title>Compresores de aire industriales libres de aceite<\/title>\n<meta name=\"description\" content=\"Descubre los compresores de aire de alta calidad y sin aceite de Quincy Compressor. Ra\u00edces americanas y m\u00e1s de un siglo de fiabilidad para un aire limpio y fiable. \u00a1Busca un concesionario!\" \/>\n<meta name=\"robots\" content=\"index, follow, max-snippet:-1, max-image-preview:large, max-video-preview:-1\" \/>\n<link rel=\"canonical\" href=\"https:\/\/www.quincycompressor.com\/es\/productos\/compresores-libres-de-aceite\/\" \/>\n<meta property=\"og:locale\" content=\"es_ES\" \/>\n<meta property=\"og:type\" content=\"article\" \/>\n<meta property=\"og:title\" content=\"Compresores de aire industriales libres de aceite\" \/>\n<meta property=\"og:description\" content=\"Descubre los compresores de aire de alta calidad y sin aceite de Quincy Compressor. Ra\u00edces americanas y m\u00e1s de un siglo de fiabilidad para un aire limpio y fiable. \u00a1Busca un concesionario!\" \/>\n<meta property=\"og:url\" content=\"https:\/\/www.quincycompressor.com\/es\/productos\/compresores-libres-de-aceite\/\" \/>\n<meta property=\"og:site_name\" content=\"Quincy Compressor\" \/>\n<meta property=\"article:modified_time\" content=\"2026-02-20T13:48:40+00:00\" \/>\n<meta property=\"og:image\" content=\"https:\/\/www.quincycompressor.com\/wp-content\/uploads\/2020\/12\/QOF-7.5-TMD-web-241x300-1.png\" \/>\n\t<meta property=\"og:image:width\" content=\"241\" \/>\n\t<meta property=\"og:image:height\" content=\"300\" \/>\n\t<meta property=\"og:image:type\" content=\"image\/png\" \/>\n<meta name=\"twitter:card\" content=\"summary_large_image\" \/>\n<script type=\"application\/ld+json\" class=\"yoast-schema-graph\">{\"@context\":\"https:\/\/schema.org\",\"@graph\":[{\"@type\":\"WebPage\",\"@id\":\"https:\/\/www.quincycompressor.com\/es\/productos\/compresores-libres-de-aceite\/\",\"url\":\"https:\/\/www.quincycompressor.com\/es\/productos\/compresores-libres-de-aceite\/\",\"name\":\"Compresores de aire industriales libres de aceite\",\"isPartOf\":{\"@id\":\"https:\/\/www.quincycompressor.com\/es\/#website\"},\"primaryImageOfPage\":{\"@id\":\"https:\/\/www.quincycompressor.com\/es\/productos\/compresores-libres-de-aceite\/#primaryimage\"},\"image\":{\"@id\":\"https:\/\/www.quincycompressor.com\/es\/productos\/compresores-libres-de-aceite\/#primaryimage\"},\"thumbnailUrl\":\"https:\/\/www.quincycompressor.com\/wp-content\/uploads\/2020\/12\/QOF-7.5-TMD-web-241x300-1.png\",\"datePublished\":\"2020-12-03T02:20:39+00:00\",\"dateModified\":\"2026-02-20T13:48:40+00:00\",\"description\":\"Descubre los compresores de aire de alta calidad y sin aceite de Quincy Compressor. Ra\u00edces americanas y m\u00e1s de un siglo de fiabilidad para un aire limpio y fiable. \u00a1Busca un concesionario!\",\"breadcrumb\":{\"@id\":\"https:\/\/www.quincycompressor.com\/es\/productos\/compresores-libres-de-aceite\/#breadcrumb\"},\"inLanguage\":\"es\",\"potentialAction\":[{\"@type\":\"ReadAction\",\"target\":[\"https:\/\/www.quincycompressor.com\/es\/productos\/compresores-libres-de-aceite\/\"]}]},{\"@type\":\"ImageObject\",\"inLanguage\":\"es\",\"@id\":\"https:\/\/www.quincycompressor.com\/es\/productos\/compresores-libres-de-aceite\/#primaryimage\",\"url\":\"https:\/\/www.quincycompressor.com\/wp-content\/uploads\/2020\/12\/QOF-7.5-TMD-web-241x300-1.png\",\"contentUrl\":\"https:\/\/www.quincycompressor.com\/wp-content\/uploads\/2020\/12\/QOF-7.5-TMD-web-241x300-1.png\",\"width\":241,\"height\":300},{\"@type\":\"BreadcrumbList\",\"@id\":\"https:\/\/www.quincycompressor.com\/es\/productos\/compresores-libres-de-aceite\/#breadcrumb\",\"itemListElement\":[{\"@type\":\"ListItem\",\"position\":1,\"name\":\"Inicio\",\"item\":\"https:\/\/www.quincycompressor.com\/es\/inicio\/\"},{\"@type\":\"ListItem\",\"position\":2,\"name\":\"Productos\",\"item\":\"https:\/\/www.quincycompressor.com\/es\/productos\/\"},{\"@type\":\"ListItem\",\"position\":3,\"name\":\"Compresores libres de aceite\"}]},{\"@type\":\"WebSite\",\"@id\":\"https:\/\/www.quincycompressor.com\/es\/#website\",\"url\":\"https:\/\/www.quincycompressor.com\/es\/\",\"name\":\"Quincy Compressor\",\"description\":\"Quincy Compressor is your go-to source to find knowledge and dealers with the right air compressor for your situation.\",\"publisher\":{\"@id\":\"https:\/\/www.quincycompressor.com\/es\/#organization\"},\"potentialAction\":[{\"@type\":\"SearchAction\",\"target\":{\"@type\":\"EntryPoint\",\"urlTemplate\":\"https:\/\/www.quincycompressor.com\/es\/?s={search_term_string}\"},\"query-input\":\"required name=search_term_string\"}],\"inLanguage\":\"es\"},{\"@type\":\"Organization\",\"@id\":\"https:\/\/www.quincycompressor.com\/es\/#organization\",\"name\":\"Compresor Quincy\",\"url\":\"https:\/\/www.quincycompressor.com\/es\/\",\"logo\":{\"@type\":\"ImageObject\",\"inLanguage\":\"es\",\"@id\":\"https:\/\/www.quincycompressor.com\/es\/#\/schema\/logo\/image\/\",\"url\":\"https:\/\/www.quincycompressor.com\/wp-content\/uploads\/2021\/04\/Quincy-Compressor-Logo-web-full.jpg\",\"contentUrl\":\"https:\/\/www.quincycompressor.com\/wp-content\/uploads\/2021\/04\/Quincy-Compressor-Logo-web-full.jpg\",\"width\":293,\"height\":111,\"caption\":\"Compresor Quincy\"},\"image\":{\"@id\":\"https:\/\/www.quincycompressor.com\/es\/#\/schema\/logo\/image\/\"}}]}<\/script>\n<!-- \/ Yoast SEO plugin. -->","yoast_head_json":{"title":"Compresores de aire industriales libres de aceite","description":"Descubre los compresores de aire de alta calidad y sin aceite de Quincy Compressor. Ra\u00edces americanas y m\u00e1s de un siglo de fiabilidad para un aire limpio y fiable. \u00a1Busca un concesionario!","robots":{"index":"index","follow":"follow","max-snippet":"max-snippet:-1","max-image-preview":"max-image-preview:large","max-video-preview":"max-video-preview:-1"},"canonical":"https:\/\/www.quincycompressor.com\/es\/productos\/compresores-libres-de-aceite\/","og_locale":"es_ES","og_type":"article","og_title":"Compresores de aire industriales libres de aceite","og_description":"Descubre los compresores de aire de alta calidad y sin aceite de Quincy Compressor. Ra\u00edces americanas y m\u00e1s de un siglo de fiabilidad para un aire limpio y fiable. \u00a1Busca un concesionario!","og_url":"https:\/\/www.quincycompressor.com\/es\/productos\/compresores-libres-de-aceite\/","og_site_name":"Quincy Compressor","article_modified_time":"2026-02-20T13:48:40+00:00","og_image":[{"width":241,"height":300,"url":"https:\/\/www.quincycompressor.com\/wp-content\/uploads\/2020\/12\/QOF-7.5-TMD-web-241x300-1.png","type":"image\/png"}],"twitter_card":"summary_large_image","schema":{"@context":"https:\/\/schema.org","@graph":[{"@type":"WebPage","@id":"https:\/\/www.quincycompressor.com\/es\/productos\/compresores-libres-de-aceite\/","url":"https:\/\/www.quincycompressor.com\/es\/productos\/compresores-libres-de-aceite\/","name":"Compresores de aire industriales libres de aceite","isPartOf":{"@id":"https:\/\/www.quincycompressor.com\/es\/#website"},"primaryImageOfPage":{"@id":"https:\/\/www.quincycompressor.com\/es\/productos\/compresores-libres-de-aceite\/#primaryimage"},"image":{"@id":"https:\/\/www.quincycompressor.com\/es\/productos\/compresores-libres-de-aceite\/#primaryimage"},"thumbnailUrl":"https:\/\/www.quincycompressor.com\/wp-content\/uploads\/2020\/12\/QOF-7.5-TMD-web-241x300-1.png","datePublished":"2020-12-03T02:20:39+00:00","dateModified":"2026-02-20T13:48:40+00:00","description":"Descubre los compresores de aire de alta calidad y sin aceite de Quincy Compressor. Ra\u00edces americanas y m\u00e1s de un siglo de fiabilidad para un aire limpio y fiable. \u00a1Busca un concesionario!","breadcrumb":{"@id":"https:\/\/www.quincycompressor.com\/es\/productos\/compresores-libres-de-aceite\/#breadcrumb"},"inLanguage":"es","potentialAction":[{"@type":"ReadAction","target":["https:\/\/www.quincycompressor.com\/es\/productos\/compresores-libres-de-aceite\/"]}]},{"@type":"ImageObject","inLanguage":"es","@id":"https:\/\/www.quincycompressor.com\/es\/productos\/compresores-libres-de-aceite\/#primaryimage","url":"https:\/\/www.quincycompressor.com\/wp-content\/uploads\/2020\/12\/QOF-7.5-TMD-web-241x300-1.png","contentUrl":"https:\/\/www.quincycompressor.com\/wp-content\/uploads\/2020\/12\/QOF-7.5-TMD-web-241x300-1.png","width":241,"height":300},{"@type":"BreadcrumbList","@id":"https:\/\/www.quincycompressor.com\/es\/productos\/compresores-libres-de-aceite\/#breadcrumb","itemListElement":[{"@type":"ListItem","position":1,"name":"Inicio","item":"https:\/\/www.quincycompressor.com\/es\/inicio\/"},{"@type":"ListItem","position":2,"name":"Productos","item":"https:\/\/www.quincycompressor.com\/es\/productos\/"},{"@type":"ListItem","position":3,"name":"Compresores libres de aceite"}]},{"@type":"WebSite","@id":"https:\/\/www.quincycompressor.com\/es\/#website","url":"https:\/\/www.quincycompressor.com\/es\/","name":"Quincy Compressor","description":"Quincy Compressor is your go-to source to find knowledge and dealers with the right air compressor for your situation.","publisher":{"@id":"https:\/\/www.quincycompressor.com\/es\/#organization"},"potentialAction":[{"@type":"SearchAction","target":{"@type":"EntryPoint","urlTemplate":"https:\/\/www.quincycompressor.com\/es\/?s={search_term_string}"},"query-input":"required name=search_term_string"}],"inLanguage":"es"},{"@type":"Organization","@id":"https:\/\/www.quincycompressor.com\/es\/#organization","name":"Compresor Quincy","url":"https:\/\/www.quincycompressor.com\/es\/","logo":{"@type":"ImageObject","inLanguage":"es","@id":"https:\/\/www.quincycompressor.com\/es\/#\/schema\/logo\/image\/","url":"https:\/\/www.quincycompressor.com\/wp-content\/uploads\/2021\/04\/Quincy-Compressor-Logo-web-full.jpg","contentUrl":"https:\/\/www.quincycompressor.com\/wp-content\/uploads\/2021\/04\/Quincy-Compressor-Logo-web-full.jpg","width":293,"height":111,"caption":"Compresor Quincy"},"image":{"@id":"https:\/\/www.quincycompressor.com\/es\/#\/schema\/logo\/image\/"}}]}},"_links":{"self":[{"href":"https:\/\/www.quincycompressor.com\/es\/wp-json\/wp\/v2\/pages\/26728"}],"collection":[{"href":"https:\/\/www.quincycompressor.com\/es\/wp-json\/wp\/v2\/pages"}],"about":[{"href":"https:\/\/www.quincycompressor.com\/es\/wp-json\/wp\/v2\/types\/page"}],"author":[{"embeddable":true,"href":"https:\/\/www.quincycompressor.com\/es\/wp-json\/wp\/v2\/users\/5"}],"replies":[{"embeddable":true,"href":"https:\/\/www.quincycompressor.com\/es\/wp-json\/wp\/v2\/comments?post=26728"}],"version-history":[{"count":0,"href":"https:\/\/www.quincycompressor.com\/es\/wp-json\/wp\/v2\/pages\/26728\/revisions"}],"up":[{"embeddable":true,"href":"https:\/\/www.quincycompressor.com\/es\/wp-json\/wp\/v2\/pages\/27175"}],"wp:featuredmedia":[{"embeddable":true,"href":"https:\/\/www.quincycompressor.com\/es\/wp-json\/wp\/v2\/media\/26745"}],"wp:attachment":[{"href":"https:\/\/www.quincycompressor.com\/es\/wp-json\/wp\/v2\/media?parent=26728"}],"curies":[{"name":"wp","href":"https:\/\/api.w.org\/{rel}","templated":true}]}}