{"id":26783,"date":"2020-12-02T07:23:35","date_gmt":"2020-12-02T07:23:35","guid":{"rendered":"https:\/\/www.quincycompressor.com\/powerync\/"},"modified":"2026-02-03T12:32:05","modified_gmt":"2026-02-03T12:32:05","slug":"powerync","status":"publish","type":"page","link":"https:\/\/www.quincycompressor.com\/es\/productos\/tratamiento-del-aire\/powerync\/","title":{"rendered":"Power$ync"},"content":{"rendered":"<p>Junto con la presi\u00f3n, la capacidad del compresor es una de las dos especificaciones importantes a tener en cuenta al <a href=\"https:\/\/www.quincycompressor.com\/es\/blog-es\/compresores-de-aire-quincy\/\">comprar un compresor de aire<\/a>. La capacidad del compresor puede definirse como la cantidad de aire que la unidad puede expulsar. Una forma sencilla de diferenciar entre capacidad y presi\u00f3n del compresor es que la primera indica &#8220;cu\u00e1nto&#8221; mientras que la segunda mide &#8220;qu\u00e9 tan fuerte&#8221;.<\/p>\n<p>Mientras que un compresor peque\u00f1o y uno grande pueden tener las mismas capacidades de presi\u00f3n, el modelo m\u00e1s grande tiene una mayor capacidad para producir m\u00e1s aire comprimido. La capacidad se expresa en pies c\u00fabicos por minuto (CFM). Una forma sencilla de determinar la capacidad adecuada del compresor para tus necesidades es sumar simult\u00e1neamente los requisitos de capacidad para todas las herramientas y equipos que uses.  <\/p>\n","protected":false},"excerpt":{"rendered":"<p>Junto con la presi\u00f3n, la capacidad del compresor es una de las dos especificaciones importantes a tener en cuenta al comprar un compresor de aire. La capacidad del compresor puede definirse como la cantidad de aire que la unidad puede expulsar. Una forma sencilla de diferenciar entre capacidad y presi\u00f3n del compresor es que la [&hellip;]<\/p>\n","protected":false},"author":5,"featured_media":26791,"parent":26897,"menu_order":0,"comment_status":"closed","ping_status":"closed","template":"","meta":{"_acf_changed":false,"inline_featured_image":false,"footnotes":""},"acf":[],"yoast_head":"<!-- This site is optimized with the Yoast SEO plugin v22.9 - https:\/\/yoast.com\/wordpress\/plugins\/seo\/ -->\n<title>Control de capacidad del compresor | Compresor Quincy<\/title>\n<meta name=\"description\" content=\"Toma el control de la capacidad de tu compresor con Quincy Power$ync Variable Capacity Control. Para saber m\u00e1s sobre esta gran funci\u00f3n, \u00a1haz clic aqu\u00ed!\" \/>\n<meta name=\"robots\" content=\"index, follow, max-snippet:-1, max-image-preview:large, max-video-preview:-1\" \/>\n<link rel=\"canonical\" href=\"https:\/\/www.quincycompressor.com\/es\/productos\/tratamiento-del-aire\/powerync\/\" \/>\n<meta property=\"og:locale\" content=\"es_ES\" \/>\n<meta property=\"og:type\" content=\"article\" \/>\n<meta property=\"og:title\" content=\"Control de capacidad del compresor | Compresor Quincy\" \/>\n<meta property=\"og:description\" content=\"Toma el control de la capacidad de tu compresor con Quincy Power$ync Variable Capacity Control. Para saber m\u00e1s sobre esta gran funci\u00f3n, \u00a1haz clic aqu\u00ed!\" \/>\n<meta property=\"og:url\" content=\"https:\/\/www.quincycompressor.com\/es\/productos\/tratamiento-del-aire\/powerync\/\" \/>\n<meta property=\"og:site_name\" content=\"Quincy Compressor\" \/>\n<meta property=\"article:modified_time\" content=\"2026-02-03T12:32:05+00:00\" \/>\n<meta property=\"og:image\" content=\"https:\/\/www.quincycompressor.com\/wp-content\/uploads\/2021\/02\/QP_transparent.png\" \/>\n\t<meta property=\"og:image:width\" content=\"300\" \/>\n\t<meta property=\"og:image:height\" content=\"244\" \/>\n\t<meta property=\"og:image:type\" content=\"image\/png\" \/>\n<meta name=\"twitter:card\" content=\"summary_large_image\" \/>\n<meta name=\"twitter:label1\" content=\"Tiempo de lectura\" \/>\n\t<meta name=\"twitter:data1\" content=\"1 minuto\" \/>\n<script type=\"application\/ld+json\" class=\"yoast-schema-graph\">{\"@context\":\"https:\/\/schema.org\",\"@graph\":[{\"@type\":\"WebPage\",\"@id\":\"https:\/\/www.quincycompressor.com\/es\/productos\/tratamiento-del-aire\/powerync\/\",\"url\":\"https:\/\/www.quincycompressor.com\/es\/productos\/tratamiento-del-aire\/powerync\/\",\"name\":\"Control de capacidad del compresor | Compresor Quincy\",\"isPartOf\":{\"@id\":\"https:\/\/www.quincycompressor.com\/es\/#website\"},\"primaryImageOfPage\":{\"@id\":\"https:\/\/www.quincycompressor.com\/es\/productos\/tratamiento-del-aire\/powerync\/#primaryimage\"},\"image\":{\"@id\":\"https:\/\/www.quincycompressor.com\/es\/productos\/tratamiento-del-aire\/powerync\/#primaryimage\"},\"thumbnailUrl\":\"https:\/\/www.quincycompressor.com\/wp-content\/uploads\/2021\/02\/QP_transparent.png\",\"datePublished\":\"2020-12-02T07:23:35+00:00\",\"dateModified\":\"2026-02-03T12:32:05+00:00\",\"description\":\"Toma el control de la capacidad de tu compresor con Quincy Power$ync Variable Capacity Control. Para saber m\u00e1s sobre esta gran funci\u00f3n, \u00a1haz clic aqu\u00ed!\",\"breadcrumb\":{\"@id\":\"https:\/\/www.quincycompressor.com\/es\/productos\/tratamiento-del-aire\/powerync\/#breadcrumb\"},\"inLanguage\":\"es\",\"potentialAction\":[{\"@type\":\"ReadAction\",\"target\":[\"https:\/\/www.quincycompressor.com\/es\/productos\/tratamiento-del-aire\/powerync\/\"]}]},{\"@type\":\"ImageObject\",\"inLanguage\":\"es\",\"@id\":\"https:\/\/www.quincycompressor.com\/es\/productos\/tratamiento-del-aire\/powerync\/#primaryimage\",\"url\":\"https:\/\/www.quincycompressor.com\/wp-content\/uploads\/2021\/02\/QP_transparent.png\",\"contentUrl\":\"https:\/\/www.quincycompressor.com\/wp-content\/uploads\/2021\/02\/QP_transparent.png\",\"width\":300,\"height\":244},{\"@type\":\"BreadcrumbList\",\"@id\":\"https:\/\/www.quincycompressor.com\/es\/productos\/tratamiento-del-aire\/powerync\/#breadcrumb\",\"itemListElement\":[{\"@type\":\"ListItem\",\"position\":1,\"name\":\"Inicio\",\"item\":\"https:\/\/www.quincycompressor.com\/es\/inicio\/\"},{\"@type\":\"ListItem\",\"position\":2,\"name\":\"Productos\",\"item\":\"https:\/\/www.quincycompressor.com\/es\/productos\/\"},{\"@type\":\"ListItem\",\"position\":3,\"name\":\"Tratamiento del aire\",\"item\":\"https:\/\/www.quincycompressor.com\/es\/productos\/tratamiento-del-aire\/\"},{\"@type\":\"ListItem\",\"position\":4,\"name\":\"Power$ync\"}]},{\"@type\":\"WebSite\",\"@id\":\"https:\/\/www.quincycompressor.com\/es\/#website\",\"url\":\"https:\/\/www.quincycompressor.com\/es\/\",\"name\":\"Quincy Compressor\",\"description\":\"Quincy Compressor is your go-to source to find knowledge and dealers with the right air compressor for your situation.\",\"publisher\":{\"@id\":\"https:\/\/www.quincycompressor.com\/es\/#organization\"},\"potentialAction\":[{\"@type\":\"SearchAction\",\"target\":{\"@type\":\"EntryPoint\",\"urlTemplate\":\"https:\/\/www.quincycompressor.com\/es\/?s={search_term_string}\"},\"query-input\":\"required name=search_term_string\"}],\"inLanguage\":\"es\"},{\"@type\":\"Organization\",\"@id\":\"https:\/\/www.quincycompressor.com\/es\/#organization\",\"name\":\"Compresor Quincy\",\"url\":\"https:\/\/www.quincycompressor.com\/es\/\",\"logo\":{\"@type\":\"ImageObject\",\"inLanguage\":\"es\",\"@id\":\"https:\/\/www.quincycompressor.com\/es\/#\/schema\/logo\/image\/\",\"url\":\"https:\/\/www.quincycompressor.com\/wp-content\/uploads\/2021\/04\/Quincy-Compressor-Logo-web-full.jpg\",\"contentUrl\":\"https:\/\/www.quincycompressor.com\/wp-content\/uploads\/2021\/04\/Quincy-Compressor-Logo-web-full.jpg\",\"width\":293,\"height\":111,\"caption\":\"Compresor Quincy\"},\"image\":{\"@id\":\"https:\/\/www.quincycompressor.com\/es\/#\/schema\/logo\/image\/\"}}]}<\/script>\n<!-- \/ Yoast SEO plugin. -->","yoast_head_json":{"title":"Control de capacidad del compresor | Compresor Quincy","description":"Toma el control de la capacidad de tu compresor con Quincy Power$ync Variable Capacity Control. Para saber m\u00e1s sobre esta gran funci\u00f3n, \u00a1haz clic aqu\u00ed!","robots":{"index":"index","follow":"follow","max-snippet":"max-snippet:-1","max-image-preview":"max-image-preview:large","max-video-preview":"max-video-preview:-1"},"canonical":"https:\/\/www.quincycompressor.com\/es\/productos\/tratamiento-del-aire\/powerync\/","og_locale":"es_ES","og_type":"article","og_title":"Control de capacidad del compresor | Compresor Quincy","og_description":"Toma el control de la capacidad de tu compresor con Quincy Power$ync Variable Capacity Control. Para saber m\u00e1s sobre esta gran funci\u00f3n, \u00a1haz clic aqu\u00ed!","og_url":"https:\/\/www.quincycompressor.com\/es\/productos\/tratamiento-del-aire\/powerync\/","og_site_name":"Quincy Compressor","article_modified_time":"2026-02-03T12:32:05+00:00","og_image":[{"width":300,"height":244,"url":"https:\/\/www.quincycompressor.com\/wp-content\/uploads\/2021\/02\/QP_transparent.png","type":"image\/png"}],"twitter_card":"summary_large_image","twitter_misc":{"Tiempo de lectura":"1 minuto"},"schema":{"@context":"https:\/\/schema.org","@graph":[{"@type":"WebPage","@id":"https:\/\/www.quincycompressor.com\/es\/productos\/tratamiento-del-aire\/powerync\/","url":"https:\/\/www.quincycompressor.com\/es\/productos\/tratamiento-del-aire\/powerync\/","name":"Control de capacidad del compresor | Compresor Quincy","isPartOf":{"@id":"https:\/\/www.quincycompressor.com\/es\/#website"},"primaryImageOfPage":{"@id":"https:\/\/www.quincycompressor.com\/es\/productos\/tratamiento-del-aire\/powerync\/#primaryimage"},"image":{"@id":"https:\/\/www.quincycompressor.com\/es\/productos\/tratamiento-del-aire\/powerync\/#primaryimage"},"thumbnailUrl":"https:\/\/www.quincycompressor.com\/wp-content\/uploads\/2021\/02\/QP_transparent.png","datePublished":"2020-12-02T07:23:35+00:00","dateModified":"2026-02-03T12:32:05+00:00","description":"Toma el control de la capacidad de tu compresor con Quincy Power$ync Variable Capacity Control. Para saber m\u00e1s sobre esta gran funci\u00f3n, \u00a1haz clic aqu\u00ed!","breadcrumb":{"@id":"https:\/\/www.quincycompressor.com\/es\/productos\/tratamiento-del-aire\/powerync\/#breadcrumb"},"inLanguage":"es","potentialAction":[{"@type":"ReadAction","target":["https:\/\/www.quincycompressor.com\/es\/productos\/tratamiento-del-aire\/powerync\/"]}]},{"@type":"ImageObject","inLanguage":"es","@id":"https:\/\/www.quincycompressor.com\/es\/productos\/tratamiento-del-aire\/powerync\/#primaryimage","url":"https:\/\/www.quincycompressor.com\/wp-content\/uploads\/2021\/02\/QP_transparent.png","contentUrl":"https:\/\/www.quincycompressor.com\/wp-content\/uploads\/2021\/02\/QP_transparent.png","width":300,"height":244},{"@type":"BreadcrumbList","@id":"https:\/\/www.quincycompressor.com\/es\/productos\/tratamiento-del-aire\/powerync\/#breadcrumb","itemListElement":[{"@type":"ListItem","position":1,"name":"Inicio","item":"https:\/\/www.quincycompressor.com\/es\/inicio\/"},{"@type":"ListItem","position":2,"name":"Productos","item":"https:\/\/www.quincycompressor.com\/es\/productos\/"},{"@type":"ListItem","position":3,"name":"Tratamiento del aire","item":"https:\/\/www.quincycompressor.com\/es\/productos\/tratamiento-del-aire\/"},{"@type":"ListItem","position":4,"name":"Power$ync"}]},{"@type":"WebSite","@id":"https:\/\/www.quincycompressor.com\/es\/#website","url":"https:\/\/www.quincycompressor.com\/es\/","name":"Quincy Compressor","description":"Quincy Compressor is your go-to source to find knowledge and dealers with the right air compressor for your situation.","publisher":{"@id":"https:\/\/www.quincycompressor.com\/es\/#organization"},"potentialAction":[{"@type":"SearchAction","target":{"@type":"EntryPoint","urlTemplate":"https:\/\/www.quincycompressor.com\/es\/?s={search_term_string}"},"query-input":"required name=search_term_string"}],"inLanguage":"es"},{"@type":"Organization","@id":"https:\/\/www.quincycompressor.com\/es\/#organization","name":"Compresor Quincy","url":"https:\/\/www.quincycompressor.com\/es\/","logo":{"@type":"ImageObject","inLanguage":"es","@id":"https:\/\/www.quincycompressor.com\/es\/#\/schema\/logo\/image\/","url":"https:\/\/www.quincycompressor.com\/wp-content\/uploads\/2021\/04\/Quincy-Compressor-Logo-web-full.jpg","contentUrl":"https:\/\/www.quincycompressor.com\/wp-content\/uploads\/2021\/04\/Quincy-Compressor-Logo-web-full.jpg","width":293,"height":111,"caption":"Compresor Quincy"},"image":{"@id":"https:\/\/www.quincycompressor.com\/es\/#\/schema\/logo\/image\/"}}]}},"_links":{"self":[{"href":"https:\/\/www.quincycompressor.com\/es\/wp-json\/wp\/v2\/pages\/26783"}],"collection":[{"href":"https:\/\/www.quincycompressor.com\/es\/wp-json\/wp\/v2\/pages"}],"about":[{"href":"https:\/\/www.quincycompressor.com\/es\/wp-json\/wp\/v2\/types\/page"}],"author":[{"embeddable":true,"href":"https:\/\/www.quincycompressor.com\/es\/wp-json\/wp\/v2\/users\/5"}],"replies":[{"embeddable":true,"href":"https:\/\/www.quincycompressor.com\/es\/wp-json\/wp\/v2\/comments?post=26783"}],"version-history":[{"count":0,"href":"https:\/\/www.quincycompressor.com\/es\/wp-json\/wp\/v2\/pages\/26783\/revisions"}],"up":[{"embeddable":true,"href":"https:\/\/www.quincycompressor.com\/es\/wp-json\/wp\/v2\/pages\/26897"}],"wp:featuredmedia":[{"embeddable":true,"href":"https:\/\/www.quincycompressor.com\/es\/wp-json\/wp\/v2\/media\/26791"}],"wp:attachment":[{"href":"https:\/\/www.quincycompressor.com\/es\/wp-json\/wp\/v2\/media?parent=26783"}],"curies":[{"name":"wp","href":"https:\/\/api.w.org\/{rel}","templated":true}]}}