{"id":26794,"date":"2020-12-03T01:04:32","date_gmt":"2020-12-03T01:04:32","guid":{"rendered":"https:\/\/www.quincycompressor.com\/partes\/"},"modified":"2026-02-03T12:31:58","modified_gmt":"2026-02-03T12:31:58","slug":"partes","status":"publish","type":"page","link":"https:\/\/www.quincycompressor.com\/es\/quincy-piezas-y-servicios\/piezas-y-fluidos\/partes\/","title":{"rendered":"Partes"},"content":{"rendered":"<p>Tener a mano las piezas de repuesto adecuadas para compresores de aire puede garantizar una soluci\u00f3n r\u00e1pida a un problema de reparaci\u00f3n del compresor, lo que puede reducir al m\u00ednimo el tiempo de inactividad improductivo. Nuestro inventario de repuestos y consumibles incluye elementos separadores de aire\/aceite, elementos filtrantes de aire de entrada y elementos filtrantes de aceite para nuestros modelos de tornillo alternativo y rotatorio. <\/p>\n<ul>\n<li>Elementos separadores de aire\/aceite<\/li>\n<li>Elementos filtrantes de aire de entrada<\/li>\n<li>Elementos filtrantes de aceite<\/li>\n<\/ul>\n<p>&nbsp;<\/p>\n<p style=\"text-align: center;\"><a class=\"btn btn-primary\" href=\"https:\/\/www.quincycompressor.com\/es\/localizador-de-ventas-y-servicio\/\">Localiza un distribuidor<\/a><\/p>\n<h2><strong><b>Piezas de repuesto genuinas<\/b><\/strong><\/h2>\n<p>Disponemos de una gran variedad de piezas de repuesto originales para compresores de tornillo rotatorio, alternativos y sin aceite. Encontrar\u00e1s de todo, desde piezas de bombas de compresor hasta correas, motores, man\u00f3metros, v\u00e1lvulas y mucho m\u00e1s. Siempre puedes confiar en la calidad de una pieza de repuesto original de Quincy.  <\/p>\n<ul>\n<li>Actuadores<\/li>\n<li>Rodamientos<\/li>\n<li>Cinturones<\/li>\n<li>Parachoques<\/li>\n<li>Bujes<\/li>\n<li>Bielas<\/li>\n<li>Acoplamientos<\/li>\n<li>Desecante (Q Sorbio)<\/li>\n<li>Juntas\/Sellos<\/li>\n<li>V\u00edas<\/li>\n<li>Motores<\/li>\n<li>Juntas t\u00f3ricas<\/li>\n<li>Anillas\/bielas de pist\u00f3n<\/li>\n<li>Rotores<\/li>\n<li>Cu\u00f1as<\/li>\n<li>Manantiales<\/li>\n<li>V\u00e1lvulas<\/li>\n<\/ul>\n<p>&nbsp;<\/p>\n<h2><strong><b>Kit de reconstrucci\u00f3n de la bomba del compresor de aire<\/b><\/strong><\/h2>\n<p>Nuestros kits de reconstrucci\u00f3n contienen todas las piezas internas y externas que necesitas para reconstruir una bomba de compresor de aire da\u00f1ada o defectuosa. Reconstruir una bomba puede evitar los costes asociados a la compra de un producto nuevo y tambi\u00e9n puede ayudar a alargar la vida \u00fatil del compresor. <\/p>\n<p>Conseguir las piezas para compresores de aire que necesitas es tan sencillo como contactar con el<a href=\"https:\/\/www.quincycompressor.com\/es\/localizador-de-ventas-y-servicio\/\"> distribuidor autorizado de compresores de Quincy en tu zona<\/a>.<\/p>\n<p>Solo los fluidos y aceites Quincy est\u00e1n aprobados para su uso en compresores y bombas de vac\u00edo Quincy. Estos productos de alto rendimiento tambi\u00e9n han sido probados en campo y aprobados para su uso en otras marcas OEM de compresores. <\/p>\n<p style=\"text-align: center;\"><a class=\"btn btn-primary\" href=\"https:\/\/www.quincycompressor.com\/es\/localizador-de-ventas-y-servicio\/\">Localiza un distribuidor<\/a><\/p>\n<p>&nbsp;<\/p>\n","protected":false},"excerpt":{"rendered":"<p>Tener a mano las piezas de repuesto adecuadas para compresores de aire puede garantizar una soluci\u00f3n r\u00e1pida a un problema de reparaci\u00f3n del compresor, lo que puede reducir al m\u00ednimo el tiempo de inactividad improductivo. Nuestro inventario de repuestos y consumibles incluye elementos separadores de aire\/aceite, elementos filtrantes de aire de entrada y elementos filtrantes [&hellip;]<\/p>\n","protected":false},"author":5,"featured_media":0,"parent":27005,"menu_order":0,"comment_status":"closed","ping_status":"closed","template":"","meta":{"_acf_changed":false,"inline_featured_image":false,"footnotes":""},"acf":[],"yoast_head":"<!-- This site is optimized with the Yoast SEO plugin v22.9 - https:\/\/yoast.com\/wordpress\/plugins\/seo\/ -->\n<title>Piezas de repuesto para compresores Quincy<\/title>\n<meta name=\"description\" content=\"Compra piezas de repuesto y de repuesto para compresores, elementos filtrantes y separadores de aceite para compresores alternativos y de tornillo rotativo.\" \/>\n<meta name=\"robots\" content=\"index, follow, max-snippet:-1, max-image-preview:large, max-video-preview:-1\" \/>\n<link rel=\"canonical\" href=\"https:\/\/www.quincycompressor.com\/es\/quincy-piezas-y-servicios\/piezas-y-fluidos\/partes\/\" \/>\n<meta property=\"og:locale\" content=\"es_ES\" \/>\n<meta property=\"og:type\" content=\"article\" \/>\n<meta property=\"og:title\" content=\"Piezas de repuesto para compresores Quincy\" \/>\n<meta property=\"og:description\" content=\"Compra piezas de repuesto y de repuesto para compresores, elementos filtrantes y separadores de aceite para compresores alternativos y de tornillo rotativo.\" \/>\n<meta property=\"og:url\" content=\"https:\/\/www.quincycompressor.com\/es\/quincy-piezas-y-servicios\/piezas-y-fluidos\/partes\/\" \/>\n<meta property=\"og:site_name\" content=\"Quincy Compressor\" \/>\n<meta property=\"article:modified_time\" content=\"2026-02-03T12:31:58+00:00\" \/>\n<meta property=\"og:image\" content=\"https:\/\/www.quincycompressor.com\/wp-content\/uploads\/2021\/04\/imageedit_3_2337862967.png\" \/>\n\t<meta property=\"og:image:width\" content=\"691\" \/>\n\t<meta property=\"og:image:height\" content=\"403\" \/>\n\t<meta property=\"og:image:type\" content=\"image\/png\" \/>\n<meta name=\"twitter:card\" content=\"summary_large_image\" \/>\n<meta name=\"twitter:label1\" content=\"Tiempo de lectura\" \/>\n\t<meta name=\"twitter:data1\" content=\"2 minutos\" \/>\n<script type=\"application\/ld+json\" class=\"yoast-schema-graph\">{\"@context\":\"https:\/\/schema.org\",\"@graph\":[{\"@type\":\"WebPage\",\"@id\":\"https:\/\/www.quincycompressor.com\/es\/quincy-piezas-y-servicios\/piezas-y-fluidos\/partes\/\",\"url\":\"https:\/\/www.quincycompressor.com\/es\/quincy-piezas-y-servicios\/piezas-y-fluidos\/partes\/\",\"name\":\"Piezas de repuesto para compresores Quincy\",\"isPartOf\":{\"@id\":\"https:\/\/www.quincycompressor.com\/es\/#website\"},\"datePublished\":\"2020-12-03T01:04:32+00:00\",\"dateModified\":\"2026-02-03T12:31:58+00:00\",\"description\":\"Compra piezas de repuesto y de repuesto para compresores, elementos filtrantes y separadores de aceite para compresores alternativos y de tornillo rotativo.\",\"breadcrumb\":{\"@id\":\"https:\/\/www.quincycompressor.com\/es\/quincy-piezas-y-servicios\/piezas-y-fluidos\/partes\/#breadcrumb\"},\"inLanguage\":\"es\",\"potentialAction\":[{\"@type\":\"ReadAction\",\"target\":[\"https:\/\/www.quincycompressor.com\/es\/quincy-piezas-y-servicios\/piezas-y-fluidos\/partes\/\"]}]},{\"@type\":\"BreadcrumbList\",\"@id\":\"https:\/\/www.quincycompressor.com\/es\/quincy-piezas-y-servicios\/piezas-y-fluidos\/partes\/#breadcrumb\",\"itemListElement\":[{\"@type\":\"ListItem\",\"position\":1,\"name\":\"Inicio\",\"item\":\"https:\/\/www.quincycompressor.com\/es\/inicio\/\"},{\"@type\":\"ListItem\",\"position\":2,\"name\":\"Quincy Piezas y Servicios\",\"item\":\"https:\/\/www.quincycompressor.com\/es\/quincy-piezas-y-servicios\/\"},{\"@type\":\"ListItem\",\"position\":3,\"name\":\"Piezas y fluidos\",\"item\":\"https:\/\/www.quincycompressor.com\/es\/quincy-piezas-y-servicios\/piezas-y-fluidos\/\"},{\"@type\":\"ListItem\",\"position\":4,\"name\":\"Partes\"}]},{\"@type\":\"WebSite\",\"@id\":\"https:\/\/www.quincycompressor.com\/es\/#website\",\"url\":\"https:\/\/www.quincycompressor.com\/es\/\",\"name\":\"Quincy Compressor\",\"description\":\"Quincy Compressor is your go-to source to find knowledge and dealers with the right air compressor for your situation.\",\"publisher\":{\"@id\":\"https:\/\/www.quincycompressor.com\/es\/#organization\"},\"potentialAction\":[{\"@type\":\"SearchAction\",\"target\":{\"@type\":\"EntryPoint\",\"urlTemplate\":\"https:\/\/www.quincycompressor.com\/es\/?s={search_term_string}\"},\"query-input\":\"required name=search_term_string\"}],\"inLanguage\":\"es\"},{\"@type\":\"Organization\",\"@id\":\"https:\/\/www.quincycompressor.com\/es\/#organization\",\"name\":\"Compresor Quincy\",\"url\":\"https:\/\/www.quincycompressor.com\/es\/\",\"logo\":{\"@type\":\"ImageObject\",\"inLanguage\":\"es\",\"@id\":\"https:\/\/www.quincycompressor.com\/es\/#\/schema\/logo\/image\/\",\"url\":\"https:\/\/www.quincycompressor.com\/wp-content\/uploads\/2021\/04\/Quincy-Compressor-Logo-web-full.jpg\",\"contentUrl\":\"https:\/\/www.quincycompressor.com\/wp-content\/uploads\/2021\/04\/Quincy-Compressor-Logo-web-full.jpg\",\"width\":293,\"height\":111,\"caption\":\"Compresor Quincy\"},\"image\":{\"@id\":\"https:\/\/www.quincycompressor.com\/es\/#\/schema\/logo\/image\/\"}}]}<\/script>\n<!-- \/ Yoast SEO plugin. -->","yoast_head_json":{"title":"Piezas de repuesto para compresores Quincy","description":"Compra piezas de repuesto y de repuesto para compresores, elementos filtrantes y separadores de aceite para compresores alternativos y de tornillo rotativo.","robots":{"index":"index","follow":"follow","max-snippet":"max-snippet:-1","max-image-preview":"max-image-preview:large","max-video-preview":"max-video-preview:-1"},"canonical":"https:\/\/www.quincycompressor.com\/es\/quincy-piezas-y-servicios\/piezas-y-fluidos\/partes\/","og_locale":"es_ES","og_type":"article","og_title":"Piezas de repuesto para compresores Quincy","og_description":"Compra piezas de repuesto y de repuesto para compresores, elementos filtrantes y separadores de aceite para compresores alternativos y de tornillo rotativo.","og_url":"https:\/\/www.quincycompressor.com\/es\/quincy-piezas-y-servicios\/piezas-y-fluidos\/partes\/","og_site_name":"Quincy Compressor","article_modified_time":"2026-02-03T12:31:58+00:00","og_image":[{"width":691,"height":403,"url":"https:\/\/www.quincycompressor.com\/wp-content\/uploads\/2021\/04\/imageedit_3_2337862967.png","type":"image\/png"}],"twitter_card":"summary_large_image","twitter_misc":{"Tiempo de lectura":"2 minutos"},"schema":{"@context":"https:\/\/schema.org","@graph":[{"@type":"WebPage","@id":"https:\/\/www.quincycompressor.com\/es\/quincy-piezas-y-servicios\/piezas-y-fluidos\/partes\/","url":"https:\/\/www.quincycompressor.com\/es\/quincy-piezas-y-servicios\/piezas-y-fluidos\/partes\/","name":"Piezas de repuesto para compresores Quincy","isPartOf":{"@id":"https:\/\/www.quincycompressor.com\/es\/#website"},"datePublished":"2020-12-03T01:04:32+00:00","dateModified":"2026-02-03T12:31:58+00:00","description":"Compra piezas de repuesto y de repuesto para compresores, elementos filtrantes y separadores de aceite para compresores alternativos y de tornillo rotativo.","breadcrumb":{"@id":"https:\/\/www.quincycompressor.com\/es\/quincy-piezas-y-servicios\/piezas-y-fluidos\/partes\/#breadcrumb"},"inLanguage":"es","potentialAction":[{"@type":"ReadAction","target":["https:\/\/www.quincycompressor.com\/es\/quincy-piezas-y-servicios\/piezas-y-fluidos\/partes\/"]}]},{"@type":"BreadcrumbList","@id":"https:\/\/www.quincycompressor.com\/es\/quincy-piezas-y-servicios\/piezas-y-fluidos\/partes\/#breadcrumb","itemListElement":[{"@type":"ListItem","position":1,"name":"Inicio","item":"https:\/\/www.quincycompressor.com\/es\/inicio\/"},{"@type":"ListItem","position":2,"name":"Quincy Piezas y Servicios","item":"https:\/\/www.quincycompressor.com\/es\/quincy-piezas-y-servicios\/"},{"@type":"ListItem","position":3,"name":"Piezas y fluidos","item":"https:\/\/www.quincycompressor.com\/es\/quincy-piezas-y-servicios\/piezas-y-fluidos\/"},{"@type":"ListItem","position":4,"name":"Partes"}]},{"@type":"WebSite","@id":"https:\/\/www.quincycompressor.com\/es\/#website","url":"https:\/\/www.quincycompressor.com\/es\/","name":"Quincy Compressor","description":"Quincy Compressor is your go-to source to find knowledge and dealers with the right air compressor for your situation.","publisher":{"@id":"https:\/\/www.quincycompressor.com\/es\/#organization"},"potentialAction":[{"@type":"SearchAction","target":{"@type":"EntryPoint","urlTemplate":"https:\/\/www.quincycompressor.com\/es\/?s={search_term_string}"},"query-input":"required name=search_term_string"}],"inLanguage":"es"},{"@type":"Organization","@id":"https:\/\/www.quincycompressor.com\/es\/#organization","name":"Compresor Quincy","url":"https:\/\/www.quincycompressor.com\/es\/","logo":{"@type":"ImageObject","inLanguage":"es","@id":"https:\/\/www.quincycompressor.com\/es\/#\/schema\/logo\/image\/","url":"https:\/\/www.quincycompressor.com\/wp-content\/uploads\/2021\/04\/Quincy-Compressor-Logo-web-full.jpg","contentUrl":"https:\/\/www.quincycompressor.com\/wp-content\/uploads\/2021\/04\/Quincy-Compressor-Logo-web-full.jpg","width":293,"height":111,"caption":"Compresor Quincy"},"image":{"@id":"https:\/\/www.quincycompressor.com\/es\/#\/schema\/logo\/image\/"}}]}},"_links":{"self":[{"href":"https:\/\/www.quincycompressor.com\/es\/wp-json\/wp\/v2\/pages\/26794"}],"collection":[{"href":"https:\/\/www.quincycompressor.com\/es\/wp-json\/wp\/v2\/pages"}],"about":[{"href":"https:\/\/www.quincycompressor.com\/es\/wp-json\/wp\/v2\/types\/page"}],"author":[{"embeddable":true,"href":"https:\/\/www.quincycompressor.com\/es\/wp-json\/wp\/v2\/users\/5"}],"replies":[{"embeddable":true,"href":"https:\/\/www.quincycompressor.com\/es\/wp-json\/wp\/v2\/comments?post=26794"}],"version-history":[{"count":0,"href":"https:\/\/www.quincycompressor.com\/es\/wp-json\/wp\/v2\/pages\/26794\/revisions"}],"up":[{"embeddable":true,"href":"https:\/\/www.quincycompressor.com\/es\/wp-json\/wp\/v2\/pages\/27005"}],"wp:attachment":[{"href":"https:\/\/www.quincycompressor.com\/es\/wp-json\/wp\/v2\/media?parent=26794"}],"curies":[{"name":"wp","href":"https:\/\/api.w.org\/{rel}","templated":true}]}}