{"id":26811,"date":"2025-06-27T17:16:34","date_gmt":"2025-06-27T17:16:34","guid":{"rendered":"https:\/\/www.quincycompressor.com\/compresores-de-aire-fabricados-en-estados-unidos\/"},"modified":"2026-02-20T13:45:02","modified_gmt":"2026-02-20T13:45:02","slug":"compresores-de-aire-fabricados-en-estados-unidos","status":"publish","type":"page","link":"https:\/\/www.quincycompressor.com\/es\/productos\/compresores-de-aire-fabricados-en-estados-unidos\/","title":{"rendered":"Compresores de aire fabricados en Estados Unidos"},"content":{"rendered":"<h2><strong>Ra\u00edces americanas. \u00a1Respaldado por m\u00e1s de un siglo de fiabilidad! <\/strong><\/h2>\n<p><a href=\"https:\/\/www.quincycompressor.com\/wp-content\/uploads\/2026\/01\/1-e1768943566470.png\"><img decoding=\"async\" class=\"alignright wp-image-26210\" src=\"https:\/\/www.quincycompressor.com\/wp-content\/uploads\/2026\/01\/1-e1768943566470-300x228.png\" alt=\"\" width=\"385\" height=\"293\" srcset=\"https:\/\/www.quincycompressor.com\/wp-content\/uploads\/2026\/01\/1-e1768943566470-300x228.png 300w, https:\/\/www.quincycompressor.com\/wp-content\/uploads\/2026\/01\/1-e1768943566470-768x583.png 768w, https:\/\/www.quincycompressor.com\/wp-content\/uploads\/2026\/01\/1-e1768943566470-922x700.png 922w, https:\/\/www.quincycompressor.com\/wp-content\/uploads\/2026\/01\/1-e1768943566470.png 956w\" sizes=\"(max-width: 385px) 100vw, 385px\" \/><\/a><\/p>\n<h2><\/h2>\n<p>Los sistemas de aire comprimido son la columna vertebral del panorama industrial estadounidense, alimentando desde herramientas manuales en la planta de taller hasta exigentes l\u00edneas de producci\u00f3n de alta resistencia. Estos sistemas funcionan sin parar en las instalaciones de fabricaci\u00f3n de todo el pa\u00eds, donde el tiempo de inactividad no es una opci\u00f3n y el rendimiento debe ser fiable. <\/p>\n<p>En Quincy Compressor, nuestro legado nacido en Estados Unidos abarca m\u00e1s de un siglo. Desde nuestra fundaci\u00f3n en Estados Unidos hace m\u00e1s de 100 a\u00f1os, hemos entregado soluciones de aire comprimido dise\u00f1adas para la fiabilidad, la longevidad y las demandas industriales reales. Nuestro amplio portafolio apoya desde peque\u00f1os talleres hasta operaciones a gran escala, proporcionando potencia constante para herramientas neum\u00e1ticas, sistemas de transportes y maquinaria cr\u00edtica.  <\/p>\n<p>Cuando la fiabilidad m\u00e1s importa, la ingenier\u00eda estadounidense y la experiencia probada marcan la diferencia. Quincy Compressor ofrece el rendimiento del que depende tu operaci\u00f3n, d\u00eda tras d\u00eda. <\/p>\n<p><a class=\"btn btn-secondary\" href=\"https:\/\/www.quincycompressor.com\/es\/localizador-de-ventas-y-servicio\/\">Descubre nuestros productos fabricados en Estados Unidos<\/a><\/p>\n","protected":false},"excerpt":{"rendered":"<p>Ra\u00edces americanas. \u00a1Respaldado por m\u00e1s de un siglo de fiabilidad! Los sistemas de aire comprimido son la columna vertebral del panorama industrial estadounidense, alimentando desde herramientas manuales en la planta de taller hasta exigentes l\u00edneas de producci\u00f3n de alta resistencia. Estos sistemas funcionan sin parar en las instalaciones de fabricaci\u00f3n de todo el pa\u00eds, donde [&hellip;]<\/p>\n","protected":false},"author":5,"featured_media":26815,"parent":27175,"menu_order":0,"comment_status":"closed","ping_status":"closed","template":"page-product-category.php","meta":{"_acf_changed":false,"inline_featured_image":false,"footnotes":""},"acf":[],"yoast_head":"<!-- This site is optimized with the Yoast SEO plugin v22.9 - https:\/\/yoast.com\/wordpress\/plugins\/seo\/ -->\n<title>Compresores de aire fabricados en Estados Unidos | Compresor Quincy<\/title>\n<meta name=\"description\" content=\"El equipo importado se enfrenta a plazos de entrega m\u00e1s largos, precios impredecibles y complicaciones adicionales. Consulta hoy la l\u00ednea de compresores de aire fabricados en Estados Unidos de Quincy Compressors.\" \/>\n<meta name=\"robots\" content=\"index, follow, max-snippet:-1, max-image-preview:large, max-video-preview:-1\" \/>\n<link rel=\"canonical\" href=\"https:\/\/www.quincycompressor.com\/es\/productos\/compresores-de-aire-fabricados-en-estados-unidos\/\" \/>\n<meta property=\"og:locale\" content=\"es_ES\" \/>\n<meta property=\"og:type\" content=\"article\" \/>\n<meta property=\"og:title\" content=\"Compresores de aire fabricados en Estados Unidos | Compresor Quincy\" \/>\n<meta property=\"og:description\" content=\"El equipo importado se enfrenta a plazos de entrega m\u00e1s largos, precios impredecibles y complicaciones adicionales. Consulta hoy la l\u00ednea de compresores de aire fabricados en Estados Unidos de Quincy Compressors.\" \/>\n<meta property=\"og:url\" content=\"https:\/\/www.quincycompressor.com\/es\/productos\/compresores-de-aire-fabricados-en-estados-unidos\/\" \/>\n<meta property=\"og:site_name\" content=\"Quincy Compressor\" \/>\n<meta property=\"article:modified_time\" content=\"2026-02-20T13:45:02+00:00\" \/>\n<meta property=\"og:image\" content=\"https:\/\/www.quincycompressor.com\/wp-content\/uploads\/2025\/06\/image-1-1.jpg\" \/>\n\t<meta property=\"og:image:width\" content=\"1024\" \/>\n\t<meta property=\"og:image:height\" content=\"682\" \/>\n\t<meta property=\"og:image:type\" content=\"image\/jpeg\" \/>\n<meta name=\"twitter:card\" content=\"summary_large_image\" \/>\n<meta name=\"twitter:label1\" content=\"Tiempo de lectura\" \/>\n\t<meta name=\"twitter:data1\" content=\"1 minuto\" \/>\n<script type=\"application\/ld+json\" class=\"yoast-schema-graph\">{\"@context\":\"https:\/\/schema.org\",\"@graph\":[{\"@type\":\"WebPage\",\"@id\":\"https:\/\/www.quincycompressor.com\/es\/productos\/compresores-de-aire-fabricados-en-estados-unidos\/\",\"url\":\"https:\/\/www.quincycompressor.com\/es\/productos\/compresores-de-aire-fabricados-en-estados-unidos\/\",\"name\":\"Compresores de aire fabricados en Estados Unidos | Compresor Quincy\",\"isPartOf\":{\"@id\":\"https:\/\/www.quincycompressor.com\/es\/#website\"},\"primaryImageOfPage\":{\"@id\":\"https:\/\/www.quincycompressor.com\/es\/productos\/compresores-de-aire-fabricados-en-estados-unidos\/#primaryimage\"},\"image\":{\"@id\":\"https:\/\/www.quincycompressor.com\/es\/productos\/compresores-de-aire-fabricados-en-estados-unidos\/#primaryimage\"},\"thumbnailUrl\":\"https:\/\/www.quincycompressor.com\/wp-content\/uploads\/2025\/06\/image-1-1.jpg\",\"datePublished\":\"2025-06-27T17:16:34+00:00\",\"dateModified\":\"2026-02-20T13:45:02+00:00\",\"description\":\"El equipo importado se enfrenta a plazos de entrega m\u00e1s largos, precios impredecibles y complicaciones adicionales. Consulta hoy la l\u00ednea de compresores de aire fabricados en Estados Unidos de Quincy Compressors.\",\"breadcrumb\":{\"@id\":\"https:\/\/www.quincycompressor.com\/es\/productos\/compresores-de-aire-fabricados-en-estados-unidos\/#breadcrumb\"},\"inLanguage\":\"es\",\"potentialAction\":[{\"@type\":\"ReadAction\",\"target\":[\"https:\/\/www.quincycompressor.com\/es\/productos\/compresores-de-aire-fabricados-en-estados-unidos\/\"]}]},{\"@type\":\"ImageObject\",\"inLanguage\":\"es\",\"@id\":\"https:\/\/www.quincycompressor.com\/es\/productos\/compresores-de-aire-fabricados-en-estados-unidos\/#primaryimage\",\"url\":\"https:\/\/www.quincycompressor.com\/wp-content\/uploads\/2025\/06\/image-1-1.jpg\",\"contentUrl\":\"https:\/\/www.quincycompressor.com\/wp-content\/uploads\/2025\/06\/image-1-1.jpg\",\"width\":1024,\"height\":682},{\"@type\":\"BreadcrumbList\",\"@id\":\"https:\/\/www.quincycompressor.com\/es\/productos\/compresores-de-aire-fabricados-en-estados-unidos\/#breadcrumb\",\"itemListElement\":[{\"@type\":\"ListItem\",\"position\":1,\"name\":\"Inicio\",\"item\":\"https:\/\/www.quincycompressor.com\/es\/inicio\/\"},{\"@type\":\"ListItem\",\"position\":2,\"name\":\"Productos\",\"item\":\"https:\/\/www.quincycompressor.com\/es\/productos\/\"},{\"@type\":\"ListItem\",\"position\":3,\"name\":\"Compresores de aire fabricados en Estados Unidos\"}]},{\"@type\":\"WebSite\",\"@id\":\"https:\/\/www.quincycompressor.com\/es\/#website\",\"url\":\"https:\/\/www.quincycompressor.com\/es\/\",\"name\":\"Quincy Compressor\",\"description\":\"Quincy Compressor is your go-to source to find knowledge and dealers with the right air compressor for your situation.\",\"publisher\":{\"@id\":\"https:\/\/www.quincycompressor.com\/es\/#organization\"},\"potentialAction\":[{\"@type\":\"SearchAction\",\"target\":{\"@type\":\"EntryPoint\",\"urlTemplate\":\"https:\/\/www.quincycompressor.com\/es\/?s={search_term_string}\"},\"query-input\":\"required name=search_term_string\"}],\"inLanguage\":\"es\"},{\"@type\":\"Organization\",\"@id\":\"https:\/\/www.quincycompressor.com\/es\/#organization\",\"name\":\"Compresor Quincy\",\"url\":\"https:\/\/www.quincycompressor.com\/es\/\",\"logo\":{\"@type\":\"ImageObject\",\"inLanguage\":\"es\",\"@id\":\"https:\/\/www.quincycompressor.com\/es\/#\/schema\/logo\/image\/\",\"url\":\"https:\/\/www.quincycompressor.com\/wp-content\/uploads\/2021\/04\/Quincy-Compressor-Logo-web-full.jpg\",\"contentUrl\":\"https:\/\/www.quincycompressor.com\/wp-content\/uploads\/2021\/04\/Quincy-Compressor-Logo-web-full.jpg\",\"width\":293,\"height\":111,\"caption\":\"Compresor Quincy\"},\"image\":{\"@id\":\"https:\/\/www.quincycompressor.com\/es\/#\/schema\/logo\/image\/\"}}]}<\/script>\n<!-- \/ Yoast SEO plugin. -->","yoast_head_json":{"title":"Compresores de aire fabricados en Estados Unidos | Compresor Quincy","description":"El equipo importado se enfrenta a plazos de entrega m\u00e1s largos, precios impredecibles y complicaciones adicionales. Consulta hoy la l\u00ednea de compresores de aire fabricados en Estados Unidos de Quincy Compressors.","robots":{"index":"index","follow":"follow","max-snippet":"max-snippet:-1","max-image-preview":"max-image-preview:large","max-video-preview":"max-video-preview:-1"},"canonical":"https:\/\/www.quincycompressor.com\/es\/productos\/compresores-de-aire-fabricados-en-estados-unidos\/","og_locale":"es_ES","og_type":"article","og_title":"Compresores de aire fabricados en Estados Unidos | Compresor Quincy","og_description":"El equipo importado se enfrenta a plazos de entrega m\u00e1s largos, precios impredecibles y complicaciones adicionales. Consulta hoy la l\u00ednea de compresores de aire fabricados en Estados Unidos de Quincy Compressors.","og_url":"https:\/\/www.quincycompressor.com\/es\/productos\/compresores-de-aire-fabricados-en-estados-unidos\/","og_site_name":"Quincy Compressor","article_modified_time":"2026-02-20T13:45:02+00:00","og_image":[{"width":1024,"height":682,"url":"https:\/\/www.quincycompressor.com\/wp-content\/uploads\/2025\/06\/image-1-1.jpg","type":"image\/jpeg"}],"twitter_card":"summary_large_image","twitter_misc":{"Tiempo de lectura":"1 minuto"},"schema":{"@context":"https:\/\/schema.org","@graph":[{"@type":"WebPage","@id":"https:\/\/www.quincycompressor.com\/es\/productos\/compresores-de-aire-fabricados-en-estados-unidos\/","url":"https:\/\/www.quincycompressor.com\/es\/productos\/compresores-de-aire-fabricados-en-estados-unidos\/","name":"Compresores de aire fabricados en Estados Unidos | Compresor Quincy","isPartOf":{"@id":"https:\/\/www.quincycompressor.com\/es\/#website"},"primaryImageOfPage":{"@id":"https:\/\/www.quincycompressor.com\/es\/productos\/compresores-de-aire-fabricados-en-estados-unidos\/#primaryimage"},"image":{"@id":"https:\/\/www.quincycompressor.com\/es\/productos\/compresores-de-aire-fabricados-en-estados-unidos\/#primaryimage"},"thumbnailUrl":"https:\/\/www.quincycompressor.com\/wp-content\/uploads\/2025\/06\/image-1-1.jpg","datePublished":"2025-06-27T17:16:34+00:00","dateModified":"2026-02-20T13:45:02+00:00","description":"El equipo importado se enfrenta a plazos de entrega m\u00e1s largos, precios impredecibles y complicaciones adicionales. Consulta hoy la l\u00ednea de compresores de aire fabricados en Estados Unidos de Quincy Compressors.","breadcrumb":{"@id":"https:\/\/www.quincycompressor.com\/es\/productos\/compresores-de-aire-fabricados-en-estados-unidos\/#breadcrumb"},"inLanguage":"es","potentialAction":[{"@type":"ReadAction","target":["https:\/\/www.quincycompressor.com\/es\/productos\/compresores-de-aire-fabricados-en-estados-unidos\/"]}]},{"@type":"ImageObject","inLanguage":"es","@id":"https:\/\/www.quincycompressor.com\/es\/productos\/compresores-de-aire-fabricados-en-estados-unidos\/#primaryimage","url":"https:\/\/www.quincycompressor.com\/wp-content\/uploads\/2025\/06\/image-1-1.jpg","contentUrl":"https:\/\/www.quincycompressor.com\/wp-content\/uploads\/2025\/06\/image-1-1.jpg","width":1024,"height":682},{"@type":"BreadcrumbList","@id":"https:\/\/www.quincycompressor.com\/es\/productos\/compresores-de-aire-fabricados-en-estados-unidos\/#breadcrumb","itemListElement":[{"@type":"ListItem","position":1,"name":"Inicio","item":"https:\/\/www.quincycompressor.com\/es\/inicio\/"},{"@type":"ListItem","position":2,"name":"Productos","item":"https:\/\/www.quincycompressor.com\/es\/productos\/"},{"@type":"ListItem","position":3,"name":"Compresores de aire fabricados en Estados Unidos"}]},{"@type":"WebSite","@id":"https:\/\/www.quincycompressor.com\/es\/#website","url":"https:\/\/www.quincycompressor.com\/es\/","name":"Quincy Compressor","description":"Quincy Compressor is your go-to source to find knowledge and dealers with the right air compressor for your situation.","publisher":{"@id":"https:\/\/www.quincycompressor.com\/es\/#organization"},"potentialAction":[{"@type":"SearchAction","target":{"@type":"EntryPoint","urlTemplate":"https:\/\/www.quincycompressor.com\/es\/?s={search_term_string}"},"query-input":"required name=search_term_string"}],"inLanguage":"es"},{"@type":"Organization","@id":"https:\/\/www.quincycompressor.com\/es\/#organization","name":"Compresor Quincy","url":"https:\/\/www.quincycompressor.com\/es\/","logo":{"@type":"ImageObject","inLanguage":"es","@id":"https:\/\/www.quincycompressor.com\/es\/#\/schema\/logo\/image\/","url":"https:\/\/www.quincycompressor.com\/wp-content\/uploads\/2021\/04\/Quincy-Compressor-Logo-web-full.jpg","contentUrl":"https:\/\/www.quincycompressor.com\/wp-content\/uploads\/2021\/04\/Quincy-Compressor-Logo-web-full.jpg","width":293,"height":111,"caption":"Compresor Quincy"},"image":{"@id":"https:\/\/www.quincycompressor.com\/es\/#\/schema\/logo\/image\/"}}]}},"_links":{"self":[{"href":"https:\/\/www.quincycompressor.com\/es\/wp-json\/wp\/v2\/pages\/26811"}],"collection":[{"href":"https:\/\/www.quincycompressor.com\/es\/wp-json\/wp\/v2\/pages"}],"about":[{"href":"https:\/\/www.quincycompressor.com\/es\/wp-json\/wp\/v2\/types\/page"}],"author":[{"embeddable":true,"href":"https:\/\/www.quincycompressor.com\/es\/wp-json\/wp\/v2\/users\/5"}],"replies":[{"embeddable":true,"href":"https:\/\/www.quincycompressor.com\/es\/wp-json\/wp\/v2\/comments?post=26811"}],"version-history":[{"count":0,"href":"https:\/\/www.quincycompressor.com\/es\/wp-json\/wp\/v2\/pages\/26811\/revisions"}],"up":[{"embeddable":true,"href":"https:\/\/www.quincycompressor.com\/es\/wp-json\/wp\/v2\/pages\/27175"}],"wp:featuredmedia":[{"embeddable":true,"href":"https:\/\/www.quincycompressor.com\/es\/wp-json\/wp\/v2\/media\/26815"}],"wp:attachment":[{"href":"https:\/\/www.quincycompressor.com\/es\/wp-json\/wp\/v2\/media?parent=26811"}],"curies":[{"name":"wp","href":"https:\/\/api.w.org\/{rel}","templated":true}]}}