{"id":26812,"date":"2025-09-18T06:40:15","date_gmt":"2025-09-18T06:40:15","guid":{"rendered":"https:\/\/www.quincycompressor.com\/gracias-2\/"},"modified":"2026-02-03T13:02:30","modified_gmt":"2026-02-03T13:02:30","slug":"gracias-2","status":"publish","type":"page","link":"https:\/\/www.quincycompressor.com\/es\/generadores-industriales-de-gas\/generadores-de-osigeno\/gracias-2\/","title":{"rendered":"Gracias"},"content":{"rendered":"","protected":false},"excerpt":{"rendered":"","protected":false},"author":5,"featured_media":0,"parent":26817,"menu_order":0,"comment_status":"closed","ping_status":"closed","template":"","meta":{"_acf_changed":false,"inline_featured_image":false,"footnotes":""},"acf":[],"yoast_head":"<!-- This site is optimized with the Yoast SEO plugin v22.9 - https:\/\/yoast.com\/wordpress\/plugins\/seo\/ -->\n<title>Gracias - Quincy Compressor<\/title>\n<meta name=\"description\" content=\"La descarga deber\u00eda comenzar en breve, si no lo hace, haz clic aqu\u00ed. Gracias por descargar nuestra gu\u00eda sobre maquinaria pesada utilizada en la construcci\u00f3n industrial. A lo largo de esta gu\u00eda ver\u00e1s: Analizar las piezas de maquinaria pesada m\u00e1s usadas. Explora el prop\u00f3sito de ese equipo en la industria de la construcci\u00f3n. Revisa c\u00f3mo funcionan estas m\u00e1quinas. Analiza qu\u00e9 ventajas ofrece el equipo. Tanto las aplicaciones de ingenier\u00eda estructural como civil \u2014desde viviendas residenciales hasta construcci\u00f3n de carreteras y la construcci\u00f3n de presas\u2014 utilizan varios de los mismos equipos pesados. El equipo de movimiento de tierras es esencial en casi todos los proyectos de construcci\u00f3n, al igual que tareas especializadas como trabajar con hormig\u00f3n y clavar pilotes. Las herramientas de excavaci\u00f3n incluyen retroexcavadoras, bulldozers, cargadoras y niveladoras. Te familiarizar\u00e1s con algunas de las herramientas menos conocidas del oficio, como las cintas transportadoras para manipular materiales. Una vez que un yacimiento termina la excavaci\u00f3n, el equipo de transporte traslada materiales hacia y desde el yacimiento seg\u00fan sea necesario. Por \u00faltimo, exploramos algunos de los tipos m\u00e1s singulares de camiones, tractores y sistemas neum\u00e1ticos utilizados en la construcci\u00f3n industrial. Los sistemas de aire comprimido y otras herramientas neum\u00e1ticas, as\u00ed como la importancia de mantener la m\u00e1xima eficiencia operativa para ayudar a reducir costes, son vitales para la mayor\u00eda de las funciones en obra. Los sistemas de aire comprimido requieren mucha energ\u00eda para proporcionar un flujo de aire limpio para clavar, taladrar y lijar. Al seleccionar un sistema que mejor se adapte a tus necesidades y que soporte la escala del trabajo de construcci\u00f3n que planeas, puedes reducir los costes energ\u00e9ticos manteniendo la productividad. Cont\u00e1ctanos hoy mismo para ver c\u00f3mo el equipo de compresores de Quincy puede ayudarte con las demandas de tu proyecto de construcci\u00f3n industrial.\" \/>\n<meta name=\"robots\" content=\"index, follow, max-snippet:-1, max-image-preview:large, max-video-preview:-1\" \/>\n<link rel=\"canonical\" href=\"https:\/\/www.quincycompressor.com\/es\/generadores-industriales-de-gas\/generadores-de-osigeno\/gracias-2\/\" \/>\n<meta property=\"og:locale\" content=\"es_ES\" \/>\n<meta property=\"og:type\" content=\"article\" \/>\n<meta property=\"og:title\" content=\"Gracias - Quincy Compressor\" \/>\n<meta property=\"og:description\" content=\"La descarga deber\u00eda comenzar en breve, si no lo hace, haz clic aqu\u00ed. Gracias por descargar nuestra gu\u00eda sobre maquinaria pesada utilizada en la construcci\u00f3n industrial. A lo largo de esta gu\u00eda ver\u00e1s: Analizar las piezas de maquinaria pesada m\u00e1s usadas. Explora el prop\u00f3sito de ese equipo en la industria de la construcci\u00f3n. Revisa c\u00f3mo funcionan estas m\u00e1quinas. Analiza qu\u00e9 ventajas ofrece el equipo. Tanto las aplicaciones de ingenier\u00eda estructural como civil \u2014desde viviendas residenciales hasta construcci\u00f3n de carreteras y la construcci\u00f3n de presas\u2014 utilizan varios de los mismos equipos pesados. El equipo de movimiento de tierras es esencial en casi todos los proyectos de construcci\u00f3n, al igual que tareas especializadas como trabajar con hormig\u00f3n y clavar pilotes. Las herramientas de excavaci\u00f3n incluyen retroexcavadoras, bulldozers, cargadoras y niveladoras. Te familiarizar\u00e1s con algunas de las herramientas menos conocidas del oficio, como las cintas transportadoras para manipular materiales. Una vez que un yacimiento termina la excavaci\u00f3n, el equipo de transporte traslada materiales hacia y desde el yacimiento seg\u00fan sea necesario. Por \u00faltimo, exploramos algunos de los tipos m\u00e1s singulares de camiones, tractores y sistemas neum\u00e1ticos utilizados en la construcci\u00f3n industrial. Los sistemas de aire comprimido y otras herramientas neum\u00e1ticas, as\u00ed como la importancia de mantener la m\u00e1xima eficiencia operativa para ayudar a reducir costes, son vitales para la mayor\u00eda de las funciones en obra. Los sistemas de aire comprimido requieren mucha energ\u00eda para proporcionar un flujo de aire limpio para clavar, taladrar y lijar. Al seleccionar un sistema que mejor se adapte a tus necesidades y que soporte la escala del trabajo de construcci\u00f3n que planeas, puedes reducir los costes energ\u00e9ticos manteniendo la productividad. Cont\u00e1ctanos hoy mismo para ver c\u00f3mo el equipo de compresores de Quincy puede ayudarte con las demandas de tu proyecto de construcci\u00f3n industrial.\" \/>\n<meta property=\"og:url\" content=\"https:\/\/www.quincycompressor.com\/es\/generadores-industriales-de-gas\/generadores-de-osigeno\/gracias-2\/\" \/>\n<meta property=\"og:site_name\" content=\"Quincy Compressor\" \/>\n<meta property=\"article:modified_time\" content=\"2026-02-03T13:02:30+00:00\" \/>\n<meta property=\"og:image\" content=\"https:\/\/www.quincycompressor.com\/wp-content\/uploads\/2021\/04\/imageedit_3_2337862967.png\" \/>\n\t<meta property=\"og:image:width\" content=\"691\" \/>\n\t<meta property=\"og:image:height\" content=\"403\" \/>\n\t<meta property=\"og:image:type\" content=\"image\/png\" \/>\n<meta name=\"twitter:card\" content=\"summary_large_image\" \/>\n<script type=\"application\/ld+json\" class=\"yoast-schema-graph\">{\"@context\":\"https:\/\/schema.org\",\"@graph\":[{\"@type\":\"WebPage\",\"@id\":\"https:\/\/www.quincycompressor.com\/es\/generadores-industriales-de-gas\/generadores-de-osigeno\/gracias-2\/\",\"url\":\"https:\/\/www.quincycompressor.com\/es\/generadores-industriales-de-gas\/generadores-de-osigeno\/gracias-2\/\",\"name\":\"Gracias - Quincy Compressor\",\"isPartOf\":{\"@id\":\"https:\/\/www.quincycompressor.com\/es\/#website\"},\"datePublished\":\"2025-09-18T06:40:15+00:00\",\"dateModified\":\"2026-02-03T13:02:30+00:00\",\"description\":\"La descarga deber\u00eda comenzar en breve, si no lo hace, haz clic aqu\u00ed. Gracias por descargar nuestra gu\u00eda sobre maquinaria pesada utilizada en la construcci\u00f3n industrial. A lo largo de esta gu\u00eda ver\u00e1s: Analizar las piezas de maquinaria pesada m\u00e1s usadas. Explora el prop\u00f3sito de ese equipo en la industria de la construcci\u00f3n. Revisa c\u00f3mo funcionan estas m\u00e1quinas. Analiza qu\u00e9 ventajas ofrece el equipo. Tanto las aplicaciones de ingenier\u00eda estructural como civil \u2014desde viviendas residenciales hasta construcci\u00f3n de carreteras y la construcci\u00f3n de presas\u2014 utilizan varios de los mismos equipos pesados. El equipo de movimiento de tierras es esencial en casi todos los proyectos de construcci\u00f3n, al igual que tareas especializadas como trabajar con hormig\u00f3n y clavar pilotes. Las herramientas de excavaci\u00f3n incluyen retroexcavadoras, bulldozers, cargadoras y niveladoras. Te familiarizar\u00e1s con algunas de las herramientas menos conocidas del oficio, como las cintas transportadoras para manipular materiales. Una vez que un yacimiento termina la excavaci\u00f3n, el equipo de transporte traslada materiales hacia y desde el yacimiento seg\u00fan sea necesario. Por \u00faltimo, exploramos algunos de los tipos m\u00e1s singulares de camiones, tractores y sistemas neum\u00e1ticos utilizados en la construcci\u00f3n industrial. Los sistemas de aire comprimido y otras herramientas neum\u00e1ticas, as\u00ed como la importancia de mantener la m\u00e1xima eficiencia operativa para ayudar a reducir costes, son vitales para la mayor\u00eda de las funciones en obra. Los sistemas de aire comprimido requieren mucha energ\u00eda para proporcionar un flujo de aire limpio para clavar, taladrar y lijar. Al seleccionar un sistema que mejor se adapte a tus necesidades y que soporte la escala del trabajo de construcci\u00f3n que planeas, puedes reducir los costes energ\u00e9ticos manteniendo la productividad. Cont\u00e1ctanos hoy mismo para ver c\u00f3mo el equipo de compresores de Quincy puede ayudarte con las demandas de tu proyecto de construcci\u00f3n industrial.\",\"breadcrumb\":{\"@id\":\"https:\/\/www.quincycompressor.com\/es\/generadores-industriales-de-gas\/generadores-de-osigeno\/gracias-2\/#breadcrumb\"},\"inLanguage\":\"es\",\"potentialAction\":[{\"@type\":\"ReadAction\",\"target\":[\"https:\/\/www.quincycompressor.com\/es\/generadores-industriales-de-gas\/generadores-de-osigeno\/gracias-2\/\"]}]},{\"@type\":\"BreadcrumbList\",\"@id\":\"https:\/\/www.quincycompressor.com\/es\/generadores-industriales-de-gas\/generadores-de-osigeno\/gracias-2\/#breadcrumb\",\"itemListElement\":[{\"@type\":\"ListItem\",\"position\":1,\"name\":\"Inicio\",\"item\":\"https:\/\/www.quincycompressor.com\/es\/inicio\/\"},{\"@type\":\"ListItem\",\"position\":2,\"name\":\"Generadores industriales de gas\",\"item\":\"https:\/\/www.quincycompressor.com\/es\/generadores-industriales-de-gas\/\"},{\"@type\":\"ListItem\",\"position\":3,\"name\":\"Generadores de os\u00edgeno\",\"item\":\"https:\/\/www.quincycompressor.com\/es\/generadores-industriales-de-gas\/generadores-de-osigeno\/\"},{\"@type\":\"ListItem\",\"position\":4,\"name\":\"Gracias\"}]},{\"@type\":\"WebSite\",\"@id\":\"https:\/\/www.quincycompressor.com\/es\/#website\",\"url\":\"https:\/\/www.quincycompressor.com\/es\/\",\"name\":\"Quincy Compressor\",\"description\":\"Quincy Compressor is your go-to source to find knowledge and dealers with the right air compressor for your situation.\",\"publisher\":{\"@id\":\"https:\/\/www.quincycompressor.com\/es\/#organization\"},\"potentialAction\":[{\"@type\":\"SearchAction\",\"target\":{\"@type\":\"EntryPoint\",\"urlTemplate\":\"https:\/\/www.quincycompressor.com\/es\/?s={search_term_string}\"},\"query-input\":\"required name=search_term_string\"}],\"inLanguage\":\"es\"},{\"@type\":\"Organization\",\"@id\":\"https:\/\/www.quincycompressor.com\/es\/#organization\",\"name\":\"Compresor Quincy\",\"url\":\"https:\/\/www.quincycompressor.com\/es\/\",\"logo\":{\"@type\":\"ImageObject\",\"inLanguage\":\"es\",\"@id\":\"https:\/\/www.quincycompressor.com\/es\/#\/schema\/logo\/image\/\",\"url\":\"https:\/\/www.quincycompressor.com\/wp-content\/uploads\/2021\/04\/Quincy-Compressor-Logo-web-full.jpg\",\"contentUrl\":\"https:\/\/www.quincycompressor.com\/wp-content\/uploads\/2021\/04\/Quincy-Compressor-Logo-web-full.jpg\",\"width\":293,\"height\":111,\"caption\":\"Compresor Quincy\"},\"image\":{\"@id\":\"https:\/\/www.quincycompressor.com\/es\/#\/schema\/logo\/image\/\"}}]}<\/script>\n<!-- \/ Yoast SEO plugin. -->","yoast_head_json":{"title":"Gracias - Quincy Compressor","description":"La descarga deber\u00eda comenzar en breve, si no lo hace, haz clic aqu\u00ed. Gracias por descargar nuestra gu\u00eda sobre maquinaria pesada utilizada en la construcci\u00f3n industrial. A lo largo de esta gu\u00eda ver\u00e1s: Analizar las piezas de maquinaria pesada m\u00e1s usadas. Explora el prop\u00f3sito de ese equipo en la industria de la construcci\u00f3n. Revisa c\u00f3mo funcionan estas m\u00e1quinas. Analiza qu\u00e9 ventajas ofrece el equipo. Tanto las aplicaciones de ingenier\u00eda estructural como civil \u2014desde viviendas residenciales hasta construcci\u00f3n de carreteras y la construcci\u00f3n de presas\u2014 utilizan varios de los mismos equipos pesados. El equipo de movimiento de tierras es esencial en casi todos los proyectos de construcci\u00f3n, al igual que tareas especializadas como trabajar con hormig\u00f3n y clavar pilotes. Las herramientas de excavaci\u00f3n incluyen retroexcavadoras, bulldozers, cargadoras y niveladoras. Te familiarizar\u00e1s con algunas de las herramientas menos conocidas del oficio, como las cintas transportadoras para manipular materiales. Una vez que un yacimiento termina la excavaci\u00f3n, el equipo de transporte traslada materiales hacia y desde el yacimiento seg\u00fan sea necesario. Por \u00faltimo, exploramos algunos de los tipos m\u00e1s singulares de camiones, tractores y sistemas neum\u00e1ticos utilizados en la construcci\u00f3n industrial. Los sistemas de aire comprimido y otras herramientas neum\u00e1ticas, as\u00ed como la importancia de mantener la m\u00e1xima eficiencia operativa para ayudar a reducir costes, son vitales para la mayor\u00eda de las funciones en obra. Los sistemas de aire comprimido requieren mucha energ\u00eda para proporcionar un flujo de aire limpio para clavar, taladrar y lijar. Al seleccionar un sistema que mejor se adapte a tus necesidades y que soporte la escala del trabajo de construcci\u00f3n que planeas, puedes reducir los costes energ\u00e9ticos manteniendo la productividad. Cont\u00e1ctanos hoy mismo para ver c\u00f3mo el equipo de compresores de Quincy puede ayudarte con las demandas de tu proyecto de construcci\u00f3n industrial.","robots":{"index":"index","follow":"follow","max-snippet":"max-snippet:-1","max-image-preview":"max-image-preview:large","max-video-preview":"max-video-preview:-1"},"canonical":"https:\/\/www.quincycompressor.com\/es\/generadores-industriales-de-gas\/generadores-de-osigeno\/gracias-2\/","og_locale":"es_ES","og_type":"article","og_title":"Gracias - Quincy Compressor","og_description":"La descarga deber\u00eda comenzar en breve, si no lo hace, haz clic aqu\u00ed. Gracias por descargar nuestra gu\u00eda sobre maquinaria pesada utilizada en la construcci\u00f3n industrial. A lo largo de esta gu\u00eda ver\u00e1s: Analizar las piezas de maquinaria pesada m\u00e1s usadas. Explora el prop\u00f3sito de ese equipo en la industria de la construcci\u00f3n. Revisa c\u00f3mo funcionan estas m\u00e1quinas. Analiza qu\u00e9 ventajas ofrece el equipo. Tanto las aplicaciones de ingenier\u00eda estructural como civil \u2014desde viviendas residenciales hasta construcci\u00f3n de carreteras y la construcci\u00f3n de presas\u2014 utilizan varios de los mismos equipos pesados. El equipo de movimiento de tierras es esencial en casi todos los proyectos de construcci\u00f3n, al igual que tareas especializadas como trabajar con hormig\u00f3n y clavar pilotes. Las herramientas de excavaci\u00f3n incluyen retroexcavadoras, bulldozers, cargadoras y niveladoras. Te familiarizar\u00e1s con algunas de las herramientas menos conocidas del oficio, como las cintas transportadoras para manipular materiales. Una vez que un yacimiento termina la excavaci\u00f3n, el equipo de transporte traslada materiales hacia y desde el yacimiento seg\u00fan sea necesario. Por \u00faltimo, exploramos algunos de los tipos m\u00e1s singulares de camiones, tractores y sistemas neum\u00e1ticos utilizados en la construcci\u00f3n industrial. Los sistemas de aire comprimido y otras herramientas neum\u00e1ticas, as\u00ed como la importancia de mantener la m\u00e1xima eficiencia operativa para ayudar a reducir costes, son vitales para la mayor\u00eda de las funciones en obra. Los sistemas de aire comprimido requieren mucha energ\u00eda para proporcionar un flujo de aire limpio para clavar, taladrar y lijar. Al seleccionar un sistema que mejor se adapte a tus necesidades y que soporte la escala del trabajo de construcci\u00f3n que planeas, puedes reducir los costes energ\u00e9ticos manteniendo la productividad. Cont\u00e1ctanos hoy mismo para ver c\u00f3mo el equipo de compresores de Quincy puede ayudarte con las demandas de tu proyecto de construcci\u00f3n industrial.","og_url":"https:\/\/www.quincycompressor.com\/es\/generadores-industriales-de-gas\/generadores-de-osigeno\/gracias-2\/","og_site_name":"Quincy Compressor","article_modified_time":"2026-02-03T13:02:30+00:00","og_image":[{"width":691,"height":403,"url":"https:\/\/www.quincycompressor.com\/wp-content\/uploads\/2021\/04\/imageedit_3_2337862967.png","type":"image\/png"}],"twitter_card":"summary_large_image","schema":{"@context":"https:\/\/schema.org","@graph":[{"@type":"WebPage","@id":"https:\/\/www.quincycompressor.com\/es\/generadores-industriales-de-gas\/generadores-de-osigeno\/gracias-2\/","url":"https:\/\/www.quincycompressor.com\/es\/generadores-industriales-de-gas\/generadores-de-osigeno\/gracias-2\/","name":"Gracias - Quincy Compressor","isPartOf":{"@id":"https:\/\/www.quincycompressor.com\/es\/#website"},"datePublished":"2025-09-18T06:40:15+00:00","dateModified":"2026-02-03T13:02:30+00:00","description":"La descarga deber\u00eda comenzar en breve, si no lo hace, haz clic aqu\u00ed. Gracias por descargar nuestra gu\u00eda sobre maquinaria pesada utilizada en la construcci\u00f3n industrial. A lo largo de esta gu\u00eda ver\u00e1s: Analizar las piezas de maquinaria pesada m\u00e1s usadas. Explora el prop\u00f3sito de ese equipo en la industria de la construcci\u00f3n. Revisa c\u00f3mo funcionan estas m\u00e1quinas. Analiza qu\u00e9 ventajas ofrece el equipo. Tanto las aplicaciones de ingenier\u00eda estructural como civil \u2014desde viviendas residenciales hasta construcci\u00f3n de carreteras y la construcci\u00f3n de presas\u2014 utilizan varios de los mismos equipos pesados. El equipo de movimiento de tierras es esencial en casi todos los proyectos de construcci\u00f3n, al igual que tareas especializadas como trabajar con hormig\u00f3n y clavar pilotes. Las herramientas de excavaci\u00f3n incluyen retroexcavadoras, bulldozers, cargadoras y niveladoras. Te familiarizar\u00e1s con algunas de las herramientas menos conocidas del oficio, como las cintas transportadoras para manipular materiales. Una vez que un yacimiento termina la excavaci\u00f3n, el equipo de transporte traslada materiales hacia y desde el yacimiento seg\u00fan sea necesario. Por \u00faltimo, exploramos algunos de los tipos m\u00e1s singulares de camiones, tractores y sistemas neum\u00e1ticos utilizados en la construcci\u00f3n industrial. Los sistemas de aire comprimido y otras herramientas neum\u00e1ticas, as\u00ed como la importancia de mantener la m\u00e1xima eficiencia operativa para ayudar a reducir costes, son vitales para la mayor\u00eda de las funciones en obra. Los sistemas de aire comprimido requieren mucha energ\u00eda para proporcionar un flujo de aire limpio para clavar, taladrar y lijar. Al seleccionar un sistema que mejor se adapte a tus necesidades y que soporte la escala del trabajo de construcci\u00f3n que planeas, puedes reducir los costes energ\u00e9ticos manteniendo la productividad. Cont\u00e1ctanos hoy mismo para ver c\u00f3mo el equipo de compresores de Quincy puede ayudarte con las demandas de tu proyecto de construcci\u00f3n industrial.","breadcrumb":{"@id":"https:\/\/www.quincycompressor.com\/es\/generadores-industriales-de-gas\/generadores-de-osigeno\/gracias-2\/#breadcrumb"},"inLanguage":"es","potentialAction":[{"@type":"ReadAction","target":["https:\/\/www.quincycompressor.com\/es\/generadores-industriales-de-gas\/generadores-de-osigeno\/gracias-2\/"]}]},{"@type":"BreadcrumbList","@id":"https:\/\/www.quincycompressor.com\/es\/generadores-industriales-de-gas\/generadores-de-osigeno\/gracias-2\/#breadcrumb","itemListElement":[{"@type":"ListItem","position":1,"name":"Inicio","item":"https:\/\/www.quincycompressor.com\/es\/inicio\/"},{"@type":"ListItem","position":2,"name":"Generadores industriales de gas","item":"https:\/\/www.quincycompressor.com\/es\/generadores-industriales-de-gas\/"},{"@type":"ListItem","position":3,"name":"Generadores de os\u00edgeno","item":"https:\/\/www.quincycompressor.com\/es\/generadores-industriales-de-gas\/generadores-de-osigeno\/"},{"@type":"ListItem","position":4,"name":"Gracias"}]},{"@type":"WebSite","@id":"https:\/\/www.quincycompressor.com\/es\/#website","url":"https:\/\/www.quincycompressor.com\/es\/","name":"Quincy Compressor","description":"Quincy Compressor is your go-to source to find knowledge and dealers with the right air compressor for your situation.","publisher":{"@id":"https:\/\/www.quincycompressor.com\/es\/#organization"},"potentialAction":[{"@type":"SearchAction","target":{"@type":"EntryPoint","urlTemplate":"https:\/\/www.quincycompressor.com\/es\/?s={search_term_string}"},"query-input":"required name=search_term_string"}],"inLanguage":"es"},{"@type":"Organization","@id":"https:\/\/www.quincycompressor.com\/es\/#organization","name":"Compresor Quincy","url":"https:\/\/www.quincycompressor.com\/es\/","logo":{"@type":"ImageObject","inLanguage":"es","@id":"https:\/\/www.quincycompressor.com\/es\/#\/schema\/logo\/image\/","url":"https:\/\/www.quincycompressor.com\/wp-content\/uploads\/2021\/04\/Quincy-Compressor-Logo-web-full.jpg","contentUrl":"https:\/\/www.quincycompressor.com\/wp-content\/uploads\/2021\/04\/Quincy-Compressor-Logo-web-full.jpg","width":293,"height":111,"caption":"Compresor Quincy"},"image":{"@id":"https:\/\/www.quincycompressor.com\/es\/#\/schema\/logo\/image\/"}}]}},"_links":{"self":[{"href":"https:\/\/www.quincycompressor.com\/es\/wp-json\/wp\/v2\/pages\/26812"}],"collection":[{"href":"https:\/\/www.quincycompressor.com\/es\/wp-json\/wp\/v2\/pages"}],"about":[{"href":"https:\/\/www.quincycompressor.com\/es\/wp-json\/wp\/v2\/types\/page"}],"author":[{"embeddable":true,"href":"https:\/\/www.quincycompressor.com\/es\/wp-json\/wp\/v2\/users\/5"}],"replies":[{"embeddable":true,"href":"https:\/\/www.quincycompressor.com\/es\/wp-json\/wp\/v2\/comments?post=26812"}],"version-history":[{"count":0,"href":"https:\/\/www.quincycompressor.com\/es\/wp-json\/wp\/v2\/pages\/26812\/revisions"}],"up":[{"embeddable":true,"href":"https:\/\/www.quincycompressor.com\/es\/wp-json\/wp\/v2\/pages\/26817"}],"wp:attachment":[{"href":"https:\/\/www.quincycompressor.com\/es\/wp-json\/wp\/v2\/media?parent=26812"}],"curies":[{"name":"wp","href":"https:\/\/api.w.org\/{rel}","templated":true}]}}