{"id":26824,"date":"2025-03-20T17:57:33","date_gmt":"2025-03-20T17:57:33","guid":{"rendered":"https:\/\/www.quincycompressor.com\/corte-y-fabricacion-de-metales\/"},"modified":"2026-03-20T00:04:20","modified_gmt":"2026-03-20T00:04:20","slug":"corte-y-fabricacion-de-metales","status":"publish","type":"page","link":"https:\/\/www.quincycompressor.com\/es\/industrias\/corte-y-fabricacion-de-metales\/","title":{"rendered":"Compresores de aire para corte y fabricaci\u00f3n de metales"},"content":{"rendered":"<p>El corte de metales es el proceso de retirar material de una pieza met\u00e1lica para darle forma o tama\u00f1o deseado. El proceso puede implicar diversas t\u00e9cnicas, como torneado, fresado, perforado, rectificado y m\u00e1s, dependiendo de los requisitos espec\u00edficos de la pieza que se produce. El corte de metales es esencial en industrias como la automotriz, la aeroespacial y la construcci\u00f3n, donde la precisi\u00f3n, la calidad y la eficiencia de los materiales son fundamentales. Los compresores de aire son cruciales en esta industria para alimentar herramientas neum\u00e1ticas y accionar m\u00e1quinas de corte. Garantizan el funcionamiento fiable y eficiente de los distintos procesos implicados en la conformaci\u00f3n de componentes met\u00e1licos.    <\/p>\n<p style=\"text-align: center;\"><a class=\"btn btn-secondary\" href=\"https:\/\/www.quincycompressor.com\/es\/localizador-de-ventas-y-servicio\/\">Encuentra un concesionario cerca de ti<\/a><\/p>\n<h2>Aplicaciones de los compresores de aire en el corte y fabricaci\u00f3n de metales<\/h2>\n<table style=\"width: 100%; height: 354px;\" width=\"678\">\n<tbody>\n<tr style=\"height: 30px;\">\n<td style=\"height: 30px; text-align: left;\"><strong>Alimentaci\u00f3n de herramientas neum\u00e1ticas:<\/strong> La mayor\u00eda de las herramientas manuales utilizadas en la fabricaci\u00f3n de metales, incluyendo amoladoras, taladros, llaves de impacto, pintores en spray, cuchillos de aire y martillos de aire, funcionan con aire comprimido.<\/td>\n<\/tr>\n<tr style=\"height: 12px;\">\n<td style=\"height: 12px; text-align: left;\"><strong>Funcionamiento de m\u00e1quinas de corte:<\/strong> El aire comprimido se utiliza como gas de corte en cortadoras de plasma y cortadoras l\u00e1ser, facilitando el corte preciso del metal.<\/td>\n<\/tr>\n<tr style=\"height: 72px;\">\n<td style=\"height: 72px; text-align: left;\"><strong>Limpieza y soplado:<\/strong> El aire comprimido se utiliza para eliminar residuos, astillas y fluidos de corte de piezas y maquinaria tras el mecanizado o el corte.<\/td>\n<\/tr>\n<tr style=\"height: 48px;\">\n<td style=\"height: 48px; text-align: left;\"><strong>Procesos de acabado met\u00e1lico:<\/strong> El aire comprimido se utiliza para alimentar pistolas de pulverizaci\u00f3n para aplicar pintura, recubrimiento en polvo y otros recubrimientos protectores sobre superficies met\u00e1licas.<\/td>\n<\/tr>\n<tr style=\"height: 48px;\">\n<td style=\"height: 48px; text-align: left;\"><strong>Funcionamiento de la m\u00e1quina CNC:<\/strong> El aire comprimido se utiliza a menudo para controlar componentes neum\u00e1ticos dentro de m\u00e1quinas CNC, asegurando un posicionamiento y funcionamiento precisos.<\/td>\n<\/tr>\n<tr style=\"height: 72px;\">\n<td style=\"height: 72px; text-align: left;\"><strong>Arenado:<\/strong> El aire comprimido se utiliza para propulsar part\u00edculas abrasivas en operaciones de chorro de arena para la limpieza y acabado de superficies.<\/td>\n<\/tr>\n<tr style=\"height: 72px;\">\n<td style=\"height: 72px; text-align: left;\"><strong>Procesos de conformado de metales:<\/strong> En algunos casos, se utiliza aire comprimido para ayudar en operaciones de conformado de metales como estampado y doblado.<\/td>\n<\/tr>\n<\/tbody>\n<\/table>\n<p>&nbsp;<\/p>\n","protected":false},"excerpt":{"rendered":"<p>El corte de metales es el proceso de retirar material de una pieza met\u00e1lica para darle forma o tama\u00f1o deseado. El proceso puede implicar diversas t\u00e9cnicas, como torneado, fresado, perforado, rectificado y m\u00e1s, dependiendo de los requisitos espec\u00edficos de la pieza que se produce. El corte de metales es esencial en industrias como la automotriz, [&hellip;]<\/p>\n","protected":false},"author":3,"featured_media":0,"parent":27030,"menu_order":0,"comment_status":"closed","ping_status":"closed","template":"","meta":{"_acf_changed":false,"inline_featured_image":false,"footnotes":""},"acf":[],"yoast_head":"<!-- This site is optimized with the Yoast SEO plugin v22.9 - https:\/\/yoast.com\/wordpress\/plugins\/seo\/ -->\n<title>Compresores de aire en corte y fabricaci\u00f3n de metales<\/title>\n<meta name=\"description\" content=\"Descubre los mejores compresores de aire para corte y fabricaci\u00f3n de metales en Quincy Compressor. Aprende sobre herramientas el\u00e9ctricas, m\u00e1quinas de corte y mucho m\u00e1s.\" \/>\n<meta name=\"robots\" content=\"index, follow, max-snippet:-1, max-image-preview:large, max-video-preview:-1\" \/>\n<link rel=\"canonical\" href=\"https:\/\/www.quincycompressor.com\/es\/industrias\/corte-y-fabricacion-de-metales\/\" \/>\n<meta property=\"og:locale\" content=\"es_ES\" \/>\n<meta property=\"og:type\" content=\"article\" \/>\n<meta property=\"og:title\" content=\"Compresores de aire en corte y fabricaci\u00f3n de metales\" \/>\n<meta property=\"og:description\" content=\"Descubre los mejores compresores de aire para corte y fabricaci\u00f3n de metales en Quincy Compressor. Aprende sobre herramientas el\u00e9ctricas, m\u00e1quinas de corte y mucho m\u00e1s.\" \/>\n<meta property=\"og:url\" content=\"https:\/\/www.quincycompressor.com\/es\/industrias\/corte-y-fabricacion-de-metales\/\" \/>\n<meta property=\"og:site_name\" content=\"Quincy Compressor\" \/>\n<meta property=\"article:modified_time\" content=\"2026-03-20T00:04:20+00:00\" \/>\n<meta property=\"og:image\" content=\"https:\/\/www.quincycompressor.com\/wp-content\/uploads\/2021\/04\/imageedit_3_2337862967.png\" \/>\n\t<meta property=\"og:image:width\" content=\"691\" \/>\n\t<meta property=\"og:image:height\" content=\"403\" \/>\n\t<meta property=\"og:image:type\" content=\"image\/png\" \/>\n<meta name=\"twitter:card\" content=\"summary_large_image\" \/>\n<meta name=\"twitter:label1\" content=\"Tiempo de lectura\" \/>\n\t<meta name=\"twitter:data1\" content=\"2 minutos\" \/>\n<script type=\"application\/ld+json\" class=\"yoast-schema-graph\">{\"@context\":\"https:\/\/schema.org\",\"@graph\":[{\"@type\":\"WebPage\",\"@id\":\"https:\/\/www.quincycompressor.com\/es\/industrias\/corte-y-fabricacion-de-metales\/\",\"url\":\"https:\/\/www.quincycompressor.com\/es\/industrias\/corte-y-fabricacion-de-metales\/\",\"name\":\"Compresores de aire en corte y fabricaci\u00f3n de metales\",\"isPartOf\":{\"@id\":\"https:\/\/www.quincycompressor.com\/es\/#website\"},\"datePublished\":\"2025-03-20T17:57:33+00:00\",\"dateModified\":\"2026-03-20T00:04:20+00:00\",\"description\":\"Descubre los mejores compresores de aire para corte y fabricaci\u00f3n de metales en Quincy Compressor. Aprende sobre herramientas el\u00e9ctricas, m\u00e1quinas de corte y mucho m\u00e1s.\",\"breadcrumb\":{\"@id\":\"https:\/\/www.quincycompressor.com\/es\/industrias\/corte-y-fabricacion-de-metales\/#breadcrumb\"},\"inLanguage\":\"es\",\"potentialAction\":[{\"@type\":\"ReadAction\",\"target\":[\"https:\/\/www.quincycompressor.com\/es\/industrias\/corte-y-fabricacion-de-metales\/\"]}]},{\"@type\":\"BreadcrumbList\",\"@id\":\"https:\/\/www.quincycompressor.com\/es\/industrias\/corte-y-fabricacion-de-metales\/#breadcrumb\",\"itemListElement\":[{\"@type\":\"ListItem\",\"position\":1,\"name\":\"Inicio\",\"item\":\"https:\/\/www.quincycompressor.com\/es\/inicio\/\"},{\"@type\":\"ListItem\",\"position\":2,\"name\":\"Industrias\",\"item\":\"https:\/\/www.quincycompressor.com\/es\/industrias\/\"},{\"@type\":\"ListItem\",\"position\":3,\"name\":\"Compresores de aire para corte y fabricaci\u00f3n de metales\"}]},{\"@type\":\"WebSite\",\"@id\":\"https:\/\/www.quincycompressor.com\/es\/#website\",\"url\":\"https:\/\/www.quincycompressor.com\/es\/\",\"name\":\"Quincy Compressor\",\"description\":\"Quincy Compressor is your go-to source to find knowledge and dealers with the right air compressor for your situation.\",\"publisher\":{\"@id\":\"https:\/\/www.quincycompressor.com\/es\/#organization\"},\"potentialAction\":[{\"@type\":\"SearchAction\",\"target\":{\"@type\":\"EntryPoint\",\"urlTemplate\":\"https:\/\/www.quincycompressor.com\/es\/?s={search_term_string}\"},\"query-input\":\"required name=search_term_string\"}],\"inLanguage\":\"es\"},{\"@type\":\"Organization\",\"@id\":\"https:\/\/www.quincycompressor.com\/es\/#organization\",\"name\":\"Compresor Quincy\",\"url\":\"https:\/\/www.quincycompressor.com\/es\/\",\"logo\":{\"@type\":\"ImageObject\",\"inLanguage\":\"es\",\"@id\":\"https:\/\/www.quincycompressor.com\/es\/#\/schema\/logo\/image\/\",\"url\":\"https:\/\/www.quincycompressor.com\/wp-content\/uploads\/2021\/04\/Quincy-Compressor-Logo-web-full.jpg\",\"contentUrl\":\"https:\/\/www.quincycompressor.com\/wp-content\/uploads\/2021\/04\/Quincy-Compressor-Logo-web-full.jpg\",\"width\":293,\"height\":111,\"caption\":\"Compresor Quincy\"},\"image\":{\"@id\":\"https:\/\/www.quincycompressor.com\/es\/#\/schema\/logo\/image\/\"}}]}<\/script>\n<!-- \/ Yoast SEO plugin. -->","yoast_head_json":{"title":"Compresores de aire en corte y fabricaci\u00f3n de metales","description":"Descubre los mejores compresores de aire para corte y fabricaci\u00f3n de metales en Quincy Compressor. Aprende sobre herramientas el\u00e9ctricas, m\u00e1quinas de corte y mucho m\u00e1s.","robots":{"index":"index","follow":"follow","max-snippet":"max-snippet:-1","max-image-preview":"max-image-preview:large","max-video-preview":"max-video-preview:-1"},"canonical":"https:\/\/www.quincycompressor.com\/es\/industrias\/corte-y-fabricacion-de-metales\/","og_locale":"es_ES","og_type":"article","og_title":"Compresores de aire en corte y fabricaci\u00f3n de metales","og_description":"Descubre los mejores compresores de aire para corte y fabricaci\u00f3n de metales en Quincy Compressor. Aprende sobre herramientas el\u00e9ctricas, m\u00e1quinas de corte y mucho m\u00e1s.","og_url":"https:\/\/www.quincycompressor.com\/es\/industrias\/corte-y-fabricacion-de-metales\/","og_site_name":"Quincy Compressor","article_modified_time":"2026-03-20T00:04:20+00:00","og_image":[{"width":691,"height":403,"url":"https:\/\/www.quincycompressor.com\/wp-content\/uploads\/2021\/04\/imageedit_3_2337862967.png","type":"image\/png"}],"twitter_card":"summary_large_image","twitter_misc":{"Tiempo de lectura":"2 minutos"},"schema":{"@context":"https:\/\/schema.org","@graph":[{"@type":"WebPage","@id":"https:\/\/www.quincycompressor.com\/es\/industrias\/corte-y-fabricacion-de-metales\/","url":"https:\/\/www.quincycompressor.com\/es\/industrias\/corte-y-fabricacion-de-metales\/","name":"Compresores de aire en corte y fabricaci\u00f3n de metales","isPartOf":{"@id":"https:\/\/www.quincycompressor.com\/es\/#website"},"datePublished":"2025-03-20T17:57:33+00:00","dateModified":"2026-03-20T00:04:20+00:00","description":"Descubre los mejores compresores de aire para corte y fabricaci\u00f3n de metales en Quincy Compressor. Aprende sobre herramientas el\u00e9ctricas, m\u00e1quinas de corte y mucho m\u00e1s.","breadcrumb":{"@id":"https:\/\/www.quincycompressor.com\/es\/industrias\/corte-y-fabricacion-de-metales\/#breadcrumb"},"inLanguage":"es","potentialAction":[{"@type":"ReadAction","target":["https:\/\/www.quincycompressor.com\/es\/industrias\/corte-y-fabricacion-de-metales\/"]}]},{"@type":"BreadcrumbList","@id":"https:\/\/www.quincycompressor.com\/es\/industrias\/corte-y-fabricacion-de-metales\/#breadcrumb","itemListElement":[{"@type":"ListItem","position":1,"name":"Inicio","item":"https:\/\/www.quincycompressor.com\/es\/inicio\/"},{"@type":"ListItem","position":2,"name":"Industrias","item":"https:\/\/www.quincycompressor.com\/es\/industrias\/"},{"@type":"ListItem","position":3,"name":"Compresores de aire para corte y fabricaci\u00f3n de metales"}]},{"@type":"WebSite","@id":"https:\/\/www.quincycompressor.com\/es\/#website","url":"https:\/\/www.quincycompressor.com\/es\/","name":"Quincy Compressor","description":"Quincy Compressor is your go-to source to find knowledge and dealers with the right air compressor for your situation.","publisher":{"@id":"https:\/\/www.quincycompressor.com\/es\/#organization"},"potentialAction":[{"@type":"SearchAction","target":{"@type":"EntryPoint","urlTemplate":"https:\/\/www.quincycompressor.com\/es\/?s={search_term_string}"},"query-input":"required name=search_term_string"}],"inLanguage":"es"},{"@type":"Organization","@id":"https:\/\/www.quincycompressor.com\/es\/#organization","name":"Compresor Quincy","url":"https:\/\/www.quincycompressor.com\/es\/","logo":{"@type":"ImageObject","inLanguage":"es","@id":"https:\/\/www.quincycompressor.com\/es\/#\/schema\/logo\/image\/","url":"https:\/\/www.quincycompressor.com\/wp-content\/uploads\/2021\/04\/Quincy-Compressor-Logo-web-full.jpg","contentUrl":"https:\/\/www.quincycompressor.com\/wp-content\/uploads\/2021\/04\/Quincy-Compressor-Logo-web-full.jpg","width":293,"height":111,"caption":"Compresor Quincy"},"image":{"@id":"https:\/\/www.quincycompressor.com\/es\/#\/schema\/logo\/image\/"}}]}},"_links":{"self":[{"href":"https:\/\/www.quincycompressor.com\/es\/wp-json\/wp\/v2\/pages\/26824"}],"collection":[{"href":"https:\/\/www.quincycompressor.com\/es\/wp-json\/wp\/v2\/pages"}],"about":[{"href":"https:\/\/www.quincycompressor.com\/es\/wp-json\/wp\/v2\/types\/page"}],"author":[{"embeddable":true,"href":"https:\/\/www.quincycompressor.com\/es\/wp-json\/wp\/v2\/users\/3"}],"replies":[{"embeddable":true,"href":"https:\/\/www.quincycompressor.com\/es\/wp-json\/wp\/v2\/comments?post=26824"}],"version-history":[{"count":0,"href":"https:\/\/www.quincycompressor.com\/es\/wp-json\/wp\/v2\/pages\/26824\/revisions"}],"up":[{"embeddable":true,"href":"https:\/\/www.quincycompressor.com\/es\/wp-json\/wp\/v2\/pages\/27030"}],"wp:attachment":[{"href":"https:\/\/www.quincycompressor.com\/es\/wp-json\/wp\/v2\/media?parent=26824"}],"curies":[{"name":"wp","href":"https:\/\/api.w.org\/{rel}","templated":true}]}}