{"id":26827,"date":"2025-02-25T11:43:52","date_gmt":"2025-02-25T11:43:52","guid":{"rendered":"https:\/\/www.quincycompressor.com\/compresores-de-aire-de-tornillo-rotatorio\/"},"modified":"2026-02-25T00:29:29","modified_gmt":"2026-02-25T00:29:29","slug":"compresores-de-aire-de-tornillo-rotatorio","status":"publish","type":"page","link":"https:\/\/www.quincycompressor.com\/es\/productos\/compresores-de-aire-de-tornillo-rotatorio\/","title":{"rendered":"Compresores de aire de tornillo rotatorio"},"content":{"rendered":"<p>Un compresor de aire de tornillo rotatorio realiza desplazamiento positivo usando tornillos de espiral gemelos. Un sistema inundado de aceite, el tipo m\u00e1s com\u00fan de compresor de tornillo rotativo, llena el espacio entre los rotores helicoidales con un lubricante a base de aceite, que transfiere energ\u00eda mec\u00e1nica y crea un sello hidr\u00e1ulico herm\u00e9tico entre los dos rotores. El aire atmosf\u00e9rico entra en el sistema y los tornillos entrelazados lo empujan a trav\u00e9s del compresor. Quincy Compressor fabrica una l\u00ednea completa de compresores de aire de tornillo rotatorio de tama\u00f1o industrial, dise\u00f1ados para satisfacer las demandas de tu negocio. Echa un vistazo a la l\u00ednea completa de compresores rotativos a continuaci\u00f3n.    <\/p>\n<p><a class=\"btn btn-primary\" href=\"https:\/\/www.quincycompressor.com\/es\/localizador-de-ventas-y-servicio\/\">Encuentra un concesionario local<\/a><\/p>\n","protected":false},"excerpt":{"rendered":"<p>Un compresor de aire de tornillo rotatorio realiza desplazamiento positivo usando tornillos de espiral gemelos. Un sistema inundado de aceite, el tipo m\u00e1s com\u00fan de compresor de tornillo rotativo, llena el espacio entre los rotores helicoidales con un lubricante a base de aceite, que transfiere energ\u00eda mec\u00e1nica y crea un sello hidr\u00e1ulico herm\u00e9tico entre los [&hellip;]<\/p>\n","protected":false},"author":5,"featured_media":26841,"parent":27175,"menu_order":0,"comment_status":"closed","ping_status":"closed","template":"page-product-category.php","meta":{"_acf_changed":false,"inline_featured_image":false,"footnotes":""},"acf":[],"yoast_head":"<!-- This site is optimized with the Yoast SEO plugin v22.9 - https:\/\/yoast.com\/wordpress\/plugins\/seo\/ -->\n<title>Compresores de aire de tornillo rotatorio | Compresor Quincy<\/title>\n<meta name=\"description\" content=\"Para compresores de aire potentes de tornillo rotatorio, elige Quincy Compressor. Orgullosas ra\u00edces americanas, ofreciendo soluciones respaldadas por m\u00e1s de un siglo de fiabilidad probada.\" \/>\n<meta name=\"robots\" content=\"index, follow, max-snippet:-1, max-image-preview:large, max-video-preview:-1\" \/>\n<link rel=\"canonical\" href=\"https:\/\/www.quincycompressor.com\/es\/productos\/compresores-de-aire-de-tornillo-rotatorio\/\" \/>\n<meta property=\"og:locale\" content=\"es_ES\" \/>\n<meta property=\"og:type\" content=\"article\" \/>\n<meta property=\"og:title\" content=\"Compresores de aire de tornillo rotatorio | Compresor Quincy\" \/>\n<meta property=\"og:description\" content=\"Para compresores de aire potentes de tornillo rotatorio, elige Quincy Compressor. Orgullosas ra\u00edces americanas, ofreciendo soluciones respaldadas por m\u00e1s de un siglo de fiabilidad probada.\" \/>\n<meta property=\"og:url\" content=\"https:\/\/www.quincycompressor.com\/es\/productos\/compresores-de-aire-de-tornillo-rotatorio\/\" \/>\n<meta property=\"og:site_name\" content=\"Quincy Compressor\" \/>\n<meta property=\"article:modified_time\" content=\"2026-02-25T00:29:29+00:00\" \/>\n<meta property=\"og:image\" content=\"https:\/\/www.quincycompressor.com\/wp-content\/uploads\/2021\/02\/Group-1.png\" \/>\n\t<meta property=\"og:image:width\" content=\"300\" \/>\n\t<meta property=\"og:image:height\" content=\"548\" \/>\n\t<meta property=\"og:image:type\" content=\"image\/png\" \/>\n<meta name=\"twitter:card\" content=\"summary_large_image\" \/>\n<meta name=\"twitter:label1\" content=\"Tiempo de lectura\" \/>\n\t<meta name=\"twitter:data1\" content=\"1 minuto\" \/>\n<script type=\"application\/ld+json\" class=\"yoast-schema-graph\">{\"@context\":\"https:\/\/schema.org\",\"@graph\":[{\"@type\":\"WebPage\",\"@id\":\"https:\/\/www.quincycompressor.com\/es\/productos\/compresores-de-aire-de-tornillo-rotatorio\/\",\"url\":\"https:\/\/www.quincycompressor.com\/es\/productos\/compresores-de-aire-de-tornillo-rotatorio\/\",\"name\":\"Compresores de aire de tornillo rotatorio | Compresor Quincy\",\"isPartOf\":{\"@id\":\"https:\/\/www.quincycompressor.com\/es\/#website\"},\"primaryImageOfPage\":{\"@id\":\"https:\/\/www.quincycompressor.com\/es\/productos\/compresores-de-aire-de-tornillo-rotatorio\/#primaryimage\"},\"image\":{\"@id\":\"https:\/\/www.quincycompressor.com\/es\/productos\/compresores-de-aire-de-tornillo-rotatorio\/#primaryimage\"},\"thumbnailUrl\":\"https:\/\/www.quincycompressor.com\/wp-content\/uploads\/2021\/02\/Group-1.png\",\"datePublished\":\"2025-02-25T11:43:52+00:00\",\"dateModified\":\"2026-02-25T00:29:29+00:00\",\"description\":\"Para compresores de aire potentes de tornillo rotatorio, elige Quincy Compressor. Orgullosas ra\u00edces americanas, ofreciendo soluciones respaldadas por m\u00e1s de un siglo de fiabilidad probada.\",\"breadcrumb\":{\"@id\":\"https:\/\/www.quincycompressor.com\/es\/productos\/compresores-de-aire-de-tornillo-rotatorio\/#breadcrumb\"},\"inLanguage\":\"es\",\"potentialAction\":[{\"@type\":\"ReadAction\",\"target\":[\"https:\/\/www.quincycompressor.com\/es\/productos\/compresores-de-aire-de-tornillo-rotatorio\/\"]}]},{\"@type\":\"ImageObject\",\"inLanguage\":\"es\",\"@id\":\"https:\/\/www.quincycompressor.com\/es\/productos\/compresores-de-aire-de-tornillo-rotatorio\/#primaryimage\",\"url\":\"https:\/\/www.quincycompressor.com\/wp-content\/uploads\/2021\/02\/Group-1.png\",\"contentUrl\":\"https:\/\/www.quincycompressor.com\/wp-content\/uploads\/2021\/02\/Group-1.png\",\"width\":300,\"height\":548},{\"@type\":\"BreadcrumbList\",\"@id\":\"https:\/\/www.quincycompressor.com\/es\/productos\/compresores-de-aire-de-tornillo-rotatorio\/#breadcrumb\",\"itemListElement\":[{\"@type\":\"ListItem\",\"position\":1,\"name\":\"Inicio\",\"item\":\"https:\/\/www.quincycompressor.com\/es\/inicio\/\"},{\"@type\":\"ListItem\",\"position\":2,\"name\":\"Productos\",\"item\":\"https:\/\/www.quincycompressor.com\/es\/productos\/\"},{\"@type\":\"ListItem\",\"position\":3,\"name\":\"Compresores de aire de tornillo rotatorio\"}]},{\"@type\":\"WebSite\",\"@id\":\"https:\/\/www.quincycompressor.com\/es\/#website\",\"url\":\"https:\/\/www.quincycompressor.com\/es\/\",\"name\":\"Quincy Compressor\",\"description\":\"Quincy Compressor is your go-to source to find knowledge and dealers with the right air compressor for your situation.\",\"publisher\":{\"@id\":\"https:\/\/www.quincycompressor.com\/es\/#organization\"},\"potentialAction\":[{\"@type\":\"SearchAction\",\"target\":{\"@type\":\"EntryPoint\",\"urlTemplate\":\"https:\/\/www.quincycompressor.com\/es\/?s={search_term_string}\"},\"query-input\":\"required name=search_term_string\"}],\"inLanguage\":\"es\"},{\"@type\":\"Organization\",\"@id\":\"https:\/\/www.quincycompressor.com\/es\/#organization\",\"name\":\"Compresor Quincy\",\"url\":\"https:\/\/www.quincycompressor.com\/es\/\",\"logo\":{\"@type\":\"ImageObject\",\"inLanguage\":\"es\",\"@id\":\"https:\/\/www.quincycompressor.com\/es\/#\/schema\/logo\/image\/\",\"url\":\"https:\/\/www.quincycompressor.com\/wp-content\/uploads\/2021\/04\/Quincy-Compressor-Logo-web-full.jpg\",\"contentUrl\":\"https:\/\/www.quincycompressor.com\/wp-content\/uploads\/2021\/04\/Quincy-Compressor-Logo-web-full.jpg\",\"width\":293,\"height\":111,\"caption\":\"Compresor Quincy\"},\"image\":{\"@id\":\"https:\/\/www.quincycompressor.com\/es\/#\/schema\/logo\/image\/\"}}]}<\/script>\n<!-- \/ Yoast SEO plugin. -->","yoast_head_json":{"title":"Compresores de aire de tornillo rotatorio | Compresor Quincy","description":"Para compresores de aire potentes de tornillo rotatorio, elige Quincy Compressor. Orgullosas ra\u00edces americanas, ofreciendo soluciones respaldadas por m\u00e1s de un siglo de fiabilidad probada.","robots":{"index":"index","follow":"follow","max-snippet":"max-snippet:-1","max-image-preview":"max-image-preview:large","max-video-preview":"max-video-preview:-1"},"canonical":"https:\/\/www.quincycompressor.com\/es\/productos\/compresores-de-aire-de-tornillo-rotatorio\/","og_locale":"es_ES","og_type":"article","og_title":"Compresores de aire de tornillo rotatorio | Compresor Quincy","og_description":"Para compresores de aire potentes de tornillo rotatorio, elige Quincy Compressor. Orgullosas ra\u00edces americanas, ofreciendo soluciones respaldadas por m\u00e1s de un siglo de fiabilidad probada.","og_url":"https:\/\/www.quincycompressor.com\/es\/productos\/compresores-de-aire-de-tornillo-rotatorio\/","og_site_name":"Quincy Compressor","article_modified_time":"2026-02-25T00:29:29+00:00","og_image":[{"width":300,"height":548,"url":"https:\/\/www.quincycompressor.com\/wp-content\/uploads\/2021\/02\/Group-1.png","type":"image\/png"}],"twitter_card":"summary_large_image","twitter_misc":{"Tiempo de lectura":"1 minuto"},"schema":{"@context":"https:\/\/schema.org","@graph":[{"@type":"WebPage","@id":"https:\/\/www.quincycompressor.com\/es\/productos\/compresores-de-aire-de-tornillo-rotatorio\/","url":"https:\/\/www.quincycompressor.com\/es\/productos\/compresores-de-aire-de-tornillo-rotatorio\/","name":"Compresores de aire de tornillo rotatorio | Compresor Quincy","isPartOf":{"@id":"https:\/\/www.quincycompressor.com\/es\/#website"},"primaryImageOfPage":{"@id":"https:\/\/www.quincycompressor.com\/es\/productos\/compresores-de-aire-de-tornillo-rotatorio\/#primaryimage"},"image":{"@id":"https:\/\/www.quincycompressor.com\/es\/productos\/compresores-de-aire-de-tornillo-rotatorio\/#primaryimage"},"thumbnailUrl":"https:\/\/www.quincycompressor.com\/wp-content\/uploads\/2021\/02\/Group-1.png","datePublished":"2025-02-25T11:43:52+00:00","dateModified":"2026-02-25T00:29:29+00:00","description":"Para compresores de aire potentes de tornillo rotatorio, elige Quincy Compressor. Orgullosas ra\u00edces americanas, ofreciendo soluciones respaldadas por m\u00e1s de un siglo de fiabilidad probada.","breadcrumb":{"@id":"https:\/\/www.quincycompressor.com\/es\/productos\/compresores-de-aire-de-tornillo-rotatorio\/#breadcrumb"},"inLanguage":"es","potentialAction":[{"@type":"ReadAction","target":["https:\/\/www.quincycompressor.com\/es\/productos\/compresores-de-aire-de-tornillo-rotatorio\/"]}]},{"@type":"ImageObject","inLanguage":"es","@id":"https:\/\/www.quincycompressor.com\/es\/productos\/compresores-de-aire-de-tornillo-rotatorio\/#primaryimage","url":"https:\/\/www.quincycompressor.com\/wp-content\/uploads\/2021\/02\/Group-1.png","contentUrl":"https:\/\/www.quincycompressor.com\/wp-content\/uploads\/2021\/02\/Group-1.png","width":300,"height":548},{"@type":"BreadcrumbList","@id":"https:\/\/www.quincycompressor.com\/es\/productos\/compresores-de-aire-de-tornillo-rotatorio\/#breadcrumb","itemListElement":[{"@type":"ListItem","position":1,"name":"Inicio","item":"https:\/\/www.quincycompressor.com\/es\/inicio\/"},{"@type":"ListItem","position":2,"name":"Productos","item":"https:\/\/www.quincycompressor.com\/es\/productos\/"},{"@type":"ListItem","position":3,"name":"Compresores de aire de tornillo rotatorio"}]},{"@type":"WebSite","@id":"https:\/\/www.quincycompressor.com\/es\/#website","url":"https:\/\/www.quincycompressor.com\/es\/","name":"Quincy Compressor","description":"Quincy Compressor is your go-to source to find knowledge and dealers with the right air compressor for your situation.","publisher":{"@id":"https:\/\/www.quincycompressor.com\/es\/#organization"},"potentialAction":[{"@type":"SearchAction","target":{"@type":"EntryPoint","urlTemplate":"https:\/\/www.quincycompressor.com\/es\/?s={search_term_string}"},"query-input":"required name=search_term_string"}],"inLanguage":"es"},{"@type":"Organization","@id":"https:\/\/www.quincycompressor.com\/es\/#organization","name":"Compresor Quincy","url":"https:\/\/www.quincycompressor.com\/es\/","logo":{"@type":"ImageObject","inLanguage":"es","@id":"https:\/\/www.quincycompressor.com\/es\/#\/schema\/logo\/image\/","url":"https:\/\/www.quincycompressor.com\/wp-content\/uploads\/2021\/04\/Quincy-Compressor-Logo-web-full.jpg","contentUrl":"https:\/\/www.quincycompressor.com\/wp-content\/uploads\/2021\/04\/Quincy-Compressor-Logo-web-full.jpg","width":293,"height":111,"caption":"Compresor Quincy"},"image":{"@id":"https:\/\/www.quincycompressor.com\/es\/#\/schema\/logo\/image\/"}}]}},"_links":{"self":[{"href":"https:\/\/www.quincycompressor.com\/es\/wp-json\/wp\/v2\/pages\/26827"}],"collection":[{"href":"https:\/\/www.quincycompressor.com\/es\/wp-json\/wp\/v2\/pages"}],"about":[{"href":"https:\/\/www.quincycompressor.com\/es\/wp-json\/wp\/v2\/types\/page"}],"author":[{"embeddable":true,"href":"https:\/\/www.quincycompressor.com\/es\/wp-json\/wp\/v2\/users\/5"}],"replies":[{"embeddable":true,"href":"https:\/\/www.quincycompressor.com\/es\/wp-json\/wp\/v2\/comments?post=26827"}],"version-history":[{"count":0,"href":"https:\/\/www.quincycompressor.com\/es\/wp-json\/wp\/v2\/pages\/26827\/revisions"}],"up":[{"embeddable":true,"href":"https:\/\/www.quincycompressor.com\/es\/wp-json\/wp\/v2\/pages\/27175"}],"wp:featuredmedia":[{"embeddable":true,"href":"https:\/\/www.quincycompressor.com\/es\/wp-json\/wp\/v2\/media\/26841"}],"wp:attachment":[{"href":"https:\/\/www.quincycompressor.com\/es\/wp-json\/wp\/v2\/media?parent=26827"}],"curies":[{"name":"wp","href":"https:\/\/api.w.org\/{rel}","templated":true}]}}