{"id":26842,"date":"2024-11-07T21:57:54","date_gmt":"2024-11-07T21:57:54","guid":{"rendered":"https:\/\/www.quincycompressor.com\/guardian-protector\/"},"modified":"2026-02-03T13:02:44","modified_gmt":"2026-02-03T13:02:44","slug":"guardian-protector","status":"publish","type":"page","link":"https:\/\/www.quincycompressor.com\/es\/guardian-protector\/","title":{"rendered":"Guardi\u00e1n Protector"},"content":{"rendered":"<p>The Protective Guardian ofrece un acuerdo sin riesgos que incluye todo el mantenimiento programado, las visitas de servicio y las reparaciones proactivas realizadas por un t\u00e9cnico certificado en Quincy. Protege tu nueva inversi\u00f3n asegurando que tu producci\u00f3n siga siendo eficiente, de alta calidad y fiable. Con el Protector Protector, te beneficiar\u00e1s de un mayor tiempo de actividad y fiabilidad, todo a un precio predecible.  <\/p>\n<p><a href=\"https:\/\/www.quincycompressor.com\/wp-content\/uploads\/2024\/11\/Protective-Guardian-Icon-1.png\"><img decoding=\"async\" class=\"alignright wp-image-23933\" src=\"https:\/\/www.quincycompressor.com\/wp-content\/uploads\/2024\/11\/Protective-Guardian-Icon-1.png\" alt=\"\" width=\"259\" height=\"313\" srcset=\"https:\/\/www.quincycompressor.com\/wp-content\/uploads\/2024\/11\/Protective-Guardian-Icon-1.png 338w, https:\/\/www.quincycompressor.com\/wp-content\/uploads\/2024\/11\/Protective-Guardian-Icon-1-248x300.png 248w\" sizes=\"(max-width: 259px) 100vw, 259px\" \/><\/a><\/p>\n<h2><strong>Beneficios:<\/strong><\/h2>\n<ul>\n<li>Quincy Genuine Parts &amp; Oil<\/li>\n<li>Acuerdo de Riesgo Cero<\/li>\n<li>Mantenimiento preventivo puntual<\/li>\n<li>Programas de Desarrollo Proactivo de Detecci\u00f3n y Reparaci\u00f3n<\/li>\n<li>Recibir notificaciones sobre la eficiencia del compresor<\/li>\n<li>Monitorizaci\u00f3n remota de centros de servicio 24\/7<\/li>\n<li>Todas las reparaciones proactivas cubiertas (excepto la garant\u00eda de Airend)<\/li>\n<\/ul>\n<p>&nbsp;<\/p>\n<div class=\"btn-group\"><a class=\"btn btn-brochure\" href=\"https:\/\/www.revbase.com\/tt\/sl.ashx?z=12b3cd59&amp;DataID=8683862&amp;ft=1\" target=\"_blank\" rel=\"noopener\">Descarga el folleto<\/a><\/div>\n<div class=\"btn-group\"><a class=\"btn btn-buy\" href=\"https:\/\/www.quincycompressor.com\/es\/contacta-con-quincy\/\" target=\"_blank\" rel=\"noopener\">Contacta con tu representante<\/a><\/div>\n","protected":false},"excerpt":{"rendered":"<p>The Protective Guardian ofrece un acuerdo sin riesgos que incluye todo el mantenimiento programado, las visitas de servicio y las reparaciones proactivas realizadas por un t\u00e9cnico certificado en Quincy. Protege tu nueva inversi\u00f3n asegurando que tu producci\u00f3n siga siendo eficiente, de alta calidad y fiable. Con el Protector Protector, te beneficiar\u00e1s de un mayor tiempo [&hellip;]<\/p>\n","protected":false},"author":3,"featured_media":0,"parent":0,"menu_order":0,"comment_status":"closed","ping_status":"closed","template":"","meta":{"_acf_changed":false,"inline_featured_image":false,"footnotes":""},"acf":[],"yoast_head":"<!-- This site is optimized with the Yoast SEO plugin v22.9 - https:\/\/yoast.com\/wordpress\/plugins\/seo\/ -->\n<title>Guardi\u00e1n Protector - Quincy Compressor<\/title>\n<meta name=\"description\" content=\"Haz clic aqu\u00ed para descubrir los beneficios del Plan Preventivo de Guardianes con Quincy Compressor. Descargue nuestro folleto o contacte con su representante hoy mismo para obtener m\u00e1s informaci\u00f3n.\" \/>\n<meta name=\"robots\" content=\"index, follow, max-snippet:-1, max-image-preview:large, max-video-preview:-1\" \/>\n<link rel=\"canonical\" href=\"https:\/\/www.quincycompressor.com\/es\/guardian-protector\/\" \/>\n<meta property=\"og:locale\" content=\"es_ES\" \/>\n<meta property=\"og:type\" content=\"article\" \/>\n<meta property=\"og:title\" content=\"Guardi\u00e1n Protector - Quincy Compressor\" \/>\n<meta property=\"og:description\" content=\"Haz clic aqu\u00ed para descubrir los beneficios del Plan Preventivo de Guardianes con Quincy Compressor. Descargue nuestro folleto o contacte con su representante hoy mismo para obtener m\u00e1s informaci\u00f3n.\" \/>\n<meta property=\"og:url\" content=\"https:\/\/www.quincycompressor.com\/es\/guardian-protector\/\" \/>\n<meta property=\"og:site_name\" content=\"Quincy Compressor\" \/>\n<meta property=\"article:modified_time\" content=\"2026-02-03T13:02:44+00:00\" \/>\n<meta property=\"og:image\" content=\"https:\/\/www.quincycompressor.com\/wp-content\/uploads\/2024\/11\/Protective-Guardian-Icon-1.png\" \/>\n<meta name=\"twitter:card\" content=\"summary_large_image\" \/>\n<meta name=\"twitter:label1\" content=\"Tiempo de lectura\" \/>\n\t<meta name=\"twitter:data1\" content=\"1 minuto\" \/>\n<script type=\"application\/ld+json\" class=\"yoast-schema-graph\">{\"@context\":\"https:\/\/schema.org\",\"@graph\":[{\"@type\":\"WebPage\",\"@id\":\"https:\/\/www.quincycompressor.com\/es\/guardian-protector\/\",\"url\":\"https:\/\/www.quincycompressor.com\/es\/guardian-protector\/\",\"name\":\"Guardi\u00e1n Protector - Quincy Compressor\",\"isPartOf\":{\"@id\":\"https:\/\/www.quincycompressor.com\/es\/#website\"},\"primaryImageOfPage\":{\"@id\":\"https:\/\/www.quincycompressor.com\/es\/guardian-protector\/#primaryimage\"},\"image\":{\"@id\":\"https:\/\/www.quincycompressor.com\/es\/guardian-protector\/#primaryimage\"},\"thumbnailUrl\":\"https:\/\/www.quincycompressor.com\/wp-content\/uploads\/2024\/11\/Protective-Guardian-Icon-1.png\",\"datePublished\":\"2024-11-07T21:57:54+00:00\",\"dateModified\":\"2026-02-03T13:02:44+00:00\",\"description\":\"Haz clic aqu\u00ed para descubrir los beneficios del Plan Preventivo de Guardianes con Quincy Compressor. Descargue nuestro folleto o contacte con su representante hoy mismo para obtener m\u00e1s informaci\u00f3n.\",\"breadcrumb\":{\"@id\":\"https:\/\/www.quincycompressor.com\/es\/guardian-protector\/#breadcrumb\"},\"inLanguage\":\"es\",\"potentialAction\":[{\"@type\":\"ReadAction\",\"target\":[\"https:\/\/www.quincycompressor.com\/es\/guardian-protector\/\"]}]},{\"@type\":\"ImageObject\",\"inLanguage\":\"es\",\"@id\":\"https:\/\/www.quincycompressor.com\/es\/guardian-protector\/#primaryimage\",\"url\":\"https:\/\/www.quincycompressor.com\/wp-content\/uploads\/2024\/11\/Protective-Guardian-Icon-1.png\",\"contentUrl\":\"https:\/\/www.quincycompressor.com\/wp-content\/uploads\/2024\/11\/Protective-Guardian-Icon-1.png\"},{\"@type\":\"BreadcrumbList\",\"@id\":\"https:\/\/www.quincycompressor.com\/es\/guardian-protector\/#breadcrumb\",\"itemListElement\":[{\"@type\":\"ListItem\",\"position\":1,\"name\":\"Inicio\",\"item\":\"https:\/\/www.quincycompressor.com\/es\/inicio\/\"},{\"@type\":\"ListItem\",\"position\":2,\"name\":\"Guardi\u00e1n Protector\"}]},{\"@type\":\"WebSite\",\"@id\":\"https:\/\/www.quincycompressor.com\/es\/#website\",\"url\":\"https:\/\/www.quincycompressor.com\/es\/\",\"name\":\"Quincy Compressor\",\"description\":\"Quincy Compressor is your go-to source to find knowledge and dealers with the right air compressor for your situation.\",\"publisher\":{\"@id\":\"https:\/\/www.quincycompressor.com\/es\/#organization\"},\"potentialAction\":[{\"@type\":\"SearchAction\",\"target\":{\"@type\":\"EntryPoint\",\"urlTemplate\":\"https:\/\/www.quincycompressor.com\/es\/?s={search_term_string}\"},\"query-input\":\"required name=search_term_string\"}],\"inLanguage\":\"es\"},{\"@type\":\"Organization\",\"@id\":\"https:\/\/www.quincycompressor.com\/es\/#organization\",\"name\":\"Compresor Quincy\",\"url\":\"https:\/\/www.quincycompressor.com\/es\/\",\"logo\":{\"@type\":\"ImageObject\",\"inLanguage\":\"es\",\"@id\":\"https:\/\/www.quincycompressor.com\/es\/#\/schema\/logo\/image\/\",\"url\":\"https:\/\/www.quincycompressor.com\/wp-content\/uploads\/2021\/04\/Quincy-Compressor-Logo-web-full.jpg\",\"contentUrl\":\"https:\/\/www.quincycompressor.com\/wp-content\/uploads\/2021\/04\/Quincy-Compressor-Logo-web-full.jpg\",\"width\":293,\"height\":111,\"caption\":\"Compresor Quincy\"},\"image\":{\"@id\":\"https:\/\/www.quincycompressor.com\/es\/#\/schema\/logo\/image\/\"}}]}<\/script>\n<!-- \/ Yoast SEO plugin. -->","yoast_head_json":{"title":"Guardi\u00e1n Protector - Quincy Compressor","description":"Haz clic aqu\u00ed para descubrir los beneficios del Plan Preventivo de Guardianes con Quincy Compressor. Descargue nuestro folleto o contacte con su representante hoy mismo para obtener m\u00e1s informaci\u00f3n.","robots":{"index":"index","follow":"follow","max-snippet":"max-snippet:-1","max-image-preview":"max-image-preview:large","max-video-preview":"max-video-preview:-1"},"canonical":"https:\/\/www.quincycompressor.com\/es\/guardian-protector\/","og_locale":"es_ES","og_type":"article","og_title":"Guardi\u00e1n Protector - Quincy Compressor","og_description":"Haz clic aqu\u00ed para descubrir los beneficios del Plan Preventivo de Guardianes con Quincy Compressor. Descargue nuestro folleto o contacte con su representante hoy mismo para obtener m\u00e1s informaci\u00f3n.","og_url":"https:\/\/www.quincycompressor.com\/es\/guardian-protector\/","og_site_name":"Quincy Compressor","article_modified_time":"2026-02-03T13:02:44+00:00","og_image":[{"url":"https:\/\/www.quincycompressor.com\/wp-content\/uploads\/2024\/11\/Protective-Guardian-Icon-1.png"}],"twitter_card":"summary_large_image","twitter_misc":{"Tiempo de lectura":"1 minuto"},"schema":{"@context":"https:\/\/schema.org","@graph":[{"@type":"WebPage","@id":"https:\/\/www.quincycompressor.com\/es\/guardian-protector\/","url":"https:\/\/www.quincycompressor.com\/es\/guardian-protector\/","name":"Guardi\u00e1n Protector - Quincy Compressor","isPartOf":{"@id":"https:\/\/www.quincycompressor.com\/es\/#website"},"primaryImageOfPage":{"@id":"https:\/\/www.quincycompressor.com\/es\/guardian-protector\/#primaryimage"},"image":{"@id":"https:\/\/www.quincycompressor.com\/es\/guardian-protector\/#primaryimage"},"thumbnailUrl":"https:\/\/www.quincycompressor.com\/wp-content\/uploads\/2024\/11\/Protective-Guardian-Icon-1.png","datePublished":"2024-11-07T21:57:54+00:00","dateModified":"2026-02-03T13:02:44+00:00","description":"Haz clic aqu\u00ed para descubrir los beneficios del Plan Preventivo de Guardianes con Quincy Compressor. Descargue nuestro folleto o contacte con su representante hoy mismo para obtener m\u00e1s informaci\u00f3n.","breadcrumb":{"@id":"https:\/\/www.quincycompressor.com\/es\/guardian-protector\/#breadcrumb"},"inLanguage":"es","potentialAction":[{"@type":"ReadAction","target":["https:\/\/www.quincycompressor.com\/es\/guardian-protector\/"]}]},{"@type":"ImageObject","inLanguage":"es","@id":"https:\/\/www.quincycompressor.com\/es\/guardian-protector\/#primaryimage","url":"https:\/\/www.quincycompressor.com\/wp-content\/uploads\/2024\/11\/Protective-Guardian-Icon-1.png","contentUrl":"https:\/\/www.quincycompressor.com\/wp-content\/uploads\/2024\/11\/Protective-Guardian-Icon-1.png"},{"@type":"BreadcrumbList","@id":"https:\/\/www.quincycompressor.com\/es\/guardian-protector\/#breadcrumb","itemListElement":[{"@type":"ListItem","position":1,"name":"Inicio","item":"https:\/\/www.quincycompressor.com\/es\/inicio\/"},{"@type":"ListItem","position":2,"name":"Guardi\u00e1n Protector"}]},{"@type":"WebSite","@id":"https:\/\/www.quincycompressor.com\/es\/#website","url":"https:\/\/www.quincycompressor.com\/es\/","name":"Quincy Compressor","description":"Quincy Compressor is your go-to source to find knowledge and dealers with the right air compressor for your situation.","publisher":{"@id":"https:\/\/www.quincycompressor.com\/es\/#organization"},"potentialAction":[{"@type":"SearchAction","target":{"@type":"EntryPoint","urlTemplate":"https:\/\/www.quincycompressor.com\/es\/?s={search_term_string}"},"query-input":"required name=search_term_string"}],"inLanguage":"es"},{"@type":"Organization","@id":"https:\/\/www.quincycompressor.com\/es\/#organization","name":"Compresor Quincy","url":"https:\/\/www.quincycompressor.com\/es\/","logo":{"@type":"ImageObject","inLanguage":"es","@id":"https:\/\/www.quincycompressor.com\/es\/#\/schema\/logo\/image\/","url":"https:\/\/www.quincycompressor.com\/wp-content\/uploads\/2021\/04\/Quincy-Compressor-Logo-web-full.jpg","contentUrl":"https:\/\/www.quincycompressor.com\/wp-content\/uploads\/2021\/04\/Quincy-Compressor-Logo-web-full.jpg","width":293,"height":111,"caption":"Compresor Quincy"},"image":{"@id":"https:\/\/www.quincycompressor.com\/es\/#\/schema\/logo\/image\/"}}]}},"_links":{"self":[{"href":"https:\/\/www.quincycompressor.com\/es\/wp-json\/wp\/v2\/pages\/26842"}],"collection":[{"href":"https:\/\/www.quincycompressor.com\/es\/wp-json\/wp\/v2\/pages"}],"about":[{"href":"https:\/\/www.quincycompressor.com\/es\/wp-json\/wp\/v2\/types\/page"}],"author":[{"embeddable":true,"href":"https:\/\/www.quincycompressor.com\/es\/wp-json\/wp\/v2\/users\/3"}],"replies":[{"embeddable":true,"href":"https:\/\/www.quincycompressor.com\/es\/wp-json\/wp\/v2\/comments?post=26842"}],"version-history":[{"count":0,"href":"https:\/\/www.quincycompressor.com\/es\/wp-json\/wp\/v2\/pages\/26842\/revisions"}],"wp:attachment":[{"href":"https:\/\/www.quincycompressor.com\/es\/wp-json\/wp\/v2\/media?parent=26842"}],"curies":[{"name":"wp","href":"https:\/\/api.w.org\/{rel}","templated":true}]}}