{"id":26865,"date":"2024-01-09T14:58:13","date_gmt":"2024-01-09T14:58:13","guid":{"rendered":"https:\/\/www.quincycompressor.com\/refuerzos-de-aire-y-nitrogeno\/"},"modified":"2026-02-20T13:47:18","modified_gmt":"2026-02-20T13:47:18","slug":"refuerzos-de-aire-y-nitrogeno","status":"publish","type":"page","link":"https:\/\/www.quincycompressor.com\/es\/refuerzos-de-aire-y-nitrogeno\/","title":{"rendered":"Refuerzos de aire y nitr\u00f3geno"},"content":{"rendered":"<p>Los refuerzos de aire y nitr\u00f3geno del compresor Quincy est\u00e1n dise\u00f1ados para aumentar la presi\u00f3n de los gases entrantes, normalmente desde una fuente de menor presi\u00f3n hasta una salida de mayor presi\u00f3n. Act\u00faan como componentes cr\u00edticos en sistemas donde se utiliza aire comprimido o nitr\u00f3geno, asegurando que el gas alcance los niveles de presi\u00f3n necesarios para un rendimiento \u00f3ptimo. Los amplificadores de compresores Quincy contribuyen a una mayor productividad, seguridad y rendimiento en una amplia variedad de sectores. Sigue leyendo para saber m\u00e1s o <a href=\"https:\/\/www.quincycompressor.com\/es\/localizador-de-ventas-y-servicio\/\">contacta con un representante de ventas de Quincy Compressor<\/a> para recibir ayuda.   <\/p>\n<p>&nbsp;<\/p>\n<p style=\"text-align: center;\"><a class=\"btn btn-primary\" href=\"https:\/\/www.quincycompressor.com\/es\/refuerzos-de-aire-y-nitrogeno\/qb\/\">M\u00e1s informaci\u00f3n sobre la serie de quarterbacks<\/a> de <a class=\"btn btn-primary\" href=\"https:\/\/www.quincycompressor.com\/es\/refuerzos-de-aire-y-nitrogeno\/qds-odyssey\/\">Quincy Descubre m\u00e1s sobre la l\u00ednea Odyssey de Quincy<\/a>  <\/p>\n","protected":false},"excerpt":{"rendered":"<p>Los refuerzos de aire y nitr\u00f3geno del compresor Quincy est\u00e1n dise\u00f1ados para aumentar la presi\u00f3n de los gases entrantes, normalmente desde una fuente de menor presi\u00f3n hasta una salida de mayor presi\u00f3n. Act\u00faan como componentes cr\u00edticos en sistemas donde se utiliza aire comprimido o nitr\u00f3geno, asegurando que el gas alcance los niveles de presi\u00f3n necesarios [&hellip;]<\/p>\n","protected":false},"author":3,"featured_media":0,"parent":0,"menu_order":0,"comment_status":"closed","ping_status":"closed","template":"page-product-category.php","meta":{"_acf_changed":false,"inline_featured_image":false,"footnotes":""},"acf":[],"yoast_head":"<!-- This site is optimized with the Yoast SEO plugin v22.9 - https:\/\/yoast.com\/wordpress\/plugins\/seo\/ -->\n<title>Potenciadores de Aire y Nitr\u00f3geno | Compresor Quincy<\/title>\n<meta name=\"description\" content=\"Nuestros amplificadores de aire y nitr\u00f3geno ofrecen aumentos fiables de presi\u00f3n de gas. Experimenta American Roots y el rendimiento respaldados por m\u00e1s de un siglo de fiabilidad.\" \/>\n<meta name=\"robots\" content=\"index, follow, max-snippet:-1, max-image-preview:large, max-video-preview:-1\" \/>\n<link rel=\"canonical\" href=\"https:\/\/www.quincycompressor.com\/es\/refuerzos-de-aire-y-nitrogeno\/\" \/>\n<meta property=\"og:locale\" content=\"es_ES\" \/>\n<meta property=\"og:type\" content=\"article\" \/>\n<meta property=\"og:title\" content=\"Potenciadores de Aire y Nitr\u00f3geno | Compresor Quincy\" \/>\n<meta property=\"og:description\" content=\"Nuestros amplificadores de aire y nitr\u00f3geno ofrecen aumentos fiables de presi\u00f3n de gas. Experimenta American Roots y el rendimiento respaldados por m\u00e1s de un siglo de fiabilidad.\" \/>\n<meta property=\"og:url\" content=\"https:\/\/www.quincycompressor.com\/es\/refuerzos-de-aire-y-nitrogeno\/\" \/>\n<meta property=\"og:site_name\" content=\"Quincy Compressor\" \/>\n<meta property=\"article:modified_time\" content=\"2026-02-20T13:47:18+00:00\" \/>\n<meta property=\"og:image\" content=\"https:\/\/www.quincycompressor.com\/wp-content\/uploads\/2021\/04\/imageedit_3_2337862967.png\" \/>\n\t<meta property=\"og:image:width\" content=\"691\" \/>\n\t<meta property=\"og:image:height\" content=\"403\" \/>\n\t<meta property=\"og:image:type\" content=\"image\/png\" \/>\n<meta name=\"twitter:card\" content=\"summary_large_image\" \/>\n<meta name=\"twitter:label1\" content=\"Tiempo de lectura\" \/>\n\t<meta name=\"twitter:data1\" content=\"1 minuto\" \/>\n<script type=\"application\/ld+json\" class=\"yoast-schema-graph\">{\"@context\":\"https:\/\/schema.org\",\"@graph\":[{\"@type\":\"WebPage\",\"@id\":\"https:\/\/www.quincycompressor.com\/es\/refuerzos-de-aire-y-nitrogeno\/\",\"url\":\"https:\/\/www.quincycompressor.com\/es\/refuerzos-de-aire-y-nitrogeno\/\",\"name\":\"Potenciadores de Aire y Nitr\u00f3geno | Compresor Quincy\",\"isPartOf\":{\"@id\":\"https:\/\/www.quincycompressor.com\/es\/#website\"},\"datePublished\":\"2024-01-09T14:58:13+00:00\",\"dateModified\":\"2026-02-20T13:47:18+00:00\",\"description\":\"Nuestros amplificadores de aire y nitr\u00f3geno ofrecen aumentos fiables de presi\u00f3n de gas. Experimenta American Roots y el rendimiento respaldados por m\u00e1s de un siglo de fiabilidad.\",\"breadcrumb\":{\"@id\":\"https:\/\/www.quincycompressor.com\/es\/refuerzos-de-aire-y-nitrogeno\/#breadcrumb\"},\"inLanguage\":\"es\",\"potentialAction\":[{\"@type\":\"ReadAction\",\"target\":[\"https:\/\/www.quincycompressor.com\/es\/refuerzos-de-aire-y-nitrogeno\/\"]}]},{\"@type\":\"BreadcrumbList\",\"@id\":\"https:\/\/www.quincycompressor.com\/es\/refuerzos-de-aire-y-nitrogeno\/#breadcrumb\",\"itemListElement\":[{\"@type\":\"ListItem\",\"position\":1,\"name\":\"Inicio\",\"item\":\"https:\/\/www.quincycompressor.com\/es\/inicio\/\"},{\"@type\":\"ListItem\",\"position\":2,\"name\":\"Refuerzos de aire y nitr\u00f3geno\"}]},{\"@type\":\"WebSite\",\"@id\":\"https:\/\/www.quincycompressor.com\/es\/#website\",\"url\":\"https:\/\/www.quincycompressor.com\/es\/\",\"name\":\"Quincy Compressor\",\"description\":\"Quincy Compressor is your go-to source to find knowledge and dealers with the right air compressor for your situation.\",\"publisher\":{\"@id\":\"https:\/\/www.quincycompressor.com\/es\/#organization\"},\"potentialAction\":[{\"@type\":\"SearchAction\",\"target\":{\"@type\":\"EntryPoint\",\"urlTemplate\":\"https:\/\/www.quincycompressor.com\/es\/?s={search_term_string}\"},\"query-input\":\"required name=search_term_string\"}],\"inLanguage\":\"es\"},{\"@type\":\"Organization\",\"@id\":\"https:\/\/www.quincycompressor.com\/es\/#organization\",\"name\":\"Compresor Quincy\",\"url\":\"https:\/\/www.quincycompressor.com\/es\/\",\"logo\":{\"@type\":\"ImageObject\",\"inLanguage\":\"es\",\"@id\":\"https:\/\/www.quincycompressor.com\/es\/#\/schema\/logo\/image\/\",\"url\":\"https:\/\/www.quincycompressor.com\/wp-content\/uploads\/2021\/04\/Quincy-Compressor-Logo-web-full.jpg\",\"contentUrl\":\"https:\/\/www.quincycompressor.com\/wp-content\/uploads\/2021\/04\/Quincy-Compressor-Logo-web-full.jpg\",\"width\":293,\"height\":111,\"caption\":\"Compresor Quincy\"},\"image\":{\"@id\":\"https:\/\/www.quincycompressor.com\/es\/#\/schema\/logo\/image\/\"}}]}<\/script>\n<!-- \/ Yoast SEO plugin. -->","yoast_head_json":{"title":"Potenciadores de Aire y Nitr\u00f3geno | Compresor Quincy","description":"Nuestros amplificadores de aire y nitr\u00f3geno ofrecen aumentos fiables de presi\u00f3n de gas. Experimenta American Roots y el rendimiento respaldados por m\u00e1s de un siglo de fiabilidad.","robots":{"index":"index","follow":"follow","max-snippet":"max-snippet:-1","max-image-preview":"max-image-preview:large","max-video-preview":"max-video-preview:-1"},"canonical":"https:\/\/www.quincycompressor.com\/es\/refuerzos-de-aire-y-nitrogeno\/","og_locale":"es_ES","og_type":"article","og_title":"Potenciadores de Aire y Nitr\u00f3geno | Compresor Quincy","og_description":"Nuestros amplificadores de aire y nitr\u00f3geno ofrecen aumentos fiables de presi\u00f3n de gas. Experimenta American Roots y el rendimiento respaldados por m\u00e1s de un siglo de fiabilidad.","og_url":"https:\/\/www.quincycompressor.com\/es\/refuerzos-de-aire-y-nitrogeno\/","og_site_name":"Quincy Compressor","article_modified_time":"2026-02-20T13:47:18+00:00","og_image":[{"width":691,"height":403,"url":"https:\/\/www.quincycompressor.com\/wp-content\/uploads\/2021\/04\/imageedit_3_2337862967.png","type":"image\/png"}],"twitter_card":"summary_large_image","twitter_misc":{"Tiempo de lectura":"1 minuto"},"schema":{"@context":"https:\/\/schema.org","@graph":[{"@type":"WebPage","@id":"https:\/\/www.quincycompressor.com\/es\/refuerzos-de-aire-y-nitrogeno\/","url":"https:\/\/www.quincycompressor.com\/es\/refuerzos-de-aire-y-nitrogeno\/","name":"Potenciadores de Aire y Nitr\u00f3geno | Compresor Quincy","isPartOf":{"@id":"https:\/\/www.quincycompressor.com\/es\/#website"},"datePublished":"2024-01-09T14:58:13+00:00","dateModified":"2026-02-20T13:47:18+00:00","description":"Nuestros amplificadores de aire y nitr\u00f3geno ofrecen aumentos fiables de presi\u00f3n de gas. Experimenta American Roots y el rendimiento respaldados por m\u00e1s de un siglo de fiabilidad.","breadcrumb":{"@id":"https:\/\/www.quincycompressor.com\/es\/refuerzos-de-aire-y-nitrogeno\/#breadcrumb"},"inLanguage":"es","potentialAction":[{"@type":"ReadAction","target":["https:\/\/www.quincycompressor.com\/es\/refuerzos-de-aire-y-nitrogeno\/"]}]},{"@type":"BreadcrumbList","@id":"https:\/\/www.quincycompressor.com\/es\/refuerzos-de-aire-y-nitrogeno\/#breadcrumb","itemListElement":[{"@type":"ListItem","position":1,"name":"Inicio","item":"https:\/\/www.quincycompressor.com\/es\/inicio\/"},{"@type":"ListItem","position":2,"name":"Refuerzos de aire y nitr\u00f3geno"}]},{"@type":"WebSite","@id":"https:\/\/www.quincycompressor.com\/es\/#website","url":"https:\/\/www.quincycompressor.com\/es\/","name":"Quincy Compressor","description":"Quincy Compressor is your go-to source to find knowledge and dealers with the right air compressor for your situation.","publisher":{"@id":"https:\/\/www.quincycompressor.com\/es\/#organization"},"potentialAction":[{"@type":"SearchAction","target":{"@type":"EntryPoint","urlTemplate":"https:\/\/www.quincycompressor.com\/es\/?s={search_term_string}"},"query-input":"required name=search_term_string"}],"inLanguage":"es"},{"@type":"Organization","@id":"https:\/\/www.quincycompressor.com\/es\/#organization","name":"Compresor Quincy","url":"https:\/\/www.quincycompressor.com\/es\/","logo":{"@type":"ImageObject","inLanguage":"es","@id":"https:\/\/www.quincycompressor.com\/es\/#\/schema\/logo\/image\/","url":"https:\/\/www.quincycompressor.com\/wp-content\/uploads\/2021\/04\/Quincy-Compressor-Logo-web-full.jpg","contentUrl":"https:\/\/www.quincycompressor.com\/wp-content\/uploads\/2021\/04\/Quincy-Compressor-Logo-web-full.jpg","width":293,"height":111,"caption":"Compresor Quincy"},"image":{"@id":"https:\/\/www.quincycompressor.com\/es\/#\/schema\/logo\/image\/"}}]}},"_links":{"self":[{"href":"https:\/\/www.quincycompressor.com\/es\/wp-json\/wp\/v2\/pages\/26865"}],"collection":[{"href":"https:\/\/www.quincycompressor.com\/es\/wp-json\/wp\/v2\/pages"}],"about":[{"href":"https:\/\/www.quincycompressor.com\/es\/wp-json\/wp\/v2\/types\/page"}],"author":[{"embeddable":true,"href":"https:\/\/www.quincycompressor.com\/es\/wp-json\/wp\/v2\/users\/3"}],"replies":[{"embeddable":true,"href":"https:\/\/www.quincycompressor.com\/es\/wp-json\/wp\/v2\/comments?post=26865"}],"version-history":[{"count":0,"href":"https:\/\/www.quincycompressor.com\/es\/wp-json\/wp\/v2\/pages\/26865\/revisions"}],"wp:attachment":[{"href":"https:\/\/www.quincycompressor.com\/es\/wp-json\/wp\/v2\/media?parent=26865"}],"curies":[{"name":"wp","href":"https:\/\/api.w.org\/{rel}","templated":true}]}}