{"id":26897,"date":"2020-12-02T07:03:31","date_gmt":"2020-12-02T07:03:31","guid":{"rendered":"https:\/\/www.quincycompressor.com\/tratamiento-del-aire\/"},"modified":"2026-02-20T13:46:21","modified_gmt":"2026-02-20T13:46:21","slug":"tratamiento-del-aire","status":"publish","type":"page","link":"https:\/\/www.quincycompressor.com\/es\/productos\/tratamiento-del-aire\/","title":{"rendered":"Tratamiento del aire"},"content":{"rendered":"<p>El equipo de tratamiento de aire y gesti\u00f3n de condensaci\u00f3n de Quincy Compressor est\u00e1 dise\u00f1ado espec\u00edficamente para funcionar con nuestros compresores de tornillo rotatorio y de rec\u00edproche. Como cualquier producto de Quincy, nuestros secadores de aire, la gesti\u00f3n de condensaci\u00f3n y otros equipos de filtraci\u00f3n de aire han sido dise\u00f1ados para ofrecer un rendimiento excepcional en todas las aplicaciones y cuentan con una excelente garant\u00eda que garantiza a\u00f1os de uso sin problemas. Sigue leyendo para saber m\u00e1s o <a href=\"https:\/\/www.quincycompressor.com\/es\/localizador-de-ventas-y-servicio\/\">contacta con un representante de ventas de Quincy Compressor<\/a> para recibir ayuda.  <\/p>\n<p><a class=\"btn btn-primary\" href=\"https:\/\/www.quincycompressor.com\/es\/localizador-de-ventas-y-servicio\/\">Encuentra un concesionario local<\/a><\/p>\n","protected":false},"excerpt":{"rendered":"<p>El equipo de tratamiento de aire y gesti\u00f3n de condensaci\u00f3n de Quincy Compressor est\u00e1 dise\u00f1ado espec\u00edficamente para funcionar con nuestros compresores de tornillo rotatorio y de rec\u00edproche. Como cualquier producto de Quincy, nuestros secadores de aire, la gesti\u00f3n de condensaci\u00f3n y otros equipos de filtraci\u00f3n de aire han sido dise\u00f1ados para ofrecer un rendimiento excepcional [&hellip;]<\/p>\n","protected":false},"author":5,"featured_media":26908,"parent":27175,"menu_order":0,"comment_status":"closed","ping_status":"closed","template":"page-product-category.php","meta":{"_acf_changed":false,"inline_featured_image":false,"footnotes":""},"acf":[],"yoast_head":"<!-- This site is optimized with the Yoast SEO plugin v22.9 - https:\/\/yoast.com\/wordpress\/plugins\/seo\/ -->\n<title>Equipos de tratamiento de aire para compresores de aire | Compresor Quincy<\/title>\n<meta name=\"description\" content=\"Nuestro equipo de tratamiento de aire est\u00e1 dise\u00f1ado para funcionar con compresores rotativos y alternativos. \u00a1Consulta nuestro equipo aqu\u00ed!\" \/>\n<meta name=\"robots\" content=\"index, follow, max-snippet:-1, max-image-preview:large, max-video-preview:-1\" \/>\n<link rel=\"canonical\" href=\"https:\/\/www.quincycompressor.com\/es\/productos\/tratamiento-del-aire\/\" \/>\n<meta property=\"og:locale\" content=\"es_ES\" \/>\n<meta property=\"og:type\" content=\"article\" \/>\n<meta property=\"og:title\" content=\"Equipos de tratamiento de aire para compresores de aire | Compresor Quincy\" \/>\n<meta property=\"og:description\" content=\"Nuestro equipo de tratamiento de aire est\u00e1 dise\u00f1ado para funcionar con compresores rotativos y alternativos. \u00a1Consulta nuestro equipo aqu\u00ed!\" \/>\n<meta property=\"og:url\" content=\"https:\/\/www.quincycompressor.com\/es\/productos\/tratamiento-del-aire\/\" \/>\n<meta property=\"og:site_name\" content=\"Quincy Compressor\" \/>\n<meta property=\"article:modified_time\" content=\"2026-02-20T13:46:21+00:00\" \/>\n<meta property=\"og:image\" content=\"https:\/\/www.quincycompressor.com\/wp-content\/uploads\/2023\/04\/Dryer-Family-WEB-04-5-23.png\" \/>\n\t<meta property=\"og:image:width\" content=\"512\" \/>\n\t<meta property=\"og:image:height\" content=\"385\" \/>\n\t<meta property=\"og:image:type\" content=\"image\/png\" \/>\n<meta name=\"twitter:card\" content=\"summary_large_image\" \/>\n<meta name=\"twitter:label1\" content=\"Tiempo de lectura\" \/>\n\t<meta name=\"twitter:data1\" content=\"1 minuto\" \/>\n<script type=\"application\/ld+json\" class=\"yoast-schema-graph\">{\"@context\":\"https:\/\/schema.org\",\"@graph\":[{\"@type\":\"WebPage\",\"@id\":\"https:\/\/www.quincycompressor.com\/es\/productos\/tratamiento-del-aire\/\",\"url\":\"https:\/\/www.quincycompressor.com\/es\/productos\/tratamiento-del-aire\/\",\"name\":\"Equipos de tratamiento de aire para compresores de aire | Compresor Quincy\",\"isPartOf\":{\"@id\":\"https:\/\/www.quincycompressor.com\/es\/#website\"},\"primaryImageOfPage\":{\"@id\":\"https:\/\/www.quincycompressor.com\/es\/productos\/tratamiento-del-aire\/#primaryimage\"},\"image\":{\"@id\":\"https:\/\/www.quincycompressor.com\/es\/productos\/tratamiento-del-aire\/#primaryimage\"},\"thumbnailUrl\":\"https:\/\/www.quincycompressor.com\/wp-content\/uploads\/2023\/04\/Dryer-Family-WEB-04-5-23.png\",\"datePublished\":\"2020-12-02T07:03:31+00:00\",\"dateModified\":\"2026-02-20T13:46:21+00:00\",\"description\":\"Nuestro equipo de tratamiento de aire est\u00e1 dise\u00f1ado para funcionar con compresores rotativos y alternativos. \u00a1Consulta nuestro equipo aqu\u00ed!\",\"breadcrumb\":{\"@id\":\"https:\/\/www.quincycompressor.com\/es\/productos\/tratamiento-del-aire\/#breadcrumb\"},\"inLanguage\":\"es\",\"potentialAction\":[{\"@type\":\"ReadAction\",\"target\":[\"https:\/\/www.quincycompressor.com\/es\/productos\/tratamiento-del-aire\/\"]}]},{\"@type\":\"ImageObject\",\"inLanguage\":\"es\",\"@id\":\"https:\/\/www.quincycompressor.com\/es\/productos\/tratamiento-del-aire\/#primaryimage\",\"url\":\"https:\/\/www.quincycompressor.com\/wp-content\/uploads\/2023\/04\/Dryer-Family-WEB-04-5-23.png\",\"contentUrl\":\"https:\/\/www.quincycompressor.com\/wp-content\/uploads\/2023\/04\/Dryer-Family-WEB-04-5-23.png\",\"width\":512,\"height\":385},{\"@type\":\"BreadcrumbList\",\"@id\":\"https:\/\/www.quincycompressor.com\/es\/productos\/tratamiento-del-aire\/#breadcrumb\",\"itemListElement\":[{\"@type\":\"ListItem\",\"position\":1,\"name\":\"Inicio\",\"item\":\"https:\/\/www.quincycompressor.com\/es\/inicio\/\"},{\"@type\":\"ListItem\",\"position\":2,\"name\":\"Productos\",\"item\":\"https:\/\/www.quincycompressor.com\/es\/productos\/\"},{\"@type\":\"ListItem\",\"position\":3,\"name\":\"Tratamiento del aire\"}]},{\"@type\":\"WebSite\",\"@id\":\"https:\/\/www.quincycompressor.com\/es\/#website\",\"url\":\"https:\/\/www.quincycompressor.com\/es\/\",\"name\":\"Quincy Compressor\",\"description\":\"Quincy Compressor is your go-to source to find knowledge and dealers with the right air compressor for your situation.\",\"publisher\":{\"@id\":\"https:\/\/www.quincycompressor.com\/es\/#organization\"},\"potentialAction\":[{\"@type\":\"SearchAction\",\"target\":{\"@type\":\"EntryPoint\",\"urlTemplate\":\"https:\/\/www.quincycompressor.com\/es\/?s={search_term_string}\"},\"query-input\":\"required name=search_term_string\"}],\"inLanguage\":\"es\"},{\"@type\":\"Organization\",\"@id\":\"https:\/\/www.quincycompressor.com\/es\/#organization\",\"name\":\"Compresor Quincy\",\"url\":\"https:\/\/www.quincycompressor.com\/es\/\",\"logo\":{\"@type\":\"ImageObject\",\"inLanguage\":\"es\",\"@id\":\"https:\/\/www.quincycompressor.com\/es\/#\/schema\/logo\/image\/\",\"url\":\"https:\/\/www.quincycompressor.com\/wp-content\/uploads\/2021\/04\/Quincy-Compressor-Logo-web-full.jpg\",\"contentUrl\":\"https:\/\/www.quincycompressor.com\/wp-content\/uploads\/2021\/04\/Quincy-Compressor-Logo-web-full.jpg\",\"width\":293,\"height\":111,\"caption\":\"Compresor Quincy\"},\"image\":{\"@id\":\"https:\/\/www.quincycompressor.com\/es\/#\/schema\/logo\/image\/\"}}]}<\/script>\n<!-- \/ Yoast SEO plugin. -->","yoast_head_json":{"title":"Equipos de tratamiento de aire para compresores de aire | Compresor Quincy","description":"Nuestro equipo de tratamiento de aire est\u00e1 dise\u00f1ado para funcionar con compresores rotativos y alternativos. \u00a1Consulta nuestro equipo aqu\u00ed!","robots":{"index":"index","follow":"follow","max-snippet":"max-snippet:-1","max-image-preview":"max-image-preview:large","max-video-preview":"max-video-preview:-1"},"canonical":"https:\/\/www.quincycompressor.com\/es\/productos\/tratamiento-del-aire\/","og_locale":"es_ES","og_type":"article","og_title":"Equipos de tratamiento de aire para compresores de aire | Compresor Quincy","og_description":"Nuestro equipo de tratamiento de aire est\u00e1 dise\u00f1ado para funcionar con compresores rotativos y alternativos. \u00a1Consulta nuestro equipo aqu\u00ed!","og_url":"https:\/\/www.quincycompressor.com\/es\/productos\/tratamiento-del-aire\/","og_site_name":"Quincy Compressor","article_modified_time":"2026-02-20T13:46:21+00:00","og_image":[{"width":512,"height":385,"url":"https:\/\/www.quincycompressor.com\/wp-content\/uploads\/2023\/04\/Dryer-Family-WEB-04-5-23.png","type":"image\/png"}],"twitter_card":"summary_large_image","twitter_misc":{"Tiempo de lectura":"1 minuto"},"schema":{"@context":"https:\/\/schema.org","@graph":[{"@type":"WebPage","@id":"https:\/\/www.quincycompressor.com\/es\/productos\/tratamiento-del-aire\/","url":"https:\/\/www.quincycompressor.com\/es\/productos\/tratamiento-del-aire\/","name":"Equipos de tratamiento de aire para compresores de aire | Compresor Quincy","isPartOf":{"@id":"https:\/\/www.quincycompressor.com\/es\/#website"},"primaryImageOfPage":{"@id":"https:\/\/www.quincycompressor.com\/es\/productos\/tratamiento-del-aire\/#primaryimage"},"image":{"@id":"https:\/\/www.quincycompressor.com\/es\/productos\/tratamiento-del-aire\/#primaryimage"},"thumbnailUrl":"https:\/\/www.quincycompressor.com\/wp-content\/uploads\/2023\/04\/Dryer-Family-WEB-04-5-23.png","datePublished":"2020-12-02T07:03:31+00:00","dateModified":"2026-02-20T13:46:21+00:00","description":"Nuestro equipo de tratamiento de aire est\u00e1 dise\u00f1ado para funcionar con compresores rotativos y alternativos. \u00a1Consulta nuestro equipo aqu\u00ed!","breadcrumb":{"@id":"https:\/\/www.quincycompressor.com\/es\/productos\/tratamiento-del-aire\/#breadcrumb"},"inLanguage":"es","potentialAction":[{"@type":"ReadAction","target":["https:\/\/www.quincycompressor.com\/es\/productos\/tratamiento-del-aire\/"]}]},{"@type":"ImageObject","inLanguage":"es","@id":"https:\/\/www.quincycompressor.com\/es\/productos\/tratamiento-del-aire\/#primaryimage","url":"https:\/\/www.quincycompressor.com\/wp-content\/uploads\/2023\/04\/Dryer-Family-WEB-04-5-23.png","contentUrl":"https:\/\/www.quincycompressor.com\/wp-content\/uploads\/2023\/04\/Dryer-Family-WEB-04-5-23.png","width":512,"height":385},{"@type":"BreadcrumbList","@id":"https:\/\/www.quincycompressor.com\/es\/productos\/tratamiento-del-aire\/#breadcrumb","itemListElement":[{"@type":"ListItem","position":1,"name":"Inicio","item":"https:\/\/www.quincycompressor.com\/es\/inicio\/"},{"@type":"ListItem","position":2,"name":"Productos","item":"https:\/\/www.quincycompressor.com\/es\/productos\/"},{"@type":"ListItem","position":3,"name":"Tratamiento del aire"}]},{"@type":"WebSite","@id":"https:\/\/www.quincycompressor.com\/es\/#website","url":"https:\/\/www.quincycompressor.com\/es\/","name":"Quincy Compressor","description":"Quincy Compressor is your go-to source to find knowledge and dealers with the right air compressor for your situation.","publisher":{"@id":"https:\/\/www.quincycompressor.com\/es\/#organization"},"potentialAction":[{"@type":"SearchAction","target":{"@type":"EntryPoint","urlTemplate":"https:\/\/www.quincycompressor.com\/es\/?s={search_term_string}"},"query-input":"required name=search_term_string"}],"inLanguage":"es"},{"@type":"Organization","@id":"https:\/\/www.quincycompressor.com\/es\/#organization","name":"Compresor Quincy","url":"https:\/\/www.quincycompressor.com\/es\/","logo":{"@type":"ImageObject","inLanguage":"es","@id":"https:\/\/www.quincycompressor.com\/es\/#\/schema\/logo\/image\/","url":"https:\/\/www.quincycompressor.com\/wp-content\/uploads\/2021\/04\/Quincy-Compressor-Logo-web-full.jpg","contentUrl":"https:\/\/www.quincycompressor.com\/wp-content\/uploads\/2021\/04\/Quincy-Compressor-Logo-web-full.jpg","width":293,"height":111,"caption":"Compresor Quincy"},"image":{"@id":"https:\/\/www.quincycompressor.com\/es\/#\/schema\/logo\/image\/"}}]}},"_links":{"self":[{"href":"https:\/\/www.quincycompressor.com\/es\/wp-json\/wp\/v2\/pages\/26897"}],"collection":[{"href":"https:\/\/www.quincycompressor.com\/es\/wp-json\/wp\/v2\/pages"}],"about":[{"href":"https:\/\/www.quincycompressor.com\/es\/wp-json\/wp\/v2\/types\/page"}],"author":[{"embeddable":true,"href":"https:\/\/www.quincycompressor.com\/es\/wp-json\/wp\/v2\/users\/5"}],"replies":[{"embeddable":true,"href":"https:\/\/www.quincycompressor.com\/es\/wp-json\/wp\/v2\/comments?post=26897"}],"version-history":[{"count":0,"href":"https:\/\/www.quincycompressor.com\/es\/wp-json\/wp\/v2\/pages\/26897\/revisions"}],"up":[{"embeddable":true,"href":"https:\/\/www.quincycompressor.com\/es\/wp-json\/wp\/v2\/pages\/27175"}],"wp:featuredmedia":[{"embeddable":true,"href":"https:\/\/www.quincycompressor.com\/es\/wp-json\/wp\/v2\/media\/26908"}],"wp:attachment":[{"href":"https:\/\/www.quincycompressor.com\/es\/wp-json\/wp\/v2\/media?parent=26897"}],"curies":[{"name":"wp","href":"https:\/\/api.w.org\/{rel}","templated":true}]}}