{"id":26935,"date":"2023-01-18T15:01:00","date_gmt":"2023-01-18T15:01:00","guid":{"rendered":"https:\/\/www.quincycompressor.com\/generadores-industriales-de-gas\/"},"modified":"2026-02-20T13:50:31","modified_gmt":"2026-02-20T13:50:31","slug":"generadores-industriales-de-gas","status":"publish","type":"page","link":"https:\/\/www.quincycompressor.com\/es\/generadores-industriales-de-gas\/","title":{"rendered":"Generadores industriales de gas"},"content":{"rendered":"<p>Tus operaciones giran en torno a tener acceso constante a diferentes gases. Desde refiner\u00edas y plantas hasta oleoductos, los generadores industriales de gas son esenciales para controlar tu proceso. Combinar un generador de gas industrial con un sistema compresor de aire compatible te permite crear tu propio suministro de nitr\u00f3geno u ox\u00edgeno para la producci\u00f3n y responsabilidades similares. Quincy Compressor te ayudar\u00e1 a seleccionar el modelo adecuado para tu aplicaci\u00f3n.   <\/p>\n<p style=\"text-align: center;\"><a class=\"btn btn-primary\" href=\"https:\/\/www.quincycompressor.com\/es\/generadores-industriales-de-gas\/generadores-de-nitrogeno\/\">M\u00e1s informaci\u00f3n sobre los generadores de nitr\u00f3geno<\/a>  <a class=\"btn btn-primary\" href=\"https:\/\/www.quincycompressor.com\/es\/generadores-industriales-de-gas\/generadores-de-osigeno\/\">M\u00e1s informaci\u00f3n sobre los generadores de ox\u00edgeno<\/a><\/p>\n","protected":false},"excerpt":{"rendered":"<p>Tus operaciones giran en torno a tener acceso constante a diferentes gases. Desde refiner\u00edas y plantas hasta oleoductos, los generadores industriales de gas son esenciales para controlar tu proceso. Combinar un generador de gas industrial con un sistema compresor de aire compatible te permite crear tu propio suministro de nitr\u00f3geno u ox\u00edgeno para la producci\u00f3n [&hellip;]<\/p>\n","protected":false},"author":3,"featured_media":0,"parent":0,"menu_order":0,"comment_status":"closed","ping_status":"closed","template":"page-product-category.php","meta":{"_acf_changed":false,"inline_featured_image":false,"footnotes":""},"acf":[],"yoast_head":"<!-- This site is optimized with the Yoast SEO plugin v22.9 - https:\/\/yoast.com\/wordpress\/plugins\/seo\/ -->\n<title>Generadores industriales de gas - Quincy Compressor<\/title>\n<meta name=\"description\" content=\"Descubre los generadores industriales de gas de Quincy Compressor. Experimenta ra\u00edces y productos americanos respaldados por m\u00e1s de un siglo de fiabilidad. \u00a1Busca un concesionario cerca de ti!\" \/>\n<meta name=\"robots\" content=\"index, follow, max-snippet:-1, max-image-preview:large, max-video-preview:-1\" \/>\n<link rel=\"canonical\" href=\"https:\/\/www.quincycompressor.com\/es\/generadores-industriales-de-gas\/\" \/>\n<meta property=\"og:locale\" content=\"es_ES\" \/>\n<meta property=\"og:type\" content=\"article\" \/>\n<meta property=\"og:title\" content=\"Generadores industriales de gas - Quincy Compressor\" \/>\n<meta property=\"og:description\" content=\"Descubre los generadores industriales de gas de Quincy Compressor. Experimenta ra\u00edces y productos americanos respaldados por m\u00e1s de un siglo de fiabilidad. \u00a1Busca un concesionario cerca de ti!\" \/>\n<meta property=\"og:url\" content=\"https:\/\/www.quincycompressor.com\/es\/generadores-industriales-de-gas\/\" \/>\n<meta property=\"og:site_name\" content=\"Quincy Compressor\" \/>\n<meta property=\"article:modified_time\" content=\"2026-02-20T13:50:31+00:00\" \/>\n<meta property=\"og:image\" content=\"https:\/\/www.quincycompressor.com\/wp-content\/uploads\/2021\/04\/imageedit_3_2337862967.png\" \/>\n\t<meta property=\"og:image:width\" content=\"691\" \/>\n\t<meta property=\"og:image:height\" content=\"403\" \/>\n\t<meta property=\"og:image:type\" content=\"image\/png\" \/>\n<meta name=\"twitter:card\" content=\"summary_large_image\" \/>\n<script type=\"application\/ld+json\" class=\"yoast-schema-graph\">{\"@context\":\"https:\/\/schema.org\",\"@graph\":[{\"@type\":\"WebPage\",\"@id\":\"https:\/\/www.quincycompressor.com\/es\/generadores-industriales-de-gas\/\",\"url\":\"https:\/\/www.quincycompressor.com\/es\/generadores-industriales-de-gas\/\",\"name\":\"Generadores industriales de gas - Quincy Compressor\",\"isPartOf\":{\"@id\":\"https:\/\/www.quincycompressor.com\/es\/#website\"},\"datePublished\":\"2023-01-18T15:01:00+00:00\",\"dateModified\":\"2026-02-20T13:50:31+00:00\",\"description\":\"Descubre los generadores industriales de gas de Quincy Compressor. Experimenta ra\u00edces y productos americanos respaldados por m\u00e1s de un siglo de fiabilidad. \u00a1Busca un concesionario cerca de ti!\",\"breadcrumb\":{\"@id\":\"https:\/\/www.quincycompressor.com\/es\/generadores-industriales-de-gas\/#breadcrumb\"},\"inLanguage\":\"es\",\"potentialAction\":[{\"@type\":\"ReadAction\",\"target\":[\"https:\/\/www.quincycompressor.com\/es\/generadores-industriales-de-gas\/\"]}]},{\"@type\":\"BreadcrumbList\",\"@id\":\"https:\/\/www.quincycompressor.com\/es\/generadores-industriales-de-gas\/#breadcrumb\",\"itemListElement\":[{\"@type\":\"ListItem\",\"position\":1,\"name\":\"Inicio\",\"item\":\"https:\/\/www.quincycompressor.com\/es\/inicio\/\"},{\"@type\":\"ListItem\",\"position\":2,\"name\":\"Generadores industriales de gas\"}]},{\"@type\":\"WebSite\",\"@id\":\"https:\/\/www.quincycompressor.com\/es\/#website\",\"url\":\"https:\/\/www.quincycompressor.com\/es\/\",\"name\":\"Quincy Compressor\",\"description\":\"Quincy Compressor is your go-to source to find knowledge and dealers with the right air compressor for your situation.\",\"publisher\":{\"@id\":\"https:\/\/www.quincycompressor.com\/es\/#organization\"},\"potentialAction\":[{\"@type\":\"SearchAction\",\"target\":{\"@type\":\"EntryPoint\",\"urlTemplate\":\"https:\/\/www.quincycompressor.com\/es\/?s={search_term_string}\"},\"query-input\":\"required name=search_term_string\"}],\"inLanguage\":\"es\"},{\"@type\":\"Organization\",\"@id\":\"https:\/\/www.quincycompressor.com\/es\/#organization\",\"name\":\"Compresor Quincy\",\"url\":\"https:\/\/www.quincycompressor.com\/es\/\",\"logo\":{\"@type\":\"ImageObject\",\"inLanguage\":\"es\",\"@id\":\"https:\/\/www.quincycompressor.com\/es\/#\/schema\/logo\/image\/\",\"url\":\"https:\/\/www.quincycompressor.com\/wp-content\/uploads\/2021\/04\/Quincy-Compressor-Logo-web-full.jpg\",\"contentUrl\":\"https:\/\/www.quincycompressor.com\/wp-content\/uploads\/2021\/04\/Quincy-Compressor-Logo-web-full.jpg\",\"width\":293,\"height\":111,\"caption\":\"Compresor Quincy\"},\"image\":{\"@id\":\"https:\/\/www.quincycompressor.com\/es\/#\/schema\/logo\/image\/\"}}]}<\/script>\n<!-- \/ Yoast SEO plugin. -->","yoast_head_json":{"title":"Generadores industriales de gas - Quincy Compressor","description":"Descubre los generadores industriales de gas de Quincy Compressor. Experimenta ra\u00edces y productos americanos respaldados por m\u00e1s de un siglo de fiabilidad. \u00a1Busca un concesionario cerca de ti!","robots":{"index":"index","follow":"follow","max-snippet":"max-snippet:-1","max-image-preview":"max-image-preview:large","max-video-preview":"max-video-preview:-1"},"canonical":"https:\/\/www.quincycompressor.com\/es\/generadores-industriales-de-gas\/","og_locale":"es_ES","og_type":"article","og_title":"Generadores industriales de gas - Quincy Compressor","og_description":"Descubre los generadores industriales de gas de Quincy Compressor. Experimenta ra\u00edces y productos americanos respaldados por m\u00e1s de un siglo de fiabilidad. \u00a1Busca un concesionario cerca de ti!","og_url":"https:\/\/www.quincycompressor.com\/es\/generadores-industriales-de-gas\/","og_site_name":"Quincy Compressor","article_modified_time":"2026-02-20T13:50:31+00:00","og_image":[{"width":691,"height":403,"url":"https:\/\/www.quincycompressor.com\/wp-content\/uploads\/2021\/04\/imageedit_3_2337862967.png","type":"image\/png"}],"twitter_card":"summary_large_image","schema":{"@context":"https:\/\/schema.org","@graph":[{"@type":"WebPage","@id":"https:\/\/www.quincycompressor.com\/es\/generadores-industriales-de-gas\/","url":"https:\/\/www.quincycompressor.com\/es\/generadores-industriales-de-gas\/","name":"Generadores industriales de gas - Quincy Compressor","isPartOf":{"@id":"https:\/\/www.quincycompressor.com\/es\/#website"},"datePublished":"2023-01-18T15:01:00+00:00","dateModified":"2026-02-20T13:50:31+00:00","description":"Descubre los generadores industriales de gas de Quincy Compressor. Experimenta ra\u00edces y productos americanos respaldados por m\u00e1s de un siglo de fiabilidad. \u00a1Busca un concesionario cerca de ti!","breadcrumb":{"@id":"https:\/\/www.quincycompressor.com\/es\/generadores-industriales-de-gas\/#breadcrumb"},"inLanguage":"es","potentialAction":[{"@type":"ReadAction","target":["https:\/\/www.quincycompressor.com\/es\/generadores-industriales-de-gas\/"]}]},{"@type":"BreadcrumbList","@id":"https:\/\/www.quincycompressor.com\/es\/generadores-industriales-de-gas\/#breadcrumb","itemListElement":[{"@type":"ListItem","position":1,"name":"Inicio","item":"https:\/\/www.quincycompressor.com\/es\/inicio\/"},{"@type":"ListItem","position":2,"name":"Generadores industriales de gas"}]},{"@type":"WebSite","@id":"https:\/\/www.quincycompressor.com\/es\/#website","url":"https:\/\/www.quincycompressor.com\/es\/","name":"Quincy Compressor","description":"Quincy Compressor is your go-to source to find knowledge and dealers with the right air compressor for your situation.","publisher":{"@id":"https:\/\/www.quincycompressor.com\/es\/#organization"},"potentialAction":[{"@type":"SearchAction","target":{"@type":"EntryPoint","urlTemplate":"https:\/\/www.quincycompressor.com\/es\/?s={search_term_string}"},"query-input":"required name=search_term_string"}],"inLanguage":"es"},{"@type":"Organization","@id":"https:\/\/www.quincycompressor.com\/es\/#organization","name":"Compresor Quincy","url":"https:\/\/www.quincycompressor.com\/es\/","logo":{"@type":"ImageObject","inLanguage":"es","@id":"https:\/\/www.quincycompressor.com\/es\/#\/schema\/logo\/image\/","url":"https:\/\/www.quincycompressor.com\/wp-content\/uploads\/2021\/04\/Quincy-Compressor-Logo-web-full.jpg","contentUrl":"https:\/\/www.quincycompressor.com\/wp-content\/uploads\/2021\/04\/Quincy-Compressor-Logo-web-full.jpg","width":293,"height":111,"caption":"Compresor Quincy"},"image":{"@id":"https:\/\/www.quincycompressor.com\/es\/#\/schema\/logo\/image\/"}}]}},"_links":{"self":[{"href":"https:\/\/www.quincycompressor.com\/es\/wp-json\/wp\/v2\/pages\/26935"}],"collection":[{"href":"https:\/\/www.quincycompressor.com\/es\/wp-json\/wp\/v2\/pages"}],"about":[{"href":"https:\/\/www.quincycompressor.com\/es\/wp-json\/wp\/v2\/types\/page"}],"author":[{"embeddable":true,"href":"https:\/\/www.quincycompressor.com\/es\/wp-json\/wp\/v2\/users\/3"}],"replies":[{"embeddable":true,"href":"https:\/\/www.quincycompressor.com\/es\/wp-json\/wp\/v2\/comments?post=26935"}],"version-history":[{"count":0,"href":"https:\/\/www.quincycompressor.com\/es\/wp-json\/wp\/v2\/pages\/26935\/revisions"}],"wp:attachment":[{"href":"https:\/\/www.quincycompressor.com\/es\/wp-json\/wp\/v2\/media?parent=26935"}],"curies":[{"name":"wp","href":"https:\/\/api.w.org\/{rel}","templated":true}]}}