{"id":26940,"date":"2020-12-01T16:54:14","date_gmt":"2020-12-01T16:54:14","guid":{"rendered":"https:\/\/www.quincycompressor.com\/hojas-de-datos-de-seguridad-sds\/"},"modified":"2026-02-03T12:32:27","modified_gmt":"2026-02-03T12:32:27","slug":"hojas-de-datos-de-seguridad-sds","status":"publish","type":"page","link":"https:\/\/www.quincycompressor.com\/es\/recursos\/hojas-de-datos-de-seguridad-sds\/","title":{"rendered":"Hojas de Datos de Seguridad (SDS)"},"content":{"rendered":"<table class=\" aligncenter safety-downloads\" style=\"width: 99.1299%; height: 841px; margin: 0px auto;\" border=\"0\">\n<tbody>\n<tr style=\"height: 56px;\">\n<td style=\"height: 56px;\" valign=\"top\"><strong>QuinSyn<\/strong><br \/>\n<a href=\"https:\/\/www.revbase.com\/tt\/sl.ashx?z=12b3cd59&amp;dataid=204459&amp;ft=1\" target=\"_blank\" rel=\"noopener noreferrer\"><img decoding=\"async\" src=\"https:\/\/www.quincycompressor.com\/wp-content\/uploads\/2011\/09\/download.gif\" alt=\"\" width=\"33\" height=\"26\"> Descargar SDS<\/a><\/td>\n<td style=\"height: 56px;\" valign=\"top\"><strong>QuinSyn C<\/strong><br \/>\n<a href=\"https:\/\/www.revbase.com\/tt\/sl.ashx?z=12b3cd59&amp;dataid=204476&amp;ft=1\" target=\"_blank\" rel=\"noopener noreferrer\"><img decoding=\"async\" src=\"https:\/\/www.quincycompressor.com\/wp-content\/uploads\/2011\/09\/download.gif\" alt=\"\" width=\"33\" height=\"26\"> Descargar SDS<\/a><\/td>\n<\/tr>\n<tr style=\"height: 56px;\">\n<td style=\"height: 56px;\" valign=\"top\"><strong>QuinSyn FG+<\/strong><br \/>\n<a href=\"https:\/\/www.revbase.com\/tt\/sl.ashx?z=12b3cd59&amp;dataid=204478&amp;ft=1\" target=\"_blank\" rel=\"noopener noreferrer\"><img decoding=\"async\" src=\"https:\/\/www.quincycompressor.com\/wp-content\/uploads\/2011\/09\/download.gif\" alt=\"\" width=\"33\" height=\"26\"> Descargar SDS<\/a><\/td>\n<td style=\"height: 56px;\" valign=\"top\"><strong>QuinSyn GL<\/strong><br \/>\n<a href=\"https:\/\/www.revbase.com\/tt\/sl.ashx?z=12b3cd59&amp;dataid=204470&amp;ft=1\" target=\"_blank\" rel=\"noopener noreferrer\"><img decoding=\"async\" src=\"https:\/\/www.quincycompressor.com\/wp-content\/uploads\/2011\/09\/download.gif\" alt=\"\" width=\"33\" height=\"26\"> Descargar SDS<\/a><\/td>\n<\/tr>\n<tr style=\"height: 56px;\">\n<td style=\"height: 56px;\" valign=\"top\"><strong>QuinSyn PG<\/strong><br \/>\n<a href=\"https:\/\/www.revbase.com\/tt\/sl.ashx?z=12b3cd59&amp;dataid=131881&amp;ft=1\" target=\"_blank\" rel=\"noopener noreferrer\"><img decoding=\"async\" src=\"https:\/\/www.quincycompressor.com\/wp-content\/uploads\/2011\/09\/download.gif\" alt=\"\" width=\"33\" height=\"26\"> Descargar SDS<\/a><\/td>\n<td style=\"height: 56px;\" valign=\"top\"><strong>QuinSyn XP<\/strong><br \/>\n<a href=\"https:\/\/www.revbase.com\/tt\/sl.ashx?z=12b3cd59&amp;dataid=204465&amp;ft=1\" target=\"_blank\" rel=\"noopener noreferrer\"><img decoding=\"async\" src=\"https:\/\/www.quincycompressor.com\/wp-content\/uploads\/2011\/09\/download.gif\" alt=\"\" width=\"33\" height=\"26\"> Descargar SDS<\/a><\/td>\n<\/tr>\n<tr style=\"height: 56px;\">\n<td style=\"height: 56px;\" valign=\"top\"><strong>QuinSyn Plus<\/strong><br \/>\n<a href=\"https:\/\/www.revbase.com\/tt\/sl.ashx?z=12b3cd59&amp;dataid=131882&amp;ft=1\" target=\"_blank\" rel=\"noopener noreferrer\"><img decoding=\"async\" src=\"https:\/\/www.quincycompressor.com\/wp-content\/uploads\/2011\/09\/download.gif\" alt=\"\" width=\"33\" height=\"26\"> Descargar SDS<\/a><\/td>\n<td style=\"height: 56px;\" valign=\"top\"><strong>QuinCip ISO 100<\/strong><br \/>\n<a href=\"https:\/\/www.revbase.com\/tt\/sl.ashx?z=12b3cd59&amp;dataid=450531&amp;ft=1\" target=\"_blank\" rel=\"noopener noreferrer\"><img decoding=\"async\" src=\"https:\/\/www.quincycompressor.com\/wp-content\/uploads\/2011\/09\/download.gif\" alt=\"\" width=\"33\" height=\"26\"> Descargar SDS<\/a><\/td>\n<\/tr>\n<tr style=\"height: 56px;\">\n<td style=\"height: 57px;\" valign=\"top\"><strong>QuinSyn Flush<\/strong><br \/>\n<a href=\"https:\/\/www.revbase.com\/tt\/sl.ashx?z=12b3cd59&amp;dataid=204462&amp;ft=1\" target=\"_blank\" rel=\"noopener noreferrer\"><img decoding=\"async\" src=\"https:\/\/www.quincycompressor.com\/wp-content\/uploads\/2011\/09\/download.gif\" alt=\"\" width=\"33\" height=\"26\"> Descargar SDS<\/a><\/td>\n<td style=\"height: 57px;\" valign=\"top\"><strong>QuinSyn Edge (2455)<\/strong><br \/>\n<a href=\"https:\/\/www.revbase.com\/tt\/sl.ashx?z=12b3cd59&amp;dataid=169252&amp;ft=1\" target=\"_blank\" rel=\"noopener noreferrer\"><img decoding=\"async\" src=\"https:\/\/www.quincycompressor.com\/wp-content\/uploads\/2011\/09\/download.gif\" alt=\"\" width=\"33\" height=\"26\"> Descargar SDS<\/a><\/td>\n<\/tr>\n<tr style=\"height: 56px;\">\n<td style=\"height: 56px;\" valign=\"top\"><strong>QuinSyn Endura<\/strong><br \/>\n<a href=\"https:\/\/www.revbase.com\/tt\/sl.ashx?z=12b3cd59&amp;dataid=169253&amp;ft=1\" target=\"_blank\" rel=\"noopener noreferrer\"><img decoding=\"async\" src=\"https:\/\/www.quincycompressor.com\/wp-content\/uploads\/2011\/09\/download.gif\" alt=\"\" width=\"33\" height=\"26\"> Descargar SDS<\/a><\/td>\n<td style=\"height: 56px;\" valign=\"top\"><strong>QuinSyn Flex<\/strong><br \/>\n<a href=\"https:\/\/www.revbase.com\/tt\/sl.ashx?z=12b3cd59&amp;dataid=169250&amp;ft=1\" target=\"_blank\" rel=\"noopener noreferrer\"><img decoding=\"async\" src=\"https:\/\/www.quincycompressor.com\/wp-content\/uploads\/2011\/09\/download.gif\" alt=\"\" width=\"33\" height=\"26\"> Descargar SDS<\/a><\/td>\n<\/tr>\n<tr style=\"height: 56px;\">\n<td style=\"height: 56px;\" valign=\"top\"><strong>QuinSyn FG46<\/strong><br \/>\n<a href=\"https:\/\/www.revbase.com\/tt\/sl.ashx?z=12b3cd59&amp;dataid=169254&amp;ft=1\" target=\"_blank\" rel=\"noopener noreferrer\"><img decoding=\"async\" src=\"https:\/\/www.quincycompressor.com\/wp-content\/uploads\/2011\/09\/download.gif\" alt=\"\" width=\"33\" height=\"26\"> Descargar SDS<\/a><\/td>\n<td style=\"height: 56px;\" valign=\"top\"><strong>QuinSyn Prime<\/strong><br \/>\n<a href=\"https:\/\/www.revbase.com\/tt\/sl.ashx?z=12b3cd59&amp;dataid=169251&amp;ft=1\" target=\"_blank\" rel=\"noopener noreferrer\"><img decoding=\"async\" src=\"https:\/\/www.quincycompressor.com\/wp-content\/uploads\/2011\/09\/download.gif\" alt=\"\" width=\"33\" height=\"26\"> Descargar SDS<\/a><\/td>\n<\/tr>\n<tr style=\"height: 56px;\">\n<td style=\"height: 56px;\" valign=\"top\"><strong>QuinSyn Recinto 30<\/strong><br \/>\n<a href=\"https:\/\/www.revbase.com\/tt\/sl.ashx?z=12b3cd59&amp;dataid=286143&amp;ft=1\" target=\"_blank\" rel=\"noopener noreferrer\"><img decoding=\"async\" src=\"https:\/\/www.quincycompressor.com\/wp-content\/uploads\/2011\/09\/download.gif\" alt=\"\" width=\"33\" height=\"26\"> Descargar SDS<\/a><\/td>\n<td style=\"height: 56px;\" valign=\"top\"><strong>QuinCip D<\/strong><br \/>\n<a href=\"https:\/\/www.revbase.com\/tt\/sl.ashx?z=12b3cd59&amp;dataid=131879&amp;ft=1\" target=\"_blank\" rel=\"noopener noreferrer\"><img decoding=\"async\" src=\"https:\/\/www.quincycompressor.com\/wp-content\/uploads\/2011\/09\/download.gif\" alt=\"\" width=\"33\" height=\"26\"> Descargar SDS<\/a><\/td>\n<\/tr>\n<tr style=\"height: 56px;\">\n<td style=\"height: 56px;\" valign=\"top\"><strong>QuinCip ISO 32<\/strong><br \/>\n<a href=\"https:\/\/www.revbase.com\/tt\/sl.ashx?z=12b3cd59&amp;dataid=131876&amp;ft=1\" target=\"_blank\" rel=\"noopener noreferrer\"><img decoding=\"async\" src=\"https:\/\/www.quincycompressor.com\/wp-content\/uploads\/2011\/09\/download.gif\" alt=\"\" width=\"33\" height=\"26\"> Descargar SDS<\/a><\/td>\n<td style=\"height: 56px;\" valign=\"top\"><strong>QuinCip ISO 68<\/strong><br \/>\n<a href=\"https:\/\/www.revbase.com\/TagTeam\/link.asp?id=E8CA47\" target=\"_blank\" rel=\"noopener noreferrer\"><img decoding=\"async\" src=\"https:\/\/www.quincycompressor.com\/wp-content\/uploads\/2011\/09\/download.gif\" alt=\"\" width=\"33\" height=\"26\"> <\/a><a href=\"https:\/\/www.revbase.com\/tt\/sl.ashx?z=12b3cd59&amp;DataID=204460&amp;ft=1\">Descargar SDS<\/a><\/td>\n<\/tr>\n<tr style=\"height: 56px;\">\n<td style=\"height: 56px;\" valign=\"top\"><strong>QuinSyn NG 68<\/strong><br \/>\n<a href=\"https:\/\/www.revbase.com\/tt\/sl.ashx?z=12b3cd59&amp;DataID=1791539&amp;ft=1\" target=\"_blank\" rel=\"noopener noreferrer\"><img decoding=\"async\" src=\"https:\/\/www.quincycompressor.com\/wp-content\/uploads\/2011\/09\/download.gif\" alt=\"\" width=\"33\" height=\"26\"> Descargar SDS<\/a><\/td>\n<td style=\"height: 56px;\" valign=\"top\"><strong>QuinSyn NG 100<\/strong><br \/>\n<a href=\"https:\/\/www.revbase.com\/tt\/sl.ashx?z=12b3cd59&amp;dataid=286141&amp;ft=1\" target=\"_blank\" rel=\"noopener noreferrer\"><img decoding=\"async\" src=\"https:\/\/www.quincycompressor.com\/wp-content\/uploads\/2011\/09\/download.gif\" alt=\"\" width=\"33\" height=\"26\"> Descargar SDS<\/a><\/td>\n<\/tr>\n<tr style=\"height: 56px;\">\n<td style=\"height: 56px;\" valign=\"top\"><strong>Desecante<\/strong><br \/>\n QuinCip<a href=\"https:\/\/www.quincycompressor.com\/wp-content\/uploads\/2012\/01\/qsorb.pdf\" target=\"_blank\" rel=\"noopener noreferrer\"><img decoding=\"async\" src=\"https:\/\/www.quincycompressor.com\/wp-content\/uploads\/2011\/09\/download.gif\" alt=\"\" width=\"33\" height=\"26\"> Descargar SDS<\/a><\/td>\n<td style=\"height: 56px;\" valign=\"top\"><strong>QSORB<\/strong><br \/>\n<a href=\"https:\/\/www.revbase.com\/tt\/sl.ashx?z=12b3cd59&amp;dataid=204471&amp;ft=1\" target=\"_blank\" rel=\"noopener noreferrer\"><img decoding=\"async\" src=\"https:\/\/www.quincycompressor.com\/wp-content\/uploads\/2011\/09\/download.gif\" alt=\"\" width=\"33\" height=\"26\"> Descargar SDS<\/a><\/td>\n<\/tr>\n<tr style=\"height: 56px;\">\n<td style=\"height: 56px;\" valign=\"top\"><strong>QuinSyn Recep 20W<\/strong><br \/>\n<a href=\"https:\/\/www.revbase.com\/tt\/sl.ashx?z=12b3cd59&amp;DataID=286142&amp;ft=1\" target=\"_blank\" rel=\"noopener noreferrer\"><img decoding=\"async\" src=\"https:\/\/www.quincycompressor.com\/wp-content\/uploads\/2011\/09\/download.gif\" alt=\"\" width=\"33\" height=\"26\"><\/a> <a href=\"https:\/\/www.revbase.com\/tt\/sl.ashx?z=12b3cd59&amp;DataID=2100877&amp;ft=1\" target=\"_blank\" rel=\"noopener noreferrer\">Descargar SDS<\/a><\/td>\n<td style=\"height: 56px;\" valign=\"top\"><strong>Quincip ISO 150<\/strong><br \/>\n<a href=\"https:\/\/www.revbase.com\/tt\/sl.ashx?z=12b3cd59&amp;DataID=521786&amp;ft=1\" target=\"_blank\" rel=\"noopener noreferrer\"><img decoding=\"async\" src=\"https:\/\/www.quincycompressor.com\/wp-content\/uploads\/2011\/09\/download.gif\" alt=\"\" width=\"33\" height=\"26\"> Descargar SDS<\/a><\/td>\n<\/tr>\n<tr style=\"height: 56px;\">\n<td style=\"height: 56px;\" valign=\"top\"><strong>QuinSyn OF<\/strong><br \/>\n<a href=\"https:\/\/www.revbase.com\/tt\/sl.ashx?z=12b3cd59&amp;DataID=286142&amp;ft=1\" target=\"_blank\" rel=\"noopener noreferrer\"><img decoding=\"async\" src=\"https:\/\/www.quincycompressor.com\/wp-content\/uploads\/2011\/09\/download.gif\" alt=\"\" width=\"33\" height=\"26\"><\/a> <a href=\"https:\/\/www.revbase.com\/tt\/sl.ashx?z=12b3cd59&amp;DataID=9034787&amp;ft=1\">Descargar<\/a><\/td>\n<td style=\"height: 56px;\" valign=\"top\"><strong>Descarga de la Carta<\/strong><br \/>\n<a href=\"https:\/\/www.revbase.com\/tt\/sl.ashx?z=12b3cd59&amp;DataID=482730&amp;ft=1\" target=\"_blank\" rel=\"noopener noreferrer\"><img decoding=\"async\" src=\"https:\/\/www.quincycompressor.com\/wp-content\/uploads\/2011\/09\/download.gif\" alt=\"\" width=\"33\" height=\"26\"><\/a> Kosher<\/td>\n<\/tr>\n<tr style=\"height: 56px;\">\n<td style=\"height: 56px;\" valign=\"top\">Declaraci\u00f3n<br \/>\n<a href=\"https:\/\/www.revbase.com\/tt\/sl.ashx?z=12b3cd59&amp;DataID=286142&amp;ft=1\" target=\"_blank\" rel=\"noopener noreferrer\"><img decoding=\"async\" src=\"https:\/\/www.quincycompressor.com\/wp-content\/uploads\/2011\/09\/download.gif\" alt=\"\" width=\"33\" height=\"26\"><\/a> de <strong>al\u00e9rgenos alimentarios de QuinSyn <\/strong> <a href=\"https:\/\/www.revbase.com\/tt\/sl.ashx?z=12b3cd59&amp;DataID=5344686&amp;ft=1\" target=\"_blank\" rel=\"noopener noreferrer\">Descargar<\/a><\/td>\n<td style=\"height: 56px;\" valign=\"top\">Certificado<br \/>\n<a href=\"https:\/\/www.revbase.com\/tt\/sl.ashx?z=12b3cd59&amp;DataID=286142&amp;ft=1\" target=\"_blank\" rel=\"noopener noreferrer\"><img decoding=\"async\" src=\"https:\/\/www.quincycompressor.com\/wp-content\/uploads\/2011\/09\/download.gif\" alt=\"\" width=\"33\" height=\"26\"><\/a> de <strong>Producto Halal QuinSyn<\/strong> <a href=\"https:\/\/www.revbase.com\/tt\/sl.ashx?z=12b3cd59&amp;DataID=5154021&amp;ft=1\">Descargar<\/a><\/td>\n<\/tr>\n<tr style=\"height: 56px;\">\n<td style=\"height: 56px;\" valign=\"top\">Declaraci\u00f3n<br \/>\n<a href=\"https:\/\/www.revbase.com\/tt\/sl.ashx?z=12b3cd59&amp;DataID=286142&amp;ft=1\" target=\"_blank\" rel=\"noopener noreferrer\"><img decoding=\"async\" src=\"https:\/\/www.quincycompressor.com\/wp-content\/uploads\/2011\/09\/download.gif\" alt=\"\" width=\"33\" height=\"26\"><\/a> de <strong>al\u00e9rgenos alimentarios de QuinSyn FG+ <\/strong> <a href=\"https:\/\/www.revbase.com\/tt\/sl.ashx?z=12b3cd59&amp;DataID=9443812&amp;ft=1\">Descargar<\/a><\/td>\n<td style=\"height: 56px;\" valign=\"top\">Certificado<br \/>\n<img decoding=\"async\" src=\"https:\/\/www.quincycompressor.com\/wp-content\/uploads\/2011\/09\/download.gif\" alt=\"\" width=\"33\" height=\"26\"> de <strong>producto QuinSyn FG+ Halal<\/strong> <a href=\"https:\/\/www.revbase.com\/tt\/sl.ashx?z=12b3cd59&amp;DataID=9447107&amp;ft=1\">Descargar<\/a><\/td>\n<\/tr>\n<\/tbody>\n<\/table>\n<p>&nbsp;<\/p>\n<p>&nbsp;<\/p>\n","protected":false},"excerpt":{"rendered":"<p>QuinSyn Descargar SDS QuinSyn C Descargar SDS QuinSyn FG+ Descargar SDS QuinSyn GL Descargar SDS QuinSyn PG Descargar SDS QuinSyn XP Descargar SDS QuinSyn Plus Descargar SDS QuinCip ISO 100 Descargar SDS QuinSyn Flush Descargar SDS QuinSyn Edge (2455) Descargar SDS QuinSyn Endura Descargar SDS QuinSyn Flex Descargar SDS QuinSyn FG46 Descargar SDS QuinSyn Prime [&hellip;]<\/p>\n","protected":false},"author":5,"featured_media":0,"parent":27131,"menu_order":0,"comment_status":"closed","ping_status":"closed","template":"","meta":{"_acf_changed":false,"inline_featured_image":false,"footnotes":""},"acf":[],"yoast_head":"<!-- This site is optimized with the Yoast SEO plugin v22.9 - https:\/\/yoast.com\/wordpress\/plugins\/seo\/ -->\n<title>Fichas de seguridad y datos del compresor de aire<\/title>\n<meta name=\"description\" content=\"Inf\u00f3rmate m\u00e1s sobre las caracter\u00edsticas de seguridad y las especificaciones de cada uno de los productos de Quincy Compressors. \u00a1Descarga hoy nuestras fichas de datos de seguridad!\" \/>\n<meta name=\"robots\" content=\"index, follow, max-snippet:-1, max-image-preview:large, max-video-preview:-1\" \/>\n<link rel=\"canonical\" href=\"https:\/\/www.quincycompressor.com\/es\/recursos\/hojas-de-datos-de-seguridad-sds\/\" \/>\n<meta property=\"og:locale\" content=\"es_ES\" \/>\n<meta property=\"og:type\" content=\"article\" \/>\n<meta property=\"og:title\" content=\"Fichas de seguridad y datos del compresor de aire\" \/>\n<meta property=\"og:description\" content=\"Inf\u00f3rmate m\u00e1s sobre las caracter\u00edsticas de seguridad y las especificaciones de cada uno de los productos de Quincy Compressors. \u00a1Descarga hoy nuestras fichas de datos de seguridad!\" \/>\n<meta property=\"og:url\" content=\"https:\/\/www.quincycompressor.com\/es\/recursos\/hojas-de-datos-de-seguridad-sds\/\" \/>\n<meta property=\"og:site_name\" content=\"Quincy Compressor\" \/>\n<meta property=\"article:modified_time\" content=\"2026-02-03T12:32:27+00:00\" \/>\n<meta property=\"og:image\" content=\"https:\/\/www.quincycompressor.com\/wp-content\/uploads\/2011\/09\/download.gif\" \/>\n<meta name=\"twitter:card\" content=\"summary_large_image\" \/>\n<meta name=\"twitter:label1\" content=\"Tiempo de lectura\" \/>\n\t<meta name=\"twitter:data1\" content=\"1 minuto\" \/>\n<script type=\"application\/ld+json\" class=\"yoast-schema-graph\">{\"@context\":\"https:\/\/schema.org\",\"@graph\":[{\"@type\":\"WebPage\",\"@id\":\"https:\/\/www.quincycompressor.com\/es\/recursos\/hojas-de-datos-de-seguridad-sds\/\",\"url\":\"https:\/\/www.quincycompressor.com\/es\/recursos\/hojas-de-datos-de-seguridad-sds\/\",\"name\":\"Fichas de seguridad y datos del compresor de aire\",\"isPartOf\":{\"@id\":\"https:\/\/www.quincycompressor.com\/es\/#website\"},\"primaryImageOfPage\":{\"@id\":\"https:\/\/www.quincycompressor.com\/es\/recursos\/hojas-de-datos-de-seguridad-sds\/#primaryimage\"},\"image\":{\"@id\":\"https:\/\/www.quincycompressor.com\/es\/recursos\/hojas-de-datos-de-seguridad-sds\/#primaryimage\"},\"thumbnailUrl\":\"https:\/\/www.quincycompressor.com\/wp-content\/uploads\/2011\/09\/download.gif\",\"datePublished\":\"2020-12-01T16:54:14+00:00\",\"dateModified\":\"2026-02-03T12:32:27+00:00\",\"description\":\"Inf\u00f3rmate m\u00e1s sobre las caracter\u00edsticas de seguridad y las especificaciones de cada uno de los productos de Quincy Compressors. \u00a1Descarga hoy nuestras fichas de datos de seguridad!\",\"breadcrumb\":{\"@id\":\"https:\/\/www.quincycompressor.com\/es\/recursos\/hojas-de-datos-de-seguridad-sds\/#breadcrumb\"},\"inLanguage\":\"es\",\"potentialAction\":[{\"@type\":\"ReadAction\",\"target\":[\"https:\/\/www.quincycompressor.com\/es\/recursos\/hojas-de-datos-de-seguridad-sds\/\"]}]},{\"@type\":\"ImageObject\",\"inLanguage\":\"es\",\"@id\":\"https:\/\/www.quincycompressor.com\/es\/recursos\/hojas-de-datos-de-seguridad-sds\/#primaryimage\",\"url\":\"https:\/\/www.quincycompressor.com\/wp-content\/uploads\/2011\/09\/download.gif\",\"contentUrl\":\"https:\/\/www.quincycompressor.com\/wp-content\/uploads\/2011\/09\/download.gif\"},{\"@type\":\"BreadcrumbList\",\"@id\":\"https:\/\/www.quincycompressor.com\/es\/recursos\/hojas-de-datos-de-seguridad-sds\/#breadcrumb\",\"itemListElement\":[{\"@type\":\"ListItem\",\"position\":1,\"name\":\"Inicio\",\"item\":\"https:\/\/www.quincycompressor.com\/es\/inicio\/\"},{\"@type\":\"ListItem\",\"position\":2,\"name\":\"Recursos\",\"item\":\"https:\/\/www.quincycompressor.com\/es\/recursos\/\"},{\"@type\":\"ListItem\",\"position\":3,\"name\":\"Hojas de Datos de Seguridad (SDS)\"}]},{\"@type\":\"WebSite\",\"@id\":\"https:\/\/www.quincycompressor.com\/es\/#website\",\"url\":\"https:\/\/www.quincycompressor.com\/es\/\",\"name\":\"Quincy Compressor\",\"description\":\"Quincy Compressor is your go-to source to find knowledge and dealers with the right air compressor for your situation.\",\"publisher\":{\"@id\":\"https:\/\/www.quincycompressor.com\/es\/#organization\"},\"potentialAction\":[{\"@type\":\"SearchAction\",\"target\":{\"@type\":\"EntryPoint\",\"urlTemplate\":\"https:\/\/www.quincycompressor.com\/es\/?s={search_term_string}\"},\"query-input\":\"required name=search_term_string\"}],\"inLanguage\":\"es\"},{\"@type\":\"Organization\",\"@id\":\"https:\/\/www.quincycompressor.com\/es\/#organization\",\"name\":\"Compresor Quincy\",\"url\":\"https:\/\/www.quincycompressor.com\/es\/\",\"logo\":{\"@type\":\"ImageObject\",\"inLanguage\":\"es\",\"@id\":\"https:\/\/www.quincycompressor.com\/es\/#\/schema\/logo\/image\/\",\"url\":\"https:\/\/www.quincycompressor.com\/wp-content\/uploads\/2021\/04\/Quincy-Compressor-Logo-web-full.jpg\",\"contentUrl\":\"https:\/\/www.quincycompressor.com\/wp-content\/uploads\/2021\/04\/Quincy-Compressor-Logo-web-full.jpg\",\"width\":293,\"height\":111,\"caption\":\"Compresor Quincy\"},\"image\":{\"@id\":\"https:\/\/www.quincycompressor.com\/es\/#\/schema\/logo\/image\/\"}}]}<\/script>\n<!-- \/ Yoast SEO plugin. -->","yoast_head_json":{"title":"Fichas de seguridad y datos del compresor de aire","description":"Inf\u00f3rmate m\u00e1s sobre las caracter\u00edsticas de seguridad y las especificaciones de cada uno de los productos de Quincy Compressors. \u00a1Descarga hoy nuestras fichas de datos de seguridad!","robots":{"index":"index","follow":"follow","max-snippet":"max-snippet:-1","max-image-preview":"max-image-preview:large","max-video-preview":"max-video-preview:-1"},"canonical":"https:\/\/www.quincycompressor.com\/es\/recursos\/hojas-de-datos-de-seguridad-sds\/","og_locale":"es_ES","og_type":"article","og_title":"Fichas de seguridad y datos del compresor de aire","og_description":"Inf\u00f3rmate m\u00e1s sobre las caracter\u00edsticas de seguridad y las especificaciones de cada uno de los productos de Quincy Compressors. \u00a1Descarga hoy nuestras fichas de datos de seguridad!","og_url":"https:\/\/www.quincycompressor.com\/es\/recursos\/hojas-de-datos-de-seguridad-sds\/","og_site_name":"Quincy Compressor","article_modified_time":"2026-02-03T12:32:27+00:00","og_image":[{"url":"https:\/\/www.quincycompressor.com\/wp-content\/uploads\/2011\/09\/download.gif"}],"twitter_card":"summary_large_image","twitter_misc":{"Tiempo de lectura":"1 minuto"},"schema":{"@context":"https:\/\/schema.org","@graph":[{"@type":"WebPage","@id":"https:\/\/www.quincycompressor.com\/es\/recursos\/hojas-de-datos-de-seguridad-sds\/","url":"https:\/\/www.quincycompressor.com\/es\/recursos\/hojas-de-datos-de-seguridad-sds\/","name":"Fichas de seguridad y datos del compresor de aire","isPartOf":{"@id":"https:\/\/www.quincycompressor.com\/es\/#website"},"primaryImageOfPage":{"@id":"https:\/\/www.quincycompressor.com\/es\/recursos\/hojas-de-datos-de-seguridad-sds\/#primaryimage"},"image":{"@id":"https:\/\/www.quincycompressor.com\/es\/recursos\/hojas-de-datos-de-seguridad-sds\/#primaryimage"},"thumbnailUrl":"https:\/\/www.quincycompressor.com\/wp-content\/uploads\/2011\/09\/download.gif","datePublished":"2020-12-01T16:54:14+00:00","dateModified":"2026-02-03T12:32:27+00:00","description":"Inf\u00f3rmate m\u00e1s sobre las caracter\u00edsticas de seguridad y las especificaciones de cada uno de los productos de Quincy Compressors. \u00a1Descarga hoy nuestras fichas de datos de seguridad!","breadcrumb":{"@id":"https:\/\/www.quincycompressor.com\/es\/recursos\/hojas-de-datos-de-seguridad-sds\/#breadcrumb"},"inLanguage":"es","potentialAction":[{"@type":"ReadAction","target":["https:\/\/www.quincycompressor.com\/es\/recursos\/hojas-de-datos-de-seguridad-sds\/"]}]},{"@type":"ImageObject","inLanguage":"es","@id":"https:\/\/www.quincycompressor.com\/es\/recursos\/hojas-de-datos-de-seguridad-sds\/#primaryimage","url":"https:\/\/www.quincycompressor.com\/wp-content\/uploads\/2011\/09\/download.gif","contentUrl":"https:\/\/www.quincycompressor.com\/wp-content\/uploads\/2011\/09\/download.gif"},{"@type":"BreadcrumbList","@id":"https:\/\/www.quincycompressor.com\/es\/recursos\/hojas-de-datos-de-seguridad-sds\/#breadcrumb","itemListElement":[{"@type":"ListItem","position":1,"name":"Inicio","item":"https:\/\/www.quincycompressor.com\/es\/inicio\/"},{"@type":"ListItem","position":2,"name":"Recursos","item":"https:\/\/www.quincycompressor.com\/es\/recursos\/"},{"@type":"ListItem","position":3,"name":"Hojas de Datos de Seguridad (SDS)"}]},{"@type":"WebSite","@id":"https:\/\/www.quincycompressor.com\/es\/#website","url":"https:\/\/www.quincycompressor.com\/es\/","name":"Quincy Compressor","description":"Quincy Compressor is your go-to source to find knowledge and dealers with the right air compressor for your situation.","publisher":{"@id":"https:\/\/www.quincycompressor.com\/es\/#organization"},"potentialAction":[{"@type":"SearchAction","target":{"@type":"EntryPoint","urlTemplate":"https:\/\/www.quincycompressor.com\/es\/?s={search_term_string}"},"query-input":"required name=search_term_string"}],"inLanguage":"es"},{"@type":"Organization","@id":"https:\/\/www.quincycompressor.com\/es\/#organization","name":"Compresor Quincy","url":"https:\/\/www.quincycompressor.com\/es\/","logo":{"@type":"ImageObject","inLanguage":"es","@id":"https:\/\/www.quincycompressor.com\/es\/#\/schema\/logo\/image\/","url":"https:\/\/www.quincycompressor.com\/wp-content\/uploads\/2021\/04\/Quincy-Compressor-Logo-web-full.jpg","contentUrl":"https:\/\/www.quincycompressor.com\/wp-content\/uploads\/2021\/04\/Quincy-Compressor-Logo-web-full.jpg","width":293,"height":111,"caption":"Compresor Quincy"},"image":{"@id":"https:\/\/www.quincycompressor.com\/es\/#\/schema\/logo\/image\/"}}]}},"_links":{"self":[{"href":"https:\/\/www.quincycompressor.com\/es\/wp-json\/wp\/v2\/pages\/26940"}],"collection":[{"href":"https:\/\/www.quincycompressor.com\/es\/wp-json\/wp\/v2\/pages"}],"about":[{"href":"https:\/\/www.quincycompressor.com\/es\/wp-json\/wp\/v2\/types\/page"}],"author":[{"embeddable":true,"href":"https:\/\/www.quincycompressor.com\/es\/wp-json\/wp\/v2\/users\/5"}],"replies":[{"embeddable":true,"href":"https:\/\/www.quincycompressor.com\/es\/wp-json\/wp\/v2\/comments?post=26940"}],"version-history":[{"count":0,"href":"https:\/\/www.quincycompressor.com\/es\/wp-json\/wp\/v2\/pages\/26940\/revisions"}],"up":[{"embeddable":true,"href":"https:\/\/www.quincycompressor.com\/es\/wp-json\/wp\/v2\/pages\/27131"}],"wp:attachment":[{"href":"https:\/\/www.quincycompressor.com\/es\/wp-json\/wp\/v2\/media?parent=26940"}],"curies":[{"name":"wp","href":"https:\/\/api.w.org\/{rel}","templated":true}]}}