{"id":26948,"date":"2020-12-02T07:09:28","date_gmt":"2020-12-02T07:09:28","guid":{"rendered":"https:\/\/www.quincycompressor.com\/compresores-de-gas-natural\/"},"modified":"2026-02-20T13:50:18","modified_gmt":"2026-02-20T13:50:18","slug":"compresores-de-gas-natural","status":"publish","type":"page","link":"https:\/\/www.quincycompressor.com\/es\/productos\/compresores-de-gas-natural\/","title":{"rendered":"Compresores de gas natural"},"content":{"rendered":"<p>Un compresor de gas natural aumenta la presi\u00f3n de un gas reduciendo su volumen. El gas natural entra en el cilindro a trav\u00e9s de las v\u00e1lvulas de admisi\u00f3n, donde se comprime y se expulsa a trav\u00e9s de v\u00e1lvulas de descarga. Un <a href=\"https:\/\/www.quincycompressor.com\/es\/blog-es\/guia-de-compresores-de-gas-natural\/\">compresor de aire de gas<\/a> es una forma de compresor de gas natural que se utiliza en una amplia variedad de <a href=\"https:\/\/www.quincycompressor.com\/es\/online-guides\/la-evolucion-del-aire-comprimido-un-elemento-esencial-para-la-industria\/capitulo-4-industria-del-gas-natural-y-aire-comprimido\/\">aplicaciones industriales<\/a> donde se requieren alta presi\u00f3n o vol\u00famenes menores de gas. Ejemplos incluyen:   <\/p>\n<ul>\n<li><strong>Refiner\u00edas de petr\u00f3leo, plantas de procesamiento de gas natural y plantas qu\u00edmicas:<\/strong> Utilizado para la compresi\u00f3n de gases intermedios y de producto final<\/li>\n<li><strong>Fabricaci\u00f3n y construcci\u00f3n industrial: <\/strong>Proporciona aire comprimido que alimenta diversas herramientas y equipos neum\u00e1ticos<\/li>\n<li><strong>Oleoductos: <\/strong>Transporte de gas natural desde el lugar de producci\u00f3n hasta el usuario final<\/li>\n<\/ul>\n<p style=\"text-align: center;\"><a class=\"btn btn-primary\" href=\"https:\/\/www.quincycompressor.com\/es\/localizador-de-ventas-y-servicio\/\">Encuentra un concesionario local<\/a><\/p>\n","protected":false},"excerpt":{"rendered":"<p>Un compresor de gas natural aumenta la presi\u00f3n de un gas reduciendo su volumen. El gas natural entra en el cilindro a trav\u00e9s de las v\u00e1lvulas de admisi\u00f3n, donde se comprime y se expulsa a trav\u00e9s de v\u00e1lvulas de descarga. Un compresor de aire de gas es una forma de compresor de gas natural que [&hellip;]<\/p>\n","protected":false},"author":5,"featured_media":26952,"parent":27175,"menu_order":0,"comment_status":"closed","ping_status":"closed","template":"","meta":{"_acf_changed":false,"inline_featured_image":false,"footnotes":""},"acf":[],"yoast_head":"<!-- This site is optimized with the Yoast SEO plugin v22.9 - https:\/\/yoast.com\/wordpress\/plugins\/seo\/ -->\n<title>Compresores de aire de gas natural | Compresor Quincy<\/title>\n<meta name=\"description\" content=\"Quincy Compressor ofrece compresores de aire de gas natural fiables. Descubre la ingenier\u00eda de ra\u00edces americana, respaldada por m\u00e1s de un siglo de fiabilidad.\" \/>\n<meta name=\"robots\" content=\"index, follow, max-snippet:-1, max-image-preview:large, max-video-preview:-1\" \/>\n<link rel=\"canonical\" href=\"https:\/\/www.quincycompressor.com\/es\/productos\/compresores-de-gas-natural\/\" \/>\n<meta property=\"og:locale\" content=\"es_ES\" \/>\n<meta property=\"og:type\" content=\"article\" \/>\n<meta property=\"og:title\" content=\"Compresores de aire de gas natural | Compresor Quincy\" \/>\n<meta property=\"og:description\" content=\"Quincy Compressor ofrece compresores de aire de gas natural fiables. Descubre la ingenier\u00eda de ra\u00edces americana, respaldada por m\u00e1s de un siglo de fiabilidad.\" \/>\n<meta property=\"og:url\" content=\"https:\/\/www.quincycompressor.com\/es\/productos\/compresores-de-gas-natural\/\" \/>\n<meta property=\"og:site_name\" content=\"Quincy Compressor\" \/>\n<meta property=\"article:modified_time\" content=\"2026-02-20T13:50:18+00:00\" \/>\n<meta property=\"og:image\" content=\"https:\/\/www.quincycompressor.com\/wp-content\/uploads\/2020\/12\/Natural-Gas-QRNG-370-1-1.png\" \/>\n\t<meta property=\"og:image:width\" content=\"590\" \/>\n\t<meta property=\"og:image:height\" content=\"735\" \/>\n\t<meta property=\"og:image:type\" content=\"image\/png\" \/>\n<meta name=\"twitter:card\" content=\"summary_large_image\" \/>\n<meta name=\"twitter:label1\" content=\"Tiempo de lectura\" \/>\n\t<meta name=\"twitter:data1\" content=\"1 minuto\" \/>\n<script type=\"application\/ld+json\" class=\"yoast-schema-graph\">{\"@context\":\"https:\/\/schema.org\",\"@graph\":[{\"@type\":\"WebPage\",\"@id\":\"https:\/\/www.quincycompressor.com\/es\/productos\/compresores-de-gas-natural\/\",\"url\":\"https:\/\/www.quincycompressor.com\/es\/productos\/compresores-de-gas-natural\/\",\"name\":\"Compresores de aire de gas natural | Compresor Quincy\",\"isPartOf\":{\"@id\":\"https:\/\/www.quincycompressor.com\/es\/#website\"},\"primaryImageOfPage\":{\"@id\":\"https:\/\/www.quincycompressor.com\/es\/productos\/compresores-de-gas-natural\/#primaryimage\"},\"image\":{\"@id\":\"https:\/\/www.quincycompressor.com\/es\/productos\/compresores-de-gas-natural\/#primaryimage\"},\"thumbnailUrl\":\"https:\/\/www.quincycompressor.com\/wp-content\/uploads\/2020\/12\/Natural-Gas-QRNG-370-1-1.png\",\"datePublished\":\"2020-12-02T07:09:28+00:00\",\"dateModified\":\"2026-02-20T13:50:18+00:00\",\"description\":\"Quincy Compressor ofrece compresores de aire de gas natural fiables. Descubre la ingenier\u00eda de ra\u00edces americana, respaldada por m\u00e1s de un siglo de fiabilidad.\",\"breadcrumb\":{\"@id\":\"https:\/\/www.quincycompressor.com\/es\/productos\/compresores-de-gas-natural\/#breadcrumb\"},\"inLanguage\":\"es\",\"potentialAction\":[{\"@type\":\"ReadAction\",\"target\":[\"https:\/\/www.quincycompressor.com\/es\/productos\/compresores-de-gas-natural\/\"]}]},{\"@type\":\"ImageObject\",\"inLanguage\":\"es\",\"@id\":\"https:\/\/www.quincycompressor.com\/es\/productos\/compresores-de-gas-natural\/#primaryimage\",\"url\":\"https:\/\/www.quincycompressor.com\/wp-content\/uploads\/2020\/12\/Natural-Gas-QRNG-370-1-1.png\",\"contentUrl\":\"https:\/\/www.quincycompressor.com\/wp-content\/uploads\/2020\/12\/Natural-Gas-QRNG-370-1-1.png\",\"width\":590,\"height\":735,\"caption\":\"Compresor de gas natural alternativo QRNG\"},{\"@type\":\"BreadcrumbList\",\"@id\":\"https:\/\/www.quincycompressor.com\/es\/productos\/compresores-de-gas-natural\/#breadcrumb\",\"itemListElement\":[{\"@type\":\"ListItem\",\"position\":1,\"name\":\"Inicio\",\"item\":\"https:\/\/www.quincycompressor.com\/es\/inicio\/\"},{\"@type\":\"ListItem\",\"position\":2,\"name\":\"Productos\",\"item\":\"https:\/\/www.quincycompressor.com\/es\/productos\/\"},{\"@type\":\"ListItem\",\"position\":3,\"name\":\"Compresores de gas natural\"}]},{\"@type\":\"WebSite\",\"@id\":\"https:\/\/www.quincycompressor.com\/es\/#website\",\"url\":\"https:\/\/www.quincycompressor.com\/es\/\",\"name\":\"Quincy Compressor\",\"description\":\"Quincy Compressor is your go-to source to find knowledge and dealers with the right air compressor for your situation.\",\"publisher\":{\"@id\":\"https:\/\/www.quincycompressor.com\/es\/#organization\"},\"potentialAction\":[{\"@type\":\"SearchAction\",\"target\":{\"@type\":\"EntryPoint\",\"urlTemplate\":\"https:\/\/www.quincycompressor.com\/es\/?s={search_term_string}\"},\"query-input\":\"required name=search_term_string\"}],\"inLanguage\":\"es\"},{\"@type\":\"Organization\",\"@id\":\"https:\/\/www.quincycompressor.com\/es\/#organization\",\"name\":\"Compresor Quincy\",\"url\":\"https:\/\/www.quincycompressor.com\/es\/\",\"logo\":{\"@type\":\"ImageObject\",\"inLanguage\":\"es\",\"@id\":\"https:\/\/www.quincycompressor.com\/es\/#\/schema\/logo\/image\/\",\"url\":\"https:\/\/www.quincycompressor.com\/wp-content\/uploads\/2021\/04\/Quincy-Compressor-Logo-web-full.jpg\",\"contentUrl\":\"https:\/\/www.quincycompressor.com\/wp-content\/uploads\/2021\/04\/Quincy-Compressor-Logo-web-full.jpg\",\"width\":293,\"height\":111,\"caption\":\"Compresor Quincy\"},\"image\":{\"@id\":\"https:\/\/www.quincycompressor.com\/es\/#\/schema\/logo\/image\/\"}}]}<\/script>\n<!-- \/ Yoast SEO plugin. -->","yoast_head_json":{"title":"Compresores de aire de gas natural | Compresor Quincy","description":"Quincy Compressor ofrece compresores de aire de gas natural fiables. Descubre la ingenier\u00eda de ra\u00edces americana, respaldada por m\u00e1s de un siglo de fiabilidad.","robots":{"index":"index","follow":"follow","max-snippet":"max-snippet:-1","max-image-preview":"max-image-preview:large","max-video-preview":"max-video-preview:-1"},"canonical":"https:\/\/www.quincycompressor.com\/es\/productos\/compresores-de-gas-natural\/","og_locale":"es_ES","og_type":"article","og_title":"Compresores de aire de gas natural | Compresor Quincy","og_description":"Quincy Compressor ofrece compresores de aire de gas natural fiables. Descubre la ingenier\u00eda de ra\u00edces americana, respaldada por m\u00e1s de un siglo de fiabilidad.","og_url":"https:\/\/www.quincycompressor.com\/es\/productos\/compresores-de-gas-natural\/","og_site_name":"Quincy Compressor","article_modified_time":"2026-02-20T13:50:18+00:00","og_image":[{"width":590,"height":735,"url":"https:\/\/www.quincycompressor.com\/wp-content\/uploads\/2020\/12\/Natural-Gas-QRNG-370-1-1.png","type":"image\/png"}],"twitter_card":"summary_large_image","twitter_misc":{"Tiempo de lectura":"1 minuto"},"schema":{"@context":"https:\/\/schema.org","@graph":[{"@type":"WebPage","@id":"https:\/\/www.quincycompressor.com\/es\/productos\/compresores-de-gas-natural\/","url":"https:\/\/www.quincycompressor.com\/es\/productos\/compresores-de-gas-natural\/","name":"Compresores de aire de gas natural | Compresor Quincy","isPartOf":{"@id":"https:\/\/www.quincycompressor.com\/es\/#website"},"primaryImageOfPage":{"@id":"https:\/\/www.quincycompressor.com\/es\/productos\/compresores-de-gas-natural\/#primaryimage"},"image":{"@id":"https:\/\/www.quincycompressor.com\/es\/productos\/compresores-de-gas-natural\/#primaryimage"},"thumbnailUrl":"https:\/\/www.quincycompressor.com\/wp-content\/uploads\/2020\/12\/Natural-Gas-QRNG-370-1-1.png","datePublished":"2020-12-02T07:09:28+00:00","dateModified":"2026-02-20T13:50:18+00:00","description":"Quincy Compressor ofrece compresores de aire de gas natural fiables. Descubre la ingenier\u00eda de ra\u00edces americana, respaldada por m\u00e1s de un siglo de fiabilidad.","breadcrumb":{"@id":"https:\/\/www.quincycompressor.com\/es\/productos\/compresores-de-gas-natural\/#breadcrumb"},"inLanguage":"es","potentialAction":[{"@type":"ReadAction","target":["https:\/\/www.quincycompressor.com\/es\/productos\/compresores-de-gas-natural\/"]}]},{"@type":"ImageObject","inLanguage":"es","@id":"https:\/\/www.quincycompressor.com\/es\/productos\/compresores-de-gas-natural\/#primaryimage","url":"https:\/\/www.quincycompressor.com\/wp-content\/uploads\/2020\/12\/Natural-Gas-QRNG-370-1-1.png","contentUrl":"https:\/\/www.quincycompressor.com\/wp-content\/uploads\/2020\/12\/Natural-Gas-QRNG-370-1-1.png","width":590,"height":735,"caption":"Compresor de gas natural alternativo QRNG"},{"@type":"BreadcrumbList","@id":"https:\/\/www.quincycompressor.com\/es\/productos\/compresores-de-gas-natural\/#breadcrumb","itemListElement":[{"@type":"ListItem","position":1,"name":"Inicio","item":"https:\/\/www.quincycompressor.com\/es\/inicio\/"},{"@type":"ListItem","position":2,"name":"Productos","item":"https:\/\/www.quincycompressor.com\/es\/productos\/"},{"@type":"ListItem","position":3,"name":"Compresores de gas natural"}]},{"@type":"WebSite","@id":"https:\/\/www.quincycompressor.com\/es\/#website","url":"https:\/\/www.quincycompressor.com\/es\/","name":"Quincy Compressor","description":"Quincy Compressor is your go-to source to find knowledge and dealers with the right air compressor for your situation.","publisher":{"@id":"https:\/\/www.quincycompressor.com\/es\/#organization"},"potentialAction":[{"@type":"SearchAction","target":{"@type":"EntryPoint","urlTemplate":"https:\/\/www.quincycompressor.com\/es\/?s={search_term_string}"},"query-input":"required name=search_term_string"}],"inLanguage":"es"},{"@type":"Organization","@id":"https:\/\/www.quincycompressor.com\/es\/#organization","name":"Compresor Quincy","url":"https:\/\/www.quincycompressor.com\/es\/","logo":{"@type":"ImageObject","inLanguage":"es","@id":"https:\/\/www.quincycompressor.com\/es\/#\/schema\/logo\/image\/","url":"https:\/\/www.quincycompressor.com\/wp-content\/uploads\/2021\/04\/Quincy-Compressor-Logo-web-full.jpg","contentUrl":"https:\/\/www.quincycompressor.com\/wp-content\/uploads\/2021\/04\/Quincy-Compressor-Logo-web-full.jpg","width":293,"height":111,"caption":"Compresor Quincy"},"image":{"@id":"https:\/\/www.quincycompressor.com\/es\/#\/schema\/logo\/image\/"}}]}},"_links":{"self":[{"href":"https:\/\/www.quincycompressor.com\/es\/wp-json\/wp\/v2\/pages\/26948"}],"collection":[{"href":"https:\/\/www.quincycompressor.com\/es\/wp-json\/wp\/v2\/pages"}],"about":[{"href":"https:\/\/www.quincycompressor.com\/es\/wp-json\/wp\/v2\/types\/page"}],"author":[{"embeddable":true,"href":"https:\/\/www.quincycompressor.com\/es\/wp-json\/wp\/v2\/users\/5"}],"replies":[{"embeddable":true,"href":"https:\/\/www.quincycompressor.com\/es\/wp-json\/wp\/v2\/comments?post=26948"}],"version-history":[{"count":0,"href":"https:\/\/www.quincycompressor.com\/es\/wp-json\/wp\/v2\/pages\/26948\/revisions"}],"up":[{"embeddable":true,"href":"https:\/\/www.quincycompressor.com\/es\/wp-json\/wp\/v2\/pages\/27175"}],"wp:featuredmedia":[{"embeddable":true,"href":"https:\/\/www.quincycompressor.com\/es\/wp-json\/wp\/v2\/media\/26952"}],"wp:attachment":[{"href":"https:\/\/www.quincycompressor.com\/es\/wp-json\/wp\/v2\/media?parent=26948"}],"curies":[{"name":"wp","href":"https:\/\/api.w.org\/{rel}","templated":true}]}}