{"id":26953,"date":"2020-12-02T07:08:47","date_gmt":"2020-12-02T07:08:47","guid":{"rendered":"https:\/\/www.quincycompressor.com\/eliminadores-de-niebla\/"},"modified":"2026-02-03T12:32:22","modified_gmt":"2026-02-03T12:32:22","slug":"eliminadores-de-niebla","status":"publish","type":"page","link":"https:\/\/www.quincycompressor.com\/es\/productos\/eliminadores-de-niebla\/","title":{"rendered":"Eliminadores de niebla"},"content":{"rendered":"<p><img decoding=\"async\" src=\"https:\/\/www.quincycompressor.com\/wp-content\/uploads\/2020\/12\/me-thmb.jpg\" alt=\"\" width=\"125\" height=\"175\"><\/p>\n<p><img decoding=\"async\" src=\"https:\/\/www.quincycompressor.com\/wp-content\/uploads\/2020\/12\/dbl-element-sml.gif\" alt=\"\" width=\"61\" height=\"104\"><\/p>\n<h4>Dise\u00f1o \u00fanico de doble elemento<\/h4>\n<p><img decoding=\"async\" src=\"https:\/\/www.quincycompressor.com\/wp-content\/uploads\/2020\/12\/me-flow-sml.gif\" alt=\"\" width=\"49\" height=\"104\"><\/p>\n<h4>C\u00f3mo funciona<\/h4>\n<p>El Eliminador de Niebla de Quincy es un filtro de alta resistencia de tipo coalescencia, dise\u00f1ado para eliminar eficazmente el aceite, las part\u00edculas y el agua del aire comprimido. Mediante una combinaci\u00f3n de impactaci\u00f3n, interceptaci\u00f3n y movimiento browniano, el Eliminador de Niebla de Quincy logra una eficiencia del 100% en la eliminaci\u00f3n de part\u00edculas de 3 micras o m\u00e1s, el 99,98% de 0,1 micras o m\u00e1s grandes y el 99,5% de 0,01 micras o m\u00e1s. La ca\u00edda de presi\u00f3n t\u00edpica es inferior a 1 psig. La vida \u00fatil media de los elementos en servicio continuo es de 10 a\u00f1os.   <\/p>\n<h3><img decoding=\"async\" src=\"https:\/\/www.quincycompressor.com\/wp-content\/uploads\/2016\/08\/eye-icon.png\" alt=\"icono de ojo\" width=\"35\" height=\"35\"><\/h3>\n<h3>De un vistazo<\/h3>\n<ul>\n<li>Dise\u00f1o de doble elemento<\/li>\n<li>Vida media de los elementos de 10 a\u00f1os<\/li>\n<li>Gran volumen de tanque<\/li>\n<li>Ca\u00edda de presi\u00f3n inferior a 1 psig<\/li>\n<li>Pintura esmalte<\/li>\n<\/ul>\n<h3><img decoding=\"async\" class=\"alignleft size-full wp-image-4927\" src=\"https:\/\/www.quincycompressor.com\/wp-content\/uploads\/2016\/08\/magnifier-icon.png\" alt=\"icono de ojo\" width=\"35\" height=\"35\">De cerca<\/h3>\n<ul>\n<li>M\u00e1ximo 150 psig<\/li>\n<li>250 \u2013 15.000 cfm<\/li>\n<li>Dep\u00f3sito codificado\/estampado ASME<\/li>\n<li>Man\u00f3metro diferencial<\/li>\n<li>Garant\u00eda est\u00e1ndar de 1 a\u00f1o<\/li>\n<\/ul>\n<p><a href=\"https:\/\/www.quincycompressor.com\/es\/comprar-ahora\/\">Comprar ahora<\/a> <a href=\"https:\/\/www.revbase.com\/tt\/sl.ashx?z=12b3cd59&amp;dataid=75150&amp;ft=1\">Descargar el PDF de filtraci\u00f3n de aire<\/a><\/p>\n","protected":false},"excerpt":{"rendered":"<p>Dise\u00f1o \u00fanico de doble elemento C\u00f3mo funciona El Eliminador de Niebla de Quincy es un filtro de alta resistencia de tipo coalescencia, dise\u00f1ado para eliminar eficazmente el aceite, las part\u00edculas y el agua del aire comprimido. Mediante una combinaci\u00f3n de impactaci\u00f3n, interceptaci\u00f3n y movimiento browniano, el Eliminador de Niebla de Quincy logra una eficiencia del [&hellip;]<\/p>\n","protected":false},"author":5,"featured_media":0,"parent":27175,"menu_order":0,"comment_status":"closed","ping_status":"closed","template":"page-products.php","meta":{"_acf_changed":false,"inline_featured_image":false,"footnotes":""},"acf":[],"yoast_head":"<!-- This site is optimized with the Yoast SEO plugin v22.9 - https:\/\/yoast.com\/wordpress\/plugins\/seo\/ -->\n<title>Eliminadores de niebla | QuincyCompressor.com<\/title>\n<meta name=\"description\" content=\"El Quincy Mist Eliminator es un filtro coalescente de alta resistencia dise\u00f1ado para eliminar eficazmente el aceite, las part\u00edculas y el agua del aire comprimido. \u00a1Compra ahora!\" \/>\n<meta name=\"robots\" content=\"index, follow, max-snippet:-1, max-image-preview:large, max-video-preview:-1\" \/>\n<link rel=\"canonical\" href=\"https:\/\/www.quincycompressor.com\/es\/productos\/eliminadores-de-niebla\/\" \/>\n<meta property=\"og:locale\" content=\"es_ES\" \/>\n<meta property=\"og:type\" content=\"article\" \/>\n<meta property=\"og:title\" content=\"Eliminadores de niebla | QuincyCompressor.com\" \/>\n<meta property=\"og:description\" content=\"El Quincy Mist Eliminator es un filtro coalescente de alta resistencia dise\u00f1ado para eliminar eficazmente el aceite, las part\u00edculas y el agua del aire comprimido. \u00a1Compra ahora!\" \/>\n<meta property=\"og:url\" content=\"https:\/\/www.quincycompressor.com\/es\/productos\/eliminadores-de-niebla\/\" \/>\n<meta property=\"og:site_name\" content=\"Quincy Compressor\" \/>\n<meta property=\"article:modified_time\" content=\"2026-02-03T12:32:22+00:00\" \/>\n<meta property=\"og:image\" content=\"https:\/\/www.quincycompressor.com\/wp-content\/uploads\/2020\/12\/me-thmb.jpg\" \/>\n<meta name=\"twitter:card\" content=\"summary_large_image\" \/>\n<meta name=\"twitter:label1\" content=\"Tiempo de lectura\" \/>\n\t<meta name=\"twitter:data1\" content=\"1 minuto\" \/>\n<script type=\"application\/ld+json\" class=\"yoast-schema-graph\">{\"@context\":\"https:\/\/schema.org\",\"@graph\":[{\"@type\":\"WebPage\",\"@id\":\"https:\/\/www.quincycompressor.com\/es\/productos\/eliminadores-de-niebla\/\",\"url\":\"https:\/\/www.quincycompressor.com\/es\/productos\/eliminadores-de-niebla\/\",\"name\":\"Eliminadores de niebla | QuincyCompressor.com\",\"isPartOf\":{\"@id\":\"https:\/\/www.quincycompressor.com\/es\/#website\"},\"primaryImageOfPage\":{\"@id\":\"https:\/\/www.quincycompressor.com\/es\/productos\/eliminadores-de-niebla\/#primaryimage\"},\"image\":{\"@id\":\"https:\/\/www.quincycompressor.com\/es\/productos\/eliminadores-de-niebla\/#primaryimage\"},\"thumbnailUrl\":\"https:\/\/www.quincycompressor.com\/wp-content\/uploads\/2020\/12\/me-thmb.jpg\",\"datePublished\":\"2020-12-02T07:08:47+00:00\",\"dateModified\":\"2026-02-03T12:32:22+00:00\",\"description\":\"El Quincy Mist Eliminator es un filtro coalescente de alta resistencia dise\u00f1ado para eliminar eficazmente el aceite, las part\u00edculas y el agua del aire comprimido. \u00a1Compra ahora!\",\"breadcrumb\":{\"@id\":\"https:\/\/www.quincycompressor.com\/es\/productos\/eliminadores-de-niebla\/#breadcrumb\"},\"inLanguage\":\"es\",\"potentialAction\":[{\"@type\":\"ReadAction\",\"target\":[\"https:\/\/www.quincycompressor.com\/es\/productos\/eliminadores-de-niebla\/\"]}]},{\"@type\":\"ImageObject\",\"inLanguage\":\"es\",\"@id\":\"https:\/\/www.quincycompressor.com\/es\/productos\/eliminadores-de-niebla\/#primaryimage\",\"url\":\"https:\/\/www.quincycompressor.com\/wp-content\/uploads\/2020\/12\/me-thmb.jpg\",\"contentUrl\":\"https:\/\/www.quincycompressor.com\/wp-content\/uploads\/2020\/12\/me-thmb.jpg\"},{\"@type\":\"BreadcrumbList\",\"@id\":\"https:\/\/www.quincycompressor.com\/es\/productos\/eliminadores-de-niebla\/#breadcrumb\",\"itemListElement\":[{\"@type\":\"ListItem\",\"position\":1,\"name\":\"Inicio\",\"item\":\"https:\/\/www.quincycompressor.com\/es\/inicio\/\"},{\"@type\":\"ListItem\",\"position\":2,\"name\":\"Productos\",\"item\":\"https:\/\/www.quincycompressor.com\/es\/productos\/\"},{\"@type\":\"ListItem\",\"position\":3,\"name\":\"Eliminadores de niebla\"}]},{\"@type\":\"WebSite\",\"@id\":\"https:\/\/www.quincycompressor.com\/es\/#website\",\"url\":\"https:\/\/www.quincycompressor.com\/es\/\",\"name\":\"Quincy Compressor\",\"description\":\"Quincy Compressor is your go-to source to find knowledge and dealers with the right air compressor for your situation.\",\"publisher\":{\"@id\":\"https:\/\/www.quincycompressor.com\/es\/#organization\"},\"potentialAction\":[{\"@type\":\"SearchAction\",\"target\":{\"@type\":\"EntryPoint\",\"urlTemplate\":\"https:\/\/www.quincycompressor.com\/es\/?s={search_term_string}\"},\"query-input\":\"required name=search_term_string\"}],\"inLanguage\":\"es\"},{\"@type\":\"Organization\",\"@id\":\"https:\/\/www.quincycompressor.com\/es\/#organization\",\"name\":\"Compresor Quincy\",\"url\":\"https:\/\/www.quincycompressor.com\/es\/\",\"logo\":{\"@type\":\"ImageObject\",\"inLanguage\":\"es\",\"@id\":\"https:\/\/www.quincycompressor.com\/es\/#\/schema\/logo\/image\/\",\"url\":\"https:\/\/www.quincycompressor.com\/wp-content\/uploads\/2021\/04\/Quincy-Compressor-Logo-web-full.jpg\",\"contentUrl\":\"https:\/\/www.quincycompressor.com\/wp-content\/uploads\/2021\/04\/Quincy-Compressor-Logo-web-full.jpg\",\"width\":293,\"height\":111,\"caption\":\"Compresor Quincy\"},\"image\":{\"@id\":\"https:\/\/www.quincycompressor.com\/es\/#\/schema\/logo\/image\/\"}}]}<\/script>\n<!-- \/ Yoast SEO plugin. -->","yoast_head_json":{"title":"Eliminadores de niebla | QuincyCompressor.com","description":"El Quincy Mist Eliminator es un filtro coalescente de alta resistencia dise\u00f1ado para eliminar eficazmente el aceite, las part\u00edculas y el agua del aire comprimido. \u00a1Compra ahora!","robots":{"index":"index","follow":"follow","max-snippet":"max-snippet:-1","max-image-preview":"max-image-preview:large","max-video-preview":"max-video-preview:-1"},"canonical":"https:\/\/www.quincycompressor.com\/es\/productos\/eliminadores-de-niebla\/","og_locale":"es_ES","og_type":"article","og_title":"Eliminadores de niebla | QuincyCompressor.com","og_description":"El Quincy Mist Eliminator es un filtro coalescente de alta resistencia dise\u00f1ado para eliminar eficazmente el aceite, las part\u00edculas y el agua del aire comprimido. \u00a1Compra ahora!","og_url":"https:\/\/www.quincycompressor.com\/es\/productos\/eliminadores-de-niebla\/","og_site_name":"Quincy Compressor","article_modified_time":"2026-02-03T12:32:22+00:00","og_image":[{"url":"https:\/\/www.quincycompressor.com\/wp-content\/uploads\/2020\/12\/me-thmb.jpg"}],"twitter_card":"summary_large_image","twitter_misc":{"Tiempo de lectura":"1 minuto"},"schema":{"@context":"https:\/\/schema.org","@graph":[{"@type":"WebPage","@id":"https:\/\/www.quincycompressor.com\/es\/productos\/eliminadores-de-niebla\/","url":"https:\/\/www.quincycompressor.com\/es\/productos\/eliminadores-de-niebla\/","name":"Eliminadores de niebla | QuincyCompressor.com","isPartOf":{"@id":"https:\/\/www.quincycompressor.com\/es\/#website"},"primaryImageOfPage":{"@id":"https:\/\/www.quincycompressor.com\/es\/productos\/eliminadores-de-niebla\/#primaryimage"},"image":{"@id":"https:\/\/www.quincycompressor.com\/es\/productos\/eliminadores-de-niebla\/#primaryimage"},"thumbnailUrl":"https:\/\/www.quincycompressor.com\/wp-content\/uploads\/2020\/12\/me-thmb.jpg","datePublished":"2020-12-02T07:08:47+00:00","dateModified":"2026-02-03T12:32:22+00:00","description":"El Quincy Mist Eliminator es un filtro coalescente de alta resistencia dise\u00f1ado para eliminar eficazmente el aceite, las part\u00edculas y el agua del aire comprimido. \u00a1Compra ahora!","breadcrumb":{"@id":"https:\/\/www.quincycompressor.com\/es\/productos\/eliminadores-de-niebla\/#breadcrumb"},"inLanguage":"es","potentialAction":[{"@type":"ReadAction","target":["https:\/\/www.quincycompressor.com\/es\/productos\/eliminadores-de-niebla\/"]}]},{"@type":"ImageObject","inLanguage":"es","@id":"https:\/\/www.quincycompressor.com\/es\/productos\/eliminadores-de-niebla\/#primaryimage","url":"https:\/\/www.quincycompressor.com\/wp-content\/uploads\/2020\/12\/me-thmb.jpg","contentUrl":"https:\/\/www.quincycompressor.com\/wp-content\/uploads\/2020\/12\/me-thmb.jpg"},{"@type":"BreadcrumbList","@id":"https:\/\/www.quincycompressor.com\/es\/productos\/eliminadores-de-niebla\/#breadcrumb","itemListElement":[{"@type":"ListItem","position":1,"name":"Inicio","item":"https:\/\/www.quincycompressor.com\/es\/inicio\/"},{"@type":"ListItem","position":2,"name":"Productos","item":"https:\/\/www.quincycompressor.com\/es\/productos\/"},{"@type":"ListItem","position":3,"name":"Eliminadores de niebla"}]},{"@type":"WebSite","@id":"https:\/\/www.quincycompressor.com\/es\/#website","url":"https:\/\/www.quincycompressor.com\/es\/","name":"Quincy Compressor","description":"Quincy Compressor is your go-to source to find knowledge and dealers with the right air compressor for your situation.","publisher":{"@id":"https:\/\/www.quincycompressor.com\/es\/#organization"},"potentialAction":[{"@type":"SearchAction","target":{"@type":"EntryPoint","urlTemplate":"https:\/\/www.quincycompressor.com\/es\/?s={search_term_string}"},"query-input":"required name=search_term_string"}],"inLanguage":"es"},{"@type":"Organization","@id":"https:\/\/www.quincycompressor.com\/es\/#organization","name":"Compresor Quincy","url":"https:\/\/www.quincycompressor.com\/es\/","logo":{"@type":"ImageObject","inLanguage":"es","@id":"https:\/\/www.quincycompressor.com\/es\/#\/schema\/logo\/image\/","url":"https:\/\/www.quincycompressor.com\/wp-content\/uploads\/2021\/04\/Quincy-Compressor-Logo-web-full.jpg","contentUrl":"https:\/\/www.quincycompressor.com\/wp-content\/uploads\/2021\/04\/Quincy-Compressor-Logo-web-full.jpg","width":293,"height":111,"caption":"Compresor Quincy"},"image":{"@id":"https:\/\/www.quincycompressor.com\/es\/#\/schema\/logo\/image\/"}}]}},"_links":{"self":[{"href":"https:\/\/www.quincycompressor.com\/es\/wp-json\/wp\/v2\/pages\/26953"}],"collection":[{"href":"https:\/\/www.quincycompressor.com\/es\/wp-json\/wp\/v2\/pages"}],"about":[{"href":"https:\/\/www.quincycompressor.com\/es\/wp-json\/wp\/v2\/types\/page"}],"author":[{"embeddable":true,"href":"https:\/\/www.quincycompressor.com\/es\/wp-json\/wp\/v2\/users\/5"}],"replies":[{"embeddable":true,"href":"https:\/\/www.quincycompressor.com\/es\/wp-json\/wp\/v2\/comments?post=26953"}],"version-history":[{"count":0,"href":"https:\/\/www.quincycompressor.com\/es\/wp-json\/wp\/v2\/pages\/26953\/revisions"}],"up":[{"embeddable":true,"href":"https:\/\/www.quincycompressor.com\/es\/wp-json\/wp\/v2\/pages\/27175"}],"wp:attachment":[{"href":"https:\/\/www.quincycompressor.com\/es\/wp-json\/wp\/v2\/media?parent=26953"}],"curies":[{"name":"wp","href":"https:\/\/api.w.org\/{rel}","templated":true}]}}