{"id":26975,"date":"2020-12-01T15:35:40","date_gmt":"2020-12-01T15:35:40","guid":{"rendered":"https:\/\/www.quincycompressor.com\/servicios\/"},"modified":"2026-02-03T12:32:27","modified_gmt":"2026-02-03T12:32:27","slug":"servicios","status":"publish","type":"page","link":"https:\/\/www.quincycompressor.com\/es\/servicios\/","title":{"rendered":"Servicios"},"content":{"rendered":"<p>Tu negocio exige fiabilidad y eficiencia de la tecnolog\u00eda que lo impulsa, y tu compresor debe mantenerse ante las crecientes demandas de producci\u00f3n actuales; y eso es precisamente lo que el servicio de Quincy puede hacer por ti. Juntos gestionamos tus activos, operaciones y riesgos para lograr los resultados empresariales deseados para destacar. <\/p>\n<p style=\"text-align: center;\"><a class=\"btn btn-primary\" href=\"https:\/\/www.quincycompressor.com\/es\/localizador-de-ventas-y-servicio\/\">Encuentra un distribuidor<\/a><\/p>\n<p>Para garantizar que puedas satisfacer tus demandas en todo momento manteniendo bajo control los costes operativos, tu equipo debe funcionar de forma fiable y eficiente durante todo su ciclo de vida. Invertir en maquinaria de alta calidad es el primer paso l\u00f3gico. El segundo paso crucial es contar con la soluci\u00f3n de mantenimiento adecuada. Si el aire comprimido es un componente vital de tu proceso de producci\u00f3n, las soluciones de mantenimiento de compresores Quincy y los planes Guardian son tu mejor opci\u00f3n.  <a href=\"https:\/\/www.quincycompressor.com\/es\/localizador-de-ventas-y-servicio\/\">Contacta con tu representante hoy mismo.<\/a><\/p>\n<h3>Por qu\u00e9 el servicio<\/h3>\n<p>El aire comprimido se conoce com\u00fanmente como la cuarta utilidad de una planta de fabricaci\u00f3n despu\u00e9s del agua, la electricidad y el gas natural; lo convierte en un componente cr\u00edtico para una producci\u00f3n exitosa. Para evitar interrupciones, el aumento desorbitado del coste energ\u00e9tico, la p\u00e9rdida de cuota de mercado, el respeto del cliente y tiempos de inactividad inesperados, es fundamental contar con un programa de mantenimiento del compresor que previa, en lugar de reaccionar, problemas con el compresor de aire y todas las herramientas y maquinaria adjuntas. El uso de piezas originales, el servicio puntual, revisiones y monitorizaci\u00f3n proactiva del equipo garantiza la m\u00e1xima disponibilidad del equipo con un coste total m\u00ednimo de propiedad.  <\/p>\n<h3>Datos importantes sobre el servicio<\/h3>\n<p>El equipo que se mantiene adecuadamente est\u00e1 disponible una media de 16 d\u00edas adicionales al a\u00f1o<\/p>\n<p>Un servicio incorrecto podr\u00eda aumentar el coste energ\u00e9tico en m\u00e1s de un 10%<\/p>\n<p>Un equipo bien revisado puede reducir los costes energ\u00e9ticos en un 6%<\/p>\n<p>El fabricante medio gestiona 800 horas de inactividad al a\u00f1o o m\u00e1s de 15 horas a la semana<\/p>\n<p>Los tiempos de inactividad no planificados costaron a los fabricantes industriales unos 50.000 millones de d\u00f3lares anuales, lo que equivale a 5,7 millones de d\u00f3lares por hora o 95.000 d\u00f3lares por minuto.<\/p>\n<p>Las empresas que no utilizan programas de mantenimiento preventivo pagan un 30% m\u00e1s de horas extra a los empleados.<br \/>\n<script type=\"application\/ld+json\">\n{\n  \"@context\": \"https:\/\/schema.org\",\n  \"@type\": \"VideoObject\",\n  \"name\": \"Quincy Compressor Guardian Plans\",\n  \"description\": \"Your business demands reliability and efficiency from the technology that powers it, and your compressor must stay maintained against today\u2019s increasing production demands. If compressed air is a vital component of your production process, Quincy Compressor maintenance solutions and Guardian Plans are your best choice.\",\n  \"thumbnailUrl\": \"http:\/\/img.youtube.com\/vi\/S_FAeDGzcoo\/maxresdefault.jpg\",\n  \"uploadDate\": \"2020-05-29\",\n  \"duration\": \"PT1M6S\",\n  \"contentUrl\": \"https:\/\/www.quincycompressor.com\/services\/\",\n  \"embedUrl\": \"https:\/\/www.youtube.com\/embed\/S_FAeDGzcoo\"\n}\n<\/script><\/p>\n<p><center><iframe src=\"https:\/\/www.youtube.com\/embed\/S_FAeDGzcoo\" width=\"560\" height=\"315\" frameborder=\"0\" allowfullscreen=\"allowfullscreen\"><\/iframe><\/center><center><\/center><center><\/center><center><\/center><center><\/center><center><a class=\"btn btn-primary\" href=\"https:\/\/www.revbase.com\/tt\/sl.ashx?z=12b3cd59&amp;DataID=4227337&amp;ft=1\" target=\"_blank\" rel=\"noopener\">Folleto de diferencia de servicio disponible para descargar<\/a><\/center>&nbsp;<\/p>\n<p><center><\/center><center><\/center><center><\/center><center><\/center><center><a class=\"btn btn-primary\" href=\"https:\/\/www.revbase.com\/tt\/sl.ashx?z=12b3cd59&amp;DataID=8683864&amp;ft=1\" target=\"_blank\" rel=\"noopener\">Plan de Servicio Guardian Trifold disponible para descarga<\/a><\/center><\/p>\n","protected":false},"excerpt":{"rendered":"<p>Tu negocio exige fiabilidad y eficiencia de la tecnolog\u00eda que lo impulsa, y tu compresor debe mantenerse ante las crecientes demandas de producci\u00f3n actuales; y eso es precisamente lo que el servicio de Quincy puede hacer por ti. Juntos gestionamos tus activos, operaciones y riesgos para lograr los resultados empresariales deseados para destacar. Encuentra un [&hellip;]<\/p>\n","protected":false},"author":5,"featured_media":0,"parent":0,"menu_order":0,"comment_status":"closed","ping_status":"closed","template":"","meta":{"_acf_changed":false,"inline_featured_image":false,"footnotes":""},"acf":[],"yoast_head":"<!-- This site is optimized with the Yoast SEO plugin v22.9 - https:\/\/yoast.com\/wordpress\/plugins\/seo\/ -->\n<title>Servicios de compresores de aire | Compresor Quincy<\/title>\n<meta name=\"description\" content=\"Descubre la p\u00e1gina de servicios de Quincy Compressor para descubrir c\u00f3mo ofrecemos un mantenimiento experto, reparaciones e instalaciones para todas tus necesidades de aire comprimido.\" \/>\n<meta name=\"robots\" content=\"index, follow, max-snippet:-1, max-image-preview:large, max-video-preview:-1\" \/>\n<link rel=\"canonical\" href=\"https:\/\/www.quincycompressor.com\/es\/servicios\/\" \/>\n<meta property=\"og:locale\" content=\"es_ES\" \/>\n<meta property=\"og:type\" content=\"article\" \/>\n<meta property=\"og:title\" content=\"Servicios de compresores de aire | Compresor Quincy\" \/>\n<meta property=\"og:description\" content=\"Descubre la p\u00e1gina de servicios de Quincy Compressor para descubrir c\u00f3mo ofrecemos un mantenimiento experto, reparaciones e instalaciones para todas tus necesidades de aire comprimido.\" \/>\n<meta property=\"og:url\" content=\"https:\/\/www.quincycompressor.com\/es\/servicios\/\" \/>\n<meta property=\"og:site_name\" content=\"Quincy Compressor\" \/>\n<meta property=\"article:modified_time\" content=\"2026-02-03T12:32:27+00:00\" \/>\n<meta property=\"og:image\" content=\"https:\/\/www.quincycompressor.com\/wp-content\/uploads\/2021\/04\/imageedit_3_2337862967.png\" \/>\n\t<meta property=\"og:image:width\" content=\"691\" \/>\n\t<meta property=\"og:image:height\" content=\"403\" \/>\n\t<meta property=\"og:image:type\" content=\"image\/png\" \/>\n<meta name=\"twitter:card\" content=\"summary_large_image\" \/>\n<meta name=\"twitter:label1\" content=\"Tiempo de lectura\" \/>\n\t<meta name=\"twitter:data1\" content=\"2 minutos\" \/>\n<script type=\"application\/ld+json\" class=\"yoast-schema-graph\">{\"@context\":\"https:\/\/schema.org\",\"@graph\":[{\"@type\":\"WebPage\",\"@id\":\"https:\/\/www.quincycompressor.com\/es\/servicios\/\",\"url\":\"https:\/\/www.quincycompressor.com\/es\/servicios\/\",\"name\":\"Servicios de compresores de aire | Compresor Quincy\",\"isPartOf\":{\"@id\":\"https:\/\/www.quincycompressor.com\/es\/#website\"},\"datePublished\":\"2020-12-01T15:35:40+00:00\",\"dateModified\":\"2026-02-03T12:32:27+00:00\",\"description\":\"Descubre la p\u00e1gina de servicios de Quincy Compressor para descubrir c\u00f3mo ofrecemos un mantenimiento experto, reparaciones e instalaciones para todas tus necesidades de aire comprimido.\",\"breadcrumb\":{\"@id\":\"https:\/\/www.quincycompressor.com\/es\/servicios\/#breadcrumb\"},\"inLanguage\":\"es\",\"potentialAction\":[{\"@type\":\"ReadAction\",\"target\":[\"https:\/\/www.quincycompressor.com\/es\/servicios\/\"]}]},{\"@type\":\"BreadcrumbList\",\"@id\":\"https:\/\/www.quincycompressor.com\/es\/servicios\/#breadcrumb\",\"itemListElement\":[{\"@type\":\"ListItem\",\"position\":1,\"name\":\"Inicio\",\"item\":\"https:\/\/www.quincycompressor.com\/es\/inicio\/\"},{\"@type\":\"ListItem\",\"position\":2,\"name\":\"Servicios\"}]},{\"@type\":\"WebSite\",\"@id\":\"https:\/\/www.quincycompressor.com\/es\/#website\",\"url\":\"https:\/\/www.quincycompressor.com\/es\/\",\"name\":\"Quincy Compressor\",\"description\":\"Quincy Compressor is your go-to source to find knowledge and dealers with the right air compressor for your situation.\",\"publisher\":{\"@id\":\"https:\/\/www.quincycompressor.com\/es\/#organization\"},\"potentialAction\":[{\"@type\":\"SearchAction\",\"target\":{\"@type\":\"EntryPoint\",\"urlTemplate\":\"https:\/\/www.quincycompressor.com\/es\/?s={search_term_string}\"},\"query-input\":\"required name=search_term_string\"}],\"inLanguage\":\"es\"},{\"@type\":\"Organization\",\"@id\":\"https:\/\/www.quincycompressor.com\/es\/#organization\",\"name\":\"Compresor Quincy\",\"url\":\"https:\/\/www.quincycompressor.com\/es\/\",\"logo\":{\"@type\":\"ImageObject\",\"inLanguage\":\"es\",\"@id\":\"https:\/\/www.quincycompressor.com\/es\/#\/schema\/logo\/image\/\",\"url\":\"https:\/\/www.quincycompressor.com\/wp-content\/uploads\/2021\/04\/Quincy-Compressor-Logo-web-full.jpg\",\"contentUrl\":\"https:\/\/www.quincycompressor.com\/wp-content\/uploads\/2021\/04\/Quincy-Compressor-Logo-web-full.jpg\",\"width\":293,\"height\":111,\"caption\":\"Compresor Quincy\"},\"image\":{\"@id\":\"https:\/\/www.quincycompressor.com\/es\/#\/schema\/logo\/image\/\"}}]}<\/script>\n<!-- \/ Yoast SEO plugin. -->","yoast_head_json":{"title":"Servicios de compresores de aire | Compresor Quincy","description":"Descubre la p\u00e1gina de servicios de Quincy Compressor para descubrir c\u00f3mo ofrecemos un mantenimiento experto, reparaciones e instalaciones para todas tus necesidades de aire comprimido.","robots":{"index":"index","follow":"follow","max-snippet":"max-snippet:-1","max-image-preview":"max-image-preview:large","max-video-preview":"max-video-preview:-1"},"canonical":"https:\/\/www.quincycompressor.com\/es\/servicios\/","og_locale":"es_ES","og_type":"article","og_title":"Servicios de compresores de aire | Compresor Quincy","og_description":"Descubre la p\u00e1gina de servicios de Quincy Compressor para descubrir c\u00f3mo ofrecemos un mantenimiento experto, reparaciones e instalaciones para todas tus necesidades de aire comprimido.","og_url":"https:\/\/www.quincycompressor.com\/es\/servicios\/","og_site_name":"Quincy Compressor","article_modified_time":"2026-02-03T12:32:27+00:00","og_image":[{"width":691,"height":403,"url":"https:\/\/www.quincycompressor.com\/wp-content\/uploads\/2021\/04\/imageedit_3_2337862967.png","type":"image\/png"}],"twitter_card":"summary_large_image","twitter_misc":{"Tiempo de lectura":"2 minutos"},"schema":{"@context":"https:\/\/schema.org","@graph":[{"@type":"WebPage","@id":"https:\/\/www.quincycompressor.com\/es\/servicios\/","url":"https:\/\/www.quincycompressor.com\/es\/servicios\/","name":"Servicios de compresores de aire | Compresor Quincy","isPartOf":{"@id":"https:\/\/www.quincycompressor.com\/es\/#website"},"datePublished":"2020-12-01T15:35:40+00:00","dateModified":"2026-02-03T12:32:27+00:00","description":"Descubre la p\u00e1gina de servicios de Quincy Compressor para descubrir c\u00f3mo ofrecemos un mantenimiento experto, reparaciones e instalaciones para todas tus necesidades de aire comprimido.","breadcrumb":{"@id":"https:\/\/www.quincycompressor.com\/es\/servicios\/#breadcrumb"},"inLanguage":"es","potentialAction":[{"@type":"ReadAction","target":["https:\/\/www.quincycompressor.com\/es\/servicios\/"]}]},{"@type":"BreadcrumbList","@id":"https:\/\/www.quincycompressor.com\/es\/servicios\/#breadcrumb","itemListElement":[{"@type":"ListItem","position":1,"name":"Inicio","item":"https:\/\/www.quincycompressor.com\/es\/inicio\/"},{"@type":"ListItem","position":2,"name":"Servicios"}]},{"@type":"WebSite","@id":"https:\/\/www.quincycompressor.com\/es\/#website","url":"https:\/\/www.quincycompressor.com\/es\/","name":"Quincy Compressor","description":"Quincy Compressor is your go-to source to find knowledge and dealers with the right air compressor for your situation.","publisher":{"@id":"https:\/\/www.quincycompressor.com\/es\/#organization"},"potentialAction":[{"@type":"SearchAction","target":{"@type":"EntryPoint","urlTemplate":"https:\/\/www.quincycompressor.com\/es\/?s={search_term_string}"},"query-input":"required name=search_term_string"}],"inLanguage":"es"},{"@type":"Organization","@id":"https:\/\/www.quincycompressor.com\/es\/#organization","name":"Compresor Quincy","url":"https:\/\/www.quincycompressor.com\/es\/","logo":{"@type":"ImageObject","inLanguage":"es","@id":"https:\/\/www.quincycompressor.com\/es\/#\/schema\/logo\/image\/","url":"https:\/\/www.quincycompressor.com\/wp-content\/uploads\/2021\/04\/Quincy-Compressor-Logo-web-full.jpg","contentUrl":"https:\/\/www.quincycompressor.com\/wp-content\/uploads\/2021\/04\/Quincy-Compressor-Logo-web-full.jpg","width":293,"height":111,"caption":"Compresor Quincy"},"image":{"@id":"https:\/\/www.quincycompressor.com\/es\/#\/schema\/logo\/image\/"}}]}},"_links":{"self":[{"href":"https:\/\/www.quincycompressor.com\/es\/wp-json\/wp\/v2\/pages\/26975"}],"collection":[{"href":"https:\/\/www.quincycompressor.com\/es\/wp-json\/wp\/v2\/pages"}],"about":[{"href":"https:\/\/www.quincycompressor.com\/es\/wp-json\/wp\/v2\/types\/page"}],"author":[{"embeddable":true,"href":"https:\/\/www.quincycompressor.com\/es\/wp-json\/wp\/v2\/users\/5"}],"replies":[{"embeddable":true,"href":"https:\/\/www.quincycompressor.com\/es\/wp-json\/wp\/v2\/comments?post=26975"}],"version-history":[{"count":0,"href":"https:\/\/www.quincycompressor.com\/es\/wp-json\/wp\/v2\/pages\/26975\/revisions"}],"wp:attachment":[{"href":"https:\/\/www.quincycompressor.com\/es\/wp-json\/wp\/v2\/media?parent=26975"}],"curies":[{"name":"wp","href":"https:\/\/api.w.org\/{rel}","templated":true}]}}