{"id":26976,"date":"2020-12-01T16:39:36","date_gmt":"2020-12-01T16:39:36","guid":{"rendered":"https:\/\/www.quincycompressor.com\/hojas-de-datos-de-rendimiento\/"},"modified":"2026-02-03T12:33:29","modified_gmt":"2026-02-03T12:33:29","slug":"hojas-de-datos-de-rendimiento","status":"publish","type":"page","link":"https:\/\/www.quincycompressor.com\/es\/recursos\/hojas-de-datos-de-rendimiento\/","title":{"rendered":"Hojas de datos de rendimiento"},"content":{"rendered":"<figure id=\"attachment_13375\" aria-describedby=\"caption-attachment-13375\" style=\"width: 185px\" class=\"wp-caption alignright\"><img decoding=\"async\" class=\"wp-image-13375 size-full\" src=\"https:\/\/www.quincycompressor.com\/wp-content\/uploads\/2020\/12\/Compliance-Logo-RGB.png\" alt=\"\" width=\"185\" height=\"185\" srcset=\"https:\/\/www.quincycompressor.com\/wp-content\/uploads\/2020\/12\/Compliance-Logo-RGB.png 185w, https:\/\/www.quincycompressor.com\/wp-content\/uploads\/2020\/12\/Compliance-Logo-RGB-150x150.png 150w\" sizes=\"(max-width: 185px) 100vw, 185px\" \/><figcaption id=\"caption-attachment-13375\" class=\"wp-caption-text\"><a href=\"https:\/\/www.quincycompressor.com\/es\/recursos\/hojas-de-datos-de-rendimiento\/hojas-de-datos-informacion-adicional\/\">Haz clic aqu\u00ed para m\u00e1s informaci\u00f3n<\/a><\/figcaption><\/figure>\n<ul>\n<li>Quincy Compressor adopta <a href=\"https:\/\/www.quincycompressor.com\/es\/recursos\/hojas-de-datos-de-rendimiento\/hojas-de-datos-informacion-adicional\/\">los nuevos procedimientos de prueba<\/a> del Departamento de Energ\u00eda de EE. UU. (DOE)<\/li>\n<li>La Regla Final aumenta la especificidad de ciertos m\u00e9todos de ensayo y mejora la repetibilidad de los valores probados y medidos.<\/li>\n<li>Los fabricantes est\u00e1n obligados a publicar los valores medios reales de rendimiento de dos o m\u00e1s unidades sin ajustes.<\/li>\n<li>El nuevo procedimiento de muestreo de Quincy Compressor ha dado lugar a una clasificaci\u00f3n m\u00e1s conservadora que el est\u00e1ndar actual de la industria<\/li>\n<\/ul>\n<p>Quincy Compressor busca continuamente oportunidades para ofrecer a nuestros clientes y potenciales los est\u00e1ndares de pruebas y publicaci\u00f3n m\u00e1s transparentes del sector. Con este fin, Quincy ha decidido ser uno de los primeros en adoptar y es el <strong>primero en la industria<\/strong> en probar y publicar conforme a los Est\u00e1ndares de Conservaci\u00f3n de Energ\u00eda del DOE de Estados Unidos para compresores de aire. Este programa establece nuevos procedimientos de prueba, incluyendo definiciones sobre muestras requeridas, representaci\u00f3n y disposiciones de aplicaci\u00f3n. La norma final tambi\u00e9n adopta ciertas modificaciones y a\u00f1adidos a ISO 1217:2009(E) para aumentar la especificidad de ciertos m\u00e9todos de ensayo establecidos en ISO 1217:2009(E) y mejorar la repetibilidad de valores probados y medidos.   <\/p>\n<p><a class=\"btn btn-secondary\" href=\"https:\/\/www.quincycompressor.com\/es\/recursos\/hojas-de-datos-de-rendimiento\/\">Ver fichas de datos de seguridad de materiales<\/a><\/p>\n","protected":false},"excerpt":{"rendered":"<p>Quincy Compressor adopta los nuevos procedimientos de prueba del Departamento de Energ\u00eda de EE. UU. (DOE) La Regla Final aumenta la especificidad de ciertos m\u00e9todos de ensayo y mejora la repetibilidad de los valores probados y medidos. Los fabricantes est\u00e1n obligados a publicar los valores medios reales de rendimiento de dos o m\u00e1s unidades sin [&hellip;]<\/p>\n","protected":false},"author":5,"featured_media":0,"parent":27131,"menu_order":0,"comment_status":"closed","ping_status":"closed","template":"","meta":{"_acf_changed":false,"inline_featured_image":false,"footnotes":""},"acf":[],"yoast_head":"<!-- This site is optimized with the Yoast SEO plugin v22.9 - https:\/\/yoast.com\/wordpress\/plugins\/seo\/ -->\n<title>Hojas de datos de rendimiento - Quincy Compressor<\/title>\n<meta name=\"description\" content=\"Quincy es el primero en la industria en probar y publicar conforme a los Est\u00e1ndares de Conservaci\u00f3n de Energ\u00eda de EE. UU. para compresores de aire. Descarga nuestros resultados y hojas de datos.\" \/>\n<meta name=\"robots\" content=\"index, follow, max-snippet:-1, max-image-preview:large, max-video-preview:-1\" \/>\n<link rel=\"canonical\" href=\"https:\/\/www.quincycompressor.com\/es\/recursos\/hojas-de-datos-de-rendimiento\/\" \/>\n<meta property=\"og:locale\" content=\"es_ES\" \/>\n<meta property=\"og:type\" content=\"article\" \/>\n<meta property=\"og:title\" content=\"Hojas de datos de rendimiento - Quincy Compressor\" \/>\n<meta property=\"og:description\" content=\"Quincy es el primero en la industria en probar y publicar conforme a los Est\u00e1ndares de Conservaci\u00f3n de Energ\u00eda de EE. UU. para compresores de aire. Descarga nuestros resultados y hojas de datos.\" \/>\n<meta property=\"og:url\" content=\"https:\/\/www.quincycompressor.com\/es\/recursos\/hojas-de-datos-de-rendimiento\/\" \/>\n<meta property=\"og:site_name\" content=\"Quincy Compressor\" \/>\n<meta property=\"article:modified_time\" content=\"2026-02-03T12:33:29+00:00\" \/>\n<meta property=\"og:image\" content=\"https:\/\/www.quincycompressor.com\/wp-content\/uploads\/2020\/12\/Compliance-Logo-RGB.png\" \/>\n<meta name=\"twitter:card\" content=\"summary_large_image\" \/>\n<meta name=\"twitter:label1\" content=\"Tiempo de lectura\" \/>\n\t<meta name=\"twitter:data1\" content=\"1 minuto\" \/>\n<script type=\"application\/ld+json\" class=\"yoast-schema-graph\">{\"@context\":\"https:\/\/schema.org\",\"@graph\":[{\"@type\":\"WebPage\",\"@id\":\"https:\/\/www.quincycompressor.com\/es\/recursos\/hojas-de-datos-de-rendimiento\/\",\"url\":\"https:\/\/www.quincycompressor.com\/es\/recursos\/hojas-de-datos-de-rendimiento\/\",\"name\":\"Hojas de datos de rendimiento - Quincy Compressor\",\"isPartOf\":{\"@id\":\"https:\/\/www.quincycompressor.com\/es\/#website\"},\"primaryImageOfPage\":{\"@id\":\"https:\/\/www.quincycompressor.com\/es\/recursos\/hojas-de-datos-de-rendimiento\/#primaryimage\"},\"image\":{\"@id\":\"https:\/\/www.quincycompressor.com\/es\/recursos\/hojas-de-datos-de-rendimiento\/#primaryimage\"},\"thumbnailUrl\":\"https:\/\/www.quincycompressor.com\/wp-content\/uploads\/2020\/12\/Compliance-Logo-RGB.png\",\"datePublished\":\"2020-12-01T16:39:36+00:00\",\"dateModified\":\"2026-02-03T12:33:29+00:00\",\"description\":\"Quincy es el primero en la industria en probar y publicar conforme a los Est\u00e1ndares de Conservaci\u00f3n de Energ\u00eda de EE. UU. para compresores de aire. Descarga nuestros resultados y hojas de datos.\",\"breadcrumb\":{\"@id\":\"https:\/\/www.quincycompressor.com\/es\/recursos\/hojas-de-datos-de-rendimiento\/#breadcrumb\"},\"inLanguage\":\"es\",\"potentialAction\":[{\"@type\":\"ReadAction\",\"target\":[\"https:\/\/www.quincycompressor.com\/es\/recursos\/hojas-de-datos-de-rendimiento\/\"]}]},{\"@type\":\"ImageObject\",\"inLanguage\":\"es\",\"@id\":\"https:\/\/www.quincycompressor.com\/es\/recursos\/hojas-de-datos-de-rendimiento\/#primaryimage\",\"url\":\"https:\/\/www.quincycompressor.com\/wp-content\/uploads\/2020\/12\/Compliance-Logo-RGB.png\",\"contentUrl\":\"https:\/\/www.quincycompressor.com\/wp-content\/uploads\/2020\/12\/Compliance-Logo-RGB.png\"},{\"@type\":\"BreadcrumbList\",\"@id\":\"https:\/\/www.quincycompressor.com\/es\/recursos\/hojas-de-datos-de-rendimiento\/#breadcrumb\",\"itemListElement\":[{\"@type\":\"ListItem\",\"position\":1,\"name\":\"Inicio\",\"item\":\"https:\/\/www.quincycompressor.com\/es\/inicio\/\"},{\"@type\":\"ListItem\",\"position\":2,\"name\":\"Recursos\",\"item\":\"https:\/\/www.quincycompressor.com\/es\/recursos\/\"},{\"@type\":\"ListItem\",\"position\":3,\"name\":\"Hojas de datos de rendimiento\"}]},{\"@type\":\"WebSite\",\"@id\":\"https:\/\/www.quincycompressor.com\/es\/#website\",\"url\":\"https:\/\/www.quincycompressor.com\/es\/\",\"name\":\"Quincy Compressor\",\"description\":\"Quincy Compressor is your go-to source to find knowledge and dealers with the right air compressor for your situation.\",\"publisher\":{\"@id\":\"https:\/\/www.quincycompressor.com\/es\/#organization\"},\"potentialAction\":[{\"@type\":\"SearchAction\",\"target\":{\"@type\":\"EntryPoint\",\"urlTemplate\":\"https:\/\/www.quincycompressor.com\/es\/?s={search_term_string}\"},\"query-input\":\"required name=search_term_string\"}],\"inLanguage\":\"es\"},{\"@type\":\"Organization\",\"@id\":\"https:\/\/www.quincycompressor.com\/es\/#organization\",\"name\":\"Compresor Quincy\",\"url\":\"https:\/\/www.quincycompressor.com\/es\/\",\"logo\":{\"@type\":\"ImageObject\",\"inLanguage\":\"es\",\"@id\":\"https:\/\/www.quincycompressor.com\/es\/#\/schema\/logo\/image\/\",\"url\":\"https:\/\/www.quincycompressor.com\/wp-content\/uploads\/2021\/04\/Quincy-Compressor-Logo-web-full.jpg\",\"contentUrl\":\"https:\/\/www.quincycompressor.com\/wp-content\/uploads\/2021\/04\/Quincy-Compressor-Logo-web-full.jpg\",\"width\":293,\"height\":111,\"caption\":\"Compresor Quincy\"},\"image\":{\"@id\":\"https:\/\/www.quincycompressor.com\/es\/#\/schema\/logo\/image\/\"}}]}<\/script>\n<!-- \/ Yoast SEO plugin. -->","yoast_head_json":{"title":"Hojas de datos de rendimiento - Quincy Compressor","description":"Quincy es el primero en la industria en probar y publicar conforme a los Est\u00e1ndares de Conservaci\u00f3n de Energ\u00eda de EE. UU. para compresores de aire. Descarga nuestros resultados y hojas de datos.","robots":{"index":"index","follow":"follow","max-snippet":"max-snippet:-1","max-image-preview":"max-image-preview:large","max-video-preview":"max-video-preview:-1"},"canonical":"https:\/\/www.quincycompressor.com\/es\/recursos\/hojas-de-datos-de-rendimiento\/","og_locale":"es_ES","og_type":"article","og_title":"Hojas de datos de rendimiento - Quincy Compressor","og_description":"Quincy es el primero en la industria en probar y publicar conforme a los Est\u00e1ndares de Conservaci\u00f3n de Energ\u00eda de EE. UU. para compresores de aire. Descarga nuestros resultados y hojas de datos.","og_url":"https:\/\/www.quincycompressor.com\/es\/recursos\/hojas-de-datos-de-rendimiento\/","og_site_name":"Quincy Compressor","article_modified_time":"2026-02-03T12:33:29+00:00","og_image":[{"url":"https:\/\/www.quincycompressor.com\/wp-content\/uploads\/2020\/12\/Compliance-Logo-RGB.png"}],"twitter_card":"summary_large_image","twitter_misc":{"Tiempo de lectura":"1 minuto"},"schema":{"@context":"https:\/\/schema.org","@graph":[{"@type":"WebPage","@id":"https:\/\/www.quincycompressor.com\/es\/recursos\/hojas-de-datos-de-rendimiento\/","url":"https:\/\/www.quincycompressor.com\/es\/recursos\/hojas-de-datos-de-rendimiento\/","name":"Hojas de datos de rendimiento - Quincy Compressor","isPartOf":{"@id":"https:\/\/www.quincycompressor.com\/es\/#website"},"primaryImageOfPage":{"@id":"https:\/\/www.quincycompressor.com\/es\/recursos\/hojas-de-datos-de-rendimiento\/#primaryimage"},"image":{"@id":"https:\/\/www.quincycompressor.com\/es\/recursos\/hojas-de-datos-de-rendimiento\/#primaryimage"},"thumbnailUrl":"https:\/\/www.quincycompressor.com\/wp-content\/uploads\/2020\/12\/Compliance-Logo-RGB.png","datePublished":"2020-12-01T16:39:36+00:00","dateModified":"2026-02-03T12:33:29+00:00","description":"Quincy es el primero en la industria en probar y publicar conforme a los Est\u00e1ndares de Conservaci\u00f3n de Energ\u00eda de EE. UU. para compresores de aire. Descarga nuestros resultados y hojas de datos.","breadcrumb":{"@id":"https:\/\/www.quincycompressor.com\/es\/recursos\/hojas-de-datos-de-rendimiento\/#breadcrumb"},"inLanguage":"es","potentialAction":[{"@type":"ReadAction","target":["https:\/\/www.quincycompressor.com\/es\/recursos\/hojas-de-datos-de-rendimiento\/"]}]},{"@type":"ImageObject","inLanguage":"es","@id":"https:\/\/www.quincycompressor.com\/es\/recursos\/hojas-de-datos-de-rendimiento\/#primaryimage","url":"https:\/\/www.quincycompressor.com\/wp-content\/uploads\/2020\/12\/Compliance-Logo-RGB.png","contentUrl":"https:\/\/www.quincycompressor.com\/wp-content\/uploads\/2020\/12\/Compliance-Logo-RGB.png"},{"@type":"BreadcrumbList","@id":"https:\/\/www.quincycompressor.com\/es\/recursos\/hojas-de-datos-de-rendimiento\/#breadcrumb","itemListElement":[{"@type":"ListItem","position":1,"name":"Inicio","item":"https:\/\/www.quincycompressor.com\/es\/inicio\/"},{"@type":"ListItem","position":2,"name":"Recursos","item":"https:\/\/www.quincycompressor.com\/es\/recursos\/"},{"@type":"ListItem","position":3,"name":"Hojas de datos de rendimiento"}]},{"@type":"WebSite","@id":"https:\/\/www.quincycompressor.com\/es\/#website","url":"https:\/\/www.quincycompressor.com\/es\/","name":"Quincy Compressor","description":"Quincy Compressor is your go-to source to find knowledge and dealers with the right air compressor for your situation.","publisher":{"@id":"https:\/\/www.quincycompressor.com\/es\/#organization"},"potentialAction":[{"@type":"SearchAction","target":{"@type":"EntryPoint","urlTemplate":"https:\/\/www.quincycompressor.com\/es\/?s={search_term_string}"},"query-input":"required name=search_term_string"}],"inLanguage":"es"},{"@type":"Organization","@id":"https:\/\/www.quincycompressor.com\/es\/#organization","name":"Compresor Quincy","url":"https:\/\/www.quincycompressor.com\/es\/","logo":{"@type":"ImageObject","inLanguage":"es","@id":"https:\/\/www.quincycompressor.com\/es\/#\/schema\/logo\/image\/","url":"https:\/\/www.quincycompressor.com\/wp-content\/uploads\/2021\/04\/Quincy-Compressor-Logo-web-full.jpg","contentUrl":"https:\/\/www.quincycompressor.com\/wp-content\/uploads\/2021\/04\/Quincy-Compressor-Logo-web-full.jpg","width":293,"height":111,"caption":"Compresor Quincy"},"image":{"@id":"https:\/\/www.quincycompressor.com\/es\/#\/schema\/logo\/image\/"}}]}},"_links":{"self":[{"href":"https:\/\/www.quincycompressor.com\/es\/wp-json\/wp\/v2\/pages\/26976"}],"collection":[{"href":"https:\/\/www.quincycompressor.com\/es\/wp-json\/wp\/v2\/pages"}],"about":[{"href":"https:\/\/www.quincycompressor.com\/es\/wp-json\/wp\/v2\/types\/page"}],"author":[{"embeddable":true,"href":"https:\/\/www.quincycompressor.com\/es\/wp-json\/wp\/v2\/users\/5"}],"replies":[{"embeddable":true,"href":"https:\/\/www.quincycompressor.com\/es\/wp-json\/wp\/v2\/comments?post=26976"}],"version-history":[{"count":0,"href":"https:\/\/www.quincycompressor.com\/es\/wp-json\/wp\/v2\/pages\/26976\/revisions"}],"up":[{"embeddable":true,"href":"https:\/\/www.quincycompressor.com\/es\/wp-json\/wp\/v2\/pages\/27131"}],"wp:attachment":[{"href":"https:\/\/www.quincycompressor.com\/es\/wp-json\/wp\/v2\/media?parent=26976"}],"curies":[{"name":"wp","href":"https:\/\/api.w.org\/{rel}","templated":true}]}}