{"id":26994,"date":"2020-12-01T16:23:36","date_gmt":"2020-12-01T16:23:36","guid":{"rendered":"https:\/\/www.quincycompressor.com\/soluciones-de-tuberias\/"},"modified":"2026-02-03T12:32:28","modified_gmt":"2026-02-03T12:32:28","slug":"soluciones-de-tuberias","status":"publish","type":"page","link":"https:\/\/www.quincycompressor.com\/es\/quincy-piezas-y-servicios\/soluciones-de-tuberias\/","title":{"rendered":"Soluciones de tuber\u00edas"},"content":{"rendered":"","protected":false},"excerpt":{"rendered":"","protected":false},"author":5,"featured_media":26999,"parent":27162,"menu_order":0,"comment_status":"closed","ping_status":"closed","template":"","meta":{"_acf_changed":false,"inline_featured_image":false,"footnotes":""},"acf":[],"yoast_head":"<!-- This site is optimized with the Yoast SEO plugin v22.9 - https:\/\/yoast.com\/wordpress\/plugins\/seo\/ -->\n<title>Soluciones de tuber\u00edas | Compresor Quincy<\/title>\n<meta name=\"description\" content=\"El compresor Quincy AIRnet es ideal para evitar la condensaci\u00f3n y proporcionar aire comprimido m\u00e1s limpio. \u00a1Visita nuestra p\u00e1gina de soluciones de tuber\u00edas para m\u00e1s informaci\u00f3n!\" \/>\n<meta name=\"robots\" content=\"index, follow, max-snippet:-1, max-image-preview:large, max-video-preview:-1\" \/>\n<link rel=\"canonical\" href=\"https:\/\/www.quincycompressor.com\/es\/quincy-piezas-y-servicios\/soluciones-de-tuberias\/\" \/>\n<meta property=\"og:locale\" content=\"es_ES\" \/>\n<meta property=\"og:type\" content=\"article\" \/>\n<meta property=\"og:title\" content=\"Soluciones de tuber\u00edas | Compresor Quincy\" \/>\n<meta property=\"og:description\" content=\"El compresor Quincy AIRnet es ideal para evitar la condensaci\u00f3n y proporcionar aire comprimido m\u00e1s limpio. \u00a1Visita nuestra p\u00e1gina de soluciones de tuber\u00edas para m\u00e1s informaci\u00f3n!\" \/>\n<meta property=\"og:url\" content=\"https:\/\/www.quincycompressor.com\/es\/quincy-piezas-y-servicios\/soluciones-de-tuberias\/\" \/>\n<meta property=\"og:site_name\" content=\"Quincy Compressor\" \/>\n<meta property=\"article:modified_time\" content=\"2026-02-03T12:32:28+00:00\" \/>\n<meta property=\"og:image\" content=\"https:\/\/www.quincycompressor.com\/wp-content\/uploads\/2020\/12\/airnet-collage-lrg-1.jpg\" \/>\n\t<meta property=\"og:image:width\" content=\"900\" \/>\n\t<meta property=\"og:image:height\" content=\"693\" \/>\n\t<meta property=\"og:image:type\" content=\"image\/jpeg\" \/>\n<meta name=\"twitter:card\" content=\"summary_large_image\" \/>\n<script type=\"application\/ld+json\" class=\"yoast-schema-graph\">{\"@context\":\"https:\/\/schema.org\",\"@graph\":[{\"@type\":\"WebPage\",\"@id\":\"https:\/\/www.quincycompressor.com\/es\/quincy-piezas-y-servicios\/soluciones-de-tuberias\/\",\"url\":\"https:\/\/www.quincycompressor.com\/es\/quincy-piezas-y-servicios\/soluciones-de-tuberias\/\",\"name\":\"Soluciones de tuber\u00edas | Compresor Quincy\",\"isPartOf\":{\"@id\":\"https:\/\/www.quincycompressor.com\/es\/#website\"},\"primaryImageOfPage\":{\"@id\":\"https:\/\/www.quincycompressor.com\/es\/quincy-piezas-y-servicios\/soluciones-de-tuberias\/#primaryimage\"},\"image\":{\"@id\":\"https:\/\/www.quincycompressor.com\/es\/quincy-piezas-y-servicios\/soluciones-de-tuberias\/#primaryimage\"},\"thumbnailUrl\":\"https:\/\/www.quincycompressor.com\/wp-content\/uploads\/2020\/12\/airnet-collage-lrg-1.jpg\",\"datePublished\":\"2020-12-01T16:23:36+00:00\",\"dateModified\":\"2026-02-03T12:32:28+00:00\",\"description\":\"El compresor Quincy AIRnet es ideal para evitar la condensaci\u00f3n y proporcionar aire comprimido m\u00e1s limpio. \u00a1Visita nuestra p\u00e1gina de soluciones de tuber\u00edas para m\u00e1s informaci\u00f3n!\",\"breadcrumb\":{\"@id\":\"https:\/\/www.quincycompressor.com\/es\/quincy-piezas-y-servicios\/soluciones-de-tuberias\/#breadcrumb\"},\"inLanguage\":\"es\",\"potentialAction\":[{\"@type\":\"ReadAction\",\"target\":[\"https:\/\/www.quincycompressor.com\/es\/quincy-piezas-y-servicios\/soluciones-de-tuberias\/\"]}]},{\"@type\":\"ImageObject\",\"inLanguage\":\"es\",\"@id\":\"https:\/\/www.quincycompressor.com\/es\/quincy-piezas-y-servicios\/soluciones-de-tuberias\/#primaryimage\",\"url\":\"https:\/\/www.quincycompressor.com\/wp-content\/uploads\/2020\/12\/airnet-collage-lrg-1.jpg\",\"contentUrl\":\"https:\/\/www.quincycompressor.com\/wp-content\/uploads\/2020\/12\/airnet-collage-lrg-1.jpg\",\"width\":900,\"height\":693},{\"@type\":\"BreadcrumbList\",\"@id\":\"https:\/\/www.quincycompressor.com\/es\/quincy-piezas-y-servicios\/soluciones-de-tuberias\/#breadcrumb\",\"itemListElement\":[{\"@type\":\"ListItem\",\"position\":1,\"name\":\"Inicio\",\"item\":\"https:\/\/www.quincycompressor.com\/es\/inicio\/\"},{\"@type\":\"ListItem\",\"position\":2,\"name\":\"Quincy Piezas y Servicios\",\"item\":\"https:\/\/www.quincycompressor.com\/es\/quincy-piezas-y-servicios\/\"},{\"@type\":\"ListItem\",\"position\":3,\"name\":\"Soluciones de tuber\u00edas\"}]},{\"@type\":\"WebSite\",\"@id\":\"https:\/\/www.quincycompressor.com\/es\/#website\",\"url\":\"https:\/\/www.quincycompressor.com\/es\/\",\"name\":\"Quincy Compressor\",\"description\":\"Quincy Compressor is your go-to source to find knowledge and dealers with the right air compressor for your situation.\",\"publisher\":{\"@id\":\"https:\/\/www.quincycompressor.com\/es\/#organization\"},\"potentialAction\":[{\"@type\":\"SearchAction\",\"target\":{\"@type\":\"EntryPoint\",\"urlTemplate\":\"https:\/\/www.quincycompressor.com\/es\/?s={search_term_string}\"},\"query-input\":\"required name=search_term_string\"}],\"inLanguage\":\"es\"},{\"@type\":\"Organization\",\"@id\":\"https:\/\/www.quincycompressor.com\/es\/#organization\",\"name\":\"Compresor Quincy\",\"url\":\"https:\/\/www.quincycompressor.com\/es\/\",\"logo\":{\"@type\":\"ImageObject\",\"inLanguage\":\"es\",\"@id\":\"https:\/\/www.quincycompressor.com\/es\/#\/schema\/logo\/image\/\",\"url\":\"https:\/\/www.quincycompressor.com\/wp-content\/uploads\/2021\/04\/Quincy-Compressor-Logo-web-full.jpg\",\"contentUrl\":\"https:\/\/www.quincycompressor.com\/wp-content\/uploads\/2021\/04\/Quincy-Compressor-Logo-web-full.jpg\",\"width\":293,\"height\":111,\"caption\":\"Compresor Quincy\"},\"image\":{\"@id\":\"https:\/\/www.quincycompressor.com\/es\/#\/schema\/logo\/image\/\"}}]}<\/script>\n<!-- \/ Yoast SEO plugin. -->","yoast_head_json":{"title":"Soluciones de tuber\u00edas | Compresor Quincy","description":"El compresor Quincy AIRnet es ideal para evitar la condensaci\u00f3n y proporcionar aire comprimido m\u00e1s limpio. \u00a1Visita nuestra p\u00e1gina de soluciones de tuber\u00edas para m\u00e1s informaci\u00f3n!","robots":{"index":"index","follow":"follow","max-snippet":"max-snippet:-1","max-image-preview":"max-image-preview:large","max-video-preview":"max-video-preview:-1"},"canonical":"https:\/\/www.quincycompressor.com\/es\/quincy-piezas-y-servicios\/soluciones-de-tuberias\/","og_locale":"es_ES","og_type":"article","og_title":"Soluciones de tuber\u00edas | Compresor Quincy","og_description":"El compresor Quincy AIRnet es ideal para evitar la condensaci\u00f3n y proporcionar aire comprimido m\u00e1s limpio. \u00a1Visita nuestra p\u00e1gina de soluciones de tuber\u00edas para m\u00e1s informaci\u00f3n!","og_url":"https:\/\/www.quincycompressor.com\/es\/quincy-piezas-y-servicios\/soluciones-de-tuberias\/","og_site_name":"Quincy Compressor","article_modified_time":"2026-02-03T12:32:28+00:00","og_image":[{"width":900,"height":693,"url":"https:\/\/www.quincycompressor.com\/wp-content\/uploads\/2020\/12\/airnet-collage-lrg-1.jpg","type":"image\/jpeg"}],"twitter_card":"summary_large_image","schema":{"@context":"https:\/\/schema.org","@graph":[{"@type":"WebPage","@id":"https:\/\/www.quincycompressor.com\/es\/quincy-piezas-y-servicios\/soluciones-de-tuberias\/","url":"https:\/\/www.quincycompressor.com\/es\/quincy-piezas-y-servicios\/soluciones-de-tuberias\/","name":"Soluciones de tuber\u00edas | Compresor Quincy","isPartOf":{"@id":"https:\/\/www.quincycompressor.com\/es\/#website"},"primaryImageOfPage":{"@id":"https:\/\/www.quincycompressor.com\/es\/quincy-piezas-y-servicios\/soluciones-de-tuberias\/#primaryimage"},"image":{"@id":"https:\/\/www.quincycompressor.com\/es\/quincy-piezas-y-servicios\/soluciones-de-tuberias\/#primaryimage"},"thumbnailUrl":"https:\/\/www.quincycompressor.com\/wp-content\/uploads\/2020\/12\/airnet-collage-lrg-1.jpg","datePublished":"2020-12-01T16:23:36+00:00","dateModified":"2026-02-03T12:32:28+00:00","description":"El compresor Quincy AIRnet es ideal para evitar la condensaci\u00f3n y proporcionar aire comprimido m\u00e1s limpio. \u00a1Visita nuestra p\u00e1gina de soluciones de tuber\u00edas para m\u00e1s informaci\u00f3n!","breadcrumb":{"@id":"https:\/\/www.quincycompressor.com\/es\/quincy-piezas-y-servicios\/soluciones-de-tuberias\/#breadcrumb"},"inLanguage":"es","potentialAction":[{"@type":"ReadAction","target":["https:\/\/www.quincycompressor.com\/es\/quincy-piezas-y-servicios\/soluciones-de-tuberias\/"]}]},{"@type":"ImageObject","inLanguage":"es","@id":"https:\/\/www.quincycompressor.com\/es\/quincy-piezas-y-servicios\/soluciones-de-tuberias\/#primaryimage","url":"https:\/\/www.quincycompressor.com\/wp-content\/uploads\/2020\/12\/airnet-collage-lrg-1.jpg","contentUrl":"https:\/\/www.quincycompressor.com\/wp-content\/uploads\/2020\/12\/airnet-collage-lrg-1.jpg","width":900,"height":693},{"@type":"BreadcrumbList","@id":"https:\/\/www.quincycompressor.com\/es\/quincy-piezas-y-servicios\/soluciones-de-tuberias\/#breadcrumb","itemListElement":[{"@type":"ListItem","position":1,"name":"Inicio","item":"https:\/\/www.quincycompressor.com\/es\/inicio\/"},{"@type":"ListItem","position":2,"name":"Quincy Piezas y Servicios","item":"https:\/\/www.quincycompressor.com\/es\/quincy-piezas-y-servicios\/"},{"@type":"ListItem","position":3,"name":"Soluciones de tuber\u00edas"}]},{"@type":"WebSite","@id":"https:\/\/www.quincycompressor.com\/es\/#website","url":"https:\/\/www.quincycompressor.com\/es\/","name":"Quincy Compressor","description":"Quincy Compressor is your go-to source to find knowledge and dealers with the right air compressor for your situation.","publisher":{"@id":"https:\/\/www.quincycompressor.com\/es\/#organization"},"potentialAction":[{"@type":"SearchAction","target":{"@type":"EntryPoint","urlTemplate":"https:\/\/www.quincycompressor.com\/es\/?s={search_term_string}"},"query-input":"required name=search_term_string"}],"inLanguage":"es"},{"@type":"Organization","@id":"https:\/\/www.quincycompressor.com\/es\/#organization","name":"Compresor Quincy","url":"https:\/\/www.quincycompressor.com\/es\/","logo":{"@type":"ImageObject","inLanguage":"es","@id":"https:\/\/www.quincycompressor.com\/es\/#\/schema\/logo\/image\/","url":"https:\/\/www.quincycompressor.com\/wp-content\/uploads\/2021\/04\/Quincy-Compressor-Logo-web-full.jpg","contentUrl":"https:\/\/www.quincycompressor.com\/wp-content\/uploads\/2021\/04\/Quincy-Compressor-Logo-web-full.jpg","width":293,"height":111,"caption":"Compresor Quincy"},"image":{"@id":"https:\/\/www.quincycompressor.com\/es\/#\/schema\/logo\/image\/"}}]}},"_links":{"self":[{"href":"https:\/\/www.quincycompressor.com\/es\/wp-json\/wp\/v2\/pages\/26994"}],"collection":[{"href":"https:\/\/www.quincycompressor.com\/es\/wp-json\/wp\/v2\/pages"}],"about":[{"href":"https:\/\/www.quincycompressor.com\/es\/wp-json\/wp\/v2\/types\/page"}],"author":[{"embeddable":true,"href":"https:\/\/www.quincycompressor.com\/es\/wp-json\/wp\/v2\/users\/5"}],"replies":[{"embeddable":true,"href":"https:\/\/www.quincycompressor.com\/es\/wp-json\/wp\/v2\/comments?post=26994"}],"version-history":[{"count":0,"href":"https:\/\/www.quincycompressor.com\/es\/wp-json\/wp\/v2\/pages\/26994\/revisions"}],"up":[{"embeddable":true,"href":"https:\/\/www.quincycompressor.com\/es\/wp-json\/wp\/v2\/pages\/27162"}],"wp:featuredmedia":[{"embeddable":true,"href":"https:\/\/www.quincycompressor.com\/es\/wp-json\/wp\/v2\/media\/26999"}],"wp:attachment":[{"href":"https:\/\/www.quincycompressor.com\/es\/wp-json\/wp\/v2\/media?parent=26994"}],"curies":[{"name":"wp","href":"https:\/\/api.w.org\/{rel}","templated":true}]}}