{"id":26996,"date":"2020-11-24T21:26:26","date_gmt":"2020-11-24T21:26:26","guid":{"rendered":"https:\/\/www.quincycompressor.com\/bombas-de-vacio\/"},"modified":"2026-03-04T13:36:09","modified_gmt":"2026-03-04T13:36:09","slug":"bombas-de-vacio","status":"publish","type":"page","link":"https:\/\/www.quincycompressor.com\/es\/productos\/bombas-de-vacio\/","title":{"rendered":"Bombas y sistemas de vac\u00edo"},"content":{"rendered":"<p>Quincy Compressor es tu sede para unidades de bomba de vac\u00edo de alta calidad y fiables, producto de m\u00e1s de 100 a\u00f1os de experiencia industrial inigualable. Las bombas de vac\u00edo Quincy son utilizadas por empresas de todo Estados Unidos y del mundo debido a su fiabilidad inquebrantable y rendimiento insuperable. Adem\u00e1s, cuentan con un servicio superior las 24 horas y el soporte de nuestra extensa red mundial de distribuidores. Hay varios modelos de bombas de vac\u00edo Quincy para elegir, lo que garantiza que puedas encontrar el adecuado para tus aplicaciones.  <\/p>\n<p><a class=\"btn btn-primary\" href=\"https:\/\/www.quincycompressor.com\/es\/localizador-de-ventas-y-servicio\/\">Encuentra un concesionario local<\/a><\/p>\n<p><script type=\"application\/ld+json\">\n{\n  \"@context\": \"https:\/\/schema.org\",\n  \"@type\": \"BlogPosting\",\n  \"mainEntityOfPage\": {\n    \"@type\": \"WebPage\",\n    \"@id\": \"https:\/\/www.quincycompressor.com\/products\/vacuum-pumps\/\"\n  },\n  \"headline\": \"Vacuum Pumps\",\n  \"description\": \"Quincy Compressor is your headquarters for high-quality, reliable vacuum pump units that are the product of over 100 years of unrivaled industry expertise. Quincy vacuum pumps are used by companies across the United States and around the world due to their uncompromising reliability and unbeatable performance. They\u2019re also backed by superior 24-hour service and support from our extensive worldwide distributor network. There are various Quincy vacuum pump models to choose from, ensuring you\u2019ll be able to find the right one for your applications.\",\n  \"image\": \"https:\/\/www.quincycompressor.com\/wp-content\/uploads\/2020\/12\/QSV-530-Angled-web-1-300x257-1.png\",  \n  \"author\": {\n    \"@type\": \"Organization\",\n    \"name\": \"Quincy Compressor\",\n    \"url\": \"https:\/\/www.quincycompressor.com\/\"\n  },  \n  \"publisher\": {\n    \"@type\": \"Organization\",\n    \"name\": \"Quincy Compressor\",\n    \"logo\": {\n      \"@type\": \"ImageObject\",\n      \"url\": \"https:\/\/quincycompressor.com\/wp-content\/uploads\/2020\/11\/logo.png\"\n    }\n  },\n  \"datePublished\": \"\"\n}\n<\/script><\/p>\n","protected":false},"excerpt":{"rendered":"<p>Quincy Compressor es tu sede para unidades de bomba de vac\u00edo de alta calidad y fiables, producto de m\u00e1s de 100 a\u00f1os de experiencia industrial inigualable. Las bombas de vac\u00edo Quincy son utilizadas por empresas de todo Estados Unidos y del mundo debido a su fiabilidad inquebrantable y rendimiento insuperable. Adem\u00e1s, cuentan con un servicio [&hellip;]<\/p>\n","protected":false},"author":5,"featured_media":27016,"parent":27175,"menu_order":0,"comment_status":"closed","ping_status":"closed","template":"page-product-category.php","meta":{"_acf_changed":false,"inline_featured_image":false,"footnotes":""},"acf":[],"yoast_head":"<!-- This site is optimized with the Yoast SEO plugin v22.9 - https:\/\/yoast.com\/wordpress\/plugins\/seo\/ -->\n<title>Bombas de vac\u00edo | Compresor Quincy<\/title>\n<meta name=\"description\" content=\"Descubre las bombas de vac\u00edo de Quincy Compressor. Conf\u00eda en las ra\u00edces americanas y en m\u00e1s de un siglo de fiabilidad para tus necesidades industriales. \u00a1Busca un concesionario!\" \/>\n<meta name=\"robots\" content=\"index, follow, max-snippet:-1, max-image-preview:large, max-video-preview:-1\" \/>\n<link rel=\"canonical\" href=\"https:\/\/www.quincycompressor.com\/es\/productos\/bombas-de-vacio\/\" \/>\n<meta property=\"og:locale\" content=\"es_ES\" \/>\n<meta property=\"og:type\" content=\"article\" \/>\n<meta property=\"og:title\" content=\"Bombas de vac\u00edo | Compresor Quincy\" \/>\n<meta property=\"og:description\" content=\"Descubre las bombas de vac\u00edo de Quincy Compressor. Conf\u00eda en las ra\u00edces americanas y en m\u00e1s de un siglo de fiabilidad para tus necesidades industriales. \u00a1Busca un concesionario!\" \/>\n<meta property=\"og:url\" content=\"https:\/\/www.quincycompressor.com\/es\/productos\/bombas-de-vacio\/\" \/>\n<meta property=\"og:site_name\" content=\"Quincy Compressor\" \/>\n<meta property=\"article:modified_time\" content=\"2026-03-04T13:36:09+00:00\" \/>\n<meta property=\"og:image\" content=\"https:\/\/www.quincycompressor.com\/wp-content\/uploads\/2024\/06\/QCV-QCLP-Family-Shot.png\" \/>\n\t<meta property=\"og:image:width\" content=\"1080\" \/>\n\t<meta property=\"og:image:height\" content=\"1080\" \/>\n\t<meta property=\"og:image:type\" content=\"image\/png\" \/>\n<meta name=\"twitter:card\" content=\"summary_large_image\" \/>\n<script type=\"application\/ld+json\" class=\"yoast-schema-graph\">{\"@context\":\"https:\/\/schema.org\",\"@graph\":[{\"@type\":\"WebPage\",\"@id\":\"https:\/\/www.quincycompressor.com\/es\/productos\/bombas-de-vacio\/\",\"url\":\"https:\/\/www.quincycompressor.com\/es\/productos\/bombas-de-vacio\/\",\"name\":\"Bombas de vac\u00edo | Compresor Quincy\",\"isPartOf\":{\"@id\":\"https:\/\/www.quincycompressor.com\/es\/#website\"},\"primaryImageOfPage\":{\"@id\":\"https:\/\/www.quincycompressor.com\/es\/productos\/bombas-de-vacio\/#primaryimage\"},\"image\":{\"@id\":\"https:\/\/www.quincycompressor.com\/es\/productos\/bombas-de-vacio\/#primaryimage\"},\"thumbnailUrl\":\"https:\/\/www.quincycompressor.com\/wp-content\/uploads\/2024\/06\/QCV-QCLP-Family-Shot.png\",\"datePublished\":\"2020-11-24T21:26:26+00:00\",\"dateModified\":\"2026-03-04T13:36:09+00:00\",\"description\":\"Descubre las bombas de vac\u00edo de Quincy Compressor. Conf\u00eda en las ra\u00edces americanas y en m\u00e1s de un siglo de fiabilidad para tus necesidades industriales. \u00a1Busca un concesionario!\",\"breadcrumb\":{\"@id\":\"https:\/\/www.quincycompressor.com\/es\/productos\/bombas-de-vacio\/#breadcrumb\"},\"inLanguage\":\"es\",\"potentialAction\":[{\"@type\":\"ReadAction\",\"target\":[\"https:\/\/www.quincycompressor.com\/es\/productos\/bombas-de-vacio\/\"]}]},{\"@type\":\"ImageObject\",\"inLanguage\":\"es\",\"@id\":\"https:\/\/www.quincycompressor.com\/es\/productos\/bombas-de-vacio\/#primaryimage\",\"url\":\"https:\/\/www.quincycompressor.com\/wp-content\/uploads\/2024\/06\/QCV-QCLP-Family-Shot.png\",\"contentUrl\":\"https:\/\/www.quincycompressor.com\/wp-content\/uploads\/2024\/06\/QCV-QCLP-Family-Shot.png\",\"width\":1080,\"height\":1080},{\"@type\":\"BreadcrumbList\",\"@id\":\"https:\/\/www.quincycompressor.com\/es\/productos\/bombas-de-vacio\/#breadcrumb\",\"itemListElement\":[{\"@type\":\"ListItem\",\"position\":1,\"name\":\"Inicio\",\"item\":\"https:\/\/www.quincycompressor.com\/es\/inicio\/\"},{\"@type\":\"ListItem\",\"position\":2,\"name\":\"Productos\",\"item\":\"https:\/\/www.quincycompressor.com\/es\/productos\/\"},{\"@type\":\"ListItem\",\"position\":3,\"name\":\"Bombas y sistemas de vac\u00edo\"}]},{\"@type\":\"WebSite\",\"@id\":\"https:\/\/www.quincycompressor.com\/es\/#website\",\"url\":\"https:\/\/www.quincycompressor.com\/es\/\",\"name\":\"Quincy Compressor\",\"description\":\"Quincy Compressor is your go-to source to find knowledge and dealers with the right air compressor for your situation.\",\"publisher\":{\"@id\":\"https:\/\/www.quincycompressor.com\/es\/#organization\"},\"potentialAction\":[{\"@type\":\"SearchAction\",\"target\":{\"@type\":\"EntryPoint\",\"urlTemplate\":\"https:\/\/www.quincycompressor.com\/es\/?s={search_term_string}\"},\"query-input\":\"required name=search_term_string\"}],\"inLanguage\":\"es\"},{\"@type\":\"Organization\",\"@id\":\"https:\/\/www.quincycompressor.com\/es\/#organization\",\"name\":\"Compresor Quincy\",\"url\":\"https:\/\/www.quincycompressor.com\/es\/\",\"logo\":{\"@type\":\"ImageObject\",\"inLanguage\":\"es\",\"@id\":\"https:\/\/www.quincycompressor.com\/es\/#\/schema\/logo\/image\/\",\"url\":\"https:\/\/www.quincycompressor.com\/wp-content\/uploads\/2021\/04\/Quincy-Compressor-Logo-web-full.jpg\",\"contentUrl\":\"https:\/\/www.quincycompressor.com\/wp-content\/uploads\/2021\/04\/Quincy-Compressor-Logo-web-full.jpg\",\"width\":293,\"height\":111,\"caption\":\"Compresor Quincy\"},\"image\":{\"@id\":\"https:\/\/www.quincycompressor.com\/es\/#\/schema\/logo\/image\/\"}}]}<\/script>\n<!-- \/ Yoast SEO plugin. -->","yoast_head_json":{"title":"Bombas de vac\u00edo | Compresor Quincy","description":"Descubre las bombas de vac\u00edo de Quincy Compressor. Conf\u00eda en las ra\u00edces americanas y en m\u00e1s de un siglo de fiabilidad para tus necesidades industriales. \u00a1Busca un concesionario!","robots":{"index":"index","follow":"follow","max-snippet":"max-snippet:-1","max-image-preview":"max-image-preview:large","max-video-preview":"max-video-preview:-1"},"canonical":"https:\/\/www.quincycompressor.com\/es\/productos\/bombas-de-vacio\/","og_locale":"es_ES","og_type":"article","og_title":"Bombas de vac\u00edo | Compresor Quincy","og_description":"Descubre las bombas de vac\u00edo de Quincy Compressor. Conf\u00eda en las ra\u00edces americanas y en m\u00e1s de un siglo de fiabilidad para tus necesidades industriales. \u00a1Busca un concesionario!","og_url":"https:\/\/www.quincycompressor.com\/es\/productos\/bombas-de-vacio\/","og_site_name":"Quincy Compressor","article_modified_time":"2026-03-04T13:36:09+00:00","og_image":[{"width":1080,"height":1080,"url":"https:\/\/www.quincycompressor.com\/wp-content\/uploads\/2024\/06\/QCV-QCLP-Family-Shot.png","type":"image\/png"}],"twitter_card":"summary_large_image","schema":{"@context":"https:\/\/schema.org","@graph":[{"@type":"WebPage","@id":"https:\/\/www.quincycompressor.com\/es\/productos\/bombas-de-vacio\/","url":"https:\/\/www.quincycompressor.com\/es\/productos\/bombas-de-vacio\/","name":"Bombas de vac\u00edo | Compresor Quincy","isPartOf":{"@id":"https:\/\/www.quincycompressor.com\/es\/#website"},"primaryImageOfPage":{"@id":"https:\/\/www.quincycompressor.com\/es\/productos\/bombas-de-vacio\/#primaryimage"},"image":{"@id":"https:\/\/www.quincycompressor.com\/es\/productos\/bombas-de-vacio\/#primaryimage"},"thumbnailUrl":"https:\/\/www.quincycompressor.com\/wp-content\/uploads\/2024\/06\/QCV-QCLP-Family-Shot.png","datePublished":"2020-11-24T21:26:26+00:00","dateModified":"2026-03-04T13:36:09+00:00","description":"Descubre las bombas de vac\u00edo de Quincy Compressor. Conf\u00eda en las ra\u00edces americanas y en m\u00e1s de un siglo de fiabilidad para tus necesidades industriales. \u00a1Busca un concesionario!","breadcrumb":{"@id":"https:\/\/www.quincycompressor.com\/es\/productos\/bombas-de-vacio\/#breadcrumb"},"inLanguage":"es","potentialAction":[{"@type":"ReadAction","target":["https:\/\/www.quincycompressor.com\/es\/productos\/bombas-de-vacio\/"]}]},{"@type":"ImageObject","inLanguage":"es","@id":"https:\/\/www.quincycompressor.com\/es\/productos\/bombas-de-vacio\/#primaryimage","url":"https:\/\/www.quincycompressor.com\/wp-content\/uploads\/2024\/06\/QCV-QCLP-Family-Shot.png","contentUrl":"https:\/\/www.quincycompressor.com\/wp-content\/uploads\/2024\/06\/QCV-QCLP-Family-Shot.png","width":1080,"height":1080},{"@type":"BreadcrumbList","@id":"https:\/\/www.quincycompressor.com\/es\/productos\/bombas-de-vacio\/#breadcrumb","itemListElement":[{"@type":"ListItem","position":1,"name":"Inicio","item":"https:\/\/www.quincycompressor.com\/es\/inicio\/"},{"@type":"ListItem","position":2,"name":"Productos","item":"https:\/\/www.quincycompressor.com\/es\/productos\/"},{"@type":"ListItem","position":3,"name":"Bombas y sistemas de vac\u00edo"}]},{"@type":"WebSite","@id":"https:\/\/www.quincycompressor.com\/es\/#website","url":"https:\/\/www.quincycompressor.com\/es\/","name":"Quincy Compressor","description":"Quincy Compressor is your go-to source to find knowledge and dealers with the right air compressor for your situation.","publisher":{"@id":"https:\/\/www.quincycompressor.com\/es\/#organization"},"potentialAction":[{"@type":"SearchAction","target":{"@type":"EntryPoint","urlTemplate":"https:\/\/www.quincycompressor.com\/es\/?s={search_term_string}"},"query-input":"required name=search_term_string"}],"inLanguage":"es"},{"@type":"Organization","@id":"https:\/\/www.quincycompressor.com\/es\/#organization","name":"Compresor Quincy","url":"https:\/\/www.quincycompressor.com\/es\/","logo":{"@type":"ImageObject","inLanguage":"es","@id":"https:\/\/www.quincycompressor.com\/es\/#\/schema\/logo\/image\/","url":"https:\/\/www.quincycompressor.com\/wp-content\/uploads\/2021\/04\/Quincy-Compressor-Logo-web-full.jpg","contentUrl":"https:\/\/www.quincycompressor.com\/wp-content\/uploads\/2021\/04\/Quincy-Compressor-Logo-web-full.jpg","width":293,"height":111,"caption":"Compresor Quincy"},"image":{"@id":"https:\/\/www.quincycompressor.com\/es\/#\/schema\/logo\/image\/"}}]}},"_links":{"self":[{"href":"https:\/\/www.quincycompressor.com\/es\/wp-json\/wp\/v2\/pages\/26996"}],"collection":[{"href":"https:\/\/www.quincycompressor.com\/es\/wp-json\/wp\/v2\/pages"}],"about":[{"href":"https:\/\/www.quincycompressor.com\/es\/wp-json\/wp\/v2\/types\/page"}],"author":[{"embeddable":true,"href":"https:\/\/www.quincycompressor.com\/es\/wp-json\/wp\/v2\/users\/5"}],"replies":[{"embeddable":true,"href":"https:\/\/www.quincycompressor.com\/es\/wp-json\/wp\/v2\/comments?post=26996"}],"version-history":[{"count":0,"href":"https:\/\/www.quincycompressor.com\/es\/wp-json\/wp\/v2\/pages\/26996\/revisions"}],"up":[{"embeddable":true,"href":"https:\/\/www.quincycompressor.com\/es\/wp-json\/wp\/v2\/pages\/27175"}],"wp:featuredmedia":[{"embeddable":true,"href":"https:\/\/www.quincycompressor.com\/es\/wp-json\/wp\/v2\/media\/27016"}],"wp:attachment":[{"href":"https:\/\/www.quincycompressor.com\/es\/wp-json\/wp\/v2\/media?parent=26996"}],"curies":[{"name":"wp","href":"https:\/\/api.w.org\/{rel}","templated":true}]}}