{"id":27005,"date":"2020-12-01T16:08:37","date_gmt":"2020-12-01T16:08:37","guid":{"rendered":"https:\/\/www.quincycompressor.com\/piezas-y-fluidos\/"},"modified":"2026-02-23T16:42:05","modified_gmt":"2026-02-23T16:42:05","slug":"piezas-y-fluidos","status":"publish","type":"page","link":"https:\/\/www.quincycompressor.com\/es\/quincy-piezas-y-servicios\/piezas-y-fluidos\/","title":{"rendered":"Piezas y fluidos"},"content":{"rendered":"<p>Un compresor de aire Quincy est\u00e1 dise\u00f1ado, dise\u00f1ado y construido para ofrecer muchos a\u00f1os de servicio fiable. Tambi\u00e9n disfrutas de programas de garant\u00eda l\u00edderes en la industria para tu protecci\u00f3n y tranquilidad, as\u00ed como de un servicio las 24 horas a trav\u00e9s de la amplia red de concesionarios autorizados de Quincy. Adem\u00e1s, tambi\u00e9n ofrecemos piezas de compresores de aire de primera calidad. Ofrecemos una amplia selecci\u00f3n de piezas genuinas para <a href=\"https:\/\/www.quincycompressor.com\/es\/quincy-piezas-y-servicios\/\">compresores Quincy<\/a> y productos de fluido para compresores de aire, as\u00ed que nunca tendr\u00e1s que preocuparte por encontrar las piezas que necesitas para mantener tu compresor funcionando.   <\/p>\n<p style=\"text-align: center;\"><a class=\"btn btn-primary\" href=\"https:\/\/www.quincycompressor.com\/es\/localizador-de-ventas-y-servicio\/\">Localiza un distribuidor<\/a><\/p>\n<div class=\"category-scrool-menu\"><img decoding=\"async\" class=\"size-full wp-image-23509 aligncenter\" src=\"https:\/\/www.quincycompressor.com\/wp-content\/uploads\/2024\/05\/designed-engineered-built.png\" alt=\"\" width=\"1089\" height=\"279\" srcset=\"https:\/\/www.quincycompressor.com\/wp-content\/uploads\/2024\/05\/designed-engineered-built.png 1089w, https:\/\/www.quincycompressor.com\/wp-content\/uploads\/2024\/05\/designed-engineered-built-300x77.png 300w, https:\/\/www.quincycompressor.com\/wp-content\/uploads\/2024\/05\/designed-engineered-built-1024x262.png 1024w, https:\/\/www.quincycompressor.com\/wp-content\/uploads\/2024\/05\/designed-engineered-built-768x197.png 768w, https:\/\/www.quincycompressor.com\/wp-content\/uploads\/2024\/05\/designed-engineered-built-1000x256.png 1000w\" sizes=\"(max-width: 1089px) 100vw, 1089px\" \/>&nbsp;<\/p>\n<p>Haz clic en un bot\u00f3n de abajo para acceder a esa secci\u00f3n de la p\u00e1gina:<\/p>\n<ul class=\"clearfix\">\n<li><a href=\"#fluids\">Tipos de fluidos de compresores de aire<\/a><\/li>\n<li><a href=\"#parts\">Piezas genuinas de Quincy<\/a><\/li>\n<li><a href=\"#fluid-analysis-program\">Programa de An\u00e1lisis de Fluidos<\/a><\/li>\n<li><a href=\"#rebuild-kit\">Kit de reconstrucci\u00f3n de bomba de compresor de aire<\/a><\/li>\n<\/ul>\n<p>&nbsp;<\/p>\n<\/div>\n","protected":false},"excerpt":{"rendered":"<p>Un compresor de aire Quincy est\u00e1 dise\u00f1ado, dise\u00f1ado y construido para ofrecer muchos a\u00f1os de servicio fiable. Tambi\u00e9n disfrutas de programas de garant\u00eda l\u00edderes en la industria para tu protecci\u00f3n y tranquilidad, as\u00ed como de un servicio las 24 horas a trav\u00e9s de la amplia red de concesionarios autorizados de Quincy. Adem\u00e1s, tambi\u00e9n ofrecemos piezas [&hellip;]<\/p>\n","protected":false},"author":5,"featured_media":0,"parent":27162,"menu_order":0,"comment_status":"closed","ping_status":"closed","template":"","meta":{"_acf_changed":false,"inline_featured_image":false,"footnotes":""},"acf":[],"yoast_head":"<!-- This site is optimized with the Yoast SEO plugin v22.9 - https:\/\/yoast.com\/wordpress\/plugins\/seo\/ -->\n<title>Piezas y fluidos - Quincy Compressor<\/title>\n<meta name=\"description\" content=\"Ofrecemos una amplia selecci\u00f3n de piezas para compresores y productos de fluidos para compresores de aire. Echa un vistazo a los fluidos de tornillo rotatorio, fluidos de compresores y fluidos aftermarket que ofrecemos.\" \/>\n<meta name=\"robots\" content=\"index, follow, max-snippet:-1, max-image-preview:large, max-video-preview:-1\" \/>\n<link rel=\"canonical\" href=\"https:\/\/www.quincycompressor.com\/es\/quincy-piezas-y-servicios\/piezas-y-fluidos\/\" \/>\n<meta property=\"og:locale\" content=\"es_ES\" \/>\n<meta property=\"og:type\" content=\"article\" \/>\n<meta property=\"og:title\" content=\"Piezas y fluidos - Quincy Compressor\" \/>\n<meta property=\"og:description\" content=\"Ofrecemos una amplia selecci\u00f3n de piezas para compresores y productos de fluidos para compresores de aire. Echa un vistazo a los fluidos de tornillo rotatorio, fluidos de compresores y fluidos aftermarket que ofrecemos.\" \/>\n<meta property=\"og:url\" content=\"https:\/\/www.quincycompressor.com\/es\/quincy-piezas-y-servicios\/piezas-y-fluidos\/\" \/>\n<meta property=\"og:site_name\" content=\"Quincy Compressor\" \/>\n<meta property=\"article:modified_time\" content=\"2026-02-23T16:42:05+00:00\" \/>\n<meta property=\"og:image\" content=\"https:\/\/www.quincycompressor.com\/wp-content\/uploads\/2024\/05\/designed-engineered-built.png\" \/>\n<meta name=\"twitter:card\" content=\"summary_large_image\" \/>\n<meta name=\"twitter:label1\" content=\"Tiempo de lectura\" \/>\n\t<meta name=\"twitter:data1\" content=\"1 minuto\" \/>\n<script type=\"application\/ld+json\" class=\"yoast-schema-graph\">{\"@context\":\"https:\/\/schema.org\",\"@graph\":[{\"@type\":\"WebPage\",\"@id\":\"https:\/\/www.quincycompressor.com\/es\/quincy-piezas-y-servicios\/piezas-y-fluidos\/\",\"url\":\"https:\/\/www.quincycompressor.com\/es\/quincy-piezas-y-servicios\/piezas-y-fluidos\/\",\"name\":\"Piezas y fluidos - Quincy Compressor\",\"isPartOf\":{\"@id\":\"https:\/\/www.quincycompressor.com\/es\/#website\"},\"primaryImageOfPage\":{\"@id\":\"https:\/\/www.quincycompressor.com\/es\/quincy-piezas-y-servicios\/piezas-y-fluidos\/#primaryimage\"},\"image\":{\"@id\":\"https:\/\/www.quincycompressor.com\/es\/quincy-piezas-y-servicios\/piezas-y-fluidos\/#primaryimage\"},\"thumbnailUrl\":\"https:\/\/www.quincycompressor.com\/wp-content\/uploads\/2024\/05\/designed-engineered-built.png\",\"datePublished\":\"2020-12-01T16:08:37+00:00\",\"dateModified\":\"2026-02-23T16:42:05+00:00\",\"description\":\"Ofrecemos una amplia selecci\u00f3n de piezas para compresores y productos de fluidos para compresores de aire. Echa un vistazo a los fluidos de tornillo rotatorio, fluidos de compresores y fluidos aftermarket que ofrecemos.\",\"breadcrumb\":{\"@id\":\"https:\/\/www.quincycompressor.com\/es\/quincy-piezas-y-servicios\/piezas-y-fluidos\/#breadcrumb\"},\"inLanguage\":\"es\",\"potentialAction\":[{\"@type\":\"ReadAction\",\"target\":[\"https:\/\/www.quincycompressor.com\/es\/quincy-piezas-y-servicios\/piezas-y-fluidos\/\"]}]},{\"@type\":\"ImageObject\",\"inLanguage\":\"es\",\"@id\":\"https:\/\/www.quincycompressor.com\/es\/quincy-piezas-y-servicios\/piezas-y-fluidos\/#primaryimage\",\"url\":\"https:\/\/www.quincycompressor.com\/wp-content\/uploads\/2024\/05\/designed-engineered-built.png\",\"contentUrl\":\"https:\/\/www.quincycompressor.com\/wp-content\/uploads\/2024\/05\/designed-engineered-built.png\"},{\"@type\":\"BreadcrumbList\",\"@id\":\"https:\/\/www.quincycompressor.com\/es\/quincy-piezas-y-servicios\/piezas-y-fluidos\/#breadcrumb\",\"itemListElement\":[{\"@type\":\"ListItem\",\"position\":1,\"name\":\"Inicio\",\"item\":\"https:\/\/www.quincycompressor.com\/es\/inicio\/\"},{\"@type\":\"ListItem\",\"position\":2,\"name\":\"Quincy Piezas y Servicios\",\"item\":\"https:\/\/www.quincycompressor.com\/es\/quincy-piezas-y-servicios\/\"},{\"@type\":\"ListItem\",\"position\":3,\"name\":\"Piezas y fluidos\"}]},{\"@type\":\"WebSite\",\"@id\":\"https:\/\/www.quincycompressor.com\/es\/#website\",\"url\":\"https:\/\/www.quincycompressor.com\/es\/\",\"name\":\"Quincy Compressor\",\"description\":\"Quincy Compressor is your go-to source to find knowledge and dealers with the right air compressor for your situation.\",\"publisher\":{\"@id\":\"https:\/\/www.quincycompressor.com\/es\/#organization\"},\"potentialAction\":[{\"@type\":\"SearchAction\",\"target\":{\"@type\":\"EntryPoint\",\"urlTemplate\":\"https:\/\/www.quincycompressor.com\/es\/?s={search_term_string}\"},\"query-input\":\"required name=search_term_string\"}],\"inLanguage\":\"es\"},{\"@type\":\"Organization\",\"@id\":\"https:\/\/www.quincycompressor.com\/es\/#organization\",\"name\":\"Compresor Quincy\",\"url\":\"https:\/\/www.quincycompressor.com\/es\/\",\"logo\":{\"@type\":\"ImageObject\",\"inLanguage\":\"es\",\"@id\":\"https:\/\/www.quincycompressor.com\/es\/#\/schema\/logo\/image\/\",\"url\":\"https:\/\/www.quincycompressor.com\/wp-content\/uploads\/2021\/04\/Quincy-Compressor-Logo-web-full.jpg\",\"contentUrl\":\"https:\/\/www.quincycompressor.com\/wp-content\/uploads\/2021\/04\/Quincy-Compressor-Logo-web-full.jpg\",\"width\":293,\"height\":111,\"caption\":\"Compresor Quincy\"},\"image\":{\"@id\":\"https:\/\/www.quincycompressor.com\/es\/#\/schema\/logo\/image\/\"}}]}<\/script>\n<!-- \/ Yoast SEO plugin. -->","yoast_head_json":{"title":"Piezas y fluidos - Quincy Compressor","description":"Ofrecemos una amplia selecci\u00f3n de piezas para compresores y productos de fluidos para compresores de aire. Echa un vistazo a los fluidos de tornillo rotatorio, fluidos de compresores y fluidos aftermarket que ofrecemos.","robots":{"index":"index","follow":"follow","max-snippet":"max-snippet:-1","max-image-preview":"max-image-preview:large","max-video-preview":"max-video-preview:-1"},"canonical":"https:\/\/www.quincycompressor.com\/es\/quincy-piezas-y-servicios\/piezas-y-fluidos\/","og_locale":"es_ES","og_type":"article","og_title":"Piezas y fluidos - Quincy Compressor","og_description":"Ofrecemos una amplia selecci\u00f3n de piezas para compresores y productos de fluidos para compresores de aire. Echa un vistazo a los fluidos de tornillo rotatorio, fluidos de compresores y fluidos aftermarket que ofrecemos.","og_url":"https:\/\/www.quincycompressor.com\/es\/quincy-piezas-y-servicios\/piezas-y-fluidos\/","og_site_name":"Quincy Compressor","article_modified_time":"2026-02-23T16:42:05+00:00","og_image":[{"url":"https:\/\/www.quincycompressor.com\/wp-content\/uploads\/2024\/05\/designed-engineered-built.png"}],"twitter_card":"summary_large_image","twitter_misc":{"Tiempo de lectura":"1 minuto"},"schema":{"@context":"https:\/\/schema.org","@graph":[{"@type":"WebPage","@id":"https:\/\/www.quincycompressor.com\/es\/quincy-piezas-y-servicios\/piezas-y-fluidos\/","url":"https:\/\/www.quincycompressor.com\/es\/quincy-piezas-y-servicios\/piezas-y-fluidos\/","name":"Piezas y fluidos - Quincy Compressor","isPartOf":{"@id":"https:\/\/www.quincycompressor.com\/es\/#website"},"primaryImageOfPage":{"@id":"https:\/\/www.quincycompressor.com\/es\/quincy-piezas-y-servicios\/piezas-y-fluidos\/#primaryimage"},"image":{"@id":"https:\/\/www.quincycompressor.com\/es\/quincy-piezas-y-servicios\/piezas-y-fluidos\/#primaryimage"},"thumbnailUrl":"https:\/\/www.quincycompressor.com\/wp-content\/uploads\/2024\/05\/designed-engineered-built.png","datePublished":"2020-12-01T16:08:37+00:00","dateModified":"2026-02-23T16:42:05+00:00","description":"Ofrecemos una amplia selecci\u00f3n de piezas para compresores y productos de fluidos para compresores de aire. Echa un vistazo a los fluidos de tornillo rotatorio, fluidos de compresores y fluidos aftermarket que ofrecemos.","breadcrumb":{"@id":"https:\/\/www.quincycompressor.com\/es\/quincy-piezas-y-servicios\/piezas-y-fluidos\/#breadcrumb"},"inLanguage":"es","potentialAction":[{"@type":"ReadAction","target":["https:\/\/www.quincycompressor.com\/es\/quincy-piezas-y-servicios\/piezas-y-fluidos\/"]}]},{"@type":"ImageObject","inLanguage":"es","@id":"https:\/\/www.quincycompressor.com\/es\/quincy-piezas-y-servicios\/piezas-y-fluidos\/#primaryimage","url":"https:\/\/www.quincycompressor.com\/wp-content\/uploads\/2024\/05\/designed-engineered-built.png","contentUrl":"https:\/\/www.quincycompressor.com\/wp-content\/uploads\/2024\/05\/designed-engineered-built.png"},{"@type":"BreadcrumbList","@id":"https:\/\/www.quincycompressor.com\/es\/quincy-piezas-y-servicios\/piezas-y-fluidos\/#breadcrumb","itemListElement":[{"@type":"ListItem","position":1,"name":"Inicio","item":"https:\/\/www.quincycompressor.com\/es\/inicio\/"},{"@type":"ListItem","position":2,"name":"Quincy Piezas y Servicios","item":"https:\/\/www.quincycompressor.com\/es\/quincy-piezas-y-servicios\/"},{"@type":"ListItem","position":3,"name":"Piezas y fluidos"}]},{"@type":"WebSite","@id":"https:\/\/www.quincycompressor.com\/es\/#website","url":"https:\/\/www.quincycompressor.com\/es\/","name":"Quincy Compressor","description":"Quincy Compressor is your go-to source to find knowledge and dealers with the right air compressor for your situation.","publisher":{"@id":"https:\/\/www.quincycompressor.com\/es\/#organization"},"potentialAction":[{"@type":"SearchAction","target":{"@type":"EntryPoint","urlTemplate":"https:\/\/www.quincycompressor.com\/es\/?s={search_term_string}"},"query-input":"required name=search_term_string"}],"inLanguage":"es"},{"@type":"Organization","@id":"https:\/\/www.quincycompressor.com\/es\/#organization","name":"Compresor Quincy","url":"https:\/\/www.quincycompressor.com\/es\/","logo":{"@type":"ImageObject","inLanguage":"es","@id":"https:\/\/www.quincycompressor.com\/es\/#\/schema\/logo\/image\/","url":"https:\/\/www.quincycompressor.com\/wp-content\/uploads\/2021\/04\/Quincy-Compressor-Logo-web-full.jpg","contentUrl":"https:\/\/www.quincycompressor.com\/wp-content\/uploads\/2021\/04\/Quincy-Compressor-Logo-web-full.jpg","width":293,"height":111,"caption":"Compresor Quincy"},"image":{"@id":"https:\/\/www.quincycompressor.com\/es\/#\/schema\/logo\/image\/"}}]}},"_links":{"self":[{"href":"https:\/\/www.quincycompressor.com\/es\/wp-json\/wp\/v2\/pages\/27005"}],"collection":[{"href":"https:\/\/www.quincycompressor.com\/es\/wp-json\/wp\/v2\/pages"}],"about":[{"href":"https:\/\/www.quincycompressor.com\/es\/wp-json\/wp\/v2\/types\/page"}],"author":[{"embeddable":true,"href":"https:\/\/www.quincycompressor.com\/es\/wp-json\/wp\/v2\/users\/5"}],"replies":[{"embeddable":true,"href":"https:\/\/www.quincycompressor.com\/es\/wp-json\/wp\/v2\/comments?post=27005"}],"version-history":[{"count":0,"href":"https:\/\/www.quincycompressor.com\/es\/wp-json\/wp\/v2\/pages\/27005\/revisions"}],"up":[{"embeddable":true,"href":"https:\/\/www.quincycompressor.com\/es\/wp-json\/wp\/v2\/pages\/27162"}],"wp:attachment":[{"href":"https:\/\/www.quincycompressor.com\/es\/wp-json\/wp\/v2\/media?parent=27005"}],"curies":[{"name":"wp","href":"https:\/\/api.w.org\/{rel}","templated":true}]}}