{"id":27030,"date":"2020-11-19T20:13:07","date_gmt":"2020-11-19T20:13:07","guid":{"rendered":"https:\/\/www.quincycompressor.com\/industrias\/"},"modified":"2026-02-03T12:30:36","modified_gmt":"2026-02-03T12:30:36","slug":"industrias","status":"publish","type":"page","link":"https:\/\/www.quincycompressor.com\/es\/industrias\/","title":{"rendered":"Industrias"},"content":{"rendered":"<p>Como uno de los principales fabricantes de compresores industriales de aire del mundo, Quincy Compressor comprende los retos del aire comprimido que enfrenta tu sector. Por eso dise\u00f1amos nuestros productos de compresores industriales para ofrecer soluciones a demandas importantes del sistema de aire, como presi\u00f3n de aire estable, ahorro energ\u00e9tico, alta eficiencia, bajo mantenimiento, dise\u00f1o modular y larga vida \u00fatil. <\/p>\n<p>Nuestros 100+ a\u00f1os de experiencia nos permiten producir compresores de aire vers\u00e1tiles de tama\u00f1o industrial para casi cualquier aplicaci\u00f3n. Tambi\u00e9n podemos ofrecer configuraciones personalizadas para cumplir con requisitos espec\u00edficos de compresi\u00f3n de aire. <\/p>\n<p>Selecciona una industria a continuaci\u00f3n para ver sus desaf\u00edos \u00fanicos en el sistema a\u00e9reo, as\u00ed como la soluci\u00f3n de Quincy&#8230;<\/p>\n","protected":false},"excerpt":{"rendered":"<p>Como uno de los principales fabricantes de compresores industriales de aire del mundo, Quincy Compressor comprende los retos del aire comprimido que enfrenta tu sector. Por eso dise\u00f1amos nuestros productos de compresores industriales para ofrecer soluciones a demandas importantes del sistema de aire, como presi\u00f3n de aire estable, ahorro energ\u00e9tico, alta eficiencia, bajo mantenimiento, dise\u00f1o [&hellip;]<\/p>\n","protected":false},"author":5,"featured_media":0,"parent":0,"menu_order":0,"comment_status":"closed","ping_status":"closed","template":"","meta":{"_acf_changed":false,"inline_featured_image":false,"footnotes":""},"acf":[],"yoast_head":"<!-- This site is optimized with the Yoast SEO plugin v22.9 - https:\/\/yoast.com\/wordpress\/plugins\/seo\/ -->\n<title>Compresores de aire industriales en la industria | Compresor Quincy<\/title>\n<meta name=\"description\" content=\"\u00bfNecesitas un compresor de aire para agricultura, manufactura, tintorer\u00eda, energ\u00eda y m\u00e1s? Encuentra hoy mismo el compresor de aire adecuado para las necesidades de tu sector.\" \/>\n<meta name=\"robots\" content=\"index, follow, max-snippet:-1, max-image-preview:large, max-video-preview:-1\" \/>\n<link rel=\"canonical\" href=\"https:\/\/www.quincycompressor.com\/es\/industrias\/\" \/>\n<meta property=\"og:locale\" content=\"es_ES\" \/>\n<meta property=\"og:type\" content=\"article\" \/>\n<meta property=\"og:title\" content=\"Compresores de aire industriales en la industria | Compresor Quincy\" \/>\n<meta property=\"og:description\" content=\"\u00bfNecesitas un compresor de aire para agricultura, manufactura, tintorer\u00eda, energ\u00eda y m\u00e1s? Encuentra hoy mismo el compresor de aire adecuado para las necesidades de tu sector.\" \/>\n<meta property=\"og:url\" content=\"https:\/\/www.quincycompressor.com\/es\/industrias\/\" \/>\n<meta property=\"og:site_name\" content=\"Quincy Compressor\" \/>\n<meta property=\"article:modified_time\" content=\"2026-02-03T12:30:36+00:00\" \/>\n<meta property=\"og:image\" content=\"https:\/\/www.quincycompressor.com\/wp-content\/uploads\/2021\/04\/imageedit_3_2337862967.png\" \/>\n\t<meta property=\"og:image:width\" content=\"691\" \/>\n\t<meta property=\"og:image:height\" content=\"403\" \/>\n\t<meta property=\"og:image:type\" content=\"image\/png\" \/>\n<meta name=\"twitter:card\" content=\"summary_large_image\" \/>\n<meta name=\"twitter:label1\" content=\"Tiempo de lectura\" \/>\n\t<meta name=\"twitter:data1\" content=\"1 minuto\" \/>\n<script type=\"application\/ld+json\" class=\"yoast-schema-graph\">{\"@context\":\"https:\/\/schema.org\",\"@graph\":[{\"@type\":\"WebPage\",\"@id\":\"https:\/\/www.quincycompressor.com\/es\/industrias\/\",\"url\":\"https:\/\/www.quincycompressor.com\/es\/industrias\/\",\"name\":\"Compresores de aire industriales en la industria | Compresor Quincy\",\"isPartOf\":{\"@id\":\"https:\/\/www.quincycompressor.com\/es\/#website\"},\"datePublished\":\"2020-11-19T20:13:07+00:00\",\"dateModified\":\"2026-02-03T12:30:36+00:00\",\"description\":\"\u00bfNecesitas un compresor de aire para agricultura, manufactura, tintorer\u00eda, energ\u00eda y m\u00e1s? Encuentra hoy mismo el compresor de aire adecuado para las necesidades de tu sector.\",\"breadcrumb\":{\"@id\":\"https:\/\/www.quincycompressor.com\/es\/industrias\/#breadcrumb\"},\"inLanguage\":\"es\",\"potentialAction\":[{\"@type\":\"ReadAction\",\"target\":[\"https:\/\/www.quincycompressor.com\/es\/industrias\/\"]}]},{\"@type\":\"BreadcrumbList\",\"@id\":\"https:\/\/www.quincycompressor.com\/es\/industrias\/#breadcrumb\",\"itemListElement\":[{\"@type\":\"ListItem\",\"position\":1,\"name\":\"Inicio\",\"item\":\"https:\/\/www.quincycompressor.com\/es\/inicio\/\"},{\"@type\":\"ListItem\",\"position\":2,\"name\":\"Industrias\"}]},{\"@type\":\"WebSite\",\"@id\":\"https:\/\/www.quincycompressor.com\/es\/#website\",\"url\":\"https:\/\/www.quincycompressor.com\/es\/\",\"name\":\"Quincy Compressor\",\"description\":\"Quincy Compressor is your go-to source to find knowledge and dealers with the right air compressor for your situation.\",\"publisher\":{\"@id\":\"https:\/\/www.quincycompressor.com\/es\/#organization\"},\"potentialAction\":[{\"@type\":\"SearchAction\",\"target\":{\"@type\":\"EntryPoint\",\"urlTemplate\":\"https:\/\/www.quincycompressor.com\/es\/?s={search_term_string}\"},\"query-input\":\"required name=search_term_string\"}],\"inLanguage\":\"es\"},{\"@type\":\"Organization\",\"@id\":\"https:\/\/www.quincycompressor.com\/es\/#organization\",\"name\":\"Compresor Quincy\",\"url\":\"https:\/\/www.quincycompressor.com\/es\/\",\"logo\":{\"@type\":\"ImageObject\",\"inLanguage\":\"es\",\"@id\":\"https:\/\/www.quincycompressor.com\/es\/#\/schema\/logo\/image\/\",\"url\":\"https:\/\/www.quincycompressor.com\/wp-content\/uploads\/2021\/04\/Quincy-Compressor-Logo-web-full.jpg\",\"contentUrl\":\"https:\/\/www.quincycompressor.com\/wp-content\/uploads\/2021\/04\/Quincy-Compressor-Logo-web-full.jpg\",\"width\":293,\"height\":111,\"caption\":\"Compresor Quincy\"},\"image\":{\"@id\":\"https:\/\/www.quincycompressor.com\/es\/#\/schema\/logo\/image\/\"}}]}<\/script>\n<!-- \/ Yoast SEO plugin. -->","yoast_head_json":{"title":"Compresores de aire industriales en la industria | Compresor Quincy","description":"\u00bfNecesitas un compresor de aire para agricultura, manufactura, tintorer\u00eda, energ\u00eda y m\u00e1s? Encuentra hoy mismo el compresor de aire adecuado para las necesidades de tu sector.","robots":{"index":"index","follow":"follow","max-snippet":"max-snippet:-1","max-image-preview":"max-image-preview:large","max-video-preview":"max-video-preview:-1"},"canonical":"https:\/\/www.quincycompressor.com\/es\/industrias\/","og_locale":"es_ES","og_type":"article","og_title":"Compresores de aire industriales en la industria | Compresor Quincy","og_description":"\u00bfNecesitas un compresor de aire para agricultura, manufactura, tintorer\u00eda, energ\u00eda y m\u00e1s? Encuentra hoy mismo el compresor de aire adecuado para las necesidades de tu sector.","og_url":"https:\/\/www.quincycompressor.com\/es\/industrias\/","og_site_name":"Quincy Compressor","article_modified_time":"2026-02-03T12:30:36+00:00","og_image":[{"width":691,"height":403,"url":"https:\/\/www.quincycompressor.com\/wp-content\/uploads\/2021\/04\/imageedit_3_2337862967.png","type":"image\/png"}],"twitter_card":"summary_large_image","twitter_misc":{"Tiempo de lectura":"1 minuto"},"schema":{"@context":"https:\/\/schema.org","@graph":[{"@type":"WebPage","@id":"https:\/\/www.quincycompressor.com\/es\/industrias\/","url":"https:\/\/www.quincycompressor.com\/es\/industrias\/","name":"Compresores de aire industriales en la industria | Compresor Quincy","isPartOf":{"@id":"https:\/\/www.quincycompressor.com\/es\/#website"},"datePublished":"2020-11-19T20:13:07+00:00","dateModified":"2026-02-03T12:30:36+00:00","description":"\u00bfNecesitas un compresor de aire para agricultura, manufactura, tintorer\u00eda, energ\u00eda y m\u00e1s? Encuentra hoy mismo el compresor de aire adecuado para las necesidades de tu sector.","breadcrumb":{"@id":"https:\/\/www.quincycompressor.com\/es\/industrias\/#breadcrumb"},"inLanguage":"es","potentialAction":[{"@type":"ReadAction","target":["https:\/\/www.quincycompressor.com\/es\/industrias\/"]}]},{"@type":"BreadcrumbList","@id":"https:\/\/www.quincycompressor.com\/es\/industrias\/#breadcrumb","itemListElement":[{"@type":"ListItem","position":1,"name":"Inicio","item":"https:\/\/www.quincycompressor.com\/es\/inicio\/"},{"@type":"ListItem","position":2,"name":"Industrias"}]},{"@type":"WebSite","@id":"https:\/\/www.quincycompressor.com\/es\/#website","url":"https:\/\/www.quincycompressor.com\/es\/","name":"Quincy Compressor","description":"Quincy Compressor is your go-to source to find knowledge and dealers with the right air compressor for your situation.","publisher":{"@id":"https:\/\/www.quincycompressor.com\/es\/#organization"},"potentialAction":[{"@type":"SearchAction","target":{"@type":"EntryPoint","urlTemplate":"https:\/\/www.quincycompressor.com\/es\/?s={search_term_string}"},"query-input":"required name=search_term_string"}],"inLanguage":"es"},{"@type":"Organization","@id":"https:\/\/www.quincycompressor.com\/es\/#organization","name":"Compresor Quincy","url":"https:\/\/www.quincycompressor.com\/es\/","logo":{"@type":"ImageObject","inLanguage":"es","@id":"https:\/\/www.quincycompressor.com\/es\/#\/schema\/logo\/image\/","url":"https:\/\/www.quincycompressor.com\/wp-content\/uploads\/2021\/04\/Quincy-Compressor-Logo-web-full.jpg","contentUrl":"https:\/\/www.quincycompressor.com\/wp-content\/uploads\/2021\/04\/Quincy-Compressor-Logo-web-full.jpg","width":293,"height":111,"caption":"Compresor Quincy"},"image":{"@id":"https:\/\/www.quincycompressor.com\/es\/#\/schema\/logo\/image\/"}}]}},"_links":{"self":[{"href":"https:\/\/www.quincycompressor.com\/es\/wp-json\/wp\/v2\/pages\/27030"}],"collection":[{"href":"https:\/\/www.quincycompressor.com\/es\/wp-json\/wp\/v2\/pages"}],"about":[{"href":"https:\/\/www.quincycompressor.com\/es\/wp-json\/wp\/v2\/types\/page"}],"author":[{"embeddable":true,"href":"https:\/\/www.quincycompressor.com\/es\/wp-json\/wp\/v2\/users\/5"}],"replies":[{"embeddable":true,"href":"https:\/\/www.quincycompressor.com\/es\/wp-json\/wp\/v2\/comments?post=27030"}],"version-history":[{"count":0,"href":"https:\/\/www.quincycompressor.com\/es\/wp-json\/wp\/v2\/pages\/27030\/revisions"}],"wp:attachment":[{"href":"https:\/\/www.quincycompressor.com\/es\/wp-json\/wp\/v2\/media?parent=27030"}],"curies":[{"name":"wp","href":"https:\/\/api.w.org\/{rel}","templated":true}]}}