{"id":27095,"date":"2020-11-19T20:12:55","date_gmt":"2020-11-19T20:12:55","guid":{"rendered":"https:\/\/www.quincycompressor.com\/sobre-nosotros\/"},"modified":"2026-02-03T12:30:41","modified_gmt":"2026-02-03T12:30:41","slug":"sobre-nosotros","status":"publish","type":"page","link":"https:\/\/www.quincycompressor.com\/es\/sobre-nosotros\/","title":{"rendered":"Sobre nosotros"},"content":{"rendered":"<div class=\"about-flex-wrap\">\n<div class=\"about-intro\">\n<p>Cuando una aplicaci\u00f3n dif\u00edcil requiere un sistema de compresores de aire resistente, Quincy Compressor responde con una fiabilidad aut\u00e9ntica y algunas de las garant\u00edas m\u00e1s s\u00f3lidas del sector. Dise\u00f1ados para durar d\u00e9cadas de uso intensivo y fabricados pensando en la durabilidad, la gama de Quincy ofrece compresores de aire resistentes, m\u00e1s resistentes y <a href=\"https:\/\/www.quincycompressor.com\/es\/blog-es\/compresores-de-aire-quincy\/\">de gran eficiencia<\/a> , apoyados por una variedad de opciones de control, accesorios y tratamiento del aire. <\/p>\n<h3>Un legado de innovaci\u00f3n que abarca 100+ a\u00f1os<\/h3>\n<p>En 1920, Quincy consolid\u00f3 su reputaci\u00f3n por soluciones dise\u00f1adas y ofrece una fiabilidad inquebrantable para aplicaciones exigentes. Sus productos insignia, QR-25 y QSI, han demostrado ser opciones fiables para usuarios en algunas de las condiciones m\u00e1s dif\u00edciles como la miner\u00eda, la perforaci\u00f3n, la producci\u00f3n de hormig\u00f3n y la construcci\u00f3n naval.  Casi el 40 por ciento de las ventas de rotativas se consideran pedidos personalizados con configuraciones \u00fanicas que van desde especialidades el\u00e9ctricas hasta opciones de protecci\u00f3n contra congelaci\u00f3n. La marca Quincy es sin\u00f3nimo de calidad, ofreciendo &#8220;Rendimiento que exiges&#8221;. Fiabilidad en la que conf\u00edas.&#8221;<\/p>\n<p style=\"text-align: center;\"><a class=\"btn btn-primary\" href=\"https:\/\/www.quincycompressor.com\/es\/localizador-de-ventas-y-servicio\/\">Encuentra un concesionario cerca de ti<\/a><\/p>\n<\/div>\n<p><img decoding=\"async\" class=\"alignright size-full wp-image-18241\" src=\"https:\/\/www.quincycompressor.com\/wp-content\/uploads\/2021\/03\/Quincy-Compressor-Bay-Minette5.jpg\" alt=\"\" width=\"1000\" height=\"666\" srcset=\"https:\/\/www.quincycompressor.com\/wp-content\/uploads\/2021\/03\/Quincy-Compressor-Bay-Minette5.jpg 1000w, https:\/\/www.quincycompressor.com\/wp-content\/uploads\/2021\/03\/Quincy-Compressor-Bay-Minette5-300x200.jpg 300w, https:\/\/www.quincycompressor.com\/wp-content\/uploads\/2021\/03\/Quincy-Compressor-Bay-Minette5-768x511.jpg 768w\" sizes=\"(max-width: 1000px) 100vw, 1000px\" \/><\/p>\n<\/div>\n","protected":false},"excerpt":{"rendered":"<p>Cuando una aplicaci\u00f3n dif\u00edcil requiere un sistema de compresores de aire resistente, Quincy Compressor responde con una fiabilidad aut\u00e9ntica y algunas de las garant\u00edas m\u00e1s s\u00f3lidas del sector. Dise\u00f1ados para durar d\u00e9cadas de uso intensivo y fabricados pensando en la durabilidad, la gama de Quincy ofrece compresores de aire resistentes, m\u00e1s resistentes y de gran [&hellip;]<\/p>\n","protected":false},"author":5,"featured_media":0,"parent":0,"menu_order":0,"comment_status":"closed","ping_status":"closed","template":"","meta":{"_acf_changed":false,"inline_featured_image":false,"footnotes":""},"acf":[],"yoast_head":"<!-- This site is optimized with the Yoast SEO plugin v22.9 - https:\/\/yoast.com\/wordpress\/plugins\/seo\/ -->\n<title>Compresores de aire fabricados en Estados Unidos | Compresor Quincy<\/title>\n<meta name=\"description\" content=\"Desde 1920, Quincy Compressor ofrece a sus clientes una fiabilidad y un rendimiento inquebrantables. Descubre m\u00e1s sobre nuestros productos y servicios.\" \/>\n<meta name=\"robots\" content=\"index, follow, max-snippet:-1, max-image-preview:large, max-video-preview:-1\" \/>\n<link rel=\"canonical\" href=\"https:\/\/www.quincycompressor.com\/es\/sobre-nosotros\/\" \/>\n<meta property=\"og:locale\" content=\"es_ES\" \/>\n<meta property=\"og:type\" content=\"article\" \/>\n<meta property=\"og:title\" content=\"Compresores de aire fabricados en Estados Unidos | Compresor Quincy\" \/>\n<meta property=\"og:description\" content=\"Desde 1920, Quincy Compressor ofrece a sus clientes una fiabilidad y un rendimiento inquebrantables. Descubre m\u00e1s sobre nuestros productos y servicios.\" \/>\n<meta property=\"og:url\" content=\"https:\/\/www.quincycompressor.com\/es\/sobre-nosotros\/\" \/>\n<meta property=\"og:site_name\" content=\"Quincy Compressor\" \/>\n<meta property=\"article:modified_time\" content=\"2026-02-03T12:30:41+00:00\" \/>\n<meta property=\"og:image\" content=\"https:\/\/www.quincycompressor.com\/wp-content\/uploads\/2021\/03\/Quincy-Compressor-Bay-Minette5.jpg\" \/>\n<meta name=\"twitter:card\" content=\"summary_large_image\" \/>\n<meta name=\"twitter:label1\" content=\"Tiempo de lectura\" \/>\n\t<meta name=\"twitter:data1\" content=\"1 minuto\" \/>\n<script type=\"application\/ld+json\" class=\"yoast-schema-graph\">{\"@context\":\"https:\/\/schema.org\",\"@graph\":[{\"@type\":\"WebPage\",\"@id\":\"https:\/\/www.quincycompressor.com\/es\/sobre-nosotros\/\",\"url\":\"https:\/\/www.quincycompressor.com\/es\/sobre-nosotros\/\",\"name\":\"Compresores de aire fabricados en Estados Unidos | Compresor Quincy\",\"isPartOf\":{\"@id\":\"https:\/\/www.quincycompressor.com\/es\/#website\"},\"primaryImageOfPage\":{\"@id\":\"https:\/\/www.quincycompressor.com\/es\/sobre-nosotros\/#primaryimage\"},\"image\":{\"@id\":\"https:\/\/www.quincycompressor.com\/es\/sobre-nosotros\/#primaryimage\"},\"thumbnailUrl\":\"https:\/\/www.quincycompressor.com\/wp-content\/uploads\/2021\/03\/Quincy-Compressor-Bay-Minette5.jpg\",\"datePublished\":\"2020-11-19T20:12:55+00:00\",\"dateModified\":\"2026-02-03T12:30:41+00:00\",\"description\":\"Desde 1920, Quincy Compressor ofrece a sus clientes una fiabilidad y un rendimiento inquebrantables. Descubre m\u00e1s sobre nuestros productos y servicios.\",\"breadcrumb\":{\"@id\":\"https:\/\/www.quincycompressor.com\/es\/sobre-nosotros\/#breadcrumb\"},\"inLanguage\":\"es\",\"potentialAction\":[{\"@type\":\"ReadAction\",\"target\":[\"https:\/\/www.quincycompressor.com\/es\/sobre-nosotros\/\"]}]},{\"@type\":\"ImageObject\",\"inLanguage\":\"es\",\"@id\":\"https:\/\/www.quincycompressor.com\/es\/sobre-nosotros\/#primaryimage\",\"url\":\"https:\/\/www.quincycompressor.com\/wp-content\/uploads\/2021\/03\/Quincy-Compressor-Bay-Minette5.jpg\",\"contentUrl\":\"https:\/\/www.quincycompressor.com\/wp-content\/uploads\/2021\/03\/Quincy-Compressor-Bay-Minette5.jpg\"},{\"@type\":\"BreadcrumbList\",\"@id\":\"https:\/\/www.quincycompressor.com\/es\/sobre-nosotros\/#breadcrumb\",\"itemListElement\":[{\"@type\":\"ListItem\",\"position\":1,\"name\":\"Inicio\",\"item\":\"https:\/\/www.quincycompressor.com\/es\/inicio\/\"},{\"@type\":\"ListItem\",\"position\":2,\"name\":\"Sobre nosotros\"}]},{\"@type\":\"WebSite\",\"@id\":\"https:\/\/www.quincycompressor.com\/es\/#website\",\"url\":\"https:\/\/www.quincycompressor.com\/es\/\",\"name\":\"Quincy Compressor\",\"description\":\"Quincy Compressor is your go-to source to find knowledge and dealers with the right air compressor for your situation.\",\"publisher\":{\"@id\":\"https:\/\/www.quincycompressor.com\/es\/#organization\"},\"potentialAction\":[{\"@type\":\"SearchAction\",\"target\":{\"@type\":\"EntryPoint\",\"urlTemplate\":\"https:\/\/www.quincycompressor.com\/es\/?s={search_term_string}\"},\"query-input\":\"required name=search_term_string\"}],\"inLanguage\":\"es\"},{\"@type\":\"Organization\",\"@id\":\"https:\/\/www.quincycompressor.com\/es\/#organization\",\"name\":\"Compresor Quincy\",\"url\":\"https:\/\/www.quincycompressor.com\/es\/\",\"logo\":{\"@type\":\"ImageObject\",\"inLanguage\":\"es\",\"@id\":\"https:\/\/www.quincycompressor.com\/es\/#\/schema\/logo\/image\/\",\"url\":\"https:\/\/www.quincycompressor.com\/wp-content\/uploads\/2021\/04\/Quincy-Compressor-Logo-web-full.jpg\",\"contentUrl\":\"https:\/\/www.quincycompressor.com\/wp-content\/uploads\/2021\/04\/Quincy-Compressor-Logo-web-full.jpg\",\"width\":293,\"height\":111,\"caption\":\"Compresor Quincy\"},\"image\":{\"@id\":\"https:\/\/www.quincycompressor.com\/es\/#\/schema\/logo\/image\/\"}}]}<\/script>\n<!-- \/ Yoast SEO plugin. -->","yoast_head_json":{"title":"Compresores de aire fabricados en Estados Unidos | Compresor Quincy","description":"Desde 1920, Quincy Compressor ofrece a sus clientes una fiabilidad y un rendimiento inquebrantables. Descubre m\u00e1s sobre nuestros productos y servicios.","robots":{"index":"index","follow":"follow","max-snippet":"max-snippet:-1","max-image-preview":"max-image-preview:large","max-video-preview":"max-video-preview:-1"},"canonical":"https:\/\/www.quincycompressor.com\/es\/sobre-nosotros\/","og_locale":"es_ES","og_type":"article","og_title":"Compresores de aire fabricados en Estados Unidos | Compresor Quincy","og_description":"Desde 1920, Quincy Compressor ofrece a sus clientes una fiabilidad y un rendimiento inquebrantables. Descubre m\u00e1s sobre nuestros productos y servicios.","og_url":"https:\/\/www.quincycompressor.com\/es\/sobre-nosotros\/","og_site_name":"Quincy Compressor","article_modified_time":"2026-02-03T12:30:41+00:00","og_image":[{"url":"https:\/\/www.quincycompressor.com\/wp-content\/uploads\/2021\/03\/Quincy-Compressor-Bay-Minette5.jpg"}],"twitter_card":"summary_large_image","twitter_misc":{"Tiempo de lectura":"1 minuto"},"schema":{"@context":"https:\/\/schema.org","@graph":[{"@type":"WebPage","@id":"https:\/\/www.quincycompressor.com\/es\/sobre-nosotros\/","url":"https:\/\/www.quincycompressor.com\/es\/sobre-nosotros\/","name":"Compresores de aire fabricados en Estados Unidos | Compresor Quincy","isPartOf":{"@id":"https:\/\/www.quincycompressor.com\/es\/#website"},"primaryImageOfPage":{"@id":"https:\/\/www.quincycompressor.com\/es\/sobre-nosotros\/#primaryimage"},"image":{"@id":"https:\/\/www.quincycompressor.com\/es\/sobre-nosotros\/#primaryimage"},"thumbnailUrl":"https:\/\/www.quincycompressor.com\/wp-content\/uploads\/2021\/03\/Quincy-Compressor-Bay-Minette5.jpg","datePublished":"2020-11-19T20:12:55+00:00","dateModified":"2026-02-03T12:30:41+00:00","description":"Desde 1920, Quincy Compressor ofrece a sus clientes una fiabilidad y un rendimiento inquebrantables. Descubre m\u00e1s sobre nuestros productos y servicios.","breadcrumb":{"@id":"https:\/\/www.quincycompressor.com\/es\/sobre-nosotros\/#breadcrumb"},"inLanguage":"es","potentialAction":[{"@type":"ReadAction","target":["https:\/\/www.quincycompressor.com\/es\/sobre-nosotros\/"]}]},{"@type":"ImageObject","inLanguage":"es","@id":"https:\/\/www.quincycompressor.com\/es\/sobre-nosotros\/#primaryimage","url":"https:\/\/www.quincycompressor.com\/wp-content\/uploads\/2021\/03\/Quincy-Compressor-Bay-Minette5.jpg","contentUrl":"https:\/\/www.quincycompressor.com\/wp-content\/uploads\/2021\/03\/Quincy-Compressor-Bay-Minette5.jpg"},{"@type":"BreadcrumbList","@id":"https:\/\/www.quincycompressor.com\/es\/sobre-nosotros\/#breadcrumb","itemListElement":[{"@type":"ListItem","position":1,"name":"Inicio","item":"https:\/\/www.quincycompressor.com\/es\/inicio\/"},{"@type":"ListItem","position":2,"name":"Sobre nosotros"}]},{"@type":"WebSite","@id":"https:\/\/www.quincycompressor.com\/es\/#website","url":"https:\/\/www.quincycompressor.com\/es\/","name":"Quincy Compressor","description":"Quincy Compressor is your go-to source to find knowledge and dealers with the right air compressor for your situation.","publisher":{"@id":"https:\/\/www.quincycompressor.com\/es\/#organization"},"potentialAction":[{"@type":"SearchAction","target":{"@type":"EntryPoint","urlTemplate":"https:\/\/www.quincycompressor.com\/es\/?s={search_term_string}"},"query-input":"required name=search_term_string"}],"inLanguage":"es"},{"@type":"Organization","@id":"https:\/\/www.quincycompressor.com\/es\/#organization","name":"Compresor Quincy","url":"https:\/\/www.quincycompressor.com\/es\/","logo":{"@type":"ImageObject","inLanguage":"es","@id":"https:\/\/www.quincycompressor.com\/es\/#\/schema\/logo\/image\/","url":"https:\/\/www.quincycompressor.com\/wp-content\/uploads\/2021\/04\/Quincy-Compressor-Logo-web-full.jpg","contentUrl":"https:\/\/www.quincycompressor.com\/wp-content\/uploads\/2021\/04\/Quincy-Compressor-Logo-web-full.jpg","width":293,"height":111,"caption":"Compresor Quincy"},"image":{"@id":"https:\/\/www.quincycompressor.com\/es\/#\/schema\/logo\/image\/"}}]}},"_links":{"self":[{"href":"https:\/\/www.quincycompressor.com\/es\/wp-json\/wp\/v2\/pages\/27095"}],"collection":[{"href":"https:\/\/www.quincycompressor.com\/es\/wp-json\/wp\/v2\/pages"}],"about":[{"href":"https:\/\/www.quincycompressor.com\/es\/wp-json\/wp\/v2\/types\/page"}],"author":[{"embeddable":true,"href":"https:\/\/www.quincycompressor.com\/es\/wp-json\/wp\/v2\/users\/5"}],"replies":[{"embeddable":true,"href":"https:\/\/www.quincycompressor.com\/es\/wp-json\/wp\/v2\/comments?post=27095"}],"version-history":[{"count":0,"href":"https:\/\/www.quincycompressor.com\/es\/wp-json\/wp\/v2\/pages\/27095\/revisions"}],"wp:attachment":[{"href":"https:\/\/www.quincycompressor.com\/es\/wp-json\/wp\/v2\/media?parent=27095"}],"curies":[{"name":"wp","href":"https:\/\/api.w.org\/{rel}","templated":true}]}}