{"id":27162,"date":"2020-11-19T20:12:32","date_gmt":"2020-11-19T20:12:32","guid":{"rendered":"https:\/\/www.quincycompressor.com\/quincy-piezas-y-servicios\/"},"modified":"2026-02-03T12:30:47","modified_gmt":"2026-02-03T12:30:47","slug":"quincy-piezas-y-servicios","status":"publish","type":"page","link":"https:\/\/www.quincycompressor.com\/es\/quincy-piezas-y-servicios\/","title":{"rendered":"Quincy Piezas y Servicios"},"content":{"rendered":"","protected":false},"excerpt":{"rendered":"","protected":false},"author":5,"featured_media":27174,"parent":0,"menu_order":0,"comment_status":"closed","ping_status":"closed","template":"","meta":{"_acf_changed":false,"inline_featured_image":false,"footnotes":""},"acf":[],"yoast_head":"<!-- This site is optimized with the Yoast SEO plugin v22.9 - https:\/\/yoast.com\/wordpress\/plugins\/seo\/ -->\n<title>Piezas y Servicio | Compresor Quincy<\/title>\n<meta name=\"description\" content=\"Un compresor de aire Quincy est\u00e1 dise\u00f1ado, dise\u00f1ado y construido para ofrecer muchos a\u00f1os de servicio fiable. \u00a1Compra un compresor de aire construido con los m\u00e1s altos est\u00e1ndares!\" \/>\n<meta name=\"robots\" content=\"index, follow, max-snippet:-1, max-image-preview:large, max-video-preview:-1\" \/>\n<link rel=\"canonical\" href=\"https:\/\/www.quincycompressor.com\/es\/quincy-piezas-y-servicios\/\" \/>\n<meta property=\"og:locale\" content=\"es_ES\" \/>\n<meta property=\"og:type\" content=\"article\" \/>\n<meta property=\"og:title\" content=\"Piezas y Servicio | Compresor Quincy\" \/>\n<meta property=\"og:description\" content=\"Un compresor de aire Quincy est\u00e1 dise\u00f1ado, dise\u00f1ado y construido para ofrecer muchos a\u00f1os de servicio fiable. \u00a1Compra un compresor de aire construido con los m\u00e1s altos est\u00e1ndares!\" \/>\n<meta property=\"og:url\" content=\"https:\/\/www.quincycompressor.com\/es\/quincy-piezas-y-servicios\/\" \/>\n<meta property=\"og:site_name\" content=\"Quincy Compressor\" \/>\n<meta property=\"article:modified_time\" content=\"2026-02-03T12:30:47+00:00\" \/>\n<meta property=\"og:image\" content=\"https:\/\/www.quincycompressor.com\/wp-content\/uploads\/2020\/12\/parts-collage.png\" \/>\n\t<meta property=\"og:image:width\" content=\"563\" \/>\n\t<meta property=\"og:image:height\" content=\"563\" \/>\n\t<meta property=\"og:image:type\" content=\"image\/png\" \/>\n<meta name=\"twitter:card\" content=\"summary_large_image\" \/>\n<script type=\"application\/ld+json\" class=\"yoast-schema-graph\">{\"@context\":\"https:\/\/schema.org\",\"@graph\":[{\"@type\":\"WebPage\",\"@id\":\"https:\/\/www.quincycompressor.com\/es\/quincy-piezas-y-servicios\/\",\"url\":\"https:\/\/www.quincycompressor.com\/es\/quincy-piezas-y-servicios\/\",\"name\":\"Piezas y Servicio | Compresor Quincy\",\"isPartOf\":{\"@id\":\"https:\/\/www.quincycompressor.com\/es\/#website\"},\"primaryImageOfPage\":{\"@id\":\"https:\/\/www.quincycompressor.com\/es\/quincy-piezas-y-servicios\/#primaryimage\"},\"image\":{\"@id\":\"https:\/\/www.quincycompressor.com\/es\/quincy-piezas-y-servicios\/#primaryimage\"},\"thumbnailUrl\":\"https:\/\/www.quincycompressor.com\/wp-content\/uploads\/2020\/12\/parts-collage.png\",\"datePublished\":\"2020-11-19T20:12:32+00:00\",\"dateModified\":\"2026-02-03T12:30:47+00:00\",\"description\":\"Un compresor de aire Quincy est\u00e1 dise\u00f1ado, dise\u00f1ado y construido para ofrecer muchos a\u00f1os de servicio fiable. \u00a1Compra un compresor de aire construido con los m\u00e1s altos est\u00e1ndares!\",\"breadcrumb\":{\"@id\":\"https:\/\/www.quincycompressor.com\/es\/quincy-piezas-y-servicios\/#breadcrumb\"},\"inLanguage\":\"es\",\"potentialAction\":[{\"@type\":\"ReadAction\",\"target\":[\"https:\/\/www.quincycompressor.com\/es\/quincy-piezas-y-servicios\/\"]}]},{\"@type\":\"ImageObject\",\"inLanguage\":\"es\",\"@id\":\"https:\/\/www.quincycompressor.com\/es\/quincy-piezas-y-servicios\/#primaryimage\",\"url\":\"https:\/\/www.quincycompressor.com\/wp-content\/uploads\/2020\/12\/parts-collage.png\",\"contentUrl\":\"https:\/\/www.quincycompressor.com\/wp-content\/uploads\/2020\/12\/parts-collage.png\",\"width\":563,\"height\":563},{\"@type\":\"BreadcrumbList\",\"@id\":\"https:\/\/www.quincycompressor.com\/es\/quincy-piezas-y-servicios\/#breadcrumb\",\"itemListElement\":[{\"@type\":\"ListItem\",\"position\":1,\"name\":\"Inicio\",\"item\":\"https:\/\/www.quincycompressor.com\/es\/inicio\/\"},{\"@type\":\"ListItem\",\"position\":2,\"name\":\"Quincy Piezas y Servicios\"}]},{\"@type\":\"WebSite\",\"@id\":\"https:\/\/www.quincycompressor.com\/es\/#website\",\"url\":\"https:\/\/www.quincycompressor.com\/es\/\",\"name\":\"Quincy Compressor\",\"description\":\"Quincy Compressor is your go-to source to find knowledge and dealers with the right air compressor for your situation.\",\"publisher\":{\"@id\":\"https:\/\/www.quincycompressor.com\/es\/#organization\"},\"potentialAction\":[{\"@type\":\"SearchAction\",\"target\":{\"@type\":\"EntryPoint\",\"urlTemplate\":\"https:\/\/www.quincycompressor.com\/es\/?s={search_term_string}\"},\"query-input\":\"required name=search_term_string\"}],\"inLanguage\":\"es\"},{\"@type\":\"Organization\",\"@id\":\"https:\/\/www.quincycompressor.com\/es\/#organization\",\"name\":\"Compresor Quincy\",\"url\":\"https:\/\/www.quincycompressor.com\/es\/\",\"logo\":{\"@type\":\"ImageObject\",\"inLanguage\":\"es\",\"@id\":\"https:\/\/www.quincycompressor.com\/es\/#\/schema\/logo\/image\/\",\"url\":\"https:\/\/www.quincycompressor.com\/wp-content\/uploads\/2021\/04\/Quincy-Compressor-Logo-web-full.jpg\",\"contentUrl\":\"https:\/\/www.quincycompressor.com\/wp-content\/uploads\/2021\/04\/Quincy-Compressor-Logo-web-full.jpg\",\"width\":293,\"height\":111,\"caption\":\"Compresor Quincy\"},\"image\":{\"@id\":\"https:\/\/www.quincycompressor.com\/es\/#\/schema\/logo\/image\/\"}}]}<\/script>\n<!-- \/ Yoast SEO plugin. -->","yoast_head_json":{"title":"Piezas y Servicio | Compresor Quincy","description":"Un compresor de aire Quincy est\u00e1 dise\u00f1ado, dise\u00f1ado y construido para ofrecer muchos a\u00f1os de servicio fiable. \u00a1Compra un compresor de aire construido con los m\u00e1s altos est\u00e1ndares!","robots":{"index":"index","follow":"follow","max-snippet":"max-snippet:-1","max-image-preview":"max-image-preview:large","max-video-preview":"max-video-preview:-1"},"canonical":"https:\/\/www.quincycompressor.com\/es\/quincy-piezas-y-servicios\/","og_locale":"es_ES","og_type":"article","og_title":"Piezas y Servicio | Compresor Quincy","og_description":"Un compresor de aire Quincy est\u00e1 dise\u00f1ado, dise\u00f1ado y construido para ofrecer muchos a\u00f1os de servicio fiable. \u00a1Compra un compresor de aire construido con los m\u00e1s altos est\u00e1ndares!","og_url":"https:\/\/www.quincycompressor.com\/es\/quincy-piezas-y-servicios\/","og_site_name":"Quincy Compressor","article_modified_time":"2026-02-03T12:30:47+00:00","og_image":[{"width":563,"height":563,"url":"https:\/\/www.quincycompressor.com\/wp-content\/uploads\/2020\/12\/parts-collage.png","type":"image\/png"}],"twitter_card":"summary_large_image","schema":{"@context":"https:\/\/schema.org","@graph":[{"@type":"WebPage","@id":"https:\/\/www.quincycompressor.com\/es\/quincy-piezas-y-servicios\/","url":"https:\/\/www.quincycompressor.com\/es\/quincy-piezas-y-servicios\/","name":"Piezas y Servicio | Compresor Quincy","isPartOf":{"@id":"https:\/\/www.quincycompressor.com\/es\/#website"},"primaryImageOfPage":{"@id":"https:\/\/www.quincycompressor.com\/es\/quincy-piezas-y-servicios\/#primaryimage"},"image":{"@id":"https:\/\/www.quincycompressor.com\/es\/quincy-piezas-y-servicios\/#primaryimage"},"thumbnailUrl":"https:\/\/www.quincycompressor.com\/wp-content\/uploads\/2020\/12\/parts-collage.png","datePublished":"2020-11-19T20:12:32+00:00","dateModified":"2026-02-03T12:30:47+00:00","description":"Un compresor de aire Quincy est\u00e1 dise\u00f1ado, dise\u00f1ado y construido para ofrecer muchos a\u00f1os de servicio fiable. \u00a1Compra un compresor de aire construido con los m\u00e1s altos est\u00e1ndares!","breadcrumb":{"@id":"https:\/\/www.quincycompressor.com\/es\/quincy-piezas-y-servicios\/#breadcrumb"},"inLanguage":"es","potentialAction":[{"@type":"ReadAction","target":["https:\/\/www.quincycompressor.com\/es\/quincy-piezas-y-servicios\/"]}]},{"@type":"ImageObject","inLanguage":"es","@id":"https:\/\/www.quincycompressor.com\/es\/quincy-piezas-y-servicios\/#primaryimage","url":"https:\/\/www.quincycompressor.com\/wp-content\/uploads\/2020\/12\/parts-collage.png","contentUrl":"https:\/\/www.quincycompressor.com\/wp-content\/uploads\/2020\/12\/parts-collage.png","width":563,"height":563},{"@type":"BreadcrumbList","@id":"https:\/\/www.quincycompressor.com\/es\/quincy-piezas-y-servicios\/#breadcrumb","itemListElement":[{"@type":"ListItem","position":1,"name":"Inicio","item":"https:\/\/www.quincycompressor.com\/es\/inicio\/"},{"@type":"ListItem","position":2,"name":"Quincy Piezas y Servicios"}]},{"@type":"WebSite","@id":"https:\/\/www.quincycompressor.com\/es\/#website","url":"https:\/\/www.quincycompressor.com\/es\/","name":"Quincy Compressor","description":"Quincy Compressor is your go-to source to find knowledge and dealers with the right air compressor for your situation.","publisher":{"@id":"https:\/\/www.quincycompressor.com\/es\/#organization"},"potentialAction":[{"@type":"SearchAction","target":{"@type":"EntryPoint","urlTemplate":"https:\/\/www.quincycompressor.com\/es\/?s={search_term_string}"},"query-input":"required name=search_term_string"}],"inLanguage":"es"},{"@type":"Organization","@id":"https:\/\/www.quincycompressor.com\/es\/#organization","name":"Compresor Quincy","url":"https:\/\/www.quincycompressor.com\/es\/","logo":{"@type":"ImageObject","inLanguage":"es","@id":"https:\/\/www.quincycompressor.com\/es\/#\/schema\/logo\/image\/","url":"https:\/\/www.quincycompressor.com\/wp-content\/uploads\/2021\/04\/Quincy-Compressor-Logo-web-full.jpg","contentUrl":"https:\/\/www.quincycompressor.com\/wp-content\/uploads\/2021\/04\/Quincy-Compressor-Logo-web-full.jpg","width":293,"height":111,"caption":"Compresor Quincy"},"image":{"@id":"https:\/\/www.quincycompressor.com\/es\/#\/schema\/logo\/image\/"}}]}},"_links":{"self":[{"href":"https:\/\/www.quincycompressor.com\/es\/wp-json\/wp\/v2\/pages\/27162"}],"collection":[{"href":"https:\/\/www.quincycompressor.com\/es\/wp-json\/wp\/v2\/pages"}],"about":[{"href":"https:\/\/www.quincycompressor.com\/es\/wp-json\/wp\/v2\/types\/page"}],"author":[{"embeddable":true,"href":"https:\/\/www.quincycompressor.com\/es\/wp-json\/wp\/v2\/users\/5"}],"replies":[{"embeddable":true,"href":"https:\/\/www.quincycompressor.com\/es\/wp-json\/wp\/v2\/comments?post=27162"}],"version-history":[{"count":0,"href":"https:\/\/www.quincycompressor.com\/es\/wp-json\/wp\/v2\/pages\/27162\/revisions"}],"wp:featuredmedia":[{"embeddable":true,"href":"https:\/\/www.quincycompressor.com\/es\/wp-json\/wp\/v2\/media\/27174"}],"wp:attachment":[{"href":"https:\/\/www.quincycompressor.com\/es\/wp-json\/wp\/v2\/media?parent=27162"}],"curies":[{"name":"wp","href":"https:\/\/api.w.org\/{rel}","templated":true}]}}