{"id":27175,"date":"2020-11-19T20:12:19","date_gmt":"2020-11-19T20:12:19","guid":{"rendered":"https:\/\/www.quincycompressor.com\/productos\/"},"modified":"2026-02-20T13:46:32","modified_gmt":"2026-02-20T13:46:32","slug":"productos","status":"publish","type":"page","link":"https:\/\/www.quincycompressor.com\/es\/productos\/","title":{"rendered":"Productos"},"content":{"rendered":"<h2>Productos compresores de Quincy<\/h2>\n<p>La amplia selecci\u00f3n de productos Quincy Compressor es conocida por su fiabilidad inquebrantable, alta calidad y rendimiento premium para las aplicaciones m\u00e1s exigentes. Nuestros productos de compresores de aire son la opci\u00f3n preferida de empresas en sectores como el automotriz, la alimentaci\u00f3n y bebidas, el petr\u00f3leo y gas, la agricultura, la tintorer\u00eda y muchos otros. Todos nuestros productos de compresores de aire cuentan con un servicio fiable las 24 horas proporcionado a trav\u00e9s de nuestra <a href=\"https:\/\/www.quincycompressor.com\/es\/localizador-de-ventas-y-servicio\/\">amplia red de concesionarios autorizados<\/a>. Sigue leyendo para saber m\u00e1s sobre cada una de nuestras <a href=\"https:\/\/www.quincycompressor.com\/es\/blog-es\/compresores-de-aire-quincy\/\">categor\u00edas de productos de compresores de aire<\/a>.   <\/p>\n<p><a class=\"btn btn-primary\" href=\"https:\/\/www.quincycompressor.com\/es\/localizador-de-ventas-y-servicio\/\">Encuentra un concesionario local<\/a><\/p>\n","protected":false},"excerpt":{"rendered":"<p>Productos compresores de Quincy La amplia selecci\u00f3n de productos Quincy Compressor es conocida por su fiabilidad inquebrantable, alta calidad y rendimiento premium para las aplicaciones m\u00e1s exigentes. Nuestros productos de compresores de aire son la opci\u00f3n preferida de empresas en sectores como el automotriz, la alimentaci\u00f3n y bebidas, el petr\u00f3leo y gas, la agricultura, la [&hellip;]<\/p>\n","protected":false},"author":5,"featured_media":0,"parent":0,"menu_order":0,"comment_status":"closed","ping_status":"closed","template":"page-product-category.php","meta":{"_acf_changed":false,"inline_featured_image":false,"footnotes":""},"acf":[],"yoast_head":"<!-- This site is optimized with the Yoast SEO plugin v22.9 - https:\/\/yoast.com\/wordpress\/plugins\/seo\/ -->\n<title>Productos para compresores de aire de Quincy | Compresor Quincy<\/title>\n<meta name=\"description\" content=\"Ra\u00edces americanas. Respaldado por m\u00e1s de un siglo de fiabilidad. Los productos Quincy Compressor son conocidos por su calidad y rendimiento premium. \u00a1Busca un concesionario cerca de ti!\" \/>\n<meta name=\"robots\" content=\"index, follow, max-snippet:-1, max-image-preview:large, max-video-preview:-1\" \/>\n<link rel=\"canonical\" href=\"https:\/\/www.quincycompressor.com\/es\/productos\/\" \/>\n<meta property=\"og:locale\" content=\"es_ES\" \/>\n<meta property=\"og:type\" content=\"article\" \/>\n<meta property=\"og:title\" content=\"Productos para compresores de aire de Quincy | Compresor Quincy\" \/>\n<meta property=\"og:description\" content=\"Ra\u00edces americanas. Respaldado por m\u00e1s de un siglo de fiabilidad. Los productos Quincy Compressor son conocidos por su calidad y rendimiento premium. \u00a1Busca un concesionario cerca de ti!\" \/>\n<meta property=\"og:url\" content=\"https:\/\/www.quincycompressor.com\/es\/productos\/\" \/>\n<meta property=\"og:site_name\" content=\"Quincy Compressor\" \/>\n<meta property=\"article:modified_time\" content=\"2026-02-20T13:46:32+00:00\" \/>\n<meta property=\"og:image\" content=\"https:\/\/www.quincycompressor.com\/wp-content\/uploads\/2021\/04\/imageedit_3_2337862967.png\" \/>\n\t<meta property=\"og:image:width\" content=\"691\" \/>\n\t<meta property=\"og:image:height\" content=\"403\" \/>\n\t<meta property=\"og:image:type\" content=\"image\/png\" \/>\n<meta name=\"twitter:card\" content=\"summary_large_image\" \/>\n<meta name=\"twitter:label1\" content=\"Tiempo de lectura\" \/>\n\t<meta name=\"twitter:data1\" content=\"1 minuto\" \/>\n<script type=\"application\/ld+json\" class=\"yoast-schema-graph\">{\"@context\":\"https:\/\/schema.org\",\"@graph\":[{\"@type\":\"WebPage\",\"@id\":\"https:\/\/www.quincycompressor.com\/es\/productos\/\",\"url\":\"https:\/\/www.quincycompressor.com\/es\/productos\/\",\"name\":\"Productos para compresores de aire de Quincy | Compresor Quincy\",\"isPartOf\":{\"@id\":\"https:\/\/www.quincycompressor.com\/es\/#website\"},\"datePublished\":\"2020-11-19T20:12:19+00:00\",\"dateModified\":\"2026-02-20T13:46:32+00:00\",\"description\":\"Ra\u00edces americanas. Respaldado por m\u00e1s de un siglo de fiabilidad. Los productos Quincy Compressor son conocidos por su calidad y rendimiento premium. \u00a1Busca un concesionario cerca de ti!\",\"breadcrumb\":{\"@id\":\"https:\/\/www.quincycompressor.com\/es\/productos\/#breadcrumb\"},\"inLanguage\":\"es\",\"potentialAction\":[{\"@type\":\"ReadAction\",\"target\":[\"https:\/\/www.quincycompressor.com\/es\/productos\/\"]}]},{\"@type\":\"BreadcrumbList\",\"@id\":\"https:\/\/www.quincycompressor.com\/es\/productos\/#breadcrumb\",\"itemListElement\":[{\"@type\":\"ListItem\",\"position\":1,\"name\":\"Inicio\",\"item\":\"https:\/\/www.quincycompressor.com\/es\/inicio\/\"},{\"@type\":\"ListItem\",\"position\":2,\"name\":\"Productos\"}]},{\"@type\":\"WebSite\",\"@id\":\"https:\/\/www.quincycompressor.com\/es\/#website\",\"url\":\"https:\/\/www.quincycompressor.com\/es\/\",\"name\":\"Quincy Compressor\",\"description\":\"Quincy Compressor is your go-to source to find knowledge and dealers with the right air compressor for your situation.\",\"publisher\":{\"@id\":\"https:\/\/www.quincycompressor.com\/es\/#organization\"},\"potentialAction\":[{\"@type\":\"SearchAction\",\"target\":{\"@type\":\"EntryPoint\",\"urlTemplate\":\"https:\/\/www.quincycompressor.com\/es\/?s={search_term_string}\"},\"query-input\":\"required name=search_term_string\"}],\"inLanguage\":\"es\"},{\"@type\":\"Organization\",\"@id\":\"https:\/\/www.quincycompressor.com\/es\/#organization\",\"name\":\"Compresor Quincy\",\"url\":\"https:\/\/www.quincycompressor.com\/es\/\",\"logo\":{\"@type\":\"ImageObject\",\"inLanguage\":\"es\",\"@id\":\"https:\/\/www.quincycompressor.com\/es\/#\/schema\/logo\/image\/\",\"url\":\"https:\/\/www.quincycompressor.com\/wp-content\/uploads\/2021\/04\/Quincy-Compressor-Logo-web-full.jpg\",\"contentUrl\":\"https:\/\/www.quincycompressor.com\/wp-content\/uploads\/2021\/04\/Quincy-Compressor-Logo-web-full.jpg\",\"width\":293,\"height\":111,\"caption\":\"Compresor Quincy\"},\"image\":{\"@id\":\"https:\/\/www.quincycompressor.com\/es\/#\/schema\/logo\/image\/\"}}]}<\/script>\n<!-- \/ Yoast SEO plugin. -->","yoast_head_json":{"title":"Productos para compresores de aire de Quincy | Compresor Quincy","description":"Ra\u00edces americanas. Respaldado por m\u00e1s de un siglo de fiabilidad. Los productos Quincy Compressor son conocidos por su calidad y rendimiento premium. \u00a1Busca un concesionario cerca de ti!","robots":{"index":"index","follow":"follow","max-snippet":"max-snippet:-1","max-image-preview":"max-image-preview:large","max-video-preview":"max-video-preview:-1"},"canonical":"https:\/\/www.quincycompressor.com\/es\/productos\/","og_locale":"es_ES","og_type":"article","og_title":"Productos para compresores de aire de Quincy | Compresor Quincy","og_description":"Ra\u00edces americanas. Respaldado por m\u00e1s de un siglo de fiabilidad. Los productos Quincy Compressor son conocidos por su calidad y rendimiento premium. \u00a1Busca un concesionario cerca de ti!","og_url":"https:\/\/www.quincycompressor.com\/es\/productos\/","og_site_name":"Quincy Compressor","article_modified_time":"2026-02-20T13:46:32+00:00","og_image":[{"width":691,"height":403,"url":"https:\/\/www.quincycompressor.com\/wp-content\/uploads\/2021\/04\/imageedit_3_2337862967.png","type":"image\/png"}],"twitter_card":"summary_large_image","twitter_misc":{"Tiempo de lectura":"1 minuto"},"schema":{"@context":"https:\/\/schema.org","@graph":[{"@type":"WebPage","@id":"https:\/\/www.quincycompressor.com\/es\/productos\/","url":"https:\/\/www.quincycompressor.com\/es\/productos\/","name":"Productos para compresores de aire de Quincy | Compresor Quincy","isPartOf":{"@id":"https:\/\/www.quincycompressor.com\/es\/#website"},"datePublished":"2020-11-19T20:12:19+00:00","dateModified":"2026-02-20T13:46:32+00:00","description":"Ra\u00edces americanas. Respaldado por m\u00e1s de un siglo de fiabilidad. Los productos Quincy Compressor son conocidos por su calidad y rendimiento premium. \u00a1Busca un concesionario cerca de ti!","breadcrumb":{"@id":"https:\/\/www.quincycompressor.com\/es\/productos\/#breadcrumb"},"inLanguage":"es","potentialAction":[{"@type":"ReadAction","target":["https:\/\/www.quincycompressor.com\/es\/productos\/"]}]},{"@type":"BreadcrumbList","@id":"https:\/\/www.quincycompressor.com\/es\/productos\/#breadcrumb","itemListElement":[{"@type":"ListItem","position":1,"name":"Inicio","item":"https:\/\/www.quincycompressor.com\/es\/inicio\/"},{"@type":"ListItem","position":2,"name":"Productos"}]},{"@type":"WebSite","@id":"https:\/\/www.quincycompressor.com\/es\/#website","url":"https:\/\/www.quincycompressor.com\/es\/","name":"Quincy Compressor","description":"Quincy Compressor is your go-to source to find knowledge and dealers with the right air compressor for your situation.","publisher":{"@id":"https:\/\/www.quincycompressor.com\/es\/#organization"},"potentialAction":[{"@type":"SearchAction","target":{"@type":"EntryPoint","urlTemplate":"https:\/\/www.quincycompressor.com\/es\/?s={search_term_string}"},"query-input":"required name=search_term_string"}],"inLanguage":"es"},{"@type":"Organization","@id":"https:\/\/www.quincycompressor.com\/es\/#organization","name":"Compresor Quincy","url":"https:\/\/www.quincycompressor.com\/es\/","logo":{"@type":"ImageObject","inLanguage":"es","@id":"https:\/\/www.quincycompressor.com\/es\/#\/schema\/logo\/image\/","url":"https:\/\/www.quincycompressor.com\/wp-content\/uploads\/2021\/04\/Quincy-Compressor-Logo-web-full.jpg","contentUrl":"https:\/\/www.quincycompressor.com\/wp-content\/uploads\/2021\/04\/Quincy-Compressor-Logo-web-full.jpg","width":293,"height":111,"caption":"Compresor Quincy"},"image":{"@id":"https:\/\/www.quincycompressor.com\/es\/#\/schema\/logo\/image\/"}}]}},"_links":{"self":[{"href":"https:\/\/www.quincycompressor.com\/es\/wp-json\/wp\/v2\/pages\/27175"}],"collection":[{"href":"https:\/\/www.quincycompressor.com\/es\/wp-json\/wp\/v2\/pages"}],"about":[{"href":"https:\/\/www.quincycompressor.com\/es\/wp-json\/wp\/v2\/types\/page"}],"author":[{"embeddable":true,"href":"https:\/\/www.quincycompressor.com\/es\/wp-json\/wp\/v2\/users\/5"}],"replies":[{"embeddable":true,"href":"https:\/\/www.quincycompressor.com\/es\/wp-json\/wp\/v2\/comments?post=27175"}],"version-history":[{"count":0,"href":"https:\/\/www.quincycompressor.com\/es\/wp-json\/wp\/v2\/pages\/27175\/revisions"}],"wp:attachment":[{"href":"https:\/\/www.quincycompressor.com\/es\/wp-json\/wp\/v2\/media?parent=27175"}],"curies":[{"name":"wp","href":"https:\/\/api.w.org\/{rel}","templated":true}]}}