{"id":27215,"date":"2020-11-07T17:44:01","date_gmt":"2020-11-07T17:44:01","guid":{"rendered":"https:\/\/www.quincycompressor.com\/ubicaciones\/"},"modified":"2026-02-03T12:29:45","modified_gmt":"2026-02-03T12:29:45","slug":"ubicaciones","status":"publish","type":"page","link":"https:\/\/www.quincycompressor.com\/es\/ubicaciones\/","title":{"rendered":"Ubicaciones"},"content":{"rendered":"<p><img decoding=\"async\" class=\"size-large wp-image-11229 alignnone\" src=\"https:\/\/www.quincycompressor.com\/wp-content\/uploads\/2020\/11\/BMA_LobbyFRONT-e1576255813872-1024x384.jpg\" alt=\"Ubicaci\u00f3n de la bah\u00eda de compresores de Quincy\" width=\"1024\" height=\"384\" srcset=\"https:\/\/www.quincycompressor.com\/wp-content\/uploads\/2020\/11\/BMA_LobbyFRONT-e1576255813872-1024x384.jpg 1024w, https:\/\/www.quincycompressor.com\/wp-content\/uploads\/2020\/11\/BMA_LobbyFRONT-e1576255813872-300x113.jpg 300w, https:\/\/www.quincycompressor.com\/wp-content\/uploads\/2020\/11\/BMA_LobbyFRONT-e1576255813872-768x288.jpg 768w, https:\/\/www.quincycompressor.com\/wp-content\/uploads\/2020\/11\/BMA_LobbyFRONT-e1576255813872-1536x576.jpg 1536w, https:\/\/www.quincycompressor.com\/wp-content\/uploads\/2020\/11\/BMA_LobbyFRONT-e1576255813872.jpg 2048w\" sizes=\"(max-width: 1024px) 100vw, 1024px\" \/><\/p>\n<h2>Compresores de aire Quincy en EE. UU.<\/h2>\n<p>La ciudad de Bay Minette est\u00e1 enclavada en los bosques de pinos del norte del condado de Baldwin y es sede de la sede de Quincy Compressor. Est\u00e1 convenientemente rodeado por zonas urbanas de Mobile, Pensacola y Biloxi, que est\u00e1n a menos de 100 millas de la ciudad de Bay Minette. Entre las atracciones divertidas de los alrededores se encuentran el acorazado USS Alabama, el estuario en el Dauphin Island Sea Lab, el Zool\u00f3gico de la Costa del Golfo y, por supuesto, las preciosas playas y la cocina sure\u00f1a. \u00a1Bienvenidos a &#8220;Sweet Home Alabama&#8221;! Gracias a nuestra ubicaci\u00f3n favorable, disfrutamos de los beneficios econ\u00f3micos, sociales y culturales de las zonas urbanas circundantes, manteniendo al mismo tiempo el encanto y el ritmo relajado de una peque\u00f1a comunidad sure\u00f1a. Os damos la bienvenida a nuestra ciudad natal, por favor, viven Alabama con toda la historia, cultura y actividades que hay disponibles. \u00a1Bienvenidos a &#8220;Sweet Home Alabama&#8221;!<\/p>\n<p>Cuando una aplicaci\u00f3n complicada requiere un sistema de compresores de aire industrial y resistente, Quincy Compressor responde con una fiabilidad aut\u00e9ntica y algunas de las <a href=\"https:\/\/www.quincycompressor.com\/es\/sobre-nosotros\/garantias\/\">garant\u00edas m\u00e1s s\u00f3lidas del sector<\/a>. Dise\u00f1ados para durar d\u00e9cadas de uso intensivo y fabricados pensando en la durabilidad, la gama de Quincy ofrece compresores de aire resistentes, m\u00e1s resistentes y <a href=\"https:\/\/www.quincycompressor.com\/es\/blog-es\/compresores-de-aire-quincy\/\">de gran eficiencia<\/a> , apoyados por una variedad de opciones de control, accesorios y <a href=\"https:\/\/www.quincycompressor.com\/es\/productos\/tratamiento-del-aire\/\">tratamiento del aire<\/a>. Los tipos de compresores industriales de Quincy incluyen compresores libres de aceite, compresores de tornillo rotativo, compresores port\u00e1tiles de aire y mucho m\u00e1s.<\/p>\n<p><img decoding=\"async\" class=\"alignright wp-image-11228 \" src=\"https:\/\/www.quincycompressor.com\/wp-content\/uploads\/2020\/11\/aerial-quincy.jpg\" alt=\"Vista a\u00e9rea del compresor Quincy en Bay Minette\" width=\"750\" height=\"281\" srcset=\"https:\/\/www.quincycompressor.com\/wp-content\/uploads\/2020\/11\/aerial-quincy.jpg 870w, https:\/\/www.quincycompressor.com\/wp-content\/uploads\/2020\/11\/aerial-quincy-300x112.jpg 300w, https:\/\/www.quincycompressor.com\/wp-content\/uploads\/2020\/11\/aerial-quincy-768x288.jpg 768w\" sizes=\"(max-width: 750px) 100vw, 750px\" \/><\/p>\n<h2><span data-sheets-value=\"{\"1\":2,\"2\":\"Where to Find Quincy Air Compressors Near You\"}\" data-sheets-userformat=\"{\"2\":769,\"3\":{\"1\":0},\"11\":4,\"12\":0}\">D\u00f3nde encontrar compresores de aire en Quincy cerca de ti<\/span><\/h2>\n<p>Los clientes pueden localizar <a href=\"https:\/\/www.quincycompressor.com\/es\/productos\/\">productos Quincy<\/a> en modo autoservicio a trav\u00e9s de tiendas f\u00edsicas y en tiendas f\u00edsicas, o en un modo de servicio completo a trav\u00e9s <a href=\"https:\/\/www.quincycompressor.com\/es\/localizador-de-ventas-y-servicio\/\">de una red dedicada de distribuidores autorizados expertos<\/a> y personal de tiendas que venden y dan mantenimiento a las unidades con precisi\u00f3n. Una relaci\u00f3n con una de estas empresas de primer nivel seguro que mantendr\u00e1 tu operaci\u00f3n en marcha y de forma eficiente. Utiliza la herramienta de abajo para encontrar un distribuidor de compresores de aire en Quincy en tu zona.<br \/>\n<script type=\"application\/ld+json\"> \n{\n    \"@context\": \"http:\/\/www.schema.org\",\n    \"@type\": \"LocalBusiness\",\n    \"name\": \"Quincy Compressor\",\n    \"mainEntityOfPage\": {\n        \"@type\": \"WebPage\",\n        \"@id\": \"https:\/\/www.quincycompressor.com\/\"\n    },\n    \"address\": [\n        {\n        \"@type\": \"PostalAddress\",\n        \"streetAddress\": \"701 N Dobson Av\",\n        \"addressLocality\": \"Bay Minette\",\n        \"addressRegion\": \"AL\",\n        \"addressCountry\": \"US\",\n        \"postalCode\": \"36507\"\n        }\n    ],\n    \"telephone\": \"251-937-5900\",\n    \"image\": \"https:\/\/quincycompressor.com\/wp-content\/uploads\/2020\/11\/logo.png\",\n    \"location\": [\n        {\n        \"@type\": \"PostalAddress\",\n        \"telephone\": \"630-691-3300\",\n        \"streetAddress\": \"1717 Armitage Court\",\n        \"addressLocality\": \"Addison\",\n        \"addressRegion\": \"IL\",\n        \"addressCountry\": \"US\",\n        \"postalCode\": \"60101\"\n    },\n    {\n        \"@type\": \"PostalAddress\",\n        \"telephone\": \"1-888-788-6678\",\n        \"streetAddress\": \"7898 Cherry Ave. Unit 1\",\n        \"addressLocality\": \"Fontana\",\n        \"addressRegion\": \"CA\",\n        \"addressCountry\": \"US\",\n        \"postalCode\": \"92336\",\n        \"email\": \"info.west@quincycompressor.com\", \n        \"hoursAvailable\":[\"Mo-Fr 9:00-17:00\"]\n    }, \n    {\n        \"@type\": \"PostalAddress\",\n        \"telephone\": \"214-688-1677\",\n        \"streetAddress\": \"1275 West 17th Street Suite 300\",\n        \"addressLocality\": \"Grapevine DFW Airport\",\n        \"addressRegion\": \"TX\",\n        \"addressCountry\": \"US\",\n        \"postalCode\": \"75261\",\n        \"email\": \"michael.block@quincycompressor.com\", \n        \"hoursAvailable\":[\"Mo-Fr 8:00-17:00\"]\n    }, \n        {\n        \"@type\": \"PostalAddress\",\n        \"telephone\": \"855-978-4629\",\n        \"streetAddress\": \"14500 A-C Lochridge Blvd\",\n        \"addressLocality\": \"Covington\",\n        \"addressRegion\": \"GA\",\n        \"addressCountry\": \"US\",\n        \"postalCode\": \"30014\",\n        \"email\": \"info.east@quincycompressor.com\"\n    }, \n       {\n        \"@type\": \"PostalAddress\",\n        \"telephone\": \"409-842-4800\",\n        \"streetAddress\": \"2214 West Cardinal Drive Suite A\",\n        \"addressLocality\": \"Beaumont\",\n        \"addressRegion\": \"TX\",\n        \"addressCountry\": \"US\",\n        \"postalCode\": \"77705\",\n        \"email\": \"nancy.shimpock@quincycompressor.com\", \n        \"hoursAvailable\":[\"Mo-Fr 9:00-17:00\"]\n    },\n           {\n        \"@type\": \"PostalAddress\",\n        \"telephone\": \"855-978-4629\",\n        \"streetAddress\": \"6600-A Northpark Blvd\",\n        \"addressLocality\": \"Charlotte\",\n        \"addressRegion\": \"NC\",\n        \"addressCountry\": \"US\",\n        \"postalCode\": \"28216\",\n        \"email\": \"info.east@quincycompressor.com\", \n        \"hoursAvailable\":[\"Mo-Fr 7:30-16:00\"]\n    },\n               {\n        \"@type\": \"PostalAddress\",\n        \"telephone\": \"855-978-4629\",\n        \"streetAddress\": \"7901 Hansen Road\",\n        \"addressLocality\": \"Houston\",\n        \"addressRegion\": \"TX\",\n        \"addressCountry\": \"US\",\n        \"postalCode\": \"77061\",\n        \"email\": \"jason.kainer@quincycompressor.com\", \n        \"hoursAvailable\":[\"Mo-Fr 8:00-17:00\"]\n    },\n     {\n        \"@type\": \"PostalAddress\",\n        \"telephone\": \"361-289-2294\",\n        \"streetAddress\": \"4902 Ayest St.\",\n        \"addressLocality\": \"Corpus Christi\",\n        \"addressRegion\": \"TX\",\n        \"addressCountry\": \"US\",\n        \"postalCode\": \"78415\"\n    },\n    {\n        \"@type\": \"PostalAddress\",\n        \"telephone\": \"888-881-6678\",\n        \"streetAddress\": \"3919 Channel Drive\",\n        \"addressLocality\": \"West Sacramento\",\n        \"addressRegion\": \"CA\",\n        \"addressCountry\": \"US\",\n        \"postalCode\": \"95691\",\n        \"email\": \"info.west@quincycompressor.com\", \n        \"hoursAvailable\":[\"Mo-Fr 9:00-17:00\"]\n    },\n    {\n        \"@type\": \"PostalAddress\",\n        \"telephone\": \"830-606-1240\",\n        \"streetAddress\": \"1379 Wald Road Suite 3\",\n        \"addressLocality\": \"New Braunfels\",\n        \"addressRegion\": \"TX\",\n        \"addressCountry\": \"US\",\n        \"postalCode\": \"78132\",\n        \"email\": \"brian.jung@quincycompressor.com\", \n        \"hoursAvailable\":[\"Mo-Fr 8:00-17:00\"]\n    },\n    {\n        \"@type\": \"PostalAddress\",\n        \"telephone\": \" 1-855-978-4629\",\n        \"streetAddress\": \"8350 Parkline Blvd\",\n        \"addressLocality\": \"Orlando\",\n        \"addressRegion\": \"FL\",\n        \"addressCountry\": \"US\",\n        \"postalCode\": \"30014\",\n        \"email\": \"scott.stejskal@quincycompressor.com\"\n    },\n    {\n        \"@type\": \"PostalAddress\",\n        \"telephone\": \"254-776-5122\",\n        \"streetAddress\": \"400 Texas Central Pkwy\",\n        \"addressLocality\": \"Waco\",\n        \"addressRegion\": \"TX\",\n        \"addressCountry\": \"US\",\n        \"postalCode\": \"76712\",\n        \"email\": \"Nancy.Shimpock@quincycompressor.com\"\n    },\n     {\n        \"@type\": \"PostalAddress\",\n        \"telephone\": \"866-522-8480\",\n        \"streetAddress\": \"2522 Pearl Buck Road\",\n        \"addressLocality\": \"Bristol\",\n        \"addressRegion\": \"PA\",\n        \"addressCountry\": \"US\",\n        \"postalCode\": \"19007\"\n    },\n     {\n        \"@type\": \"PostalAddress\",\n        \"telephone\": \" 866-248-9096\",\n        \"streetAddress\": \"87 E Jefryn Blvd.\",\n        \"addressLocality\": \"Deer Park\",\n        \"addressRegion\": \"NY\",\n        \"addressCountry\": \"US\",\n        \"postalCode\": \"11729\"\n        },\n     {\n        \"@type\": \"PostalAddress\",\n        \"telephone\": \"866-248-9096\",\n        \"streetAddress\": \"100 Boston Turnpike Road #164\",\n        \"addressLocality\": \"Shrewsbury\",\n        \"addressRegion\": \"MA\",\n        \"addressCountry\": \"US\",\n        \"postalCode\": \"01545\"\n    },\n         {\n        \"@type\": \"PostalAddress\",\n        \"telephone\": \"800-627-9578\",\n        \"streetAddress\": \"34 Industrial Park Place\",\n        \"addressLocality\": \"Middletown\",\n        \"addressRegion\": \"CT\",\n        \"addressCountry\": \"US\",\n        \"postalCode\": \"06547\"\n    },\n             {\n        \"@type\": \"PostalAddress\",\n        \"telephone\": \"866-890-1010\",\n        \"streetAddress\": \"19 D Chapin Road\",\n        \"addressLocality\": \"Pine Brook\",\n        \"addressRegion\": \"NJ\",\n        \"addressCountry\": \"US\",\n        \"postalCode\": \"07058\"\n    }, \n    {\n        \"@type\": \"PostalAddress\",\n        \"telephone\": \"718-292-7726\",\n        \"streetAddress\": \"796 East 140th Street\",\n        \"addressLocality\": \"Bronx\",\n        \"addressRegion\": \"NY\",\n        \"addressCountry\": \"US\",\n        \"postalCode\": \"10454\",\n        \"email\": \"james.brady@quincycompressor.com\"\n    }\n  ]\n}\n<\/script><\/p>\n","protected":false},"excerpt":{"rendered":"<p>Compresores de aire Quincy en EE. UU. La ciudad de Bay Minette est\u00e1 enclavada en los bosques de pinos del norte del condado de Baldwin y es sede de la sede de Quincy Compressor. Est\u00e1 convenientemente rodeado por zonas urbanas de Mobile, Pensacola y Biloxi, que est\u00e1n a menos de 100 millas de la ciudad [&hellip;]<\/p>\n","protected":false},"author":5,"featured_media":0,"parent":0,"menu_order":0,"comment_status":"closed","ping_status":"closed","template":"page-locations.php","meta":{"_acf_changed":false,"inline_featured_image":false,"footnotes":""},"acf":[],"yoast_head":"<!-- This site is optimized with the Yoast SEO plugin v22.9 - https:\/\/yoast.com\/wordpress\/plugins\/seo\/ -->\n<title>Encuentra compresores de aire en Quincy cerca de ti en Estados Unidos<\/title>\n<meta name=\"description\" content=\"La red de distribuidores autorizados de Quincy Compressors se encuentra en ubicaciones seleccionadas de todo Estados Unidos. \u00a1Busca en el lugar m\u00e1s cercano a ti!\" \/>\n<meta name=\"robots\" content=\"index, follow, max-snippet:-1, max-image-preview:large, max-video-preview:-1\" \/>\n<link rel=\"canonical\" href=\"https:\/\/www.quincycompressor.com\/es\/ubicaciones\/\" \/>\n<meta property=\"og:locale\" content=\"es_ES\" \/>\n<meta property=\"og:type\" content=\"article\" \/>\n<meta property=\"og:title\" content=\"Encuentra compresores de aire en Quincy cerca de ti en Estados Unidos\" \/>\n<meta property=\"og:description\" content=\"La red de distribuidores autorizados de Quincy Compressors se encuentra en ubicaciones seleccionadas de todo Estados Unidos. \u00a1Busca en el lugar m\u00e1s cercano a ti!\" \/>\n<meta property=\"og:url\" content=\"https:\/\/www.quincycompressor.com\/es\/ubicaciones\/\" \/>\n<meta property=\"og:site_name\" content=\"Quincy Compressor\" \/>\n<meta property=\"article:modified_time\" content=\"2026-02-03T12:29:45+00:00\" \/>\n<meta property=\"og:image\" content=\"https:\/\/www.quincycompressor.com\/wp-content\/uploads\/2020\/11\/BMA_LobbyFRONT-e1576255813872-1024x384.jpg\" \/>\n<meta name=\"twitter:card\" content=\"summary_large_image\" \/>\n<meta name=\"twitter:label1\" content=\"Tiempo de lectura\" \/>\n\t<meta name=\"twitter:data1\" content=\"2 minutos\" \/>\n<script type=\"application\/ld+json\" class=\"yoast-schema-graph\">{\"@context\":\"https:\/\/schema.org\",\"@graph\":[{\"@type\":\"WebPage\",\"@id\":\"https:\/\/www.quincycompressor.com\/es\/ubicaciones\/\",\"url\":\"https:\/\/www.quincycompressor.com\/es\/ubicaciones\/\",\"name\":\"Encuentra compresores de aire en Quincy cerca de ti en Estados Unidos\",\"isPartOf\":{\"@id\":\"https:\/\/www.quincycompressor.com\/es\/#website\"},\"primaryImageOfPage\":{\"@id\":\"https:\/\/www.quincycompressor.com\/es\/ubicaciones\/#primaryimage\"},\"image\":{\"@id\":\"https:\/\/www.quincycompressor.com\/es\/ubicaciones\/#primaryimage\"},\"thumbnailUrl\":\"https:\/\/www.quincycompressor.com\/wp-content\/uploads\/2020\/11\/BMA_LobbyFRONT-e1576255813872-1024x384.jpg\",\"datePublished\":\"2020-11-07T17:44:01+00:00\",\"dateModified\":\"2026-02-03T12:29:45+00:00\",\"description\":\"La red de distribuidores autorizados de Quincy Compressors se encuentra en ubicaciones seleccionadas de todo Estados Unidos. \u00a1Busca en el lugar m\u00e1s cercano a ti!\",\"breadcrumb\":{\"@id\":\"https:\/\/www.quincycompressor.com\/es\/ubicaciones\/#breadcrumb\"},\"inLanguage\":\"es\",\"potentialAction\":[{\"@type\":\"ReadAction\",\"target\":[\"https:\/\/www.quincycompressor.com\/es\/ubicaciones\/\"]}]},{\"@type\":\"ImageObject\",\"inLanguage\":\"es\",\"@id\":\"https:\/\/www.quincycompressor.com\/es\/ubicaciones\/#primaryimage\",\"url\":\"https:\/\/www.quincycompressor.com\/wp-content\/uploads\/2020\/11\/BMA_LobbyFRONT-e1576255813872-1024x384.jpg\",\"contentUrl\":\"https:\/\/www.quincycompressor.com\/wp-content\/uploads\/2020\/11\/BMA_LobbyFRONT-e1576255813872-1024x384.jpg\"},{\"@type\":\"BreadcrumbList\",\"@id\":\"https:\/\/www.quincycompressor.com\/es\/ubicaciones\/#breadcrumb\",\"itemListElement\":[{\"@type\":\"ListItem\",\"position\":1,\"name\":\"Inicio\",\"item\":\"https:\/\/www.quincycompressor.com\/es\/inicio\/\"},{\"@type\":\"ListItem\",\"position\":2,\"name\":\"Ubicaciones\"}]},{\"@type\":\"WebSite\",\"@id\":\"https:\/\/www.quincycompressor.com\/es\/#website\",\"url\":\"https:\/\/www.quincycompressor.com\/es\/\",\"name\":\"Quincy Compressor\",\"description\":\"Quincy Compressor is your go-to source to find knowledge and dealers with the right air compressor for your situation.\",\"publisher\":{\"@id\":\"https:\/\/www.quincycompressor.com\/es\/#organization\"},\"potentialAction\":[{\"@type\":\"SearchAction\",\"target\":{\"@type\":\"EntryPoint\",\"urlTemplate\":\"https:\/\/www.quincycompressor.com\/es\/?s={search_term_string}\"},\"query-input\":\"required name=search_term_string\"}],\"inLanguage\":\"es\"},{\"@type\":\"Organization\",\"@id\":\"https:\/\/www.quincycompressor.com\/es\/#organization\",\"name\":\"Compresor Quincy\",\"url\":\"https:\/\/www.quincycompressor.com\/es\/\",\"logo\":{\"@type\":\"ImageObject\",\"inLanguage\":\"es\",\"@id\":\"https:\/\/www.quincycompressor.com\/es\/#\/schema\/logo\/image\/\",\"url\":\"https:\/\/www.quincycompressor.com\/wp-content\/uploads\/2021\/04\/Quincy-Compressor-Logo-web-full.jpg\",\"contentUrl\":\"https:\/\/www.quincycompressor.com\/wp-content\/uploads\/2021\/04\/Quincy-Compressor-Logo-web-full.jpg\",\"width\":293,\"height\":111,\"caption\":\"Compresor Quincy\"},\"image\":{\"@id\":\"https:\/\/www.quincycompressor.com\/es\/#\/schema\/logo\/image\/\"}}]}<\/script>\n<!-- \/ Yoast SEO plugin. -->","yoast_head_json":{"title":"Encuentra compresores de aire en Quincy cerca de ti en Estados Unidos","description":"La red de distribuidores autorizados de Quincy Compressors se encuentra en ubicaciones seleccionadas de todo Estados Unidos. \u00a1Busca en el lugar m\u00e1s cercano a ti!","robots":{"index":"index","follow":"follow","max-snippet":"max-snippet:-1","max-image-preview":"max-image-preview:large","max-video-preview":"max-video-preview:-1"},"canonical":"https:\/\/www.quincycompressor.com\/es\/ubicaciones\/","og_locale":"es_ES","og_type":"article","og_title":"Encuentra compresores de aire en Quincy cerca de ti en Estados Unidos","og_description":"La red de distribuidores autorizados de Quincy Compressors se encuentra en ubicaciones seleccionadas de todo Estados Unidos. \u00a1Busca en el lugar m\u00e1s cercano a ti!","og_url":"https:\/\/www.quincycompressor.com\/es\/ubicaciones\/","og_site_name":"Quincy Compressor","article_modified_time":"2026-02-03T12:29:45+00:00","og_image":[{"url":"https:\/\/www.quincycompressor.com\/wp-content\/uploads\/2020\/11\/BMA_LobbyFRONT-e1576255813872-1024x384.jpg"}],"twitter_card":"summary_large_image","twitter_misc":{"Tiempo de lectura":"2 minutos"},"schema":{"@context":"https:\/\/schema.org","@graph":[{"@type":"WebPage","@id":"https:\/\/www.quincycompressor.com\/es\/ubicaciones\/","url":"https:\/\/www.quincycompressor.com\/es\/ubicaciones\/","name":"Encuentra compresores de aire en Quincy cerca de ti en Estados Unidos","isPartOf":{"@id":"https:\/\/www.quincycompressor.com\/es\/#website"},"primaryImageOfPage":{"@id":"https:\/\/www.quincycompressor.com\/es\/ubicaciones\/#primaryimage"},"image":{"@id":"https:\/\/www.quincycompressor.com\/es\/ubicaciones\/#primaryimage"},"thumbnailUrl":"https:\/\/www.quincycompressor.com\/wp-content\/uploads\/2020\/11\/BMA_LobbyFRONT-e1576255813872-1024x384.jpg","datePublished":"2020-11-07T17:44:01+00:00","dateModified":"2026-02-03T12:29:45+00:00","description":"La red de distribuidores autorizados de Quincy Compressors se encuentra en ubicaciones seleccionadas de todo Estados Unidos. \u00a1Busca en el lugar m\u00e1s cercano a ti!","breadcrumb":{"@id":"https:\/\/www.quincycompressor.com\/es\/ubicaciones\/#breadcrumb"},"inLanguage":"es","potentialAction":[{"@type":"ReadAction","target":["https:\/\/www.quincycompressor.com\/es\/ubicaciones\/"]}]},{"@type":"ImageObject","inLanguage":"es","@id":"https:\/\/www.quincycompressor.com\/es\/ubicaciones\/#primaryimage","url":"https:\/\/www.quincycompressor.com\/wp-content\/uploads\/2020\/11\/BMA_LobbyFRONT-e1576255813872-1024x384.jpg","contentUrl":"https:\/\/www.quincycompressor.com\/wp-content\/uploads\/2020\/11\/BMA_LobbyFRONT-e1576255813872-1024x384.jpg"},{"@type":"BreadcrumbList","@id":"https:\/\/www.quincycompressor.com\/es\/ubicaciones\/#breadcrumb","itemListElement":[{"@type":"ListItem","position":1,"name":"Inicio","item":"https:\/\/www.quincycompressor.com\/es\/inicio\/"},{"@type":"ListItem","position":2,"name":"Ubicaciones"}]},{"@type":"WebSite","@id":"https:\/\/www.quincycompressor.com\/es\/#website","url":"https:\/\/www.quincycompressor.com\/es\/","name":"Quincy Compressor","description":"Quincy Compressor is your go-to source to find knowledge and dealers with the right air compressor for your situation.","publisher":{"@id":"https:\/\/www.quincycompressor.com\/es\/#organization"},"potentialAction":[{"@type":"SearchAction","target":{"@type":"EntryPoint","urlTemplate":"https:\/\/www.quincycompressor.com\/es\/?s={search_term_string}"},"query-input":"required name=search_term_string"}],"inLanguage":"es"},{"@type":"Organization","@id":"https:\/\/www.quincycompressor.com\/es\/#organization","name":"Compresor Quincy","url":"https:\/\/www.quincycompressor.com\/es\/","logo":{"@type":"ImageObject","inLanguage":"es","@id":"https:\/\/www.quincycompressor.com\/es\/#\/schema\/logo\/image\/","url":"https:\/\/www.quincycompressor.com\/wp-content\/uploads\/2021\/04\/Quincy-Compressor-Logo-web-full.jpg","contentUrl":"https:\/\/www.quincycompressor.com\/wp-content\/uploads\/2021\/04\/Quincy-Compressor-Logo-web-full.jpg","width":293,"height":111,"caption":"Compresor Quincy"},"image":{"@id":"https:\/\/www.quincycompressor.com\/es\/#\/schema\/logo\/image\/"}}]}},"_links":{"self":[{"href":"https:\/\/www.quincycompressor.com\/es\/wp-json\/wp\/v2\/pages\/27215"}],"collection":[{"href":"https:\/\/www.quincycompressor.com\/es\/wp-json\/wp\/v2\/pages"}],"about":[{"href":"https:\/\/www.quincycompressor.com\/es\/wp-json\/wp\/v2\/types\/page"}],"author":[{"embeddable":true,"href":"https:\/\/www.quincycompressor.com\/es\/wp-json\/wp\/v2\/users\/5"}],"replies":[{"embeddable":true,"href":"https:\/\/www.quincycompressor.com\/es\/wp-json\/wp\/v2\/comments?post=27215"}],"version-history":[{"count":0,"href":"https:\/\/www.quincycompressor.com\/es\/wp-json\/wp\/v2\/pages\/27215\/revisions"}],"wp:attachment":[{"href":"https:\/\/www.quincycompressor.com\/es\/wp-json\/wp\/v2\/media?parent=27215"}],"curies":[{"name":"wp","href":"https:\/\/api.w.org\/{rel}","templated":true}]}}