{"id":27224,"date":"2022-09-01T13:35:31","date_gmt":"2022-09-01T13:35:31","guid":{"rendered":"https:\/\/www.quincycompressor.com\/sobre-nosotros\/avisos-especificos-por-pais\/"},"modified":"2026-02-03T13:03:15","modified_gmt":"2026-02-03T13:03:15","slug":"avisos-especificos-por-pais","status":"publish","type":"page","link":"https:\/\/www.quincycompressor.com\/es\/sobre-nosotros\/avisos-especificos-por-pais\/","title":{"rendered":"Avisos espec\u00edficos por pa\u00eds"},"content":{"rendered":"<p><!-- OneTrust Privacy Notice Bundle start --> <!-- Drop-down elements that will control which notice is displayed --><select id=\"regionDropdown\"><\/select><!-- Button element that will trigger the notice update --><button id=\"otnotice-bundle-button\">Actualizar<\/button> <!-- Container in which the privacy notices will be rendered --><\/p>\n<div id=\"otnotice-bundle-container\" class=\"otnotice\"><\/div>\n<p><script src=\"https:\/\/privacyportal-eu-cdn.onetrust.com\/privacy-notice-scripts\/otnotice-bundle-1.0.min.js\" type=\"text\/javascript\" charset=\"UTF-8\" id=\"otprivacy-notice-script\">    settings=\"eyJjYWxsYmFja1VybCI6Imh0dHBzOi8vcHJpdmFjeXBvcnRhbC1ldS5vbmV0cnVzdC5jb20vcmVxdWVzdC92MS9wcml2YWN5Tm90aWNlcy9zdGF0cy92aWV3cyJ9\";    bundleUrl=\"https:\/\/privacyportal-eu-cdn.onetrust.com\/214cc03f-7b8e-4583-a7e7-0339b52694d8\/notice-bundles\/15b23e78-c632-41e6-8191-ba0fe72c8102.json\";<\/script> <script type=\"text\/javascript\" charset=\"UTF-8\">    OneTrust.NoticeManagerApi.Initialized.then(function() {        OneTrust.NoticeManagerApi.InitializeOptions(            \"otnotice-bundle-container\",            [\"regionDropdown\"],            \"otnotice-bundle-button\"        );    });<\/script><!-- OneTrust Privacy Notice end --><\/p>\n","protected":false},"excerpt":{"rendered":"<p>Actualizar<\/p>\n","protected":false},"author":5,"featured_media":0,"parent":27095,"menu_order":0,"comment_status":"closed","ping_status":"closed","template":"","meta":{"_acf_changed":false,"inline_featured_image":false,"footnotes":""},"acf":[],"yoast_head":"<!-- This site is optimized with the Yoast SEO plugin v22.9 - https:\/\/yoast.com\/wordpress\/plugins\/seo\/ -->\n<title>Avisos espec\u00edficos por pa\u00eds - Quincy Compressor<\/title>\n<meta name=\"description\" content=\"Haz clic aqu\u00ed para leer nuestra declaraci\u00f3n de privacidad de datos espec\u00edfica por pa\u00eds. En Quincy Compressor, nos importa mucho tu privacidad y proteger tu informaci\u00f3n personal.\" \/>\n<meta name=\"robots\" content=\"index, follow, max-snippet:-1, max-image-preview:large, max-video-preview:-1\" \/>\n<link rel=\"canonical\" href=\"https:\/\/www.quincycompressor.com\/es\/sobre-nosotros\/avisos-especificos-por-pais\/\" \/>\n<meta property=\"og:locale\" content=\"es_ES\" \/>\n<meta property=\"og:type\" content=\"article\" \/>\n<meta property=\"og:title\" content=\"Avisos espec\u00edficos por pa\u00eds - Quincy Compressor\" \/>\n<meta property=\"og:description\" content=\"Haz clic aqu\u00ed para leer nuestra declaraci\u00f3n de privacidad de datos espec\u00edfica por pa\u00eds. En Quincy Compressor, nos importa mucho tu privacidad y proteger tu informaci\u00f3n personal.\" \/>\n<meta property=\"og:url\" content=\"https:\/\/www.quincycompressor.com\/es\/sobre-nosotros\/avisos-especificos-por-pais\/\" \/>\n<meta property=\"og:site_name\" content=\"Quincy Compressor\" \/>\n<meta property=\"article:modified_time\" content=\"2026-02-03T13:03:15+00:00\" \/>\n<meta property=\"og:image\" content=\"https:\/\/www.quincycompressor.com\/wp-content\/uploads\/2021\/04\/imageedit_3_2337862967.png\" \/>\n\t<meta property=\"og:image:width\" content=\"691\" \/>\n\t<meta property=\"og:image:height\" content=\"403\" \/>\n\t<meta property=\"og:image:type\" content=\"image\/png\" \/>\n<meta name=\"twitter:card\" content=\"summary_large_image\" \/>\n<script type=\"application\/ld+json\" class=\"yoast-schema-graph\">{\"@context\":\"https:\/\/schema.org\",\"@graph\":[{\"@type\":\"WebPage\",\"@id\":\"https:\/\/www.quincycompressor.com\/es\/sobre-nosotros\/avisos-especificos-por-pais\/\",\"url\":\"https:\/\/www.quincycompressor.com\/es\/sobre-nosotros\/avisos-especificos-por-pais\/\",\"name\":\"Avisos espec\u00edficos por pa\u00eds - Quincy Compressor\",\"isPartOf\":{\"@id\":\"https:\/\/www.quincycompressor.com\/es\/#website\"},\"datePublished\":\"2022-09-01T13:35:31+00:00\",\"dateModified\":\"2026-02-03T13:03:15+00:00\",\"description\":\"Haz clic aqu\u00ed para leer nuestra declaraci\u00f3n de privacidad de datos espec\u00edfica por pa\u00eds. En Quincy Compressor, nos importa mucho tu privacidad y proteger tu informaci\u00f3n personal.\",\"breadcrumb\":{\"@id\":\"https:\/\/www.quincycompressor.com\/es\/sobre-nosotros\/avisos-especificos-por-pais\/#breadcrumb\"},\"inLanguage\":\"es\",\"potentialAction\":[{\"@type\":\"ReadAction\",\"target\":[\"https:\/\/www.quincycompressor.com\/es\/sobre-nosotros\/avisos-especificos-por-pais\/\"]}]},{\"@type\":\"BreadcrumbList\",\"@id\":\"https:\/\/www.quincycompressor.com\/es\/sobre-nosotros\/avisos-especificos-por-pais\/#breadcrumb\",\"itemListElement\":[{\"@type\":\"ListItem\",\"position\":1,\"name\":\"Inicio\",\"item\":\"https:\/\/www.quincycompressor.com\/es\/inicio\/\"},{\"@type\":\"ListItem\",\"position\":2,\"name\":\"Sobre nosotros\",\"item\":\"https:\/\/www.quincycompressor.com\/es\/sobre-nosotros\/\"},{\"@type\":\"ListItem\",\"position\":3,\"name\":\"Avisos espec\u00edficos por pa\u00eds\"}]},{\"@type\":\"WebSite\",\"@id\":\"https:\/\/www.quincycompressor.com\/es\/#website\",\"url\":\"https:\/\/www.quincycompressor.com\/es\/\",\"name\":\"Quincy Compressor\",\"description\":\"Quincy Compressor is your go-to source to find knowledge and dealers with the right air compressor for your situation.\",\"publisher\":{\"@id\":\"https:\/\/www.quincycompressor.com\/es\/#organization\"},\"potentialAction\":[{\"@type\":\"SearchAction\",\"target\":{\"@type\":\"EntryPoint\",\"urlTemplate\":\"https:\/\/www.quincycompressor.com\/es\/?s={search_term_string}\"},\"query-input\":\"required name=search_term_string\"}],\"inLanguage\":\"es\"},{\"@type\":\"Organization\",\"@id\":\"https:\/\/www.quincycompressor.com\/es\/#organization\",\"name\":\"Compresor Quincy\",\"url\":\"https:\/\/www.quincycompressor.com\/es\/\",\"logo\":{\"@type\":\"ImageObject\",\"inLanguage\":\"es\",\"@id\":\"https:\/\/www.quincycompressor.com\/es\/#\/schema\/logo\/image\/\",\"url\":\"https:\/\/www.quincycompressor.com\/wp-content\/uploads\/2021\/04\/Quincy-Compressor-Logo-web-full.jpg\",\"contentUrl\":\"https:\/\/www.quincycompressor.com\/wp-content\/uploads\/2021\/04\/Quincy-Compressor-Logo-web-full.jpg\",\"width\":293,\"height\":111,\"caption\":\"Compresor Quincy\"},\"image\":{\"@id\":\"https:\/\/www.quincycompressor.com\/es\/#\/schema\/logo\/image\/\"}}]}<\/script>\n<!-- \/ Yoast SEO plugin. -->","yoast_head_json":{"title":"Avisos espec\u00edficos por pa\u00eds - Quincy Compressor","description":"Haz clic aqu\u00ed para leer nuestra declaraci\u00f3n de privacidad de datos espec\u00edfica por pa\u00eds. En Quincy Compressor, nos importa mucho tu privacidad y proteger tu informaci\u00f3n personal.","robots":{"index":"index","follow":"follow","max-snippet":"max-snippet:-1","max-image-preview":"max-image-preview:large","max-video-preview":"max-video-preview:-1"},"canonical":"https:\/\/www.quincycompressor.com\/es\/sobre-nosotros\/avisos-especificos-por-pais\/","og_locale":"es_ES","og_type":"article","og_title":"Avisos espec\u00edficos por pa\u00eds - Quincy Compressor","og_description":"Haz clic aqu\u00ed para leer nuestra declaraci\u00f3n de privacidad de datos espec\u00edfica por pa\u00eds. En Quincy Compressor, nos importa mucho tu privacidad y proteger tu informaci\u00f3n personal.","og_url":"https:\/\/www.quincycompressor.com\/es\/sobre-nosotros\/avisos-especificos-por-pais\/","og_site_name":"Quincy Compressor","article_modified_time":"2026-02-03T13:03:15+00:00","og_image":[{"width":691,"height":403,"url":"https:\/\/www.quincycompressor.com\/wp-content\/uploads\/2021\/04\/imageedit_3_2337862967.png","type":"image\/png"}],"twitter_card":"summary_large_image","schema":{"@context":"https:\/\/schema.org","@graph":[{"@type":"WebPage","@id":"https:\/\/www.quincycompressor.com\/es\/sobre-nosotros\/avisos-especificos-por-pais\/","url":"https:\/\/www.quincycompressor.com\/es\/sobre-nosotros\/avisos-especificos-por-pais\/","name":"Avisos espec\u00edficos por pa\u00eds - Quincy Compressor","isPartOf":{"@id":"https:\/\/www.quincycompressor.com\/es\/#website"},"datePublished":"2022-09-01T13:35:31+00:00","dateModified":"2026-02-03T13:03:15+00:00","description":"Haz clic aqu\u00ed para leer nuestra declaraci\u00f3n de privacidad de datos espec\u00edfica por pa\u00eds. En Quincy Compressor, nos importa mucho tu privacidad y proteger tu informaci\u00f3n personal.","breadcrumb":{"@id":"https:\/\/www.quincycompressor.com\/es\/sobre-nosotros\/avisos-especificos-por-pais\/#breadcrumb"},"inLanguage":"es","potentialAction":[{"@type":"ReadAction","target":["https:\/\/www.quincycompressor.com\/es\/sobre-nosotros\/avisos-especificos-por-pais\/"]}]},{"@type":"BreadcrumbList","@id":"https:\/\/www.quincycompressor.com\/es\/sobre-nosotros\/avisos-especificos-por-pais\/#breadcrumb","itemListElement":[{"@type":"ListItem","position":1,"name":"Inicio","item":"https:\/\/www.quincycompressor.com\/es\/inicio\/"},{"@type":"ListItem","position":2,"name":"Sobre nosotros","item":"https:\/\/www.quincycompressor.com\/es\/sobre-nosotros\/"},{"@type":"ListItem","position":3,"name":"Avisos espec\u00edficos por pa\u00eds"}]},{"@type":"WebSite","@id":"https:\/\/www.quincycompressor.com\/es\/#website","url":"https:\/\/www.quincycompressor.com\/es\/","name":"Quincy Compressor","description":"Quincy Compressor is your go-to source to find knowledge and dealers with the right air compressor for your situation.","publisher":{"@id":"https:\/\/www.quincycompressor.com\/es\/#organization"},"potentialAction":[{"@type":"SearchAction","target":{"@type":"EntryPoint","urlTemplate":"https:\/\/www.quincycompressor.com\/es\/?s={search_term_string}"},"query-input":"required name=search_term_string"}],"inLanguage":"es"},{"@type":"Organization","@id":"https:\/\/www.quincycompressor.com\/es\/#organization","name":"Compresor Quincy","url":"https:\/\/www.quincycompressor.com\/es\/","logo":{"@type":"ImageObject","inLanguage":"es","@id":"https:\/\/www.quincycompressor.com\/es\/#\/schema\/logo\/image\/","url":"https:\/\/www.quincycompressor.com\/wp-content\/uploads\/2021\/04\/Quincy-Compressor-Logo-web-full.jpg","contentUrl":"https:\/\/www.quincycompressor.com\/wp-content\/uploads\/2021\/04\/Quincy-Compressor-Logo-web-full.jpg","width":293,"height":111,"caption":"Compresor Quincy"},"image":{"@id":"https:\/\/www.quincycompressor.com\/es\/#\/schema\/logo\/image\/"}}]}},"_links":{"self":[{"href":"https:\/\/www.quincycompressor.com\/es\/wp-json\/wp\/v2\/pages\/27224"}],"collection":[{"href":"https:\/\/www.quincycompressor.com\/es\/wp-json\/wp\/v2\/pages"}],"about":[{"href":"https:\/\/www.quincycompressor.com\/es\/wp-json\/wp\/v2\/types\/page"}],"author":[{"embeddable":true,"href":"https:\/\/www.quincycompressor.com\/es\/wp-json\/wp\/v2\/users\/5"}],"replies":[{"embeddable":true,"href":"https:\/\/www.quincycompressor.com\/es\/wp-json\/wp\/v2\/comments?post=27224"}],"version-history":[{"count":0,"href":"https:\/\/www.quincycompressor.com\/es\/wp-json\/wp\/v2\/pages\/27224\/revisions"}],"up":[{"embeddable":true,"href":"https:\/\/www.quincycompressor.com\/es\/wp-json\/wp\/v2\/pages\/27095"}],"wp:attachment":[{"href":"https:\/\/www.quincycompressor.com\/es\/wp-json\/wp\/v2\/media?parent=27224"}],"curies":[{"name":"wp","href":"https:\/\/api.w.org\/{rel}","templated":true}]}}