{"id":28020,"date":"2023-05-12T20:05:38","date_gmt":"2023-05-12T20:05:38","guid":{"rendered":"https:\/\/www.quincycompressor.com\/deteccion-de-fugas\/"},"modified":"2026-02-03T13:02:49","modified_gmt":"2026-02-03T13:02:49","slug":"deteccion-de-fugas","status":"publish","type":"page","link":"https:\/\/www.quincycompressor.com\/es\/deteccion-de-fugas\/","title":{"rendered":"Detecci\u00f3n de fugas"},"content":{"rendered":"<h3><strong>Las fugas de aire son caras, pero pueden identificarse y repararse<\/strong><\/h3>\n<p><img decoding=\"async\" class=\" wp-image-21397 alignright\" src=\"https:\/\/www.quincycompressor.com\/wp-content\/uploads\/2023\/05\/2023-05-12_15h01_47-201x300.png\" alt=\"\" width=\"288\" height=\"430\" srcset=\"https:\/\/www.quincycompressor.com\/wp-content\/uploads\/2023\/05\/2023-05-12_15h01_47-201x300.png 201w, https:\/\/www.quincycompressor.com\/wp-content\/uploads\/2023\/05\/2023-05-12_15h01_47.png 321w\" sizes=\"(max-width: 288px) 100vw, 288px\" \/><\/p>\n<p>Todos los sistemas de aire comprimido tienen fugas. Estas tienen varias causas, como agujeros de corrosi\u00f3n, malas conexiones de tuber\u00edas y deficientes sellos. Los sistemas de aire comprimido pierden de media entre un 20% y un 30% de aire comprimido debido a fugas. Esto es un enorme desperdicio de dinero.   <\/p>\n<p><strong>\u00bfCu\u00e1nto dinero est\u00e1s tirando?  <\/strong><\/p>\n<p>Una instalaci\u00f3n t\u00edpica de 200HP desperdicia <strong><em>46.531 d\u00f3lares<\/em><\/strong> debido a fugas de aire. Esto se podr\u00eda evitar con un estudio de fugas y la factura de la luz es la prueba. Quincy est\u00e1 aqu\u00ed para ayudar.  <\/p>\n<p>&nbsp;<\/p>\n<h3>C\u00f3mo se compara la soluci\u00f3n de detecci\u00f3n de fugas de Quincy con otras<\/h3>\n<p>Utilizamos una c\u00e1mara de imagen ac\u00fastica que puede ayudar a detectar fugas en sistemas de aire comprimido mucho m\u00e1s r\u00e1pido que los m\u00e9todos tradicionales. Los detectores convencionales de fugas utilizan un (1) micr\u00f3fono mientras nuestra c\u00e1mara toma medidas con 124 micr\u00f3fonos, lo que permite localizar las fugas y asignar prioridad seg\u00fan el tama\u00f1o y la estimaci\u00f3n de costes. <\/p>\n<p><strong>\u00bfQu\u00e9 hace que nuestra soluci\u00f3n sea l\u00edder en la industria?<\/strong><\/p>\n<p><img decoding=\"async\" class=\"alignright wp-image-21365 \" src=\"https:\/\/www.quincycompressor.com\/wp-content\/uploads\/2023\/05\/1-300x150.png\" alt=\"\" width=\"724\" height=\"362\" srcset=\"https:\/\/www.quincycompressor.com\/wp-content\/uploads\/2023\/05\/1-300x150.png 300w, https:\/\/www.quincycompressor.com\/wp-content\/uploads\/2023\/05\/1-1024x512.png 1024w, https:\/\/www.quincycompressor.com\/wp-content\/uploads\/2023\/05\/1-768x384.png 768w, https:\/\/www.quincycompressor.com\/wp-content\/uploads\/2023\/05\/1-1536x768.png 1536w, https:\/\/www.quincycompressor.com\/wp-content\/uploads\/2023\/05\/1-2048x1024.png 2048w, https:\/\/www.quincycompressor.com\/wp-content\/uploads\/2023\/05\/1-1000x500.png 1000w\" sizes=\"(max-width: 724px) 100vw, 724px\" \/><\/p>\n<ul>\n<li>Localiza fugas m\u00e1s peque\u00f1as debido a la mayor sensibilidad de la c\u00e1mara. Detecta fugas hasta 426 pies del t\u00e9cnico. <\/li>\n<li>Realizar estudios de fugas mucho m\u00e1s r\u00e1pido debido al mayor rango de detecci\u00f3n (detecci\u00f3n media de 2 fugas cada 5 minutos)<\/li>\n<li>An\u00e1lisis en tiempo real para el tama\u00f1o y estimaci\u00f3n del coste de fugas<\/li>\n<li><u>Formaci\u00f3n m\u00ednima<\/u> sobre c\u00f3mo usar la c\u00e1mara de fugas.<\/li>\n<li>Mucho m\u00e1s seguro porque no requieren auriculares insonorizados<\/li>\n<li>Creaci\u00f3n autom\u00e1tica de informes<\/li>\n<\/ul>\n<p>&nbsp;<\/p>\n<h3><strong>Una auditor\u00eda proporciona un informe de alto valor tras completar el estudio de fugas<\/strong><\/h3>\n<p>Una vez completada la auditor\u00eda de fugas, es sencillo generar un informe profesional de cara al cliente. El informe resume los hallazgos y deja claro qu\u00e9 acciones proporcionar\u00e1n al cliente los mejores resultados. <img decoding=\"async\" class=\"alignright wp-image-21381 size-full\" src=\"https:\/\/www.quincycompressor.com\/wp-content\/uploads\/2023\/05\/Untitled-design-16.png\" alt=\"\" width=\"940\" height=\"788\" srcset=\"https:\/\/www.quincycompressor.com\/wp-content\/uploads\/2023\/05\/Untitled-design-16.png 940w, https:\/\/www.quincycompressor.com\/wp-content\/uploads\/2023\/05\/Untitled-design-16-300x251.png 300w, https:\/\/www.quincycompressor.com\/wp-content\/uploads\/2023\/05\/Untitled-design-16-768x644.png 768w, https:\/\/www.quincycompressor.com\/wp-content\/uploads\/2023\/05\/Untitled-design-16-835x700.png 835w\" sizes=\"(max-width: 940px) 100vw, 940px\" \/><\/p>\n<p>&nbsp;<\/p>\n<ul>\n<li>La ubicaci\u00f3n de cada fuga es visible en el mapa del sitio de tus instalaciones<\/li>\n<li>Clasifica las filtraciones por la p\u00e9rdida anual de CFM y d\u00f3lares<\/li>\n<\/ul>\n<p>&nbsp;<\/p>\n<h3><strong>\u00bfCu\u00e1nto aire est\u00e1s siseando para quitar?  <\/strong><\/h3>\n<p><a href=\"https:\/\/www.quincycompressor.com\/es\/localizador-de-ventas-y-servicio\/\"><strong>Contacta hoy mismo con tu representante de Quincy para programar una auditor\u00eda de fugas.<\/strong><\/a><\/p>\n","protected":false},"excerpt":{"rendered":"<p>Las fugas de aire son caras, pero pueden identificarse y repararse Todos los sistemas de aire comprimido tienen fugas. Estas tienen varias causas, como agujeros de corrosi\u00f3n, malas conexiones de tuber\u00edas y deficientes sellos. Los sistemas de aire comprimido pierden de media entre un 20% y un 30% de aire comprimido debido a fugas. Esto [&hellip;]<\/p>\n","protected":false},"author":3,"featured_media":0,"parent":0,"menu_order":0,"comment_status":"closed","ping_status":"closed","template":"","meta":{"_acf_changed":false,"inline_featured_image":false,"footnotes":""},"acf":[],"yoast_head":"<!-- This site is optimized with the Yoast SEO plugin v22.9 - https:\/\/yoast.com\/wordpress\/plugins\/seo\/ -->\n<title>Detecci\u00f3n de fugas - Quincy Compressor<\/title>\n<meta name=\"description\" content=\"Haz clic aqu\u00ed para saber m\u00e1s sobre los servicios de detecci\u00f3n de fugas del compresor Quincy. Contacta hoy mismo con un representante de Quincy para programar y realizar una auditor\u00eda de fugas.\" \/>\n<meta name=\"robots\" content=\"index, follow, max-snippet:-1, max-image-preview:large, max-video-preview:-1\" \/>\n<link rel=\"canonical\" href=\"https:\/\/www.quincycompressor.com\/es\/deteccion-de-fugas\/\" \/>\n<meta property=\"og:locale\" content=\"es_ES\" \/>\n<meta property=\"og:type\" content=\"article\" \/>\n<meta property=\"og:title\" content=\"Detecci\u00f3n de fugas - Quincy Compressor\" \/>\n<meta property=\"og:description\" content=\"Haz clic aqu\u00ed para saber m\u00e1s sobre los servicios de detecci\u00f3n de fugas del compresor Quincy. Contacta hoy mismo con un representante de Quincy para programar y realizar una auditor\u00eda de fugas.\" \/>\n<meta property=\"og:url\" content=\"https:\/\/www.quincycompressor.com\/es\/deteccion-de-fugas\/\" \/>\n<meta property=\"og:site_name\" content=\"Quincy Compressor\" \/>\n<meta property=\"article:modified_time\" content=\"2026-02-03T13:02:49+00:00\" \/>\n<meta property=\"og:image\" content=\"https:\/\/www.quincycompressor.com\/wp-content\/uploads\/2023\/05\/2023-05-12_15h01_47-201x300.png\" \/>\n<meta name=\"twitter:card\" content=\"summary_large_image\" \/>\n<meta name=\"twitter:label1\" content=\"Tiempo de lectura\" \/>\n\t<meta name=\"twitter:data1\" content=\"2 minutos\" \/>\n<script type=\"application\/ld+json\" class=\"yoast-schema-graph\">{\"@context\":\"https:\/\/schema.org\",\"@graph\":[{\"@type\":\"WebPage\",\"@id\":\"https:\/\/www.quincycompressor.com\/es\/deteccion-de-fugas\/\",\"url\":\"https:\/\/www.quincycompressor.com\/es\/deteccion-de-fugas\/\",\"name\":\"Detecci\u00f3n de fugas - Quincy Compressor\",\"isPartOf\":{\"@id\":\"https:\/\/www.quincycompressor.com\/es\/#website\"},\"primaryImageOfPage\":{\"@id\":\"https:\/\/www.quincycompressor.com\/es\/deteccion-de-fugas\/#primaryimage\"},\"image\":{\"@id\":\"https:\/\/www.quincycompressor.com\/es\/deteccion-de-fugas\/#primaryimage\"},\"thumbnailUrl\":\"https:\/\/www.quincycompressor.com\/wp-content\/uploads\/2023\/05\/2023-05-12_15h01_47-201x300.png\",\"datePublished\":\"2023-05-12T20:05:38+00:00\",\"dateModified\":\"2026-02-03T13:02:49+00:00\",\"description\":\"Haz clic aqu\u00ed para saber m\u00e1s sobre los servicios de detecci\u00f3n de fugas del compresor Quincy. Contacta hoy mismo con un representante de Quincy para programar y realizar una auditor\u00eda de fugas.\",\"breadcrumb\":{\"@id\":\"https:\/\/www.quincycompressor.com\/es\/deteccion-de-fugas\/#breadcrumb\"},\"inLanguage\":\"es\",\"potentialAction\":[{\"@type\":\"ReadAction\",\"target\":[\"https:\/\/www.quincycompressor.com\/es\/deteccion-de-fugas\/\"]}]},{\"@type\":\"ImageObject\",\"inLanguage\":\"es\",\"@id\":\"https:\/\/www.quincycompressor.com\/es\/deteccion-de-fugas\/#primaryimage\",\"url\":\"https:\/\/www.quincycompressor.com\/wp-content\/uploads\/2023\/05\/2023-05-12_15h01_47-201x300.png\",\"contentUrl\":\"https:\/\/www.quincycompressor.com\/wp-content\/uploads\/2023\/05\/2023-05-12_15h01_47-201x300.png\"},{\"@type\":\"BreadcrumbList\",\"@id\":\"https:\/\/www.quincycompressor.com\/es\/deteccion-de-fugas\/#breadcrumb\",\"itemListElement\":[{\"@type\":\"ListItem\",\"position\":1,\"name\":\"Inicio\",\"item\":\"https:\/\/www.quincycompressor.com\/es\/inicio\/\"},{\"@type\":\"ListItem\",\"position\":2,\"name\":\"Detecci\u00f3n de fugas\"}]},{\"@type\":\"WebSite\",\"@id\":\"https:\/\/www.quincycompressor.com\/es\/#website\",\"url\":\"https:\/\/www.quincycompressor.com\/es\/\",\"name\":\"Quincy Compressor\",\"description\":\"Quincy Compressor is your go-to source to find knowledge and dealers with the right air compressor for your situation.\",\"publisher\":{\"@id\":\"https:\/\/www.quincycompressor.com\/es\/#organization\"},\"potentialAction\":[{\"@type\":\"SearchAction\",\"target\":{\"@type\":\"EntryPoint\",\"urlTemplate\":\"https:\/\/www.quincycompressor.com\/es\/?s={search_term_string}\"},\"query-input\":\"required name=search_term_string\"}],\"inLanguage\":\"es\"},{\"@type\":\"Organization\",\"@id\":\"https:\/\/www.quincycompressor.com\/es\/#organization\",\"name\":\"Compresor Quincy\",\"url\":\"https:\/\/www.quincycompressor.com\/es\/\",\"logo\":{\"@type\":\"ImageObject\",\"inLanguage\":\"es\",\"@id\":\"https:\/\/www.quincycompressor.com\/es\/#\/schema\/logo\/image\/\",\"url\":\"https:\/\/www.quincycompressor.com\/wp-content\/uploads\/2021\/04\/Quincy-Compressor-Logo-web-full.jpg\",\"contentUrl\":\"https:\/\/www.quincycompressor.com\/wp-content\/uploads\/2021\/04\/Quincy-Compressor-Logo-web-full.jpg\",\"width\":293,\"height\":111,\"caption\":\"Compresor Quincy\"},\"image\":{\"@id\":\"https:\/\/www.quincycompressor.com\/es\/#\/schema\/logo\/image\/\"}}]}<\/script>\n<!-- \/ Yoast SEO plugin. -->","yoast_head_json":{"title":"Detecci\u00f3n de fugas - Quincy Compressor","description":"Haz clic aqu\u00ed para saber m\u00e1s sobre los servicios de detecci\u00f3n de fugas del compresor Quincy. Contacta hoy mismo con un representante de Quincy para programar y realizar una auditor\u00eda de fugas.","robots":{"index":"index","follow":"follow","max-snippet":"max-snippet:-1","max-image-preview":"max-image-preview:large","max-video-preview":"max-video-preview:-1"},"canonical":"https:\/\/www.quincycompressor.com\/es\/deteccion-de-fugas\/","og_locale":"es_ES","og_type":"article","og_title":"Detecci\u00f3n de fugas - Quincy Compressor","og_description":"Haz clic aqu\u00ed para saber m\u00e1s sobre los servicios de detecci\u00f3n de fugas del compresor Quincy. Contacta hoy mismo con un representante de Quincy para programar y realizar una auditor\u00eda de fugas.","og_url":"https:\/\/www.quincycompressor.com\/es\/deteccion-de-fugas\/","og_site_name":"Quincy Compressor","article_modified_time":"2026-02-03T13:02:49+00:00","og_image":[{"url":"https:\/\/www.quincycompressor.com\/wp-content\/uploads\/2023\/05\/2023-05-12_15h01_47-201x300.png"}],"twitter_card":"summary_large_image","twitter_misc":{"Tiempo de lectura":"2 minutos"},"schema":{"@context":"https:\/\/schema.org","@graph":[{"@type":"WebPage","@id":"https:\/\/www.quincycompressor.com\/es\/deteccion-de-fugas\/","url":"https:\/\/www.quincycompressor.com\/es\/deteccion-de-fugas\/","name":"Detecci\u00f3n de fugas - Quincy Compressor","isPartOf":{"@id":"https:\/\/www.quincycompressor.com\/es\/#website"},"primaryImageOfPage":{"@id":"https:\/\/www.quincycompressor.com\/es\/deteccion-de-fugas\/#primaryimage"},"image":{"@id":"https:\/\/www.quincycompressor.com\/es\/deteccion-de-fugas\/#primaryimage"},"thumbnailUrl":"https:\/\/www.quincycompressor.com\/wp-content\/uploads\/2023\/05\/2023-05-12_15h01_47-201x300.png","datePublished":"2023-05-12T20:05:38+00:00","dateModified":"2026-02-03T13:02:49+00:00","description":"Haz clic aqu\u00ed para saber m\u00e1s sobre los servicios de detecci\u00f3n de fugas del compresor Quincy. Contacta hoy mismo con un representante de Quincy para programar y realizar una auditor\u00eda de fugas.","breadcrumb":{"@id":"https:\/\/www.quincycompressor.com\/es\/deteccion-de-fugas\/#breadcrumb"},"inLanguage":"es","potentialAction":[{"@type":"ReadAction","target":["https:\/\/www.quincycompressor.com\/es\/deteccion-de-fugas\/"]}]},{"@type":"ImageObject","inLanguage":"es","@id":"https:\/\/www.quincycompressor.com\/es\/deteccion-de-fugas\/#primaryimage","url":"https:\/\/www.quincycompressor.com\/wp-content\/uploads\/2023\/05\/2023-05-12_15h01_47-201x300.png","contentUrl":"https:\/\/www.quincycompressor.com\/wp-content\/uploads\/2023\/05\/2023-05-12_15h01_47-201x300.png"},{"@type":"BreadcrumbList","@id":"https:\/\/www.quincycompressor.com\/es\/deteccion-de-fugas\/#breadcrumb","itemListElement":[{"@type":"ListItem","position":1,"name":"Inicio","item":"https:\/\/www.quincycompressor.com\/es\/inicio\/"},{"@type":"ListItem","position":2,"name":"Detecci\u00f3n de fugas"}]},{"@type":"WebSite","@id":"https:\/\/www.quincycompressor.com\/es\/#website","url":"https:\/\/www.quincycompressor.com\/es\/","name":"Quincy Compressor","description":"Quincy Compressor is your go-to source to find knowledge and dealers with the right air compressor for your situation.","publisher":{"@id":"https:\/\/www.quincycompressor.com\/es\/#organization"},"potentialAction":[{"@type":"SearchAction","target":{"@type":"EntryPoint","urlTemplate":"https:\/\/www.quincycompressor.com\/es\/?s={search_term_string}"},"query-input":"required name=search_term_string"}],"inLanguage":"es"},{"@type":"Organization","@id":"https:\/\/www.quincycompressor.com\/es\/#organization","name":"Compresor Quincy","url":"https:\/\/www.quincycompressor.com\/es\/","logo":{"@type":"ImageObject","inLanguage":"es","@id":"https:\/\/www.quincycompressor.com\/es\/#\/schema\/logo\/image\/","url":"https:\/\/www.quincycompressor.com\/wp-content\/uploads\/2021\/04\/Quincy-Compressor-Logo-web-full.jpg","contentUrl":"https:\/\/www.quincycompressor.com\/wp-content\/uploads\/2021\/04\/Quincy-Compressor-Logo-web-full.jpg","width":293,"height":111,"caption":"Compresor Quincy"},"image":{"@id":"https:\/\/www.quincycompressor.com\/es\/#\/schema\/logo\/image\/"}}]}},"_links":{"self":[{"href":"https:\/\/www.quincycompressor.com\/es\/wp-json\/wp\/v2\/pages\/28020"}],"collection":[{"href":"https:\/\/www.quincycompressor.com\/es\/wp-json\/wp\/v2\/pages"}],"about":[{"href":"https:\/\/www.quincycompressor.com\/es\/wp-json\/wp\/v2\/types\/page"}],"author":[{"embeddable":true,"href":"https:\/\/www.quincycompressor.com\/es\/wp-json\/wp\/v2\/users\/3"}],"replies":[{"embeddable":true,"href":"https:\/\/www.quincycompressor.com\/es\/wp-json\/wp\/v2\/comments?post=28020"}],"version-history":[{"count":0,"href":"https:\/\/www.quincycompressor.com\/es\/wp-json\/wp\/v2\/pages\/28020\/revisions"}],"wp:attachment":[{"href":"https:\/\/www.quincycompressor.com\/es\/wp-json\/wp\/v2\/media?parent=28020"}],"curies":[{"name":"wp","href":"https:\/\/api.w.org\/{rel}","templated":true}]}}