{"id":28043,"date":"2022-06-07T20:17:55","date_gmt":"2022-06-07T20:17:55","guid":{"rendered":"https:\/\/www.quincycompressor.com\/guardian-preventivo\/"},"modified":"2026-02-03T13:03:14","modified_gmt":"2026-02-03T13:03:14","slug":"guardian-preventivo","status":"publish","type":"page","link":"https:\/\/www.quincycompressor.com\/es\/guardian-preventivo\/","title":{"rendered":"Guardi\u00e1n Preventivo"},"content":{"rendered":"<p>Cuando el \u00e9xito de tu negocio est\u00e1 directamente ligado al tiempo de actividad en producci\u00f3n y a la disponibilidad del equipo, aumentar la eficiencia y fiabilidad del sistema te proporcionar\u00e1 directamente un retorno financiero. El Plan de Guardianes Preventivos est\u00e1 dise\u00f1ado espec\u00edficamente para tus necesidades de instalaci\u00f3n. Al proporcionar <a href=\"https:\/\/www.quincycompressor.com\/es\/quincy-piezas-y-servicios\/\">piezas y servicio<\/a> puntuales, ayuda a reducir los costes energ\u00e9ticos y aumentar la eficiencia general. Con el Plan de Guardi\u00e1n Preventivo, tendr\u00e1s un programa de mantenimiento que se adapte a tus necesidades.   <\/p>\n<p><img decoding=\"async\" class=\" wp-image-19684 alignright\" src=\"https:\/\/www.quincycompressor.com\/wp-content\/uploads\/2022\/06\/Icon-Only-Preventive-3D-248x300.png\" alt=\"\" width=\"278\" height=\"337\" srcset=\"https:\/\/www.quincycompressor.com\/wp-content\/uploads\/2022\/06\/Icon-Only-Preventive-3D-248x300.png 248w, https:\/\/www.quincycompressor.com\/wp-content\/uploads\/2022\/06\/Icon-Only-Preventive-3D-768x929.png 768w, https:\/\/www.quincycompressor.com\/wp-content\/uploads\/2022\/06\/Icon-Only-Preventive-3D-579x700.png 579w, https:\/\/www.quincycompressor.com\/wp-content\/uploads\/2022\/06\/Icon-Only-Preventive-3D.png 802w\" sizes=\"(max-width: 278px) 100vw, 278px\" \/><\/p>\n<h2><strong>Beneficios:<\/strong><\/h2>\n<ul>\n<li>Precios estables durante todo el periodo del plan y pagos flexibles\n<ul>\n<li>Ahorro del 14% en un periodo de 5 a\u00f1os<\/li>\n<\/ul>\n<\/li>\n<li>Reducci\u00f3n del 20% en los costes administrativos<\/li>\n<li>Planificaci\u00f3n y recomendaciones de mantenimiento para la m\u00e1xima eficiencia y fiabilidad<\/li>\n<li>Sin costes adicionales de formaci\u00f3n ni de herramientas<\/li>\n<li>Sistema activo y seguimiento del rendimiento<\/li>\n<li>Garant\u00eda adicional de servicio<\/li>\n<li>Reducci\u00f3n del 6% en los costes energ\u00e9ticos<\/li>\n<\/ul>\n<div class=\"btn-group\"><a class=\"btn btn-brochure\" href=\"https:\/\/www.revbase.com\/tt\/sl.ashx?z=12b3cd59&amp;DataID=2343937&amp;ft=1\" target=\"_blank\" rel=\"noopener\">Descarga el folleto<\/a><\/div>\n<div class=\"btn-group\"><a class=\"btn btn-buy\" href=\"https:\/\/www.quincycompressor.com\/es\/contacta-con-quincy\/\" target=\"_blank\" rel=\"noopener\">Contacta con tu representante<\/a><\/div>\n","protected":false},"excerpt":{"rendered":"<p>Cuando el \u00e9xito de tu negocio est\u00e1 directamente ligado al tiempo de actividad en producci\u00f3n y a la disponibilidad del equipo, aumentar la eficiencia y fiabilidad del sistema te proporcionar\u00e1 directamente un retorno financiero. El Plan de Guardianes Preventivos est\u00e1 dise\u00f1ado espec\u00edficamente para tus necesidades de instalaci\u00f3n. Al proporcionar piezas y servicio puntuales, ayuda a [&hellip;]<\/p>\n","protected":false},"author":3,"featured_media":0,"parent":0,"menu_order":0,"comment_status":"closed","ping_status":"closed","template":"","meta":{"_acf_changed":false,"inline_featured_image":false,"footnotes":""},"acf":[],"yoast_head":"<!-- This site is optimized with the Yoast SEO plugin v22.9 - https:\/\/yoast.com\/wordpress\/plugins\/seo\/ -->\n<title>Guardi\u00e1n Preventivo - Quincy Compressor<\/title>\n<meta name=\"description\" content=\"Haz clic aqu\u00ed para descubrir los beneficios del Plan Preventivo de Guardianes con Quincy Compressor. Descargue nuestro folleto o contacte con su representante hoy mismo para obtener m\u00e1s informaci\u00f3n.\" \/>\n<meta name=\"robots\" content=\"index, follow, max-snippet:-1, max-image-preview:large, max-video-preview:-1\" \/>\n<link rel=\"canonical\" href=\"https:\/\/www.quincycompressor.com\/es\/guardian-preventivo\/\" \/>\n<meta property=\"og:locale\" content=\"es_ES\" \/>\n<meta property=\"og:type\" content=\"article\" \/>\n<meta property=\"og:title\" content=\"Guardi\u00e1n Preventivo - Quincy Compressor\" \/>\n<meta property=\"og:description\" content=\"Haz clic aqu\u00ed para descubrir los beneficios del Plan Preventivo de Guardianes con Quincy Compressor. Descargue nuestro folleto o contacte con su representante hoy mismo para obtener m\u00e1s informaci\u00f3n.\" \/>\n<meta property=\"og:url\" content=\"https:\/\/www.quincycompressor.com\/es\/guardian-preventivo\/\" \/>\n<meta property=\"og:site_name\" content=\"Quincy Compressor\" \/>\n<meta property=\"article:modified_time\" content=\"2026-02-03T13:03:14+00:00\" \/>\n<meta property=\"og:image\" content=\"https:\/\/www.quincycompressor.com\/wp-content\/uploads\/2022\/06\/Icon-Only-Preventive-3D-248x300.png\" \/>\n<meta name=\"twitter:card\" content=\"summary_large_image\" \/>\n<meta name=\"twitter:label1\" content=\"Tiempo de lectura\" \/>\n\t<meta name=\"twitter:data1\" content=\"1 minuto\" \/>\n<script type=\"application\/ld+json\" class=\"yoast-schema-graph\">{\"@context\":\"https:\/\/schema.org\",\"@graph\":[{\"@type\":\"WebPage\",\"@id\":\"https:\/\/www.quincycompressor.com\/es\/guardian-preventivo\/\",\"url\":\"https:\/\/www.quincycompressor.com\/es\/guardian-preventivo\/\",\"name\":\"Guardi\u00e1n Preventivo - Quincy Compressor\",\"isPartOf\":{\"@id\":\"https:\/\/www.quincycompressor.com\/es\/#website\"},\"primaryImageOfPage\":{\"@id\":\"https:\/\/www.quincycompressor.com\/es\/guardian-preventivo\/#primaryimage\"},\"image\":{\"@id\":\"https:\/\/www.quincycompressor.com\/es\/guardian-preventivo\/#primaryimage\"},\"thumbnailUrl\":\"https:\/\/www.quincycompressor.com\/wp-content\/uploads\/2022\/06\/Icon-Only-Preventive-3D-248x300.png\",\"datePublished\":\"2022-06-07T20:17:55+00:00\",\"dateModified\":\"2026-02-03T13:03:14+00:00\",\"description\":\"Haz clic aqu\u00ed para descubrir los beneficios del Plan Preventivo de Guardianes con Quincy Compressor. Descargue nuestro folleto o contacte con su representante hoy mismo para obtener m\u00e1s informaci\u00f3n.\",\"breadcrumb\":{\"@id\":\"https:\/\/www.quincycompressor.com\/es\/guardian-preventivo\/#breadcrumb\"},\"inLanguage\":\"es\",\"potentialAction\":[{\"@type\":\"ReadAction\",\"target\":[\"https:\/\/www.quincycompressor.com\/es\/guardian-preventivo\/\"]}]},{\"@type\":\"ImageObject\",\"inLanguage\":\"es\",\"@id\":\"https:\/\/www.quincycompressor.com\/es\/guardian-preventivo\/#primaryimage\",\"url\":\"https:\/\/www.quincycompressor.com\/wp-content\/uploads\/2022\/06\/Icon-Only-Preventive-3D-248x300.png\",\"contentUrl\":\"https:\/\/www.quincycompressor.com\/wp-content\/uploads\/2022\/06\/Icon-Only-Preventive-3D-248x300.png\"},{\"@type\":\"BreadcrumbList\",\"@id\":\"https:\/\/www.quincycompressor.com\/es\/guardian-preventivo\/#breadcrumb\",\"itemListElement\":[{\"@type\":\"ListItem\",\"position\":1,\"name\":\"Inicio\",\"item\":\"https:\/\/www.quincycompressor.com\/es\/inicio\/\"},{\"@type\":\"ListItem\",\"position\":2,\"name\":\"Guardi\u00e1n Preventivo\"}]},{\"@type\":\"WebSite\",\"@id\":\"https:\/\/www.quincycompressor.com\/es\/#website\",\"url\":\"https:\/\/www.quincycompressor.com\/es\/\",\"name\":\"Quincy Compressor\",\"description\":\"Quincy Compressor is your go-to source to find knowledge and dealers with the right air compressor for your situation.\",\"publisher\":{\"@id\":\"https:\/\/www.quincycompressor.com\/es\/#organization\"},\"potentialAction\":[{\"@type\":\"SearchAction\",\"target\":{\"@type\":\"EntryPoint\",\"urlTemplate\":\"https:\/\/www.quincycompressor.com\/es\/?s={search_term_string}\"},\"query-input\":\"required name=search_term_string\"}],\"inLanguage\":\"es\"},{\"@type\":\"Organization\",\"@id\":\"https:\/\/www.quincycompressor.com\/es\/#organization\",\"name\":\"Compresor Quincy\",\"url\":\"https:\/\/www.quincycompressor.com\/es\/\",\"logo\":{\"@type\":\"ImageObject\",\"inLanguage\":\"es\",\"@id\":\"https:\/\/www.quincycompressor.com\/es\/#\/schema\/logo\/image\/\",\"url\":\"https:\/\/www.quincycompressor.com\/wp-content\/uploads\/2021\/04\/Quincy-Compressor-Logo-web-full.jpg\",\"contentUrl\":\"https:\/\/www.quincycompressor.com\/wp-content\/uploads\/2021\/04\/Quincy-Compressor-Logo-web-full.jpg\",\"width\":293,\"height\":111,\"caption\":\"Compresor Quincy\"},\"image\":{\"@id\":\"https:\/\/www.quincycompressor.com\/es\/#\/schema\/logo\/image\/\"}}]}<\/script>\n<!-- \/ Yoast SEO plugin. -->","yoast_head_json":{"title":"Guardi\u00e1n Preventivo - Quincy Compressor","description":"Haz clic aqu\u00ed para descubrir los beneficios del Plan Preventivo de Guardianes con Quincy Compressor. Descargue nuestro folleto o contacte con su representante hoy mismo para obtener m\u00e1s informaci\u00f3n.","robots":{"index":"index","follow":"follow","max-snippet":"max-snippet:-1","max-image-preview":"max-image-preview:large","max-video-preview":"max-video-preview:-1"},"canonical":"https:\/\/www.quincycompressor.com\/es\/guardian-preventivo\/","og_locale":"es_ES","og_type":"article","og_title":"Guardi\u00e1n Preventivo - Quincy Compressor","og_description":"Haz clic aqu\u00ed para descubrir los beneficios del Plan Preventivo de Guardianes con Quincy Compressor. Descargue nuestro folleto o contacte con su representante hoy mismo para obtener m\u00e1s informaci\u00f3n.","og_url":"https:\/\/www.quincycompressor.com\/es\/guardian-preventivo\/","og_site_name":"Quincy Compressor","article_modified_time":"2026-02-03T13:03:14+00:00","og_image":[{"url":"https:\/\/www.quincycompressor.com\/wp-content\/uploads\/2022\/06\/Icon-Only-Preventive-3D-248x300.png"}],"twitter_card":"summary_large_image","twitter_misc":{"Tiempo de lectura":"1 minuto"},"schema":{"@context":"https:\/\/schema.org","@graph":[{"@type":"WebPage","@id":"https:\/\/www.quincycompressor.com\/es\/guardian-preventivo\/","url":"https:\/\/www.quincycompressor.com\/es\/guardian-preventivo\/","name":"Guardi\u00e1n Preventivo - Quincy Compressor","isPartOf":{"@id":"https:\/\/www.quincycompressor.com\/es\/#website"},"primaryImageOfPage":{"@id":"https:\/\/www.quincycompressor.com\/es\/guardian-preventivo\/#primaryimage"},"image":{"@id":"https:\/\/www.quincycompressor.com\/es\/guardian-preventivo\/#primaryimage"},"thumbnailUrl":"https:\/\/www.quincycompressor.com\/wp-content\/uploads\/2022\/06\/Icon-Only-Preventive-3D-248x300.png","datePublished":"2022-06-07T20:17:55+00:00","dateModified":"2026-02-03T13:03:14+00:00","description":"Haz clic aqu\u00ed para descubrir los beneficios del Plan Preventivo de Guardianes con Quincy Compressor. Descargue nuestro folleto o contacte con su representante hoy mismo para obtener m\u00e1s informaci\u00f3n.","breadcrumb":{"@id":"https:\/\/www.quincycompressor.com\/es\/guardian-preventivo\/#breadcrumb"},"inLanguage":"es","potentialAction":[{"@type":"ReadAction","target":["https:\/\/www.quincycompressor.com\/es\/guardian-preventivo\/"]}]},{"@type":"ImageObject","inLanguage":"es","@id":"https:\/\/www.quincycompressor.com\/es\/guardian-preventivo\/#primaryimage","url":"https:\/\/www.quincycompressor.com\/wp-content\/uploads\/2022\/06\/Icon-Only-Preventive-3D-248x300.png","contentUrl":"https:\/\/www.quincycompressor.com\/wp-content\/uploads\/2022\/06\/Icon-Only-Preventive-3D-248x300.png"},{"@type":"BreadcrumbList","@id":"https:\/\/www.quincycompressor.com\/es\/guardian-preventivo\/#breadcrumb","itemListElement":[{"@type":"ListItem","position":1,"name":"Inicio","item":"https:\/\/www.quincycompressor.com\/es\/inicio\/"},{"@type":"ListItem","position":2,"name":"Guardi\u00e1n Preventivo"}]},{"@type":"WebSite","@id":"https:\/\/www.quincycompressor.com\/es\/#website","url":"https:\/\/www.quincycompressor.com\/es\/","name":"Quincy Compressor","description":"Quincy Compressor is your go-to source to find knowledge and dealers with the right air compressor for your situation.","publisher":{"@id":"https:\/\/www.quincycompressor.com\/es\/#organization"},"potentialAction":[{"@type":"SearchAction","target":{"@type":"EntryPoint","urlTemplate":"https:\/\/www.quincycompressor.com\/es\/?s={search_term_string}"},"query-input":"required name=search_term_string"}],"inLanguage":"es"},{"@type":"Organization","@id":"https:\/\/www.quincycompressor.com\/es\/#organization","name":"Compresor Quincy","url":"https:\/\/www.quincycompressor.com\/es\/","logo":{"@type":"ImageObject","inLanguage":"es","@id":"https:\/\/www.quincycompressor.com\/es\/#\/schema\/logo\/image\/","url":"https:\/\/www.quincycompressor.com\/wp-content\/uploads\/2021\/04\/Quincy-Compressor-Logo-web-full.jpg","contentUrl":"https:\/\/www.quincycompressor.com\/wp-content\/uploads\/2021\/04\/Quincy-Compressor-Logo-web-full.jpg","width":293,"height":111,"caption":"Compresor Quincy"},"image":{"@id":"https:\/\/www.quincycompressor.com\/es\/#\/schema\/logo\/image\/"}}]}},"_links":{"self":[{"href":"https:\/\/www.quincycompressor.com\/es\/wp-json\/wp\/v2\/pages\/28043"}],"collection":[{"href":"https:\/\/www.quincycompressor.com\/es\/wp-json\/wp\/v2\/pages"}],"about":[{"href":"https:\/\/www.quincycompressor.com\/es\/wp-json\/wp\/v2\/types\/page"}],"author":[{"embeddable":true,"href":"https:\/\/www.quincycompressor.com\/es\/wp-json\/wp\/v2\/users\/3"}],"replies":[{"embeddable":true,"href":"https:\/\/www.quincycompressor.com\/es\/wp-json\/wp\/v2\/comments?post=28043"}],"version-history":[{"count":0,"href":"https:\/\/www.quincycompressor.com\/es\/wp-json\/wp\/v2\/pages\/28043\/revisions"}],"wp:attachment":[{"href":"https:\/\/www.quincycompressor.com\/es\/wp-json\/wp\/v2\/media?parent=28043"}],"curies":[{"name":"wp","href":"https:\/\/api.w.org\/{rel}","templated":true}]}}