{"id":28050,"date":"2022-06-08T21:08:31","date_gmt":"2022-06-08T21:08:31","guid":{"rendered":"https:\/\/www.quincycompressor.com\/servicios-de-precio-fijo\/"},"modified":"2026-02-03T13:03:17","modified_gmt":"2026-02-03T13:03:17","slug":"servicios-de-precio-fijo","status":"publish","type":"page","link":"https:\/\/www.quincycompressor.com\/es\/servicios-de-precio-fijo\/","title":{"rendered":"Servicios de precio fijo"},"content":{"rendered":"<p>Adaptado a tu instalaci\u00f3n, condiciones del lugar y planificaci\u00f3n de la producci\u00f3n, cada Servicio de Precio Fijo incorpora flexibilidad y la capacidad de controlar tu presupuesto. Tu m\u00e1quina se mantiene con los est\u00e1ndares necesarios para impulsar la eficiencia y permitirte centrarte en tu producci\u00f3n. Todas <a href=\"https:\/\/www.quincycompressor.com\/es\/quincy-piezas-y-servicios\/\">las piezas y mano de obra<\/a> necesarias est\u00e1n incluidas en un precio fijo.  <\/p>\n<p><img decoding=\"async\" class=\"wp-image-13314 service_logo alignright\" src=\"https:\/\/www.quincycompressor.com\/wp-content\/uploads\/2020\/12\/Quincy_Service-Logo.png\" alt=\"\" width=\"296\" height=\"112\" srcset=\"https:\/\/www.quincycompressor.com\/wp-content\/uploads\/2020\/12\/Quincy_Service-Logo.png 600w, https:\/\/www.quincycompressor.com\/wp-content\/uploads\/2020\/12\/Quincy_Service-Logo-300x114.png 300w\" sizes=\"(max-width: 296px) 100vw, 296px\" \/><\/p>\n<div class=\"btn-group\"><a class=\"btn btn-brochure\" href=\"https:\/\/www.revbase.com\/tt\/sl.ashx?z=12b3cd59&amp;DataID=5629806&amp;ft=1\" target=\"_blank\" rel=\"noopener\">Descarga el folleto<\/a><\/div>\n<div class=\"btn-group\"><a class=\"btn btn-buy\" href=\"https:\/\/www.quincycompressor.com\/es\/contacta-con-quincy\/\" target=\"_blank\" rel=\"noopener\">Contacta con tu representante<\/a><\/div>\n","protected":false},"excerpt":{"rendered":"<p>Adaptado a tu instalaci\u00f3n, condiciones del lugar y planificaci\u00f3n de la producci\u00f3n, cada Servicio de Precio Fijo incorpora flexibilidad y la capacidad de controlar tu presupuesto. Tu m\u00e1quina se mantiene con los est\u00e1ndares necesarios para impulsar la eficiencia y permitirte centrarte en tu producci\u00f3n. Todas las piezas y mano de obra necesarias est\u00e1n incluidas en [&hellip;]<\/p>\n","protected":false},"author":3,"featured_media":0,"parent":0,"menu_order":0,"comment_status":"closed","ping_status":"closed","template":"","meta":{"_acf_changed":false,"inline_featured_image":false,"footnotes":""},"acf":[],"yoast_head":"<!-- This site is optimized with the Yoast SEO plugin v22.9 - https:\/\/yoast.com\/wordpress\/plugins\/seo\/ -->\n<title>Servicios de precio fijo - Quincy Compressor<\/title>\n<meta name=\"description\" content=\"En Quincy Compressor, nuestra pol\u00edtica es incluir todas las piezas necesarias del proyecto y la mano de obra a un precio fijo. Haz clic aqu\u00ed para leer m\u00e1s sobre nuestros servicios de precio fijo.\" \/>\n<meta name=\"robots\" content=\"index, follow, max-snippet:-1, max-image-preview:large, max-video-preview:-1\" \/>\n<link rel=\"canonical\" href=\"https:\/\/www.quincycompressor.com\/es\/servicios-de-precio-fijo\/\" \/>\n<meta property=\"og:locale\" content=\"es_ES\" \/>\n<meta property=\"og:type\" content=\"article\" \/>\n<meta property=\"og:title\" content=\"Servicios de precio fijo - Quincy Compressor\" \/>\n<meta property=\"og:description\" content=\"En Quincy Compressor, nuestra pol\u00edtica es incluir todas las piezas necesarias del proyecto y la mano de obra a un precio fijo. Haz clic aqu\u00ed para leer m\u00e1s sobre nuestros servicios de precio fijo.\" \/>\n<meta property=\"og:url\" content=\"https:\/\/www.quincycompressor.com\/es\/servicios-de-precio-fijo\/\" \/>\n<meta property=\"og:site_name\" content=\"Quincy Compressor\" \/>\n<meta property=\"article:modified_time\" content=\"2026-02-03T13:03:17+00:00\" \/>\n<meta property=\"og:image\" content=\"https:\/\/www.quincycompressor.com\/wp-content\/uploads\/2020\/12\/Quincy_Service-Logo.png\" \/>\n<meta name=\"twitter:card\" content=\"summary_large_image\" \/>\n<script type=\"application\/ld+json\" class=\"yoast-schema-graph\">{\"@context\":\"https:\/\/schema.org\",\"@graph\":[{\"@type\":\"WebPage\",\"@id\":\"https:\/\/www.quincycompressor.com\/es\/servicios-de-precio-fijo\/\",\"url\":\"https:\/\/www.quincycompressor.com\/es\/servicios-de-precio-fijo\/\",\"name\":\"Servicios de precio fijo - Quincy Compressor\",\"isPartOf\":{\"@id\":\"https:\/\/www.quincycompressor.com\/es\/#website\"},\"primaryImageOfPage\":{\"@id\":\"https:\/\/www.quincycompressor.com\/es\/servicios-de-precio-fijo\/#primaryimage\"},\"image\":{\"@id\":\"https:\/\/www.quincycompressor.com\/es\/servicios-de-precio-fijo\/#primaryimage\"},\"thumbnailUrl\":\"https:\/\/www.quincycompressor.com\/wp-content\/uploads\/2020\/12\/Quincy_Service-Logo.png\",\"datePublished\":\"2022-06-08T21:08:31+00:00\",\"dateModified\":\"2026-02-03T13:03:17+00:00\",\"description\":\"En Quincy Compressor, nuestra pol\u00edtica es incluir todas las piezas necesarias del proyecto y la mano de obra a un precio fijo. Haz clic aqu\u00ed para leer m\u00e1s sobre nuestros servicios de precio fijo.\",\"breadcrumb\":{\"@id\":\"https:\/\/www.quincycompressor.com\/es\/servicios-de-precio-fijo\/#breadcrumb\"},\"inLanguage\":\"es\",\"potentialAction\":[{\"@type\":\"ReadAction\",\"target\":[\"https:\/\/www.quincycompressor.com\/es\/servicios-de-precio-fijo\/\"]}]},{\"@type\":\"ImageObject\",\"inLanguage\":\"es\",\"@id\":\"https:\/\/www.quincycompressor.com\/es\/servicios-de-precio-fijo\/#primaryimage\",\"url\":\"https:\/\/www.quincycompressor.com\/wp-content\/uploads\/2020\/12\/Quincy_Service-Logo.png\",\"contentUrl\":\"https:\/\/www.quincycompressor.com\/wp-content\/uploads\/2020\/12\/Quincy_Service-Logo.png\"},{\"@type\":\"BreadcrumbList\",\"@id\":\"https:\/\/www.quincycompressor.com\/es\/servicios-de-precio-fijo\/#breadcrumb\",\"itemListElement\":[{\"@type\":\"ListItem\",\"position\":1,\"name\":\"Inicio\",\"item\":\"https:\/\/www.quincycompressor.com\/es\/inicio\/\"},{\"@type\":\"ListItem\",\"position\":2,\"name\":\"Servicios de precio fijo\"}]},{\"@type\":\"WebSite\",\"@id\":\"https:\/\/www.quincycompressor.com\/es\/#website\",\"url\":\"https:\/\/www.quincycompressor.com\/es\/\",\"name\":\"Quincy Compressor\",\"description\":\"Quincy Compressor is your go-to source to find knowledge and dealers with the right air compressor for your situation.\",\"publisher\":{\"@id\":\"https:\/\/www.quincycompressor.com\/es\/#organization\"},\"potentialAction\":[{\"@type\":\"SearchAction\",\"target\":{\"@type\":\"EntryPoint\",\"urlTemplate\":\"https:\/\/www.quincycompressor.com\/es\/?s={search_term_string}\"},\"query-input\":\"required name=search_term_string\"}],\"inLanguage\":\"es\"},{\"@type\":\"Organization\",\"@id\":\"https:\/\/www.quincycompressor.com\/es\/#organization\",\"name\":\"Compresor Quincy\",\"url\":\"https:\/\/www.quincycompressor.com\/es\/\",\"logo\":{\"@type\":\"ImageObject\",\"inLanguage\":\"es\",\"@id\":\"https:\/\/www.quincycompressor.com\/es\/#\/schema\/logo\/image\/\",\"url\":\"https:\/\/www.quincycompressor.com\/wp-content\/uploads\/2021\/04\/Quincy-Compressor-Logo-web-full.jpg\",\"contentUrl\":\"https:\/\/www.quincycompressor.com\/wp-content\/uploads\/2021\/04\/Quincy-Compressor-Logo-web-full.jpg\",\"width\":293,\"height\":111,\"caption\":\"Compresor Quincy\"},\"image\":{\"@id\":\"https:\/\/www.quincycompressor.com\/es\/#\/schema\/logo\/image\/\"}}]}<\/script>\n<!-- \/ Yoast SEO plugin. -->","yoast_head_json":{"title":"Servicios de precio fijo - Quincy Compressor","description":"En Quincy Compressor, nuestra pol\u00edtica es incluir todas las piezas necesarias del proyecto y la mano de obra a un precio fijo. Haz clic aqu\u00ed para leer m\u00e1s sobre nuestros servicios de precio fijo.","robots":{"index":"index","follow":"follow","max-snippet":"max-snippet:-1","max-image-preview":"max-image-preview:large","max-video-preview":"max-video-preview:-1"},"canonical":"https:\/\/www.quincycompressor.com\/es\/servicios-de-precio-fijo\/","og_locale":"es_ES","og_type":"article","og_title":"Servicios de precio fijo - Quincy Compressor","og_description":"En Quincy Compressor, nuestra pol\u00edtica es incluir todas las piezas necesarias del proyecto y la mano de obra a un precio fijo. Haz clic aqu\u00ed para leer m\u00e1s sobre nuestros servicios de precio fijo.","og_url":"https:\/\/www.quincycompressor.com\/es\/servicios-de-precio-fijo\/","og_site_name":"Quincy Compressor","article_modified_time":"2026-02-03T13:03:17+00:00","og_image":[{"url":"https:\/\/www.quincycompressor.com\/wp-content\/uploads\/2020\/12\/Quincy_Service-Logo.png"}],"twitter_card":"summary_large_image","schema":{"@context":"https:\/\/schema.org","@graph":[{"@type":"WebPage","@id":"https:\/\/www.quincycompressor.com\/es\/servicios-de-precio-fijo\/","url":"https:\/\/www.quincycompressor.com\/es\/servicios-de-precio-fijo\/","name":"Servicios de precio fijo - Quincy Compressor","isPartOf":{"@id":"https:\/\/www.quincycompressor.com\/es\/#website"},"primaryImageOfPage":{"@id":"https:\/\/www.quincycompressor.com\/es\/servicios-de-precio-fijo\/#primaryimage"},"image":{"@id":"https:\/\/www.quincycompressor.com\/es\/servicios-de-precio-fijo\/#primaryimage"},"thumbnailUrl":"https:\/\/www.quincycompressor.com\/wp-content\/uploads\/2020\/12\/Quincy_Service-Logo.png","datePublished":"2022-06-08T21:08:31+00:00","dateModified":"2026-02-03T13:03:17+00:00","description":"En Quincy Compressor, nuestra pol\u00edtica es incluir todas las piezas necesarias del proyecto y la mano de obra a un precio fijo. Haz clic aqu\u00ed para leer m\u00e1s sobre nuestros servicios de precio fijo.","breadcrumb":{"@id":"https:\/\/www.quincycompressor.com\/es\/servicios-de-precio-fijo\/#breadcrumb"},"inLanguage":"es","potentialAction":[{"@type":"ReadAction","target":["https:\/\/www.quincycompressor.com\/es\/servicios-de-precio-fijo\/"]}]},{"@type":"ImageObject","inLanguage":"es","@id":"https:\/\/www.quincycompressor.com\/es\/servicios-de-precio-fijo\/#primaryimage","url":"https:\/\/www.quincycompressor.com\/wp-content\/uploads\/2020\/12\/Quincy_Service-Logo.png","contentUrl":"https:\/\/www.quincycompressor.com\/wp-content\/uploads\/2020\/12\/Quincy_Service-Logo.png"},{"@type":"BreadcrumbList","@id":"https:\/\/www.quincycompressor.com\/es\/servicios-de-precio-fijo\/#breadcrumb","itemListElement":[{"@type":"ListItem","position":1,"name":"Inicio","item":"https:\/\/www.quincycompressor.com\/es\/inicio\/"},{"@type":"ListItem","position":2,"name":"Servicios de precio fijo"}]},{"@type":"WebSite","@id":"https:\/\/www.quincycompressor.com\/es\/#website","url":"https:\/\/www.quincycompressor.com\/es\/","name":"Quincy Compressor","description":"Quincy Compressor is your go-to source to find knowledge and dealers with the right air compressor for your situation.","publisher":{"@id":"https:\/\/www.quincycompressor.com\/es\/#organization"},"potentialAction":[{"@type":"SearchAction","target":{"@type":"EntryPoint","urlTemplate":"https:\/\/www.quincycompressor.com\/es\/?s={search_term_string}"},"query-input":"required name=search_term_string"}],"inLanguage":"es"},{"@type":"Organization","@id":"https:\/\/www.quincycompressor.com\/es\/#organization","name":"Compresor Quincy","url":"https:\/\/www.quincycompressor.com\/es\/","logo":{"@type":"ImageObject","inLanguage":"es","@id":"https:\/\/www.quincycompressor.com\/es\/#\/schema\/logo\/image\/","url":"https:\/\/www.quincycompressor.com\/wp-content\/uploads\/2021\/04\/Quincy-Compressor-Logo-web-full.jpg","contentUrl":"https:\/\/www.quincycompressor.com\/wp-content\/uploads\/2021\/04\/Quincy-Compressor-Logo-web-full.jpg","width":293,"height":111,"caption":"Compresor Quincy"},"image":{"@id":"https:\/\/www.quincycompressor.com\/es\/#\/schema\/logo\/image\/"}}]}},"_links":{"self":[{"href":"https:\/\/www.quincycompressor.com\/es\/wp-json\/wp\/v2\/pages\/28050"}],"collection":[{"href":"https:\/\/www.quincycompressor.com\/es\/wp-json\/wp\/v2\/pages"}],"about":[{"href":"https:\/\/www.quincycompressor.com\/es\/wp-json\/wp\/v2\/types\/page"}],"author":[{"embeddable":true,"href":"https:\/\/www.quincycompressor.com\/es\/wp-json\/wp\/v2\/users\/3"}],"replies":[{"embeddable":true,"href":"https:\/\/www.quincycompressor.com\/es\/wp-json\/wp\/v2\/comments?post=28050"}],"version-history":[{"count":0,"href":"https:\/\/www.quincycompressor.com\/es\/wp-json\/wp\/v2\/pages\/28050\/revisions"}],"wp:attachment":[{"href":"https:\/\/www.quincycompressor.com\/es\/wp-json\/wp\/v2\/media?parent=28050"}],"curies":[{"name":"wp","href":"https:\/\/api.w.org\/{rel}","templated":true}]}}