{"id":28067,"date":"2021-06-12T13:40:40","date_gmt":"2021-06-12T13:40:40","guid":{"rendered":"https:\/\/www.quincycompressor.com\/unete-a-nuestra-lista-de-correo-electronico-suscribete-para-recibir-nuestro-boletin-electronico\/"},"modified":"2026-02-03T13:04:28","modified_gmt":"2026-02-03T13:04:28","slug":"unete-a-nuestra-lista-de-correo-electronico-suscribete-para-recibir-nuestro-boletin-electronico","status":"publish","type":"page","link":"https:\/\/www.quincycompressor.com\/es\/unete-a-nuestra-lista-de-correo-electronico-suscribete-para-recibir-nuestro-boletin-electronico\/","title":{"rendered":"\u00a1\u00danete a nuestra lista de correo electr\u00f3nico \u2014 suscr\u00edbete para recibir nuestro bolet\u00edn electr\u00f3nico!"},"content":{"rendered":"<h3>Mantente al d\u00eda con las \u00faltimas noticias, consejos y promociones de Quincy Compressor.<\/h3>\n<div role=\"form\" class=\"wpcf7\" id=\"wpcf7-f27614-o1\" lang=\"es-ES\" dir=\"ltr\">\n<div class=\"screen-reader-response\"><p role=\"status\" aria-live=\"polite\" aria-atomic=\"true\"><\/p> <ul><\/ul><\/div>\n<form action=\"\/es\/wp-json\/wp\/v2\/pages\/28067#wpcf7-f27614-o1\" method=\"post\" class=\"wpcf7-form init\" novalidate=\"novalidate\" data-status=\"init\">\n<div style=\"display: none;\">\n<input type=\"hidden\" name=\"_wpcf7\" value=\"27614\" \/>\n<input type=\"hidden\" name=\"_wpcf7_version\" value=\"5.3.2\" \/>\n<input type=\"hidden\" name=\"_wpcf7_locale\" value=\"es_ES\" \/>\n<input type=\"hidden\" name=\"_wpcf7_unit_tag\" value=\"wpcf7-f27614-o1\" \/>\n<input type=\"hidden\" name=\"_wpcf7_container_post\" value=\"0\" \/>\n<input type=\"hidden\" name=\"_wpcf7_posted_data_hash\" value=\"\" \/>\n<input type=\"hidden\" name=\"_wpcf7_recaptcha_response\" value=\"\" \/>\n<\/div>\n<div class=\"contact-col\">\n<label>Nombre<span class=\"required\">*<\/span><\/label>\n<span class=\"wpcf7-form-control-wrap nombre\"><input type=\"text\" name=\"nombre\" value=\"Nombre completo*\" size=\"40\" class=\"wpcf7-form-control wpcf7-text wpcf7-validates-as-required\" aria-required=\"true\" aria-invalid=\"false\" \/><\/span>\n<\/div>\n<div class=\"contact-col\">\n<label>Correo <span class=\"required\">electr\u00f3nico*<\/span><\/label>\n\n<\/div>\n<div class=\"contact-col\">\n<label>\u00bfQu\u00e9 contenido te interesa m\u00e1s? <span class=\"required\">*<\/span><\/label>\n<span class=\"wpcf7-form-control-wrap checkbox-963\"><span class=\"wpcf7-form-control wpcf7-checkbox wpcf7-validates-as-required\"><span class=\"wpcf7-list-item first\"><label><input type=\"checkbox\" name=\"checkbox-963[]\" value=\"Financiaci\u00f3n y ahorro de\" \/><span class=\"wpcf7-list-item-label\">Financiaci\u00f3n y ahorro de<\/span><\/label><\/span><span class=\"wpcf7-list-item\"><label><input type=\"checkbox\" name=\"checkbox-963[]\" value=\"compresores Consejos generales y actualizaciones de noticias Servicio\" \/><span class=\"wpcf7-list-item-label\">compresores Consejos generales y actualizaciones de noticias Servicio<\/span><\/label><\/span><span class=\"wpcf7-list-item\"><label><input type=\"checkbox\" name=\"checkbox-963[]\" value=\"y mantenimiento Informaci\u00f3n\" \/><span class=\"wpcf7-list-item-label\">y mantenimiento Informaci\u00f3n<\/span><\/label><\/span><span class=\"wpcf7-list-item\"><label><input type=\"checkbox\" name=\"checkbox-963[]\" value=\"de productos y recursos\" \/><span class=\"wpcf7-list-item-label\">de productos y recursos<\/span><\/label><\/span><span class=\"wpcf7-list-item\"><label><input type=\"checkbox\" name=\"checkbox-963[]\" value=\"t\u00e9cnicos Bombas\" \/><span class=\"wpcf7-list-item-label\">t\u00e9cnicos Bombas<\/span><\/label><\/span><span class=\"wpcf7-list-item last\"><label><input type=\"checkbox\" name=\"checkbox-963[]\" value=\"de vac\u00edo\" \/><span class=\"wpcf7-list-item-label\">de vac\u00edo<\/span><\/label><\/span><\/span><\/span>\n<\/div>\n<input type=\"submit\" value=\"Subscribir\" class=\"wpcf7-form-control wpcf7-submit\" \/><div class=\"wpcf7-response-output\" aria-hidden=\"true\"><\/div><\/form><\/div>\n","protected":false},"excerpt":{"rendered":"<p>Mantente al d\u00eda con las \u00faltimas noticias, consejos y promociones de Quincy Compressor.<\/p>\n","protected":false},"author":5,"featured_media":0,"parent":0,"menu_order":0,"comment_status":"closed","ping_status":"closed","template":"","meta":{"_acf_changed":false,"inline_featured_image":false,"footnotes":""},"acf":[],"yoast_head":"<!-- This site is optimized with the Yoast SEO plugin v22.9 - https:\/\/yoast.com\/wordpress\/plugins\/seo\/ -->\n<title>\u00a1\u00danete a nuestra lista de correo electr\u00f3nico \u2014 suscr\u00edbete para recibir nuestro bolet\u00edn electr\u00f3nico! - Quincy Compressor<\/title>\n<meta name=\"robots\" content=\"index, follow, max-snippet:-1, max-image-preview:large, max-video-preview:-1\" \/>\n<link rel=\"canonical\" href=\"https:\/\/www.quincycompressor.com\/es\/unete-a-nuestra-lista-de-correo-electronico-suscribete-para-recibir-nuestro-boletin-electronico\/\" \/>\n<meta property=\"og:locale\" content=\"es_ES\" \/>\n<meta property=\"og:type\" content=\"article\" \/>\n<meta property=\"og:title\" content=\"\u00a1\u00danete a nuestra lista de correo electr\u00f3nico \u2014 suscr\u00edbete para recibir nuestro bolet\u00edn electr\u00f3nico! - Quincy Compressor\" \/>\n<meta property=\"og:description\" content=\"Mantente al d\u00eda con las \u00faltimas noticias, consejos y promociones de Quincy Compressor.\" \/>\n<meta property=\"og:url\" content=\"https:\/\/www.quincycompressor.com\/es\/unete-a-nuestra-lista-de-correo-electronico-suscribete-para-recibir-nuestro-boletin-electronico\/\" \/>\n<meta property=\"og:site_name\" content=\"Quincy Compressor\" \/>\n<meta property=\"article:modified_time\" content=\"2026-02-03T13:04:28+00:00\" \/>\n<meta property=\"og:image\" content=\"https:\/\/www.quincycompressor.com\/wp-content\/uploads\/2021\/04\/imageedit_3_2337862967.png\" \/>\n\t<meta property=\"og:image:width\" content=\"691\" \/>\n\t<meta property=\"og:image:height\" content=\"403\" \/>\n\t<meta property=\"og:image:type\" content=\"image\/png\" \/>\n<meta name=\"twitter:card\" content=\"summary_large_image\" \/>\n<script type=\"application\/ld+json\" class=\"yoast-schema-graph\">{\"@context\":\"https:\/\/schema.org\",\"@graph\":[{\"@type\":\"WebPage\",\"@id\":\"https:\/\/www.quincycompressor.com\/es\/unete-a-nuestra-lista-de-correo-electronico-suscribete-para-recibir-nuestro-boletin-electronico\/\",\"url\":\"https:\/\/www.quincycompressor.com\/es\/unete-a-nuestra-lista-de-correo-electronico-suscribete-para-recibir-nuestro-boletin-electronico\/\",\"name\":\"\u00a1\u00danete a nuestra lista de correo electr\u00f3nico \u2014 suscr\u00edbete para recibir nuestro bolet\u00edn electr\u00f3nico! - Quincy Compressor\",\"isPartOf\":{\"@id\":\"https:\/\/www.quincycompressor.com\/es\/#website\"},\"datePublished\":\"2021-06-12T13:40:40+00:00\",\"dateModified\":\"2026-02-03T13:04:28+00:00\",\"breadcrumb\":{\"@id\":\"https:\/\/www.quincycompressor.com\/es\/unete-a-nuestra-lista-de-correo-electronico-suscribete-para-recibir-nuestro-boletin-electronico\/#breadcrumb\"},\"inLanguage\":\"es\",\"potentialAction\":[{\"@type\":\"ReadAction\",\"target\":[\"https:\/\/www.quincycompressor.com\/es\/unete-a-nuestra-lista-de-correo-electronico-suscribete-para-recibir-nuestro-boletin-electronico\/\"]}]},{\"@type\":\"BreadcrumbList\",\"@id\":\"https:\/\/www.quincycompressor.com\/es\/unete-a-nuestra-lista-de-correo-electronico-suscribete-para-recibir-nuestro-boletin-electronico\/#breadcrumb\",\"itemListElement\":[{\"@type\":\"ListItem\",\"position\":1,\"name\":\"Inicio\",\"item\":\"https:\/\/www.quincycompressor.com\/es\/inicio\/\"},{\"@type\":\"ListItem\",\"position\":2,\"name\":\"\u00a1\u00danete a nuestra lista de correo electr\u00f3nico \u2014 suscr\u00edbete para recibir nuestro bolet\u00edn electr\u00f3nico!\"}]},{\"@type\":\"WebSite\",\"@id\":\"https:\/\/www.quincycompressor.com\/es\/#website\",\"url\":\"https:\/\/www.quincycompressor.com\/es\/\",\"name\":\"Quincy Compressor\",\"description\":\"Quincy Compressor is your go-to source to find knowledge and dealers with the right air compressor for your situation.\",\"publisher\":{\"@id\":\"https:\/\/www.quincycompressor.com\/es\/#organization\"},\"potentialAction\":[{\"@type\":\"SearchAction\",\"target\":{\"@type\":\"EntryPoint\",\"urlTemplate\":\"https:\/\/www.quincycompressor.com\/es\/?s={search_term_string}\"},\"query-input\":\"required name=search_term_string\"}],\"inLanguage\":\"es\"},{\"@type\":\"Organization\",\"@id\":\"https:\/\/www.quincycompressor.com\/es\/#organization\",\"name\":\"Compresor Quincy\",\"url\":\"https:\/\/www.quincycompressor.com\/es\/\",\"logo\":{\"@type\":\"ImageObject\",\"inLanguage\":\"es\",\"@id\":\"https:\/\/www.quincycompressor.com\/es\/#\/schema\/logo\/image\/\",\"url\":\"https:\/\/www.quincycompressor.com\/wp-content\/uploads\/2021\/04\/Quincy-Compressor-Logo-web-full.jpg\",\"contentUrl\":\"https:\/\/www.quincycompressor.com\/wp-content\/uploads\/2021\/04\/Quincy-Compressor-Logo-web-full.jpg\",\"width\":293,\"height\":111,\"caption\":\"Compresor Quincy\"},\"image\":{\"@id\":\"https:\/\/www.quincycompressor.com\/es\/#\/schema\/logo\/image\/\"}}]}<\/script>\n<!-- \/ Yoast SEO plugin. -->","yoast_head_json":{"title":"\u00a1\u00danete a nuestra lista de correo electr\u00f3nico \u2014 suscr\u00edbete para recibir nuestro bolet\u00edn electr\u00f3nico! - Quincy Compressor","robots":{"index":"index","follow":"follow","max-snippet":"max-snippet:-1","max-image-preview":"max-image-preview:large","max-video-preview":"max-video-preview:-1"},"canonical":"https:\/\/www.quincycompressor.com\/es\/unete-a-nuestra-lista-de-correo-electronico-suscribete-para-recibir-nuestro-boletin-electronico\/","og_locale":"es_ES","og_type":"article","og_title":"\u00a1\u00danete a nuestra lista de correo electr\u00f3nico \u2014 suscr\u00edbete para recibir nuestro bolet\u00edn electr\u00f3nico! - Quincy Compressor","og_description":"Mantente al d\u00eda con las \u00faltimas noticias, consejos y promociones de Quincy Compressor.","og_url":"https:\/\/www.quincycompressor.com\/es\/unete-a-nuestra-lista-de-correo-electronico-suscribete-para-recibir-nuestro-boletin-electronico\/","og_site_name":"Quincy Compressor","article_modified_time":"2026-02-03T13:04:28+00:00","og_image":[{"width":691,"height":403,"url":"https:\/\/www.quincycompressor.com\/wp-content\/uploads\/2021\/04\/imageedit_3_2337862967.png","type":"image\/png"}],"twitter_card":"summary_large_image","schema":{"@context":"https:\/\/schema.org","@graph":[{"@type":"WebPage","@id":"https:\/\/www.quincycompressor.com\/es\/unete-a-nuestra-lista-de-correo-electronico-suscribete-para-recibir-nuestro-boletin-electronico\/","url":"https:\/\/www.quincycompressor.com\/es\/unete-a-nuestra-lista-de-correo-electronico-suscribete-para-recibir-nuestro-boletin-electronico\/","name":"\u00a1\u00danete a nuestra lista de correo electr\u00f3nico \u2014 suscr\u00edbete para recibir nuestro bolet\u00edn electr\u00f3nico! - Quincy Compressor","isPartOf":{"@id":"https:\/\/www.quincycompressor.com\/es\/#website"},"datePublished":"2021-06-12T13:40:40+00:00","dateModified":"2026-02-03T13:04:28+00:00","breadcrumb":{"@id":"https:\/\/www.quincycompressor.com\/es\/unete-a-nuestra-lista-de-correo-electronico-suscribete-para-recibir-nuestro-boletin-electronico\/#breadcrumb"},"inLanguage":"es","potentialAction":[{"@type":"ReadAction","target":["https:\/\/www.quincycompressor.com\/es\/unete-a-nuestra-lista-de-correo-electronico-suscribete-para-recibir-nuestro-boletin-electronico\/"]}]},{"@type":"BreadcrumbList","@id":"https:\/\/www.quincycompressor.com\/es\/unete-a-nuestra-lista-de-correo-electronico-suscribete-para-recibir-nuestro-boletin-electronico\/#breadcrumb","itemListElement":[{"@type":"ListItem","position":1,"name":"Inicio","item":"https:\/\/www.quincycompressor.com\/es\/inicio\/"},{"@type":"ListItem","position":2,"name":"\u00a1\u00danete a nuestra lista de correo electr\u00f3nico \u2014 suscr\u00edbete para recibir nuestro bolet\u00edn electr\u00f3nico!"}]},{"@type":"WebSite","@id":"https:\/\/www.quincycompressor.com\/es\/#website","url":"https:\/\/www.quincycompressor.com\/es\/","name":"Quincy Compressor","description":"Quincy Compressor is your go-to source to find knowledge and dealers with the right air compressor for your situation.","publisher":{"@id":"https:\/\/www.quincycompressor.com\/es\/#organization"},"potentialAction":[{"@type":"SearchAction","target":{"@type":"EntryPoint","urlTemplate":"https:\/\/www.quincycompressor.com\/es\/?s={search_term_string}"},"query-input":"required name=search_term_string"}],"inLanguage":"es"},{"@type":"Organization","@id":"https:\/\/www.quincycompressor.com\/es\/#organization","name":"Compresor Quincy","url":"https:\/\/www.quincycompressor.com\/es\/","logo":{"@type":"ImageObject","inLanguage":"es","@id":"https:\/\/www.quincycompressor.com\/es\/#\/schema\/logo\/image\/","url":"https:\/\/www.quincycompressor.com\/wp-content\/uploads\/2021\/04\/Quincy-Compressor-Logo-web-full.jpg","contentUrl":"https:\/\/www.quincycompressor.com\/wp-content\/uploads\/2021\/04\/Quincy-Compressor-Logo-web-full.jpg","width":293,"height":111,"caption":"Compresor Quincy"},"image":{"@id":"https:\/\/www.quincycompressor.com\/es\/#\/schema\/logo\/image\/"}}]}},"_links":{"self":[{"href":"https:\/\/www.quincycompressor.com\/es\/wp-json\/wp\/v2\/pages\/28067"}],"collection":[{"href":"https:\/\/www.quincycompressor.com\/es\/wp-json\/wp\/v2\/pages"}],"about":[{"href":"https:\/\/www.quincycompressor.com\/es\/wp-json\/wp\/v2\/types\/page"}],"author":[{"embeddable":true,"href":"https:\/\/www.quincycompressor.com\/es\/wp-json\/wp\/v2\/users\/5"}],"replies":[{"embeddable":true,"href":"https:\/\/www.quincycompressor.com\/es\/wp-json\/wp\/v2\/comments?post=28067"}],"version-history":[{"count":0,"href":"https:\/\/www.quincycompressor.com\/es\/wp-json\/wp\/v2\/pages\/28067\/revisions"}],"wp:attachment":[{"href":"https:\/\/www.quincycompressor.com\/es\/wp-json\/wp\/v2\/media?parent=28067"}],"curies":[{"name":"wp","href":"https:\/\/api.w.org\/{rel}","templated":true}]}}