{"id":28073,"date":"2021-01-11T09:06:04","date_gmt":"2021-01-11T09:06:04","guid":{"rendered":"https:\/\/www.quincycompressor.com\/recursos\/hojas-de-datos-de-rendimiento\/hojas-de-datos-informacion-adicional\/"},"modified":"2026-02-03T12:32:45","modified_gmt":"2026-02-03T12:32:45","slug":"hojas-de-datos-informacion-adicional","status":"publish","type":"page","link":"https:\/\/www.quincycompressor.com\/es\/recursos\/hojas-de-datos-de-rendimiento\/hojas-de-datos-informacion-adicional\/","title":{"rendered":"Hojas de datos: Informaci\u00f3n adicional"},"content":{"rendered":"<p>Quincy Compressor est\u00e1 de acuerdo con la siguiente declaraci\u00f3n del DOE y se enorgullece de ofrecer a nuestros clientes la garant\u00eda que se indica a continuaci\u00f3n.<\/p>\n<h3>82 FR 1089<\/h3>\n<p>&#8220;En respuesta a las preocupaciones de los comentaristas, el DOE reconoce que el plan de muestreo propuesto podr\u00eda resultar en una calificaci\u00f3n m\u00e1s conservadora que el est\u00e1ndar actual de la industria, ya que las estad\u00edsticas propuestas para la eficiencia isentr\u00f3pica de encapsulados est\u00e1n dise\u00f1adas para tener en cuenta la variabilidad en las pruebas y fabricaci\u00f3n (como ocurre con la mayor\u00eda de los dem\u00e1s productos y equipos cubiertos). Exigir el uso de estad\u00edsticas de muestreo, en lugar de la media muestral, proporciona a los usuarios finales y al DOE una garant\u00eda razonable de que cualquier unidad individual distribuida en el comercio es tan eficiente, o mejor, que su calificaci\u00f3n b\u00e1sica del modelo. El DOE considera que esta garant\u00eda es beneficiosa para el usuario final y, por tanto, rechaza el uso de la media muestral para representaciones de la eficiencia isentr\u00f3pica del encapsulado.&#8221;<br \/>\n\u2014  <a href=\"https:\/\/www.federalregister.gov\/documents\/2017\/01\/04\/2016-29427\/energy-conservation-program-test-procedures-for-compressors#p-551\" target=\"_blank\" rel=\"noopener\">https:\/\/www.federalregister.gov\/d\/2016-29427\/p-551<\/a><\/p>\n<p><img decoding=\"async\" class=\"alignright size-full wp-image-13375\" src=\"https:\/\/www.quincycompressor.com\/wp-content\/uploads\/2020\/12\/Compliance-Logo-RGB.png\" alt=\"\" width=\"185\" height=\"185\" srcset=\"https:\/\/www.quincycompressor.com\/wp-content\/uploads\/2020\/12\/Compliance-Logo-RGB.png 185w, https:\/\/www.quincycompressor.com\/wp-content\/uploads\/2020\/12\/Compliance-Logo-RGB-150x150.png 150w\" sizes=\"(max-width: 185px) 100vw, 185px\" \/>Enlaces r\u00e1pidos para m\u00e1s informaci\u00f3n:<\/p>\n<ul>\n<li><a href=\"https:\/\/www.federalregister.gov\/documents\/2017\/01\/04\/2016-29427\/energy-conservation-program-test-procedures-for-compressors#p-772\" target=\"_blank\" rel=\"noopener\">M\u00e9todo de prueba uniforme para ciertos compresores de aire<\/a><\/li>\n<li><a href=\"https:\/\/www.federalregister.gov\/documents\/2017\/01\/04\/2016-29427\/energy-conservation-program-test-procedures-for-compressors#p-792\" target=\"_blank\" rel=\"noopener\">Recogida y an\u00e1lisis de datos<\/a><\/li>\n<li><a href=\"https:\/\/www.federalregister.gov\/documents\/2017\/01\/04\/2016-29427\/energy-conservation-program-test-procedures-for-compressors#p-544\" target=\"_blank\" rel=\"noopener\">Tama\u00f1o m\u00ednimo de muestra<\/a><\/li>\n<li><a href=\"https:\/\/www.federalregister.gov\/documents\/2017\/01\/04\/2016-29427\/energy-conservation-program-test-procedures-for-compressors#p-549\" target=\"_blank\" rel=\"noopener\">Estad\u00edsticas de muestreo<\/a><\/li>\n<\/ul>\n<p>Para preguntas adicionales, <a href=\"https:\/\/www.quincycompressor.com\/es\/contacta-con-quincy\/\">contacta con Quincy Compressor<\/a> o consulta nuestras <a href=\"https:\/\/www.quincycompressor.com\/es\/recursos\/hojas-de-datos-de-rendimiento\/\">hojas t\u00e9cnicas<\/a> adicionales.<\/p>\n","protected":false},"excerpt":{"rendered":"<p>Quincy Compressor est\u00e1 de acuerdo con la siguiente declaraci\u00f3n del DOE y se enorgullece de ofrecer a nuestros clientes la garant\u00eda que se indica a continuaci\u00f3n. 82 FR 1089 &#8220;En respuesta a las preocupaciones de los comentaristas, el DOE reconoce que el plan de muestreo propuesto podr\u00eda resultar en una calificaci\u00f3n m\u00e1s conservadora que el [&hellip;]<\/p>\n","protected":false},"author":5,"featured_media":0,"parent":26976,"menu_order":0,"comment_status":"closed","ping_status":"closed","template":"","meta":{"_acf_changed":false,"inline_featured_image":false,"footnotes":""},"acf":[],"yoast_head":"<!-- This site is optimized with the Yoast SEO plugin v22.9 - https:\/\/yoast.com\/wordpress\/plugins\/seo\/ -->\n<title>Hojas de datos: Informaci\u00f3n adicional | Compresor Quincy<\/title>\n<meta name=\"description\" content=\"Para m\u00e1s informaci\u00f3n, consulte nuestras hojas de datos de rendimiento y nuestro acuerdo con la declaraci\u00f3n del DOE. \u00a1Sigue el enlace para saber m\u00e1s!\" \/>\n<meta name=\"robots\" content=\"index, follow, max-snippet:-1, max-image-preview:large, max-video-preview:-1\" \/>\n<link rel=\"canonical\" href=\"https:\/\/www.quincycompressor.com\/es\/recursos\/hojas-de-datos-de-rendimiento\/hojas-de-datos-informacion-adicional\/\" \/>\n<meta property=\"og:locale\" content=\"es_ES\" \/>\n<meta property=\"og:type\" content=\"article\" \/>\n<meta property=\"og:title\" content=\"Hojas de datos: Informaci\u00f3n adicional | Compresor Quincy\" \/>\n<meta property=\"og:description\" content=\"Para m\u00e1s informaci\u00f3n, consulte nuestras hojas de datos de rendimiento y nuestro acuerdo con la declaraci\u00f3n del DOE. \u00a1Sigue el enlace para saber m\u00e1s!\" \/>\n<meta property=\"og:url\" content=\"https:\/\/www.quincycompressor.com\/es\/recursos\/hojas-de-datos-de-rendimiento\/hojas-de-datos-informacion-adicional\/\" \/>\n<meta property=\"og:site_name\" content=\"Quincy Compressor\" \/>\n<meta property=\"article:modified_time\" content=\"2026-02-03T12:32:45+00:00\" \/>\n<meta property=\"og:image\" content=\"https:\/\/www.quincycompressor.com\/wp-content\/uploads\/2020\/12\/Compliance-Logo-RGB.png\" \/>\n<meta name=\"twitter:card\" content=\"summary_large_image\" \/>\n<meta name=\"twitter:label1\" content=\"Tiempo de lectura\" \/>\n\t<meta name=\"twitter:data1\" content=\"1 minuto\" \/>\n<script type=\"application\/ld+json\" class=\"yoast-schema-graph\">{\"@context\":\"https:\/\/schema.org\",\"@graph\":[{\"@type\":\"WebPage\",\"@id\":\"https:\/\/www.quincycompressor.com\/es\/recursos\/hojas-de-datos-de-rendimiento\/hojas-de-datos-informacion-adicional\/\",\"url\":\"https:\/\/www.quincycompressor.com\/es\/recursos\/hojas-de-datos-de-rendimiento\/hojas-de-datos-informacion-adicional\/\",\"name\":\"Hojas de datos: Informaci\u00f3n adicional | Compresor Quincy\",\"isPartOf\":{\"@id\":\"https:\/\/www.quincycompressor.com\/es\/#website\"},\"primaryImageOfPage\":{\"@id\":\"https:\/\/www.quincycompressor.com\/es\/recursos\/hojas-de-datos-de-rendimiento\/hojas-de-datos-informacion-adicional\/#primaryimage\"},\"image\":{\"@id\":\"https:\/\/www.quincycompressor.com\/es\/recursos\/hojas-de-datos-de-rendimiento\/hojas-de-datos-informacion-adicional\/#primaryimage\"},\"thumbnailUrl\":\"https:\/\/www.quincycompressor.com\/wp-content\/uploads\/2020\/12\/Compliance-Logo-RGB.png\",\"datePublished\":\"2021-01-11T09:06:04+00:00\",\"dateModified\":\"2026-02-03T12:32:45+00:00\",\"description\":\"Para m\u00e1s informaci\u00f3n, consulte nuestras hojas de datos de rendimiento y nuestro acuerdo con la declaraci\u00f3n del DOE. \u00a1Sigue el enlace para saber m\u00e1s!\",\"breadcrumb\":{\"@id\":\"https:\/\/www.quincycompressor.com\/es\/recursos\/hojas-de-datos-de-rendimiento\/hojas-de-datos-informacion-adicional\/#breadcrumb\"},\"inLanguage\":\"es\",\"potentialAction\":[{\"@type\":\"ReadAction\",\"target\":[\"https:\/\/www.quincycompressor.com\/es\/recursos\/hojas-de-datos-de-rendimiento\/hojas-de-datos-informacion-adicional\/\"]}]},{\"@type\":\"ImageObject\",\"inLanguage\":\"es\",\"@id\":\"https:\/\/www.quincycompressor.com\/es\/recursos\/hojas-de-datos-de-rendimiento\/hojas-de-datos-informacion-adicional\/#primaryimage\",\"url\":\"https:\/\/www.quincycompressor.com\/wp-content\/uploads\/2020\/12\/Compliance-Logo-RGB.png\",\"contentUrl\":\"https:\/\/www.quincycompressor.com\/wp-content\/uploads\/2020\/12\/Compliance-Logo-RGB.png\"},{\"@type\":\"BreadcrumbList\",\"@id\":\"https:\/\/www.quincycompressor.com\/es\/recursos\/hojas-de-datos-de-rendimiento\/hojas-de-datos-informacion-adicional\/#breadcrumb\",\"itemListElement\":[{\"@type\":\"ListItem\",\"position\":1,\"name\":\"Inicio\",\"item\":\"https:\/\/www.quincycompressor.com\/es\/inicio\/\"},{\"@type\":\"ListItem\",\"position\":2,\"name\":\"Recursos\",\"item\":\"https:\/\/www.quincycompressor.com\/es\/recursos\/\"},{\"@type\":\"ListItem\",\"position\":3,\"name\":\"Hojas de datos de rendimiento\",\"item\":\"https:\/\/www.quincycompressor.com\/es\/recursos\/hojas-de-datos-de-rendimiento\/\"},{\"@type\":\"ListItem\",\"position\":4,\"name\":\"Hojas de datos: Informaci\u00f3n adicional\"}]},{\"@type\":\"WebSite\",\"@id\":\"https:\/\/www.quincycompressor.com\/es\/#website\",\"url\":\"https:\/\/www.quincycompressor.com\/es\/\",\"name\":\"Quincy Compressor\",\"description\":\"Quincy Compressor is your go-to source to find knowledge and dealers with the right air compressor for your situation.\",\"publisher\":{\"@id\":\"https:\/\/www.quincycompressor.com\/es\/#organization\"},\"potentialAction\":[{\"@type\":\"SearchAction\",\"target\":{\"@type\":\"EntryPoint\",\"urlTemplate\":\"https:\/\/www.quincycompressor.com\/es\/?s={search_term_string}\"},\"query-input\":\"required name=search_term_string\"}],\"inLanguage\":\"es\"},{\"@type\":\"Organization\",\"@id\":\"https:\/\/www.quincycompressor.com\/es\/#organization\",\"name\":\"Compresor Quincy\",\"url\":\"https:\/\/www.quincycompressor.com\/es\/\",\"logo\":{\"@type\":\"ImageObject\",\"inLanguage\":\"es\",\"@id\":\"https:\/\/www.quincycompressor.com\/es\/#\/schema\/logo\/image\/\",\"url\":\"https:\/\/www.quincycompressor.com\/wp-content\/uploads\/2021\/04\/Quincy-Compressor-Logo-web-full.jpg\",\"contentUrl\":\"https:\/\/www.quincycompressor.com\/wp-content\/uploads\/2021\/04\/Quincy-Compressor-Logo-web-full.jpg\",\"width\":293,\"height\":111,\"caption\":\"Compresor Quincy\"},\"image\":{\"@id\":\"https:\/\/www.quincycompressor.com\/es\/#\/schema\/logo\/image\/\"}}]}<\/script>\n<!-- \/ Yoast SEO plugin. -->","yoast_head_json":{"title":"Hojas de datos: Informaci\u00f3n adicional | Compresor Quincy","description":"Para m\u00e1s informaci\u00f3n, consulte nuestras hojas de datos de rendimiento y nuestro acuerdo con la declaraci\u00f3n del DOE. \u00a1Sigue el enlace para saber m\u00e1s!","robots":{"index":"index","follow":"follow","max-snippet":"max-snippet:-1","max-image-preview":"max-image-preview:large","max-video-preview":"max-video-preview:-1"},"canonical":"https:\/\/www.quincycompressor.com\/es\/recursos\/hojas-de-datos-de-rendimiento\/hojas-de-datos-informacion-adicional\/","og_locale":"es_ES","og_type":"article","og_title":"Hojas de datos: Informaci\u00f3n adicional | Compresor Quincy","og_description":"Para m\u00e1s informaci\u00f3n, consulte nuestras hojas de datos de rendimiento y nuestro acuerdo con la declaraci\u00f3n del DOE. \u00a1Sigue el enlace para saber m\u00e1s!","og_url":"https:\/\/www.quincycompressor.com\/es\/recursos\/hojas-de-datos-de-rendimiento\/hojas-de-datos-informacion-adicional\/","og_site_name":"Quincy Compressor","article_modified_time":"2026-02-03T12:32:45+00:00","og_image":[{"url":"https:\/\/www.quincycompressor.com\/wp-content\/uploads\/2020\/12\/Compliance-Logo-RGB.png"}],"twitter_card":"summary_large_image","twitter_misc":{"Tiempo de lectura":"1 minuto"},"schema":{"@context":"https:\/\/schema.org","@graph":[{"@type":"WebPage","@id":"https:\/\/www.quincycompressor.com\/es\/recursos\/hojas-de-datos-de-rendimiento\/hojas-de-datos-informacion-adicional\/","url":"https:\/\/www.quincycompressor.com\/es\/recursos\/hojas-de-datos-de-rendimiento\/hojas-de-datos-informacion-adicional\/","name":"Hojas de datos: Informaci\u00f3n adicional | Compresor Quincy","isPartOf":{"@id":"https:\/\/www.quincycompressor.com\/es\/#website"},"primaryImageOfPage":{"@id":"https:\/\/www.quincycompressor.com\/es\/recursos\/hojas-de-datos-de-rendimiento\/hojas-de-datos-informacion-adicional\/#primaryimage"},"image":{"@id":"https:\/\/www.quincycompressor.com\/es\/recursos\/hojas-de-datos-de-rendimiento\/hojas-de-datos-informacion-adicional\/#primaryimage"},"thumbnailUrl":"https:\/\/www.quincycompressor.com\/wp-content\/uploads\/2020\/12\/Compliance-Logo-RGB.png","datePublished":"2021-01-11T09:06:04+00:00","dateModified":"2026-02-03T12:32:45+00:00","description":"Para m\u00e1s informaci\u00f3n, consulte nuestras hojas de datos de rendimiento y nuestro acuerdo con la declaraci\u00f3n del DOE. \u00a1Sigue el enlace para saber m\u00e1s!","breadcrumb":{"@id":"https:\/\/www.quincycompressor.com\/es\/recursos\/hojas-de-datos-de-rendimiento\/hojas-de-datos-informacion-adicional\/#breadcrumb"},"inLanguage":"es","potentialAction":[{"@type":"ReadAction","target":["https:\/\/www.quincycompressor.com\/es\/recursos\/hojas-de-datos-de-rendimiento\/hojas-de-datos-informacion-adicional\/"]}]},{"@type":"ImageObject","inLanguage":"es","@id":"https:\/\/www.quincycompressor.com\/es\/recursos\/hojas-de-datos-de-rendimiento\/hojas-de-datos-informacion-adicional\/#primaryimage","url":"https:\/\/www.quincycompressor.com\/wp-content\/uploads\/2020\/12\/Compliance-Logo-RGB.png","contentUrl":"https:\/\/www.quincycompressor.com\/wp-content\/uploads\/2020\/12\/Compliance-Logo-RGB.png"},{"@type":"BreadcrumbList","@id":"https:\/\/www.quincycompressor.com\/es\/recursos\/hojas-de-datos-de-rendimiento\/hojas-de-datos-informacion-adicional\/#breadcrumb","itemListElement":[{"@type":"ListItem","position":1,"name":"Inicio","item":"https:\/\/www.quincycompressor.com\/es\/inicio\/"},{"@type":"ListItem","position":2,"name":"Recursos","item":"https:\/\/www.quincycompressor.com\/es\/recursos\/"},{"@type":"ListItem","position":3,"name":"Hojas de datos de rendimiento","item":"https:\/\/www.quincycompressor.com\/es\/recursos\/hojas-de-datos-de-rendimiento\/"},{"@type":"ListItem","position":4,"name":"Hojas de datos: Informaci\u00f3n adicional"}]},{"@type":"WebSite","@id":"https:\/\/www.quincycompressor.com\/es\/#website","url":"https:\/\/www.quincycompressor.com\/es\/","name":"Quincy Compressor","description":"Quincy Compressor is your go-to source to find knowledge and dealers with the right air compressor for your situation.","publisher":{"@id":"https:\/\/www.quincycompressor.com\/es\/#organization"},"potentialAction":[{"@type":"SearchAction","target":{"@type":"EntryPoint","urlTemplate":"https:\/\/www.quincycompressor.com\/es\/?s={search_term_string}"},"query-input":"required name=search_term_string"}],"inLanguage":"es"},{"@type":"Organization","@id":"https:\/\/www.quincycompressor.com\/es\/#organization","name":"Compresor Quincy","url":"https:\/\/www.quincycompressor.com\/es\/","logo":{"@type":"ImageObject","inLanguage":"es","@id":"https:\/\/www.quincycompressor.com\/es\/#\/schema\/logo\/image\/","url":"https:\/\/www.quincycompressor.com\/wp-content\/uploads\/2021\/04\/Quincy-Compressor-Logo-web-full.jpg","contentUrl":"https:\/\/www.quincycompressor.com\/wp-content\/uploads\/2021\/04\/Quincy-Compressor-Logo-web-full.jpg","width":293,"height":111,"caption":"Compresor Quincy"},"image":{"@id":"https:\/\/www.quincycompressor.com\/es\/#\/schema\/logo\/image\/"}}]}},"_links":{"self":[{"href":"https:\/\/www.quincycompressor.com\/es\/wp-json\/wp\/v2\/pages\/28073"}],"collection":[{"href":"https:\/\/www.quincycompressor.com\/es\/wp-json\/wp\/v2\/pages"}],"about":[{"href":"https:\/\/www.quincycompressor.com\/es\/wp-json\/wp\/v2\/types\/page"}],"author":[{"embeddable":true,"href":"https:\/\/www.quincycompressor.com\/es\/wp-json\/wp\/v2\/users\/5"}],"replies":[{"embeddable":true,"href":"https:\/\/www.quincycompressor.com\/es\/wp-json\/wp\/v2\/comments?post=28073"}],"version-history":[{"count":0,"href":"https:\/\/www.quincycompressor.com\/es\/wp-json\/wp\/v2\/pages\/28073\/revisions"}],"up":[{"embeddable":true,"href":"https:\/\/www.quincycompressor.com\/es\/wp-json\/wp\/v2\/pages\/26976"}],"wp:attachment":[{"href":"https:\/\/www.quincycompressor.com\/es\/wp-json\/wp\/v2\/media?parent=28073"}],"curies":[{"name":"wp","href":"https:\/\/api.w.org\/{rel}","templated":true}]}}