{"id":28086,"date":"2021-01-06T05:38:11","date_gmt":"2021-01-06T05:38:11","guid":{"rendered":"https:\/\/www.quincycompressor.com\/piezas-portatiles-para-compresores-de-aire\/"},"modified":"2026-02-03T12:32:51","modified_gmt":"2026-02-03T12:32:51","slug":"piezas-portatiles-para-compresores-de-aire","status":"publish","type":"page","link":"https:\/\/www.quincycompressor.com\/es\/productos\/compresores-de-aire-portatiles\/piezas-portatiles-para-compresores-de-aire\/","title":{"rendered":"Piezas port\u00e1tiles para compresores de aire"},"content":{"rendered":"<p><img decoding=\"async\" class=\"alignright wp-image-14495 size-full\" src=\"https:\/\/www.quincycompressor.com\/wp-content\/uploads\/2020\/12\/NoBull-150x150-1.png\" alt=\"\" width=\"150\" height=\"150\">Los compresores de aire port\u00e1tiles son una opci\u00f3n popular tanto para uso dom\u00e9stico como comercial. Para un t\u00edpico aficionado al bricolaje o cualquier aplicaci\u00f3n en la que la flexibilidad sea esencial, un compresor port\u00e1til te permite hacer m\u00e1s con menos. Quincy Compressor es un fabricante l\u00edder de compresores port\u00e1tiles para una amplia variedad de industrias y aplicaciones. Para ayudarte a tomar una decisi\u00f3n de compra informada, hemos preparado esta breve gu\u00eda sobre piezas y mantenimiento de compresores port\u00e1tiles.   <\/p>\n","protected":false},"excerpt":{"rendered":"<p>Los compresores de aire port\u00e1tiles son una opci\u00f3n popular tanto para uso dom\u00e9stico como comercial. Para un t\u00edpico aficionado al bricolaje o cualquier aplicaci\u00f3n en la que la flexibilidad sea esencial, un compresor port\u00e1til te permite hacer m\u00e1s con menos. Quincy Compressor es un fabricante l\u00edder de compresores port\u00e1tiles para una amplia variedad de industrias [&hellip;]<\/p>\n","protected":false},"author":5,"featured_media":0,"parent":28309,"menu_order":0,"comment_status":"closed","ping_status":"closed","template":"","meta":{"_acf_changed":false,"inline_featured_image":false,"footnotes":""},"acf":[],"yoast_head":"<!-- This site is optimized with the Yoast SEO plugin v22.9 - https:\/\/yoast.com\/wordpress\/plugins\/seo\/ -->\n<title>Piezas port\u00e1tiles para compresores de aire - Quincy Compressor<\/title>\n<meta name=\"robots\" content=\"index, follow, max-snippet:-1, max-image-preview:large, max-video-preview:-1\" \/>\n<link rel=\"canonical\" href=\"https:\/\/www.quincycompressor.com\/es\/productos\/compresores-de-aire-portatiles\/piezas-portatiles-para-compresores-de-aire\/\" \/>\n<meta property=\"og:locale\" content=\"es_ES\" \/>\n<meta property=\"og:type\" content=\"article\" \/>\n<meta property=\"og:title\" content=\"Piezas port\u00e1tiles para compresores de aire - Quincy Compressor\" \/>\n<meta property=\"og:description\" content=\"Los compresores de aire port\u00e1tiles son una opci\u00f3n popular tanto para uso dom\u00e9stico como comercial. Para un t\u00edpico aficionado al bricolaje o cualquier aplicaci\u00f3n en la que la flexibilidad sea esencial, un compresor port\u00e1til te permite hacer m\u00e1s con menos. Quincy Compressor es un fabricante l\u00edder de compresores port\u00e1tiles para una amplia variedad de industrias [&hellip;]\" \/>\n<meta property=\"og:url\" content=\"https:\/\/www.quincycompressor.com\/es\/productos\/compresores-de-aire-portatiles\/piezas-portatiles-para-compresores-de-aire\/\" \/>\n<meta property=\"og:site_name\" content=\"Quincy Compressor\" \/>\n<meta property=\"article:modified_time\" content=\"2026-02-03T12:32:51+00:00\" \/>\n<meta property=\"og:image\" content=\"https:\/\/www.quincycompressor.com\/wp-content\/uploads\/2020\/12\/NoBull-150x150-1.png\" \/>\n<meta name=\"twitter:card\" content=\"summary_large_image\" \/>\n<script type=\"application\/ld+json\" class=\"yoast-schema-graph\">{\"@context\":\"https:\/\/schema.org\",\"@graph\":[{\"@type\":\"WebPage\",\"@id\":\"https:\/\/www.quincycompressor.com\/es\/productos\/compresores-de-aire-portatiles\/piezas-portatiles-para-compresores-de-aire\/\",\"url\":\"https:\/\/www.quincycompressor.com\/es\/productos\/compresores-de-aire-portatiles\/piezas-portatiles-para-compresores-de-aire\/\",\"name\":\"Piezas port\u00e1tiles para compresores de aire - Quincy Compressor\",\"isPartOf\":{\"@id\":\"https:\/\/www.quincycompressor.com\/es\/#website\"},\"primaryImageOfPage\":{\"@id\":\"https:\/\/www.quincycompressor.com\/es\/productos\/compresores-de-aire-portatiles\/piezas-portatiles-para-compresores-de-aire\/#primaryimage\"},\"image\":{\"@id\":\"https:\/\/www.quincycompressor.com\/es\/productos\/compresores-de-aire-portatiles\/piezas-portatiles-para-compresores-de-aire\/#primaryimage\"},\"thumbnailUrl\":\"https:\/\/www.quincycompressor.com\/wp-content\/uploads\/2020\/12\/NoBull-150x150-1.png\",\"datePublished\":\"2021-01-06T05:38:11+00:00\",\"dateModified\":\"2026-02-03T12:32:51+00:00\",\"breadcrumb\":{\"@id\":\"https:\/\/www.quincycompressor.com\/es\/productos\/compresores-de-aire-portatiles\/piezas-portatiles-para-compresores-de-aire\/#breadcrumb\"},\"inLanguage\":\"es\",\"potentialAction\":[{\"@type\":\"ReadAction\",\"target\":[\"https:\/\/www.quincycompressor.com\/es\/productos\/compresores-de-aire-portatiles\/piezas-portatiles-para-compresores-de-aire\/\"]}]},{\"@type\":\"ImageObject\",\"inLanguage\":\"es\",\"@id\":\"https:\/\/www.quincycompressor.com\/es\/productos\/compresores-de-aire-portatiles\/piezas-portatiles-para-compresores-de-aire\/#primaryimage\",\"url\":\"https:\/\/www.quincycompressor.com\/wp-content\/uploads\/2020\/12\/NoBull-150x150-1.png\",\"contentUrl\":\"https:\/\/www.quincycompressor.com\/wp-content\/uploads\/2020\/12\/NoBull-150x150-1.png\"},{\"@type\":\"BreadcrumbList\",\"@id\":\"https:\/\/www.quincycompressor.com\/es\/productos\/compresores-de-aire-portatiles\/piezas-portatiles-para-compresores-de-aire\/#breadcrumb\",\"itemListElement\":[{\"@type\":\"ListItem\",\"position\":1,\"name\":\"Inicio\",\"item\":\"https:\/\/www.quincycompressor.com\/es\/inicio\/\"},{\"@type\":\"ListItem\",\"position\":2,\"name\":\"Productos\",\"item\":\"https:\/\/www.quincycompressor.com\/es\/productos\/\"},{\"@type\":\"ListItem\",\"position\":3,\"name\":\"Compresores de aire port\u00e1tiles\",\"item\":\"https:\/\/www.quincycompressor.com\/es\/productos\/compresores-de-aire-portatiles\/\"},{\"@type\":\"ListItem\",\"position\":4,\"name\":\"Piezas port\u00e1tiles para compresores de aire\"}]},{\"@type\":\"WebSite\",\"@id\":\"https:\/\/www.quincycompressor.com\/es\/#website\",\"url\":\"https:\/\/www.quincycompressor.com\/es\/\",\"name\":\"Quincy Compressor\",\"description\":\"Quincy Compressor is your go-to source to find knowledge and dealers with the right air compressor for your situation.\",\"publisher\":{\"@id\":\"https:\/\/www.quincycompressor.com\/es\/#organization\"},\"potentialAction\":[{\"@type\":\"SearchAction\",\"target\":{\"@type\":\"EntryPoint\",\"urlTemplate\":\"https:\/\/www.quincycompressor.com\/es\/?s={search_term_string}\"},\"query-input\":\"required name=search_term_string\"}],\"inLanguage\":\"es\"},{\"@type\":\"Organization\",\"@id\":\"https:\/\/www.quincycompressor.com\/es\/#organization\",\"name\":\"Compresor Quincy\",\"url\":\"https:\/\/www.quincycompressor.com\/es\/\",\"logo\":{\"@type\":\"ImageObject\",\"inLanguage\":\"es\",\"@id\":\"https:\/\/www.quincycompressor.com\/es\/#\/schema\/logo\/image\/\",\"url\":\"https:\/\/www.quincycompressor.com\/wp-content\/uploads\/2021\/04\/Quincy-Compressor-Logo-web-full.jpg\",\"contentUrl\":\"https:\/\/www.quincycompressor.com\/wp-content\/uploads\/2021\/04\/Quincy-Compressor-Logo-web-full.jpg\",\"width\":293,\"height\":111,\"caption\":\"Compresor Quincy\"},\"image\":{\"@id\":\"https:\/\/www.quincycompressor.com\/es\/#\/schema\/logo\/image\/\"}}]}<\/script>\n<!-- \/ Yoast SEO plugin. -->","yoast_head_json":{"title":"Piezas port\u00e1tiles para compresores de aire - Quincy Compressor","robots":{"index":"index","follow":"follow","max-snippet":"max-snippet:-1","max-image-preview":"max-image-preview:large","max-video-preview":"max-video-preview:-1"},"canonical":"https:\/\/www.quincycompressor.com\/es\/productos\/compresores-de-aire-portatiles\/piezas-portatiles-para-compresores-de-aire\/","og_locale":"es_ES","og_type":"article","og_title":"Piezas port\u00e1tiles para compresores de aire - Quincy Compressor","og_description":"Los compresores de aire port\u00e1tiles son una opci\u00f3n popular tanto para uso dom\u00e9stico como comercial. Para un t\u00edpico aficionado al bricolaje o cualquier aplicaci\u00f3n en la que la flexibilidad sea esencial, un compresor port\u00e1til te permite hacer m\u00e1s con menos. Quincy Compressor es un fabricante l\u00edder de compresores port\u00e1tiles para una amplia variedad de industrias [&hellip;]","og_url":"https:\/\/www.quincycompressor.com\/es\/productos\/compresores-de-aire-portatiles\/piezas-portatiles-para-compresores-de-aire\/","og_site_name":"Quincy Compressor","article_modified_time":"2026-02-03T12:32:51+00:00","og_image":[{"url":"https:\/\/www.quincycompressor.com\/wp-content\/uploads\/2020\/12\/NoBull-150x150-1.png"}],"twitter_card":"summary_large_image","schema":{"@context":"https:\/\/schema.org","@graph":[{"@type":"WebPage","@id":"https:\/\/www.quincycompressor.com\/es\/productos\/compresores-de-aire-portatiles\/piezas-portatiles-para-compresores-de-aire\/","url":"https:\/\/www.quincycompressor.com\/es\/productos\/compresores-de-aire-portatiles\/piezas-portatiles-para-compresores-de-aire\/","name":"Piezas port\u00e1tiles para compresores de aire - Quincy Compressor","isPartOf":{"@id":"https:\/\/www.quincycompressor.com\/es\/#website"},"primaryImageOfPage":{"@id":"https:\/\/www.quincycompressor.com\/es\/productos\/compresores-de-aire-portatiles\/piezas-portatiles-para-compresores-de-aire\/#primaryimage"},"image":{"@id":"https:\/\/www.quincycompressor.com\/es\/productos\/compresores-de-aire-portatiles\/piezas-portatiles-para-compresores-de-aire\/#primaryimage"},"thumbnailUrl":"https:\/\/www.quincycompressor.com\/wp-content\/uploads\/2020\/12\/NoBull-150x150-1.png","datePublished":"2021-01-06T05:38:11+00:00","dateModified":"2026-02-03T12:32:51+00:00","breadcrumb":{"@id":"https:\/\/www.quincycompressor.com\/es\/productos\/compresores-de-aire-portatiles\/piezas-portatiles-para-compresores-de-aire\/#breadcrumb"},"inLanguage":"es","potentialAction":[{"@type":"ReadAction","target":["https:\/\/www.quincycompressor.com\/es\/productos\/compresores-de-aire-portatiles\/piezas-portatiles-para-compresores-de-aire\/"]}]},{"@type":"ImageObject","inLanguage":"es","@id":"https:\/\/www.quincycompressor.com\/es\/productos\/compresores-de-aire-portatiles\/piezas-portatiles-para-compresores-de-aire\/#primaryimage","url":"https:\/\/www.quincycompressor.com\/wp-content\/uploads\/2020\/12\/NoBull-150x150-1.png","contentUrl":"https:\/\/www.quincycompressor.com\/wp-content\/uploads\/2020\/12\/NoBull-150x150-1.png"},{"@type":"BreadcrumbList","@id":"https:\/\/www.quincycompressor.com\/es\/productos\/compresores-de-aire-portatiles\/piezas-portatiles-para-compresores-de-aire\/#breadcrumb","itemListElement":[{"@type":"ListItem","position":1,"name":"Inicio","item":"https:\/\/www.quincycompressor.com\/es\/inicio\/"},{"@type":"ListItem","position":2,"name":"Productos","item":"https:\/\/www.quincycompressor.com\/es\/productos\/"},{"@type":"ListItem","position":3,"name":"Compresores de aire port\u00e1tiles","item":"https:\/\/www.quincycompressor.com\/es\/productos\/compresores-de-aire-portatiles\/"},{"@type":"ListItem","position":4,"name":"Piezas port\u00e1tiles para compresores de aire"}]},{"@type":"WebSite","@id":"https:\/\/www.quincycompressor.com\/es\/#website","url":"https:\/\/www.quincycompressor.com\/es\/","name":"Quincy Compressor","description":"Quincy Compressor is your go-to source to find knowledge and dealers with the right air compressor for your situation.","publisher":{"@id":"https:\/\/www.quincycompressor.com\/es\/#organization"},"potentialAction":[{"@type":"SearchAction","target":{"@type":"EntryPoint","urlTemplate":"https:\/\/www.quincycompressor.com\/es\/?s={search_term_string}"},"query-input":"required name=search_term_string"}],"inLanguage":"es"},{"@type":"Organization","@id":"https:\/\/www.quincycompressor.com\/es\/#organization","name":"Compresor Quincy","url":"https:\/\/www.quincycompressor.com\/es\/","logo":{"@type":"ImageObject","inLanguage":"es","@id":"https:\/\/www.quincycompressor.com\/es\/#\/schema\/logo\/image\/","url":"https:\/\/www.quincycompressor.com\/wp-content\/uploads\/2021\/04\/Quincy-Compressor-Logo-web-full.jpg","contentUrl":"https:\/\/www.quincycompressor.com\/wp-content\/uploads\/2021\/04\/Quincy-Compressor-Logo-web-full.jpg","width":293,"height":111,"caption":"Compresor Quincy"},"image":{"@id":"https:\/\/www.quincycompressor.com\/es\/#\/schema\/logo\/image\/"}}]}},"_links":{"self":[{"href":"https:\/\/www.quincycompressor.com\/es\/wp-json\/wp\/v2\/pages\/28086"}],"collection":[{"href":"https:\/\/www.quincycompressor.com\/es\/wp-json\/wp\/v2\/pages"}],"about":[{"href":"https:\/\/www.quincycompressor.com\/es\/wp-json\/wp\/v2\/types\/page"}],"author":[{"embeddable":true,"href":"https:\/\/www.quincycompressor.com\/es\/wp-json\/wp\/v2\/users\/5"}],"replies":[{"embeddable":true,"href":"https:\/\/www.quincycompressor.com\/es\/wp-json\/wp\/v2\/comments?post=28086"}],"version-history":[{"count":0,"href":"https:\/\/www.quincycompressor.com\/es\/wp-json\/wp\/v2\/pages\/28086\/revisions"}],"up":[{"embeddable":true,"href":"https:\/\/www.quincycompressor.com\/es\/wp-json\/wp\/v2\/pages\/28309"}],"wp:attachment":[{"href":"https:\/\/www.quincycompressor.com\/es\/wp-json\/wp\/v2\/media?parent=28086"}],"curies":[{"name":"wp","href":"https:\/\/api.w.org\/{rel}","templated":true}]}}