{"id":28106,"date":"2020-12-21T17:19:22","date_gmt":"2020-12-21T17:19:22","guid":{"rendered":"https:\/\/www.quincycompressor.com\/productos\/bombas-de-vacio\/qcv-y-qclp-garra-seca\/"},"modified":"2026-02-02T14:05:48","modified_gmt":"2026-02-02T14:05:48","slug":"qcv-y-qclp-garra-seca","status":"publish","type":"page","link":"https:\/\/www.quincycompressor.com\/es\/productos\/bombas-de-vacio\/qcv-y-qclp-garra-seca\/","title":{"rendered":"QCV y QCLP &#8211; Garra seca"},"content":{"rendered":"<div class=\"wpb_text_column wpb_content_element \">\n<div class=\"wpb_wrapper\">\n<h3>QCV \u2013 Bomba de garra seca<\/h3>\n<p>La nueva gama, basada en la tecnolog\u00eda QCV \u2013 Dry Claw de Quincy Compressor, presenta un dise\u00f1o innovador que marca un nuevo referente en el mercado de bombas de garra. La simplicidad, robustez, eficiencia y capacidad de manejo de contaminantes de estas bombas las convierten en la opci\u00f3n inteligente para tu aplicaci\u00f3n. Construida con los exigentes est\u00e1ndares y calidad exigidos por nuestros clientes, la nueva bomba de garra seca te ofrece una soluci\u00f3n sencilla y rentable para satisfacer tus necesidades.  <\/p>\n<\/div>\n<\/div>\n<div class=\"wpb_text_column wpb_content_element \">\n<div class=\"wpb_wrapper\"><\/div>\n<\/div>\n","protected":false},"excerpt":{"rendered":"<p>QCV \u2013 Bomba de garra seca La nueva gama, basada en la tecnolog\u00eda QCV \u2013 Dry Claw de Quincy Compressor, presenta un dise\u00f1o innovador que marca un nuevo referente en el mercado de bombas de garra. La simplicidad, robustez, eficiencia y capacidad de manejo de contaminantes de estas bombas las convierten en la opci\u00f3n inteligente [&hellip;]<\/p>\n","protected":false},"author":5,"featured_media":28115,"parent":26996,"menu_order":0,"comment_status":"closed","ping_status":"closed","template":"page-products.php","meta":{"_acf_changed":false,"inline_featured_image":false,"footnotes":""},"acf":[],"yoast_head":"<!-- This site is optimized with the Yoast SEO plugin v22.9 - https:\/\/yoast.com\/wordpress\/plugins\/seo\/ -->\n<title>Compresor de aire con bomba de vac\u00edo QCV | Compresor Quincy<\/title>\n<meta name=\"description\" content=\"Quincy ofrece bombas de vac\u00edo de garra seca de alto rendimiento para diversas aplicaciones industriales. Contacta hoy mismo con tu distribuidor autorizado en Quincy para obtener m\u00e1s informaci\u00f3n.\" \/>\n<meta name=\"robots\" content=\"index, follow, max-snippet:-1, max-image-preview:large, max-video-preview:-1\" \/>\n<link rel=\"canonical\" href=\"https:\/\/www.quincycompressor.com\/es\/productos\/bombas-de-vacio\/qcv-y-qclp-garra-seca\/\" \/>\n<meta property=\"og:locale\" content=\"es_ES\" \/>\n<meta property=\"og:type\" content=\"article\" \/>\n<meta property=\"og:title\" content=\"Compresor de aire con bomba de vac\u00edo QCV | Compresor Quincy\" \/>\n<meta property=\"og:description\" content=\"Quincy ofrece bombas de vac\u00edo de garra seca de alto rendimiento para diversas aplicaciones industriales. Contacta hoy mismo con tu distribuidor autorizado en Quincy para obtener m\u00e1s informaci\u00f3n.\" \/>\n<meta property=\"og:url\" content=\"https:\/\/www.quincycompressor.com\/es\/productos\/bombas-de-vacio\/qcv-y-qclp-garra-seca\/\" \/>\n<meta property=\"og:site_name\" content=\"Quincy Compressor\" \/>\n<meta property=\"article:modified_time\" content=\"2026-02-02T14:05:48+00:00\" \/>\n<meta property=\"og:image\" content=\"https:\/\/www.quincycompressor.com\/wp-content\/uploads\/2024\/06\/QCV-220-rear-view-1-1024x683.png\" \/>\n\t<meta property=\"og:image:width\" content=\"1024\" \/>\n\t<meta property=\"og:image:height\" content=\"683\" \/>\n\t<meta property=\"og:image:type\" content=\"image\/png\" \/>\n<meta name=\"twitter:card\" content=\"summary_large_image\" \/>\n<script type=\"application\/ld+json\" class=\"yoast-schema-graph\">{\"@context\":\"https:\/\/schema.org\",\"@graph\":[{\"@type\":\"WebPage\",\"@id\":\"https:\/\/www.quincycompressor.com\/es\/productos\/bombas-de-vacio\/qcv-y-qclp-garra-seca\/\",\"url\":\"https:\/\/www.quincycompressor.com\/es\/productos\/bombas-de-vacio\/qcv-y-qclp-garra-seca\/\",\"name\":\"Compresor de aire con bomba de vac\u00edo QCV | Compresor Quincy\",\"isPartOf\":{\"@id\":\"https:\/\/www.quincycompressor.com\/es\/#website\"},\"primaryImageOfPage\":{\"@id\":\"https:\/\/www.quincycompressor.com\/es\/productos\/bombas-de-vacio\/qcv-y-qclp-garra-seca\/#primaryimage\"},\"image\":{\"@id\":\"https:\/\/www.quincycompressor.com\/es\/productos\/bombas-de-vacio\/qcv-y-qclp-garra-seca\/#primaryimage\"},\"thumbnailUrl\":\"https:\/\/www.quincycompressor.com\/wp-content\/uploads\/2024\/06\/QCV-220-rear-view-1.png\",\"datePublished\":\"2020-12-21T17:19:22+00:00\",\"dateModified\":\"2026-02-02T14:05:48+00:00\",\"description\":\"Quincy ofrece bombas de vac\u00edo de garra seca de alto rendimiento para diversas aplicaciones industriales. Contacta hoy mismo con tu distribuidor autorizado en Quincy para obtener m\u00e1s informaci\u00f3n.\",\"breadcrumb\":{\"@id\":\"https:\/\/www.quincycompressor.com\/es\/productos\/bombas-de-vacio\/qcv-y-qclp-garra-seca\/#breadcrumb\"},\"inLanguage\":\"es\",\"potentialAction\":[{\"@type\":\"ReadAction\",\"target\":[\"https:\/\/www.quincycompressor.com\/es\/productos\/bombas-de-vacio\/qcv-y-qclp-garra-seca\/\"]}]},{\"@type\":\"ImageObject\",\"inLanguage\":\"es\",\"@id\":\"https:\/\/www.quincycompressor.com\/es\/productos\/bombas-de-vacio\/qcv-y-qclp-garra-seca\/#primaryimage\",\"url\":\"https:\/\/www.quincycompressor.com\/wp-content\/uploads\/2024\/06\/QCV-220-rear-view-1.png\",\"contentUrl\":\"https:\/\/www.quincycompressor.com\/wp-content\/uploads\/2024\/06\/QCV-220-rear-view-1.png\",\"width\":2300,\"height\":1533},{\"@type\":\"BreadcrumbList\",\"@id\":\"https:\/\/www.quincycompressor.com\/es\/productos\/bombas-de-vacio\/qcv-y-qclp-garra-seca\/#breadcrumb\",\"itemListElement\":[{\"@type\":\"ListItem\",\"position\":1,\"name\":\"Inicio\",\"item\":\"https:\/\/www.quincycompressor.com\/es\/inicio\/\"},{\"@type\":\"ListItem\",\"position\":2,\"name\":\"Productos\",\"item\":\"https:\/\/www.quincycompressor.com\/es\/productos\/\"},{\"@type\":\"ListItem\",\"position\":3,\"name\":\"Bombas y sistemas de vac\u00edo\",\"item\":\"https:\/\/www.quincycompressor.com\/es\/productos\/bombas-de-vacio\/\"},{\"@type\":\"ListItem\",\"position\":4,\"name\":\"QCV y QCLP &#8211; Garra seca\"}]},{\"@type\":\"WebSite\",\"@id\":\"https:\/\/www.quincycompressor.com\/es\/#website\",\"url\":\"https:\/\/www.quincycompressor.com\/es\/\",\"name\":\"Quincy Compressor\",\"description\":\"Quincy Compressor is your go-to source to find knowledge and dealers with the right air compressor for your situation.\",\"publisher\":{\"@id\":\"https:\/\/www.quincycompressor.com\/es\/#organization\"},\"potentialAction\":[{\"@type\":\"SearchAction\",\"target\":{\"@type\":\"EntryPoint\",\"urlTemplate\":\"https:\/\/www.quincycompressor.com\/es\/?s={search_term_string}\"},\"query-input\":\"required name=search_term_string\"}],\"inLanguage\":\"es\"},{\"@type\":\"Organization\",\"@id\":\"https:\/\/www.quincycompressor.com\/es\/#organization\",\"name\":\"Compresor Quincy\",\"url\":\"https:\/\/www.quincycompressor.com\/es\/\",\"logo\":{\"@type\":\"ImageObject\",\"inLanguage\":\"es\",\"@id\":\"https:\/\/www.quincycompressor.com\/es\/#\/schema\/logo\/image\/\",\"url\":\"https:\/\/www.quincycompressor.com\/wp-content\/uploads\/2021\/04\/Quincy-Compressor-Logo-web-full.jpg\",\"contentUrl\":\"https:\/\/www.quincycompressor.com\/wp-content\/uploads\/2021\/04\/Quincy-Compressor-Logo-web-full.jpg\",\"width\":293,\"height\":111,\"caption\":\"Compresor Quincy\"},\"image\":{\"@id\":\"https:\/\/www.quincycompressor.com\/es\/#\/schema\/logo\/image\/\"}}]}<\/script>\n<!-- \/ Yoast SEO plugin. -->","yoast_head_json":{"title":"Compresor de aire con bomba de vac\u00edo QCV | Compresor Quincy","description":"Quincy ofrece bombas de vac\u00edo de garra seca de alto rendimiento para diversas aplicaciones industriales. Contacta hoy mismo con tu distribuidor autorizado en Quincy para obtener m\u00e1s informaci\u00f3n.","robots":{"index":"index","follow":"follow","max-snippet":"max-snippet:-1","max-image-preview":"max-image-preview:large","max-video-preview":"max-video-preview:-1"},"canonical":"https:\/\/www.quincycompressor.com\/es\/productos\/bombas-de-vacio\/qcv-y-qclp-garra-seca\/","og_locale":"es_ES","og_type":"article","og_title":"Compresor de aire con bomba de vac\u00edo QCV | Compresor Quincy","og_description":"Quincy ofrece bombas de vac\u00edo de garra seca de alto rendimiento para diversas aplicaciones industriales. Contacta hoy mismo con tu distribuidor autorizado en Quincy para obtener m\u00e1s informaci\u00f3n.","og_url":"https:\/\/www.quincycompressor.com\/es\/productos\/bombas-de-vacio\/qcv-y-qclp-garra-seca\/","og_site_name":"Quincy Compressor","article_modified_time":"2026-02-02T14:05:48+00:00","og_image":[{"width":1024,"height":683,"url":"https:\/\/www.quincycompressor.com\/wp-content\/uploads\/2024\/06\/QCV-220-rear-view-1-1024x683.png","type":"image\/png"}],"twitter_card":"summary_large_image","schema":{"@context":"https:\/\/schema.org","@graph":[{"@type":"WebPage","@id":"https:\/\/www.quincycompressor.com\/es\/productos\/bombas-de-vacio\/qcv-y-qclp-garra-seca\/","url":"https:\/\/www.quincycompressor.com\/es\/productos\/bombas-de-vacio\/qcv-y-qclp-garra-seca\/","name":"Compresor de aire con bomba de vac\u00edo QCV | Compresor Quincy","isPartOf":{"@id":"https:\/\/www.quincycompressor.com\/es\/#website"},"primaryImageOfPage":{"@id":"https:\/\/www.quincycompressor.com\/es\/productos\/bombas-de-vacio\/qcv-y-qclp-garra-seca\/#primaryimage"},"image":{"@id":"https:\/\/www.quincycompressor.com\/es\/productos\/bombas-de-vacio\/qcv-y-qclp-garra-seca\/#primaryimage"},"thumbnailUrl":"https:\/\/www.quincycompressor.com\/wp-content\/uploads\/2024\/06\/QCV-220-rear-view-1.png","datePublished":"2020-12-21T17:19:22+00:00","dateModified":"2026-02-02T14:05:48+00:00","description":"Quincy ofrece bombas de vac\u00edo de garra seca de alto rendimiento para diversas aplicaciones industriales. Contacta hoy mismo con tu distribuidor autorizado en Quincy para obtener m\u00e1s informaci\u00f3n.","breadcrumb":{"@id":"https:\/\/www.quincycompressor.com\/es\/productos\/bombas-de-vacio\/qcv-y-qclp-garra-seca\/#breadcrumb"},"inLanguage":"es","potentialAction":[{"@type":"ReadAction","target":["https:\/\/www.quincycompressor.com\/es\/productos\/bombas-de-vacio\/qcv-y-qclp-garra-seca\/"]}]},{"@type":"ImageObject","inLanguage":"es","@id":"https:\/\/www.quincycompressor.com\/es\/productos\/bombas-de-vacio\/qcv-y-qclp-garra-seca\/#primaryimage","url":"https:\/\/www.quincycompressor.com\/wp-content\/uploads\/2024\/06\/QCV-220-rear-view-1.png","contentUrl":"https:\/\/www.quincycompressor.com\/wp-content\/uploads\/2024\/06\/QCV-220-rear-view-1.png","width":2300,"height":1533},{"@type":"BreadcrumbList","@id":"https:\/\/www.quincycompressor.com\/es\/productos\/bombas-de-vacio\/qcv-y-qclp-garra-seca\/#breadcrumb","itemListElement":[{"@type":"ListItem","position":1,"name":"Inicio","item":"https:\/\/www.quincycompressor.com\/es\/inicio\/"},{"@type":"ListItem","position":2,"name":"Productos","item":"https:\/\/www.quincycompressor.com\/es\/productos\/"},{"@type":"ListItem","position":3,"name":"Bombas y sistemas de vac\u00edo","item":"https:\/\/www.quincycompressor.com\/es\/productos\/bombas-de-vacio\/"},{"@type":"ListItem","position":4,"name":"QCV y QCLP &#8211; Garra seca"}]},{"@type":"WebSite","@id":"https:\/\/www.quincycompressor.com\/es\/#website","url":"https:\/\/www.quincycompressor.com\/es\/","name":"Quincy Compressor","description":"Quincy Compressor is your go-to source to find knowledge and dealers with the right air compressor for your situation.","publisher":{"@id":"https:\/\/www.quincycompressor.com\/es\/#organization"},"potentialAction":[{"@type":"SearchAction","target":{"@type":"EntryPoint","urlTemplate":"https:\/\/www.quincycompressor.com\/es\/?s={search_term_string}"},"query-input":"required name=search_term_string"}],"inLanguage":"es"},{"@type":"Organization","@id":"https:\/\/www.quincycompressor.com\/es\/#organization","name":"Compresor Quincy","url":"https:\/\/www.quincycompressor.com\/es\/","logo":{"@type":"ImageObject","inLanguage":"es","@id":"https:\/\/www.quincycompressor.com\/es\/#\/schema\/logo\/image\/","url":"https:\/\/www.quincycompressor.com\/wp-content\/uploads\/2021\/04\/Quincy-Compressor-Logo-web-full.jpg","contentUrl":"https:\/\/www.quincycompressor.com\/wp-content\/uploads\/2021\/04\/Quincy-Compressor-Logo-web-full.jpg","width":293,"height":111,"caption":"Compresor Quincy"},"image":{"@id":"https:\/\/www.quincycompressor.com\/es\/#\/schema\/logo\/image\/"}}]}},"_links":{"self":[{"href":"https:\/\/www.quincycompressor.com\/es\/wp-json\/wp\/v2\/pages\/28106"}],"collection":[{"href":"https:\/\/www.quincycompressor.com\/es\/wp-json\/wp\/v2\/pages"}],"about":[{"href":"https:\/\/www.quincycompressor.com\/es\/wp-json\/wp\/v2\/types\/page"}],"author":[{"embeddable":true,"href":"https:\/\/www.quincycompressor.com\/es\/wp-json\/wp\/v2\/users\/5"}],"replies":[{"embeddable":true,"href":"https:\/\/www.quincycompressor.com\/es\/wp-json\/wp\/v2\/comments?post=28106"}],"version-history":[{"count":0,"href":"https:\/\/www.quincycompressor.com\/es\/wp-json\/wp\/v2\/pages\/28106\/revisions"}],"up":[{"embeddable":true,"href":"https:\/\/www.quincycompressor.com\/es\/wp-json\/wp\/v2\/pages\/26996"}],"wp:featuredmedia":[{"embeddable":true,"href":"https:\/\/www.quincycompressor.com\/es\/wp-json\/wp\/v2\/media\/28115"}],"wp:attachment":[{"href":"https:\/\/www.quincycompressor.com\/es\/wp-json\/wp\/v2\/media?parent=28106"}],"curies":[{"name":"wp","href":"https:\/\/api.w.org\/{rel}","templated":true}]}}