{"id":28185,"date":"2020-12-07T17:00:48","date_gmt":"2020-12-07T17:00:48","guid":{"rendered":"https:\/\/www.quincycompressor.com\/industrias\/compresores-de-aire-para-energia\/"},"modified":"2026-02-03T12:32:59","modified_gmt":"2026-02-03T12:32:59","slug":"compresores-de-aire-para-energia","status":"publish","type":"page","link":"https:\/\/www.quincycompressor.com\/es\/industrias\/compresores-de-aire-para-energia\/","title":{"rendered":"Compresores de aire para energ\u00eda"},"content":{"rendered":"","protected":false},"excerpt":{"rendered":"","protected":false},"author":5,"featured_media":0,"parent":27030,"menu_order":0,"comment_status":"closed","ping_status":"closed","template":"","meta":{"_acf_changed":false,"inline_featured_image":false,"footnotes":""},"acf":[],"yoast_head":"<!-- This site is optimized with the Yoast SEO plugin v22.9 - https:\/\/yoast.com\/wordpress\/plugins\/seo\/ -->\n<title>Compresores de aire para energ\u00eda | Compresor Quincy<\/title>\n<meta name=\"description\" content=\"Los compresores de aire fiables de Quincy son fundamentales en la industria de la exploraci\u00f3n energ\u00e9tica. Descubre m\u00e1s sobre compresores de aire marino para plataformas de perforaci\u00f3n en nuestra p\u00e1gina web.\" \/>\n<meta name=\"robots\" content=\"index, follow, max-snippet:-1, max-image-preview:large, max-video-preview:-1\" \/>\n<link rel=\"canonical\" href=\"https:\/\/www.quincycompressor.com\/es\/industrias\/compresores-de-aire-para-energia\/\" \/>\n<meta property=\"og:locale\" content=\"es_ES\" \/>\n<meta property=\"og:type\" content=\"article\" \/>\n<meta property=\"og:title\" content=\"Compresores de aire para energ\u00eda | Compresor Quincy\" \/>\n<meta property=\"og:description\" content=\"Los compresores de aire fiables de Quincy son fundamentales en la industria de la exploraci\u00f3n energ\u00e9tica. Descubre m\u00e1s sobre compresores de aire marino para plataformas de perforaci\u00f3n en nuestra p\u00e1gina web.\" \/>\n<meta property=\"og:url\" content=\"https:\/\/www.quincycompressor.com\/es\/industrias\/compresores-de-aire-para-energia\/\" \/>\n<meta property=\"og:site_name\" content=\"Quincy Compressor\" \/>\n<meta property=\"article:modified_time\" content=\"2026-02-03T12:32:59+00:00\" \/>\n<meta property=\"og:image\" content=\"https:\/\/www.quincycompressor.com\/wp-content\/uploads\/2021\/04\/imageedit_3_2337862967.png\" \/>\n\t<meta property=\"og:image:width\" content=\"691\" \/>\n\t<meta property=\"og:image:height\" content=\"403\" \/>\n\t<meta property=\"og:image:type\" content=\"image\/png\" \/>\n<meta name=\"twitter:card\" content=\"summary_large_image\" \/>\n<script type=\"application\/ld+json\" class=\"yoast-schema-graph\">{\"@context\":\"https:\/\/schema.org\",\"@graph\":[{\"@type\":\"WebPage\",\"@id\":\"https:\/\/www.quincycompressor.com\/es\/industrias\/compresores-de-aire-para-energia\/\",\"url\":\"https:\/\/www.quincycompressor.com\/es\/industrias\/compresores-de-aire-para-energia\/\",\"name\":\"Compresores de aire para energ\u00eda | Compresor Quincy\",\"isPartOf\":{\"@id\":\"https:\/\/www.quincycompressor.com\/es\/#website\"},\"datePublished\":\"2020-12-07T17:00:48+00:00\",\"dateModified\":\"2026-02-03T12:32:59+00:00\",\"description\":\"Los compresores de aire fiables de Quincy son fundamentales en la industria de la exploraci\u00f3n energ\u00e9tica. Descubre m\u00e1s sobre compresores de aire marino para plataformas de perforaci\u00f3n en nuestra p\u00e1gina web.\",\"breadcrumb\":{\"@id\":\"https:\/\/www.quincycompressor.com\/es\/industrias\/compresores-de-aire-para-energia\/#breadcrumb\"},\"inLanguage\":\"es\",\"potentialAction\":[{\"@type\":\"ReadAction\",\"target\":[\"https:\/\/www.quincycompressor.com\/es\/industrias\/compresores-de-aire-para-energia\/\"]}]},{\"@type\":\"BreadcrumbList\",\"@id\":\"https:\/\/www.quincycompressor.com\/es\/industrias\/compresores-de-aire-para-energia\/#breadcrumb\",\"itemListElement\":[{\"@type\":\"ListItem\",\"position\":1,\"name\":\"Inicio\",\"item\":\"https:\/\/www.quincycompressor.com\/es\/inicio\/\"},{\"@type\":\"ListItem\",\"position\":2,\"name\":\"Industrias\",\"item\":\"https:\/\/www.quincycompressor.com\/es\/industrias\/\"},{\"@type\":\"ListItem\",\"position\":3,\"name\":\"Compresores de aire para energ\u00eda\"}]},{\"@type\":\"WebSite\",\"@id\":\"https:\/\/www.quincycompressor.com\/es\/#website\",\"url\":\"https:\/\/www.quincycompressor.com\/es\/\",\"name\":\"Quincy Compressor\",\"description\":\"Quincy Compressor is your go-to source to find knowledge and dealers with the right air compressor for your situation.\",\"publisher\":{\"@id\":\"https:\/\/www.quincycompressor.com\/es\/#organization\"},\"potentialAction\":[{\"@type\":\"SearchAction\",\"target\":{\"@type\":\"EntryPoint\",\"urlTemplate\":\"https:\/\/www.quincycompressor.com\/es\/?s={search_term_string}\"},\"query-input\":\"required name=search_term_string\"}],\"inLanguage\":\"es\"},{\"@type\":\"Organization\",\"@id\":\"https:\/\/www.quincycompressor.com\/es\/#organization\",\"name\":\"Compresor Quincy\",\"url\":\"https:\/\/www.quincycompressor.com\/es\/\",\"logo\":{\"@type\":\"ImageObject\",\"inLanguage\":\"es\",\"@id\":\"https:\/\/www.quincycompressor.com\/es\/#\/schema\/logo\/image\/\",\"url\":\"https:\/\/www.quincycompressor.com\/wp-content\/uploads\/2021\/04\/Quincy-Compressor-Logo-web-full.jpg\",\"contentUrl\":\"https:\/\/www.quincycompressor.com\/wp-content\/uploads\/2021\/04\/Quincy-Compressor-Logo-web-full.jpg\",\"width\":293,\"height\":111,\"caption\":\"Compresor Quincy\"},\"image\":{\"@id\":\"https:\/\/www.quincycompressor.com\/es\/#\/schema\/logo\/image\/\"}}]}<\/script>\n<!-- \/ Yoast SEO plugin. -->","yoast_head_json":{"title":"Compresores de aire para energ\u00eda | Compresor Quincy","description":"Los compresores de aire fiables de Quincy son fundamentales en la industria de la exploraci\u00f3n energ\u00e9tica. Descubre m\u00e1s sobre compresores de aire marino para plataformas de perforaci\u00f3n en nuestra p\u00e1gina web.","robots":{"index":"index","follow":"follow","max-snippet":"max-snippet:-1","max-image-preview":"max-image-preview:large","max-video-preview":"max-video-preview:-1"},"canonical":"https:\/\/www.quincycompressor.com\/es\/industrias\/compresores-de-aire-para-energia\/","og_locale":"es_ES","og_type":"article","og_title":"Compresores de aire para energ\u00eda | Compresor Quincy","og_description":"Los compresores de aire fiables de Quincy son fundamentales en la industria de la exploraci\u00f3n energ\u00e9tica. Descubre m\u00e1s sobre compresores de aire marino para plataformas de perforaci\u00f3n en nuestra p\u00e1gina web.","og_url":"https:\/\/www.quincycompressor.com\/es\/industrias\/compresores-de-aire-para-energia\/","og_site_name":"Quincy Compressor","article_modified_time":"2026-02-03T12:32:59+00:00","og_image":[{"width":691,"height":403,"url":"https:\/\/www.quincycompressor.com\/wp-content\/uploads\/2021\/04\/imageedit_3_2337862967.png","type":"image\/png"}],"twitter_card":"summary_large_image","schema":{"@context":"https:\/\/schema.org","@graph":[{"@type":"WebPage","@id":"https:\/\/www.quincycompressor.com\/es\/industrias\/compresores-de-aire-para-energia\/","url":"https:\/\/www.quincycompressor.com\/es\/industrias\/compresores-de-aire-para-energia\/","name":"Compresores de aire para energ\u00eda | Compresor Quincy","isPartOf":{"@id":"https:\/\/www.quincycompressor.com\/es\/#website"},"datePublished":"2020-12-07T17:00:48+00:00","dateModified":"2026-02-03T12:32:59+00:00","description":"Los compresores de aire fiables de Quincy son fundamentales en la industria de la exploraci\u00f3n energ\u00e9tica. Descubre m\u00e1s sobre compresores de aire marino para plataformas de perforaci\u00f3n en nuestra p\u00e1gina web.","breadcrumb":{"@id":"https:\/\/www.quincycompressor.com\/es\/industrias\/compresores-de-aire-para-energia\/#breadcrumb"},"inLanguage":"es","potentialAction":[{"@type":"ReadAction","target":["https:\/\/www.quincycompressor.com\/es\/industrias\/compresores-de-aire-para-energia\/"]}]},{"@type":"BreadcrumbList","@id":"https:\/\/www.quincycompressor.com\/es\/industrias\/compresores-de-aire-para-energia\/#breadcrumb","itemListElement":[{"@type":"ListItem","position":1,"name":"Inicio","item":"https:\/\/www.quincycompressor.com\/es\/inicio\/"},{"@type":"ListItem","position":2,"name":"Industrias","item":"https:\/\/www.quincycompressor.com\/es\/industrias\/"},{"@type":"ListItem","position":3,"name":"Compresores de aire para energ\u00eda"}]},{"@type":"WebSite","@id":"https:\/\/www.quincycompressor.com\/es\/#website","url":"https:\/\/www.quincycompressor.com\/es\/","name":"Quincy Compressor","description":"Quincy Compressor is your go-to source to find knowledge and dealers with the right air compressor for your situation.","publisher":{"@id":"https:\/\/www.quincycompressor.com\/es\/#organization"},"potentialAction":[{"@type":"SearchAction","target":{"@type":"EntryPoint","urlTemplate":"https:\/\/www.quincycompressor.com\/es\/?s={search_term_string}"},"query-input":"required name=search_term_string"}],"inLanguage":"es"},{"@type":"Organization","@id":"https:\/\/www.quincycompressor.com\/es\/#organization","name":"Compresor Quincy","url":"https:\/\/www.quincycompressor.com\/es\/","logo":{"@type":"ImageObject","inLanguage":"es","@id":"https:\/\/www.quincycompressor.com\/es\/#\/schema\/logo\/image\/","url":"https:\/\/www.quincycompressor.com\/wp-content\/uploads\/2021\/04\/Quincy-Compressor-Logo-web-full.jpg","contentUrl":"https:\/\/www.quincycompressor.com\/wp-content\/uploads\/2021\/04\/Quincy-Compressor-Logo-web-full.jpg","width":293,"height":111,"caption":"Compresor Quincy"},"image":{"@id":"https:\/\/www.quincycompressor.com\/es\/#\/schema\/logo\/image\/"}}]}},"_links":{"self":[{"href":"https:\/\/www.quincycompressor.com\/es\/wp-json\/wp\/v2\/pages\/28185"}],"collection":[{"href":"https:\/\/www.quincycompressor.com\/es\/wp-json\/wp\/v2\/pages"}],"about":[{"href":"https:\/\/www.quincycompressor.com\/es\/wp-json\/wp\/v2\/types\/page"}],"author":[{"embeddable":true,"href":"https:\/\/www.quincycompressor.com\/es\/wp-json\/wp\/v2\/users\/5"}],"replies":[{"embeddable":true,"href":"https:\/\/www.quincycompressor.com\/es\/wp-json\/wp\/v2\/comments?post=28185"}],"version-history":[{"count":0,"href":"https:\/\/www.quincycompressor.com\/es\/wp-json\/wp\/v2\/pages\/28185\/revisions"}],"up":[{"embeddable":true,"href":"https:\/\/www.quincycompressor.com\/es\/wp-json\/wp\/v2\/pages\/27030"}],"wp:attachment":[{"href":"https:\/\/www.quincycompressor.com\/es\/wp-json\/wp\/v2\/media?parent=28185"}],"curies":[{"name":"wp","href":"https:\/\/api.w.org\/{rel}","templated":true}]}}