{"id":28272,"date":"2020-12-02T07:16:20","date_gmt":"2020-12-02T07:16:20","guid":{"rendered":"https:\/\/www.quincycompressor.com\/productos\/compresores-de-aire-de-piston-alternativo\/"},"modified":"2026-02-20T13:47:20","modified_gmt":"2026-02-20T13:47:20","slug":"compresores-de-aire-de-piston-alternativo","status":"publish","type":"page","link":"https:\/\/www.quincycompressor.com\/es\/productos\/compresores-de-aire-de-piston-alternativo\/","title":{"rendered":"Compresores de aire de pist\u00f3n alternativo"},"content":{"rendered":"<p>Un compresor de aire alternativo es un compresor de desplazamiento positivo que utiliza un pist\u00f3n y un cilindro accionados por cig\u00fce\u00f1al para comprimir el aire. Un compresor de pist\u00f3n alternativo de una sola etapa funciona aspirando el aire hacia el cilindro, donde se comprime en una carrera de un solo pist\u00f3n de aproximadamente 120 PSI y luego se env\u00eda a un tanque de almacenamiento. Un <a href=\"https:\/\/www.quincycompressor.com\/es\/blog-es\/compresores-multietapa\/\">compresor de dos etapas<\/a> incluye un paso adicional en el que el aire se comprime por un segundo pist\u00f3n m\u00e1s peque\u00f1o hasta una presi\u00f3n de hasta 175 PSI. Consulta nuestra colecci\u00f3n de compresores de aire de pist\u00f3n alternativo a continuaci\u00f3n.   <\/p>\n<p><a class=\"btn btn-primary\" href=\"https:\/\/www.quincycompressor.com\/es\/localizador-de-ventas-y-servicio\/\">Encuentra un concesionario local<\/a><\/p>\n","protected":false},"excerpt":{"rendered":"<p>Un compresor de aire alternativo es un compresor de desplazamiento positivo que utiliza un pist\u00f3n y un cilindro accionados por cig\u00fce\u00f1al para comprimir el aire. Un compresor de pist\u00f3n alternativo de una sola etapa funciona aspirando el aire hacia el cilindro, donde se comprime en una carrera de un solo pist\u00f3n de aproximadamente 120 PSI [&hellip;]<\/p>\n","protected":false},"author":5,"featured_media":28301,"parent":27175,"menu_order":0,"comment_status":"closed","ping_status":"closed","template":"page-product-category.php","meta":{"_acf_changed":false,"inline_featured_image":false,"footnotes":""},"acf":[],"yoast_head":"<!-- This site is optimized with the Yoast SEO plugin v22.9 - https:\/\/yoast.com\/wordpress\/plugins\/seo\/ -->\n<title>Compresores de aire de pist\u00f3n alternativo | Compresor Quincy<\/title>\n<meta name=\"description\" content=\"Descubre los compresores de aire alternativo de Quincy Compressor. Construidos con ra\u00edces americanas y respaldados por un siglo de fiabilidad, tenemos un modelo para cada sector.\" \/>\n<meta name=\"robots\" content=\"index, follow, max-snippet:-1, max-image-preview:large, max-video-preview:-1\" \/>\n<link rel=\"canonical\" href=\"https:\/\/www.quincycompressor.com\/es\/productos\/compresores-de-aire-de-piston-alternativo\/\" \/>\n<meta property=\"og:locale\" content=\"es_ES\" \/>\n<meta property=\"og:type\" content=\"article\" \/>\n<meta property=\"og:title\" content=\"Compresores de aire de pist\u00f3n alternativo | Compresor Quincy\" \/>\n<meta property=\"og:description\" content=\"Descubre los compresores de aire alternativo de Quincy Compressor. Construidos con ra\u00edces americanas y respaldados por un siglo de fiabilidad, tenemos un modelo para cada sector.\" \/>\n<meta property=\"og:url\" content=\"https:\/\/www.quincycompressor.com\/es\/productos\/compresores-de-aire-de-piston-alternativo\/\" \/>\n<meta property=\"og:site_name\" content=\"Quincy Compressor\" \/>\n<meta property=\"article:modified_time\" content=\"2026-02-20T13:47:20+00:00\" \/>\n<meta property=\"og:image\" content=\"https:\/\/www.quincycompressor.com\/wp-content\/uploads\/2023\/05\/Quincy_QTV-7.5_QT1-MAX_1-edited-1.png\" \/>\n\t<meta property=\"og:image:width\" content=\"2119\" \/>\n\t<meta property=\"og:image:height\" content=\"2581\" \/>\n\t<meta property=\"og:image:type\" content=\"image\/png\" \/>\n<meta name=\"twitter:card\" content=\"summary_large_image\" \/>\n<meta name=\"twitter:label1\" content=\"Tiempo de lectura\" \/>\n\t<meta name=\"twitter:data1\" content=\"1 minuto\" \/>\n<script type=\"application\/ld+json\" class=\"yoast-schema-graph\">{\"@context\":\"https:\/\/schema.org\",\"@graph\":[{\"@type\":\"WebPage\",\"@id\":\"https:\/\/www.quincycompressor.com\/es\/productos\/compresores-de-aire-de-piston-alternativo\/\",\"url\":\"https:\/\/www.quincycompressor.com\/es\/productos\/compresores-de-aire-de-piston-alternativo\/\",\"name\":\"Compresores de aire de pist\u00f3n alternativo | Compresor Quincy\",\"isPartOf\":{\"@id\":\"https:\/\/www.quincycompressor.com\/es\/#website\"},\"primaryImageOfPage\":{\"@id\":\"https:\/\/www.quincycompressor.com\/es\/productos\/compresores-de-aire-de-piston-alternativo\/#primaryimage\"},\"image\":{\"@id\":\"https:\/\/www.quincycompressor.com\/es\/productos\/compresores-de-aire-de-piston-alternativo\/#primaryimage\"},\"thumbnailUrl\":\"https:\/\/www.quincycompressor.com\/wp-content\/uploads\/2023\/05\/Quincy_QTV-7.5_QT1-MAX_1-edited-1.png\",\"datePublished\":\"2020-12-02T07:16:20+00:00\",\"dateModified\":\"2026-02-20T13:47:20+00:00\",\"description\":\"Descubre los compresores de aire alternativo de Quincy Compressor. Construidos con ra\u00edces americanas y respaldados por un siglo de fiabilidad, tenemos un modelo para cada sector.\",\"breadcrumb\":{\"@id\":\"https:\/\/www.quincycompressor.com\/es\/productos\/compresores-de-aire-de-piston-alternativo\/#breadcrumb\"},\"inLanguage\":\"es\",\"potentialAction\":[{\"@type\":\"ReadAction\",\"target\":[\"https:\/\/www.quincycompressor.com\/es\/productos\/compresores-de-aire-de-piston-alternativo\/\"]}]},{\"@type\":\"ImageObject\",\"inLanguage\":\"es\",\"@id\":\"https:\/\/www.quincycompressor.com\/es\/productos\/compresores-de-aire-de-piston-alternativo\/#primaryimage\",\"url\":\"https:\/\/www.quincycompressor.com\/wp-content\/uploads\/2023\/05\/Quincy_QTV-7.5_QT1-MAX_1-edited-1.png\",\"contentUrl\":\"https:\/\/www.quincycompressor.com\/wp-content\/uploads\/2023\/05\/Quincy_QTV-7.5_QT1-MAX_1-edited-1.png\",\"width\":2119,\"height\":2581,\"caption\":\"QTV\"},{\"@type\":\"BreadcrumbList\",\"@id\":\"https:\/\/www.quincycompressor.com\/es\/productos\/compresores-de-aire-de-piston-alternativo\/#breadcrumb\",\"itemListElement\":[{\"@type\":\"ListItem\",\"position\":1,\"name\":\"Inicio\",\"item\":\"https:\/\/www.quincycompressor.com\/es\/inicio\/\"},{\"@type\":\"ListItem\",\"position\":2,\"name\":\"Productos\",\"item\":\"https:\/\/www.quincycompressor.com\/es\/productos\/\"},{\"@type\":\"ListItem\",\"position\":3,\"name\":\"Compresores de aire de pist\u00f3n alternativo\"}]},{\"@type\":\"WebSite\",\"@id\":\"https:\/\/www.quincycompressor.com\/es\/#website\",\"url\":\"https:\/\/www.quincycompressor.com\/es\/\",\"name\":\"Quincy Compressor\",\"description\":\"Quincy Compressor is your go-to source to find knowledge and dealers with the right air compressor for your situation.\",\"publisher\":{\"@id\":\"https:\/\/www.quincycompressor.com\/es\/#organization\"},\"potentialAction\":[{\"@type\":\"SearchAction\",\"target\":{\"@type\":\"EntryPoint\",\"urlTemplate\":\"https:\/\/www.quincycompressor.com\/es\/?s={search_term_string}\"},\"query-input\":\"required name=search_term_string\"}],\"inLanguage\":\"es\"},{\"@type\":\"Organization\",\"@id\":\"https:\/\/www.quincycompressor.com\/es\/#organization\",\"name\":\"Compresor Quincy\",\"url\":\"https:\/\/www.quincycompressor.com\/es\/\",\"logo\":{\"@type\":\"ImageObject\",\"inLanguage\":\"es\",\"@id\":\"https:\/\/www.quincycompressor.com\/es\/#\/schema\/logo\/image\/\",\"url\":\"https:\/\/www.quincycompressor.com\/wp-content\/uploads\/2021\/04\/Quincy-Compressor-Logo-web-full.jpg\",\"contentUrl\":\"https:\/\/www.quincycompressor.com\/wp-content\/uploads\/2021\/04\/Quincy-Compressor-Logo-web-full.jpg\",\"width\":293,\"height\":111,\"caption\":\"Compresor Quincy\"},\"image\":{\"@id\":\"https:\/\/www.quincycompressor.com\/es\/#\/schema\/logo\/image\/\"}}]}<\/script>\n<!-- \/ Yoast SEO plugin. -->","yoast_head_json":{"title":"Compresores de aire de pist\u00f3n alternativo | Compresor Quincy","description":"Descubre los compresores de aire alternativo de Quincy Compressor. Construidos con ra\u00edces americanas y respaldados por un siglo de fiabilidad, tenemos un modelo para cada sector.","robots":{"index":"index","follow":"follow","max-snippet":"max-snippet:-1","max-image-preview":"max-image-preview:large","max-video-preview":"max-video-preview:-1"},"canonical":"https:\/\/www.quincycompressor.com\/es\/productos\/compresores-de-aire-de-piston-alternativo\/","og_locale":"es_ES","og_type":"article","og_title":"Compresores de aire de pist\u00f3n alternativo | Compresor Quincy","og_description":"Descubre los compresores de aire alternativo de Quincy Compressor. Construidos con ra\u00edces americanas y respaldados por un siglo de fiabilidad, tenemos un modelo para cada sector.","og_url":"https:\/\/www.quincycompressor.com\/es\/productos\/compresores-de-aire-de-piston-alternativo\/","og_site_name":"Quincy Compressor","article_modified_time":"2026-02-20T13:47:20+00:00","og_image":[{"width":2119,"height":2581,"url":"https:\/\/www.quincycompressor.com\/wp-content\/uploads\/2023\/05\/Quincy_QTV-7.5_QT1-MAX_1-edited-1.png","type":"image\/png"}],"twitter_card":"summary_large_image","twitter_misc":{"Tiempo de lectura":"1 minuto"},"schema":{"@context":"https:\/\/schema.org","@graph":[{"@type":"WebPage","@id":"https:\/\/www.quincycompressor.com\/es\/productos\/compresores-de-aire-de-piston-alternativo\/","url":"https:\/\/www.quincycompressor.com\/es\/productos\/compresores-de-aire-de-piston-alternativo\/","name":"Compresores de aire de pist\u00f3n alternativo | Compresor Quincy","isPartOf":{"@id":"https:\/\/www.quincycompressor.com\/es\/#website"},"primaryImageOfPage":{"@id":"https:\/\/www.quincycompressor.com\/es\/productos\/compresores-de-aire-de-piston-alternativo\/#primaryimage"},"image":{"@id":"https:\/\/www.quincycompressor.com\/es\/productos\/compresores-de-aire-de-piston-alternativo\/#primaryimage"},"thumbnailUrl":"https:\/\/www.quincycompressor.com\/wp-content\/uploads\/2023\/05\/Quincy_QTV-7.5_QT1-MAX_1-edited-1.png","datePublished":"2020-12-02T07:16:20+00:00","dateModified":"2026-02-20T13:47:20+00:00","description":"Descubre los compresores de aire alternativo de Quincy Compressor. Construidos con ra\u00edces americanas y respaldados por un siglo de fiabilidad, tenemos un modelo para cada sector.","breadcrumb":{"@id":"https:\/\/www.quincycompressor.com\/es\/productos\/compresores-de-aire-de-piston-alternativo\/#breadcrumb"},"inLanguage":"es","potentialAction":[{"@type":"ReadAction","target":["https:\/\/www.quincycompressor.com\/es\/productos\/compresores-de-aire-de-piston-alternativo\/"]}]},{"@type":"ImageObject","inLanguage":"es","@id":"https:\/\/www.quincycompressor.com\/es\/productos\/compresores-de-aire-de-piston-alternativo\/#primaryimage","url":"https:\/\/www.quincycompressor.com\/wp-content\/uploads\/2023\/05\/Quincy_QTV-7.5_QT1-MAX_1-edited-1.png","contentUrl":"https:\/\/www.quincycompressor.com\/wp-content\/uploads\/2023\/05\/Quincy_QTV-7.5_QT1-MAX_1-edited-1.png","width":2119,"height":2581,"caption":"QTV"},{"@type":"BreadcrumbList","@id":"https:\/\/www.quincycompressor.com\/es\/productos\/compresores-de-aire-de-piston-alternativo\/#breadcrumb","itemListElement":[{"@type":"ListItem","position":1,"name":"Inicio","item":"https:\/\/www.quincycompressor.com\/es\/inicio\/"},{"@type":"ListItem","position":2,"name":"Productos","item":"https:\/\/www.quincycompressor.com\/es\/productos\/"},{"@type":"ListItem","position":3,"name":"Compresores de aire de pist\u00f3n alternativo"}]},{"@type":"WebSite","@id":"https:\/\/www.quincycompressor.com\/es\/#website","url":"https:\/\/www.quincycompressor.com\/es\/","name":"Quincy Compressor","description":"Quincy Compressor is your go-to source to find knowledge and dealers with the right air compressor for your situation.","publisher":{"@id":"https:\/\/www.quincycompressor.com\/es\/#organization"},"potentialAction":[{"@type":"SearchAction","target":{"@type":"EntryPoint","urlTemplate":"https:\/\/www.quincycompressor.com\/es\/?s={search_term_string}"},"query-input":"required name=search_term_string"}],"inLanguage":"es"},{"@type":"Organization","@id":"https:\/\/www.quincycompressor.com\/es\/#organization","name":"Compresor Quincy","url":"https:\/\/www.quincycompressor.com\/es\/","logo":{"@type":"ImageObject","inLanguage":"es","@id":"https:\/\/www.quincycompressor.com\/es\/#\/schema\/logo\/image\/","url":"https:\/\/www.quincycompressor.com\/wp-content\/uploads\/2021\/04\/Quincy-Compressor-Logo-web-full.jpg","contentUrl":"https:\/\/www.quincycompressor.com\/wp-content\/uploads\/2021\/04\/Quincy-Compressor-Logo-web-full.jpg","width":293,"height":111,"caption":"Compresor Quincy"},"image":{"@id":"https:\/\/www.quincycompressor.com\/es\/#\/schema\/logo\/image\/"}}]}},"_links":{"self":[{"href":"https:\/\/www.quincycompressor.com\/es\/wp-json\/wp\/v2\/pages\/28272"}],"collection":[{"href":"https:\/\/www.quincycompressor.com\/es\/wp-json\/wp\/v2\/pages"}],"about":[{"href":"https:\/\/www.quincycompressor.com\/es\/wp-json\/wp\/v2\/types\/page"}],"author":[{"embeddable":true,"href":"https:\/\/www.quincycompressor.com\/es\/wp-json\/wp\/v2\/users\/5"}],"replies":[{"embeddable":true,"href":"https:\/\/www.quincycompressor.com\/es\/wp-json\/wp\/v2\/comments?post=28272"}],"version-history":[{"count":0,"href":"https:\/\/www.quincycompressor.com\/es\/wp-json\/wp\/v2\/pages\/28272\/revisions"}],"up":[{"embeddable":true,"href":"https:\/\/www.quincycompressor.com\/es\/wp-json\/wp\/v2\/pages\/27175"}],"wp:featuredmedia":[{"embeddable":true,"href":"https:\/\/www.quincycompressor.com\/es\/wp-json\/wp\/v2\/media\/28301"}],"wp:attachment":[{"href":"https:\/\/www.quincycompressor.com\/es\/wp-json\/wp\/v2\/media?parent=28272"}],"curies":[{"name":"wp","href":"https:\/\/api.w.org\/{rel}","templated":true}]}}