{"id":28309,"date":"2020-12-02T07:16:02","date_gmt":"2020-12-02T07:16:02","guid":{"rendered":"https:\/\/www.quincycompressor.com\/productos\/compresores-de-aire-portatiles\/"},"modified":"2026-02-20T13:54:14","modified_gmt":"2026-02-20T13:54:14","slug":"compresores-de-aire-portatiles","status":"publish","type":"page","link":"https:\/\/www.quincycompressor.com\/es\/productos\/compresores-de-aire-portatiles\/","title":{"rendered":"Compresores de aire port\u00e1tiles"},"content":{"rendered":"","protected":false},"excerpt":{"rendered":"","protected":false},"author":5,"featured_media":27448,"parent":27175,"menu_order":0,"comment_status":"closed","ping_status":"closed","template":"","meta":{"_acf_changed":false,"inline_featured_image":false,"footnotes":""},"acf":[],"yoast_head":"<!-- This site is optimized with the Yoast SEO plugin v22.9 - https:\/\/yoast.com\/wordpress\/plugins\/seo\/ -->\n<title>https:\/\/www.quincycompressor.com\/products\/portable-air-compressors\/<\/title>\n<meta name=\"description\" content=\"Elige Quincy para tu compresor de aire port\u00e1til. Experimenta la calidad de las ra\u00edces americanas y m\u00e1s de un siglo de fiabilidad. \u00a1Busca un concesionario local cerca de ti!\" \/>\n<meta name=\"robots\" content=\"index, follow, max-snippet:-1, max-image-preview:large, max-video-preview:-1\" \/>\n<link rel=\"canonical\" href=\"https:\/\/www.quincycompressor.com\/es\/productos\/compresores-de-aire-portatiles\/\" \/>\n<meta property=\"og:locale\" content=\"es_ES\" \/>\n<meta property=\"og:type\" content=\"article\" \/>\n<meta property=\"og:title\" content=\"https:\/\/www.quincycompressor.com\/products\/portable-air-compressors\/\" \/>\n<meta property=\"og:description\" content=\"Elige Quincy para tu compresor de aire port\u00e1til. Experimenta la calidad de las ra\u00edces americanas y m\u00e1s de un siglo de fiabilidad. \u00a1Busca un concesionario local cerca de ti!\" \/>\n<meta property=\"og:url\" content=\"https:\/\/www.quincycompressor.com\/es\/productos\/compresores-de-aire-portatiles\/\" \/>\n<meta property=\"og:site_name\" content=\"Quincy Compressor\" \/>\n<meta property=\"article:modified_time\" content=\"2026-02-20T13:54:14+00:00\" \/>\n<meta property=\"og:image\" content=\"https:\/\/www.quincycompressor.com\/wp-content\/uploads\/2020\/12\/SingleStage-Q121-aug-2016-1.png\" \/>\n\t<meta property=\"og:image:width\" content=\"512\" \/>\n\t<meta property=\"og:image:height\" content=\"501\" \/>\n\t<meta property=\"og:image:type\" content=\"image\/png\" \/>\n<meta name=\"twitter:card\" content=\"summary_large_image\" \/>\n<script type=\"application\/ld+json\" class=\"yoast-schema-graph\">{\"@context\":\"https:\/\/schema.org\",\"@graph\":[{\"@type\":\"WebPage\",\"@id\":\"https:\/\/www.quincycompressor.com\/es\/productos\/compresores-de-aire-portatiles\/\",\"url\":\"https:\/\/www.quincycompressor.com\/es\/productos\/compresores-de-aire-portatiles\/\",\"name\":\"https:\/\/www.quincycompressor.com\/products\/portable-air-compressors\/\",\"isPartOf\":{\"@id\":\"https:\/\/www.quincycompressor.com\/es\/#website\"},\"primaryImageOfPage\":{\"@id\":\"https:\/\/www.quincycompressor.com\/es\/productos\/compresores-de-aire-portatiles\/#primaryimage\"},\"image\":{\"@id\":\"https:\/\/www.quincycompressor.com\/es\/productos\/compresores-de-aire-portatiles\/#primaryimage\"},\"thumbnailUrl\":\"https:\/\/www.quincycompressor.com\/wp-content\/uploads\/2020\/12\/SingleStage-Q121-aug-2016-1.png\",\"datePublished\":\"2020-12-02T07:16:02+00:00\",\"dateModified\":\"2026-02-20T13:54:14+00:00\",\"description\":\"Elige Quincy para tu compresor de aire port\u00e1til. Experimenta la calidad de las ra\u00edces americanas y m\u00e1s de un siglo de fiabilidad. \u00a1Busca un concesionario local cerca de ti!\",\"breadcrumb\":{\"@id\":\"https:\/\/www.quincycompressor.com\/es\/productos\/compresores-de-aire-portatiles\/#breadcrumb\"},\"inLanguage\":\"es\",\"potentialAction\":[{\"@type\":\"ReadAction\",\"target\":[\"https:\/\/www.quincycompressor.com\/es\/productos\/compresores-de-aire-portatiles\/\"]}]},{\"@type\":\"ImageObject\",\"inLanguage\":\"es\",\"@id\":\"https:\/\/www.quincycompressor.com\/es\/productos\/compresores-de-aire-portatiles\/#primaryimage\",\"url\":\"https:\/\/www.quincycompressor.com\/wp-content\/uploads\/2020\/12\/SingleStage-Q121-aug-2016-1.png\",\"contentUrl\":\"https:\/\/www.quincycompressor.com\/wp-content\/uploads\/2020\/12\/SingleStage-Q121-aug-2016-1.png\",\"width\":512,\"height\":501},{\"@type\":\"BreadcrumbList\",\"@id\":\"https:\/\/www.quincycompressor.com\/es\/productos\/compresores-de-aire-portatiles\/#breadcrumb\",\"itemListElement\":[{\"@type\":\"ListItem\",\"position\":1,\"name\":\"Inicio\",\"item\":\"https:\/\/www.quincycompressor.com\/es\/inicio\/\"},{\"@type\":\"ListItem\",\"position\":2,\"name\":\"Productos\",\"item\":\"https:\/\/www.quincycompressor.com\/es\/productos\/\"},{\"@type\":\"ListItem\",\"position\":3,\"name\":\"Compresores de aire port\u00e1tiles\"}]},{\"@type\":\"WebSite\",\"@id\":\"https:\/\/www.quincycompressor.com\/es\/#website\",\"url\":\"https:\/\/www.quincycompressor.com\/es\/\",\"name\":\"Quincy Compressor\",\"description\":\"Quincy Compressor is your go-to source to find knowledge and dealers with the right air compressor for your situation.\",\"publisher\":{\"@id\":\"https:\/\/www.quincycompressor.com\/es\/#organization\"},\"potentialAction\":[{\"@type\":\"SearchAction\",\"target\":{\"@type\":\"EntryPoint\",\"urlTemplate\":\"https:\/\/www.quincycompressor.com\/es\/?s={search_term_string}\"},\"query-input\":\"required name=search_term_string\"}],\"inLanguage\":\"es\"},{\"@type\":\"Organization\",\"@id\":\"https:\/\/www.quincycompressor.com\/es\/#organization\",\"name\":\"Compresor Quincy\",\"url\":\"https:\/\/www.quincycompressor.com\/es\/\",\"logo\":{\"@type\":\"ImageObject\",\"inLanguage\":\"es\",\"@id\":\"https:\/\/www.quincycompressor.com\/es\/#\/schema\/logo\/image\/\",\"url\":\"https:\/\/www.quincycompressor.com\/wp-content\/uploads\/2021\/04\/Quincy-Compressor-Logo-web-full.jpg\",\"contentUrl\":\"https:\/\/www.quincycompressor.com\/wp-content\/uploads\/2021\/04\/Quincy-Compressor-Logo-web-full.jpg\",\"width\":293,\"height\":111,\"caption\":\"Compresor Quincy\"},\"image\":{\"@id\":\"https:\/\/www.quincycompressor.com\/es\/#\/schema\/logo\/image\/\"}}]}<\/script>\n<!-- \/ Yoast SEO plugin. -->","yoast_head_json":{"title":"https:\/\/www.quincycompressor.com\/products\/portable-air-compressors\/","description":"Elige Quincy para tu compresor de aire port\u00e1til. Experimenta la calidad de las ra\u00edces americanas y m\u00e1s de un siglo de fiabilidad. \u00a1Busca un concesionario local cerca de ti!","robots":{"index":"index","follow":"follow","max-snippet":"max-snippet:-1","max-image-preview":"max-image-preview:large","max-video-preview":"max-video-preview:-1"},"canonical":"https:\/\/www.quincycompressor.com\/es\/productos\/compresores-de-aire-portatiles\/","og_locale":"es_ES","og_type":"article","og_title":"https:\/\/www.quincycompressor.com\/products\/portable-air-compressors\/","og_description":"Elige Quincy para tu compresor de aire port\u00e1til. Experimenta la calidad de las ra\u00edces americanas y m\u00e1s de un siglo de fiabilidad. \u00a1Busca un concesionario local cerca de ti!","og_url":"https:\/\/www.quincycompressor.com\/es\/productos\/compresores-de-aire-portatiles\/","og_site_name":"Quincy Compressor","article_modified_time":"2026-02-20T13:54:14+00:00","og_image":[{"width":512,"height":501,"url":"https:\/\/www.quincycompressor.com\/wp-content\/uploads\/2020\/12\/SingleStage-Q121-aug-2016-1.png","type":"image\/png"}],"twitter_card":"summary_large_image","schema":{"@context":"https:\/\/schema.org","@graph":[{"@type":"WebPage","@id":"https:\/\/www.quincycompressor.com\/es\/productos\/compresores-de-aire-portatiles\/","url":"https:\/\/www.quincycompressor.com\/es\/productos\/compresores-de-aire-portatiles\/","name":"https:\/\/www.quincycompressor.com\/products\/portable-air-compressors\/","isPartOf":{"@id":"https:\/\/www.quincycompressor.com\/es\/#website"},"primaryImageOfPage":{"@id":"https:\/\/www.quincycompressor.com\/es\/productos\/compresores-de-aire-portatiles\/#primaryimage"},"image":{"@id":"https:\/\/www.quincycompressor.com\/es\/productos\/compresores-de-aire-portatiles\/#primaryimage"},"thumbnailUrl":"https:\/\/www.quincycompressor.com\/wp-content\/uploads\/2020\/12\/SingleStage-Q121-aug-2016-1.png","datePublished":"2020-12-02T07:16:02+00:00","dateModified":"2026-02-20T13:54:14+00:00","description":"Elige Quincy para tu compresor de aire port\u00e1til. Experimenta la calidad de las ra\u00edces americanas y m\u00e1s de un siglo de fiabilidad. \u00a1Busca un concesionario local cerca de ti!","breadcrumb":{"@id":"https:\/\/www.quincycompressor.com\/es\/productos\/compresores-de-aire-portatiles\/#breadcrumb"},"inLanguage":"es","potentialAction":[{"@type":"ReadAction","target":["https:\/\/www.quincycompressor.com\/es\/productos\/compresores-de-aire-portatiles\/"]}]},{"@type":"ImageObject","inLanguage":"es","@id":"https:\/\/www.quincycompressor.com\/es\/productos\/compresores-de-aire-portatiles\/#primaryimage","url":"https:\/\/www.quincycompressor.com\/wp-content\/uploads\/2020\/12\/SingleStage-Q121-aug-2016-1.png","contentUrl":"https:\/\/www.quincycompressor.com\/wp-content\/uploads\/2020\/12\/SingleStage-Q121-aug-2016-1.png","width":512,"height":501},{"@type":"BreadcrumbList","@id":"https:\/\/www.quincycompressor.com\/es\/productos\/compresores-de-aire-portatiles\/#breadcrumb","itemListElement":[{"@type":"ListItem","position":1,"name":"Inicio","item":"https:\/\/www.quincycompressor.com\/es\/inicio\/"},{"@type":"ListItem","position":2,"name":"Productos","item":"https:\/\/www.quincycompressor.com\/es\/productos\/"},{"@type":"ListItem","position":3,"name":"Compresores de aire port\u00e1tiles"}]},{"@type":"WebSite","@id":"https:\/\/www.quincycompressor.com\/es\/#website","url":"https:\/\/www.quincycompressor.com\/es\/","name":"Quincy Compressor","description":"Quincy Compressor is your go-to source to find knowledge and dealers with the right air compressor for your situation.","publisher":{"@id":"https:\/\/www.quincycompressor.com\/es\/#organization"},"potentialAction":[{"@type":"SearchAction","target":{"@type":"EntryPoint","urlTemplate":"https:\/\/www.quincycompressor.com\/es\/?s={search_term_string}"},"query-input":"required name=search_term_string"}],"inLanguage":"es"},{"@type":"Organization","@id":"https:\/\/www.quincycompressor.com\/es\/#organization","name":"Compresor Quincy","url":"https:\/\/www.quincycompressor.com\/es\/","logo":{"@type":"ImageObject","inLanguage":"es","@id":"https:\/\/www.quincycompressor.com\/es\/#\/schema\/logo\/image\/","url":"https:\/\/www.quincycompressor.com\/wp-content\/uploads\/2021\/04\/Quincy-Compressor-Logo-web-full.jpg","contentUrl":"https:\/\/www.quincycompressor.com\/wp-content\/uploads\/2021\/04\/Quincy-Compressor-Logo-web-full.jpg","width":293,"height":111,"caption":"Compresor Quincy"},"image":{"@id":"https:\/\/www.quincycompressor.com\/es\/#\/schema\/logo\/image\/"}}]}},"_links":{"self":[{"href":"https:\/\/www.quincycompressor.com\/es\/wp-json\/wp\/v2\/pages\/28309"}],"collection":[{"href":"https:\/\/www.quincycompressor.com\/es\/wp-json\/wp\/v2\/pages"}],"about":[{"href":"https:\/\/www.quincycompressor.com\/es\/wp-json\/wp\/v2\/types\/page"}],"author":[{"embeddable":true,"href":"https:\/\/www.quincycompressor.com\/es\/wp-json\/wp\/v2\/users\/5"}],"replies":[{"embeddable":true,"href":"https:\/\/www.quincycompressor.com\/es\/wp-json\/wp\/v2\/comments?post=28309"}],"version-history":[{"count":0,"href":"https:\/\/www.quincycompressor.com\/es\/wp-json\/wp\/v2\/pages\/28309\/revisions"}],"up":[{"embeddable":true,"href":"https:\/\/www.quincycompressor.com\/es\/wp-json\/wp\/v2\/pages\/27175"}],"wp:featuredmedia":[{"embeddable":true,"href":"https:\/\/www.quincycompressor.com\/es\/wp-json\/wp\/v2\/media\/27448"}],"wp:attachment":[{"href":"https:\/\/www.quincycompressor.com\/es\/wp-json\/wp\/v2\/media?parent=28309"}],"curies":[{"name":"wp","href":"https:\/\/api.w.org\/{rel}","templated":true}]}}