{"id":28319,"date":"2020-12-02T07:04:16","date_gmt":"2020-12-02T07:04:16","guid":{"rendered":"https:\/\/www.quincycompressor.com\/productos\/filtros\/"},"modified":"2026-02-03T12:32:16","modified_gmt":"2026-02-03T12:32:16","slug":"filtros","status":"publish","type":"page","link":"https:\/\/www.quincycompressor.com\/es\/productos\/filtros\/","title":{"rendered":"Filtros"},"content":{"rendered":"<figure class=\"wpb_wrapper vc_figure\"><img decoding=\"async\" class=\"alignnone size-full wp-image-12633\" src=\"https:\/\/www.quincycompressor.com\/wp-content\/uploads\/2020\/12\/Filter-family-257x300-257x300-1.jpg\" alt=\"\" width=\"257\" height=\"300\"><\/figure>\n<h2>Filtros roscados<\/h2>\n<figure class=\"wpb_wrapper vc_figure\"><img decoding=\"async\" class=\"alignnone size-full wp-image-12634\" src=\"https:\/\/www.quincycompressor.com\/wp-content\/uploads\/2020\/12\/steel-sml.jpg\" alt=\"\" width=\"91\" height=\"185\"><\/figure>\n<h2>Filtros con brida<\/h2>\n<figure class=\"wpb_wrapper vc_figure\"><img decoding=\"async\" class=\"alignnone size-full wp-image-12635\" src=\"https:\/\/www.quincycompressor.com\/wp-content\/uploads\/2020\/12\/open-filter-sml.jpg\" alt=\"\" width=\"36\" height=\"106\"><\/figure>\n<h2>Secci\u00f3n Transversal CSNT<\/h2>\n<p>La gama de filtraci\u00f3n est\u00e1ndar de Quincy consiste en los tres tipos de filtros m\u00e1s comunes utilizados en sistemas de aire comprimido: part\u00edcula, coalescedor y absorbente. Se utilizan carcasas de aluminio con conexiones NPT roscadas para caudales de hasta 1500 cfm y carcasas de acero con conexiones con brida para caudales de hasta 10.500 cfm. <\/p>\n<h3><img decoding=\"async\" class=\"alignleft size-full wp-image-4926\" src=\"https:\/\/www.quincycompressor.com\/wp-content\/uploads\/2016\/08\/eye-icon.png\" alt=\"icono de ojo\" width=\"35\" height=\"35\"><\/h3>\n<h3>De un vistazo<\/h3>\n<ul class=\"inline-list-halves\">\n<li>Durabilidad m\u00e1xima<\/li>\n<li>Dise\u00f1o push-to-fit<\/li>\n<li>Resistente a la corrosi\u00f3n<\/li>\n<li>Garant\u00eda de vivienda a 10 a\u00f1os<\/li>\n<li>Construcci\u00f3n de elementos multi-wrap<\/li>\n<\/ul>\n<h3><img decoding=\"async\" class=\"alignleft size-full wp-image-4927\" src=\"https:\/\/www.quincycompressor.com\/wp-content\/uploads\/2016\/08\/magnifier-icon.png\" alt=\"icono de ojo\" width=\"35\" height=\"35\">De cerca<\/h3>\n<ul class=\"inline-list-halves\">\n<li>10 \u2013 16.500 cfm<\/li>\n<li>Encaja en tuber\u00edas de 1\/4&#8243; a 12&#8243;<\/li>\n<li>Indicador de diferencia de presi\u00f3n<\/li>\n<li>Drenaje autom\u00e1tico de condensados<\/li>\n<\/ul>\n<p><a class=\"button button-buy\" href=\"https:\/\/www.quincycompressor.com\/es\/localizador-de-ventas-y-servicio\/\">Comprar ahora<\/a> <a class=\"button button-pdf\" href=\"https:\/\/www.revbase.com\/tt\/sl.ashx?z=12b3cd59&amp;dataid=75150&amp;ft=1\">Descargar el PDF de filtraci\u00f3n de aire<\/a><\/p>\n<p><a href=\"https:\/\/www.quincycompressor.com\/es\/localizador-de-ventas-y-servicio\/\">Visita nuestra p\u00e1gina de localizaci\u00f3n de ventas y servicio<\/a> para ponerte en contacto con un representante.<\/p>\n","protected":false},"excerpt":{"rendered":"<p>Filtros roscados Filtros con brida Secci\u00f3n Transversal CSNT La gama de filtraci\u00f3n est\u00e1ndar de Quincy consiste en los tres tipos de filtros m\u00e1s comunes utilizados en sistemas de aire comprimido: part\u00edcula, coalescedor y absorbente. Se utilizan carcasas de aluminio con conexiones NPT roscadas para caudales de hasta 1500 cfm y carcasas de acero con conexiones [&hellip;]<\/p>\n","protected":false},"author":5,"featured_media":0,"parent":27175,"menu_order":0,"comment_status":"closed","ping_status":"closed","template":"page-products.php","meta":{"_acf_changed":false,"inline_featured_image":false,"footnotes":""},"acf":[],"yoast_head":"<!-- This site is optimized with the Yoast SEO plugin v22.9 - https:\/\/yoast.com\/wordpress\/plugins\/seo\/ -->\n<title>Filtros est\u00e1ndar | Compresor Quincy<\/title>\n<meta name=\"description\" content=\"Los filtros est\u00e1ndar Quincy limpian el flujo de aire comprimido de contaminantes para garantizar una calidad \u00f3ptima del aire y la protecci\u00f3n del equipo. \u00a1Encuentra un distribuidor cerca de ti!\" \/>\n<meta name=\"robots\" content=\"index, follow, max-snippet:-1, max-image-preview:large, max-video-preview:-1\" \/>\n<link rel=\"canonical\" href=\"https:\/\/www.quincycompressor.com\/es\/productos\/filtros\/\" \/>\n<meta property=\"og:locale\" content=\"es_ES\" \/>\n<meta property=\"og:type\" content=\"article\" \/>\n<meta property=\"og:title\" content=\"Filtros est\u00e1ndar | Compresor Quincy\" \/>\n<meta property=\"og:description\" content=\"Los filtros est\u00e1ndar Quincy limpian el flujo de aire comprimido de contaminantes para garantizar una calidad \u00f3ptima del aire y la protecci\u00f3n del equipo. \u00a1Encuentra un distribuidor cerca de ti!\" \/>\n<meta property=\"og:url\" content=\"https:\/\/www.quincycompressor.com\/es\/productos\/filtros\/\" \/>\n<meta property=\"og:site_name\" content=\"Quincy Compressor\" \/>\n<meta property=\"article:modified_time\" content=\"2026-02-03T12:32:16+00:00\" \/>\n<meta property=\"og:image\" content=\"https:\/\/www.quincycompressor.com\/wp-content\/uploads\/2020\/12\/Filter-family-257x300-257x300-1.jpg\" \/>\n<meta name=\"twitter:card\" content=\"summary_large_image\" \/>\n<meta name=\"twitter:label1\" content=\"Tiempo de lectura\" \/>\n\t<meta name=\"twitter:data1\" content=\"1 minuto\" \/>\n<script type=\"application\/ld+json\" class=\"yoast-schema-graph\">{\"@context\":\"https:\/\/schema.org\",\"@graph\":[{\"@type\":\"WebPage\",\"@id\":\"https:\/\/www.quincycompressor.com\/es\/productos\/filtros\/\",\"url\":\"https:\/\/www.quincycompressor.com\/es\/productos\/filtros\/\",\"name\":\"Filtros est\u00e1ndar | Compresor Quincy\",\"isPartOf\":{\"@id\":\"https:\/\/www.quincycompressor.com\/es\/#website\"},\"primaryImageOfPage\":{\"@id\":\"https:\/\/www.quincycompressor.com\/es\/productos\/filtros\/#primaryimage\"},\"image\":{\"@id\":\"https:\/\/www.quincycompressor.com\/es\/productos\/filtros\/#primaryimage\"},\"thumbnailUrl\":\"https:\/\/www.quincycompressor.com\/wp-content\/uploads\/2020\/12\/Filter-family-257x300-257x300-1.jpg\",\"datePublished\":\"2020-12-02T07:04:16+00:00\",\"dateModified\":\"2026-02-03T12:32:16+00:00\",\"description\":\"Los filtros est\u00e1ndar Quincy limpian el flujo de aire comprimido de contaminantes para garantizar una calidad \u00f3ptima del aire y la protecci\u00f3n del equipo. \u00a1Encuentra un distribuidor cerca de ti!\",\"breadcrumb\":{\"@id\":\"https:\/\/www.quincycompressor.com\/es\/productos\/filtros\/#breadcrumb\"},\"inLanguage\":\"es\",\"potentialAction\":[{\"@type\":\"ReadAction\",\"target\":[\"https:\/\/www.quincycompressor.com\/es\/productos\/filtros\/\"]}]},{\"@type\":\"ImageObject\",\"inLanguage\":\"es\",\"@id\":\"https:\/\/www.quincycompressor.com\/es\/productos\/filtros\/#primaryimage\",\"url\":\"https:\/\/www.quincycompressor.com\/wp-content\/uploads\/2020\/12\/Filter-family-257x300-257x300-1.jpg\",\"contentUrl\":\"https:\/\/www.quincycompressor.com\/wp-content\/uploads\/2020\/12\/Filter-family-257x300-257x300-1.jpg\"},{\"@type\":\"BreadcrumbList\",\"@id\":\"https:\/\/www.quincycompressor.com\/es\/productos\/filtros\/#breadcrumb\",\"itemListElement\":[{\"@type\":\"ListItem\",\"position\":1,\"name\":\"Inicio\",\"item\":\"https:\/\/www.quincycompressor.com\/es\/inicio\/\"},{\"@type\":\"ListItem\",\"position\":2,\"name\":\"Productos\",\"item\":\"https:\/\/www.quincycompressor.com\/es\/productos\/\"},{\"@type\":\"ListItem\",\"position\":3,\"name\":\"Filtros\"}]},{\"@type\":\"WebSite\",\"@id\":\"https:\/\/www.quincycompressor.com\/es\/#website\",\"url\":\"https:\/\/www.quincycompressor.com\/es\/\",\"name\":\"Quincy Compressor\",\"description\":\"Quincy Compressor is your go-to source to find knowledge and dealers with the right air compressor for your situation.\",\"publisher\":{\"@id\":\"https:\/\/www.quincycompressor.com\/es\/#organization\"},\"potentialAction\":[{\"@type\":\"SearchAction\",\"target\":{\"@type\":\"EntryPoint\",\"urlTemplate\":\"https:\/\/www.quincycompressor.com\/es\/?s={search_term_string}\"},\"query-input\":\"required name=search_term_string\"}],\"inLanguage\":\"es\"},{\"@type\":\"Organization\",\"@id\":\"https:\/\/www.quincycompressor.com\/es\/#organization\",\"name\":\"Compresor Quincy\",\"url\":\"https:\/\/www.quincycompressor.com\/es\/\",\"logo\":{\"@type\":\"ImageObject\",\"inLanguage\":\"es\",\"@id\":\"https:\/\/www.quincycompressor.com\/es\/#\/schema\/logo\/image\/\",\"url\":\"https:\/\/www.quincycompressor.com\/wp-content\/uploads\/2021\/04\/Quincy-Compressor-Logo-web-full.jpg\",\"contentUrl\":\"https:\/\/www.quincycompressor.com\/wp-content\/uploads\/2021\/04\/Quincy-Compressor-Logo-web-full.jpg\",\"width\":293,\"height\":111,\"caption\":\"Compresor Quincy\"},\"image\":{\"@id\":\"https:\/\/www.quincycompressor.com\/es\/#\/schema\/logo\/image\/\"}}]}<\/script>\n<!-- \/ Yoast SEO plugin. -->","yoast_head_json":{"title":"Filtros est\u00e1ndar | Compresor Quincy","description":"Los filtros est\u00e1ndar Quincy limpian el flujo de aire comprimido de contaminantes para garantizar una calidad \u00f3ptima del aire y la protecci\u00f3n del equipo. \u00a1Encuentra un distribuidor cerca de ti!","robots":{"index":"index","follow":"follow","max-snippet":"max-snippet:-1","max-image-preview":"max-image-preview:large","max-video-preview":"max-video-preview:-1"},"canonical":"https:\/\/www.quincycompressor.com\/es\/productos\/filtros\/","og_locale":"es_ES","og_type":"article","og_title":"Filtros est\u00e1ndar | Compresor Quincy","og_description":"Los filtros est\u00e1ndar Quincy limpian el flujo de aire comprimido de contaminantes para garantizar una calidad \u00f3ptima del aire y la protecci\u00f3n del equipo. \u00a1Encuentra un distribuidor cerca de ti!","og_url":"https:\/\/www.quincycompressor.com\/es\/productos\/filtros\/","og_site_name":"Quincy Compressor","article_modified_time":"2026-02-03T12:32:16+00:00","og_image":[{"url":"https:\/\/www.quincycompressor.com\/wp-content\/uploads\/2020\/12\/Filter-family-257x300-257x300-1.jpg"}],"twitter_card":"summary_large_image","twitter_misc":{"Tiempo de lectura":"1 minuto"},"schema":{"@context":"https:\/\/schema.org","@graph":[{"@type":"WebPage","@id":"https:\/\/www.quincycompressor.com\/es\/productos\/filtros\/","url":"https:\/\/www.quincycompressor.com\/es\/productos\/filtros\/","name":"Filtros est\u00e1ndar | Compresor Quincy","isPartOf":{"@id":"https:\/\/www.quincycompressor.com\/es\/#website"},"primaryImageOfPage":{"@id":"https:\/\/www.quincycompressor.com\/es\/productos\/filtros\/#primaryimage"},"image":{"@id":"https:\/\/www.quincycompressor.com\/es\/productos\/filtros\/#primaryimage"},"thumbnailUrl":"https:\/\/www.quincycompressor.com\/wp-content\/uploads\/2020\/12\/Filter-family-257x300-257x300-1.jpg","datePublished":"2020-12-02T07:04:16+00:00","dateModified":"2026-02-03T12:32:16+00:00","description":"Los filtros est\u00e1ndar Quincy limpian el flujo de aire comprimido de contaminantes para garantizar una calidad \u00f3ptima del aire y la protecci\u00f3n del equipo. \u00a1Encuentra un distribuidor cerca de ti!","breadcrumb":{"@id":"https:\/\/www.quincycompressor.com\/es\/productos\/filtros\/#breadcrumb"},"inLanguage":"es","potentialAction":[{"@type":"ReadAction","target":["https:\/\/www.quincycompressor.com\/es\/productos\/filtros\/"]}]},{"@type":"ImageObject","inLanguage":"es","@id":"https:\/\/www.quincycompressor.com\/es\/productos\/filtros\/#primaryimage","url":"https:\/\/www.quincycompressor.com\/wp-content\/uploads\/2020\/12\/Filter-family-257x300-257x300-1.jpg","contentUrl":"https:\/\/www.quincycompressor.com\/wp-content\/uploads\/2020\/12\/Filter-family-257x300-257x300-1.jpg"},{"@type":"BreadcrumbList","@id":"https:\/\/www.quincycompressor.com\/es\/productos\/filtros\/#breadcrumb","itemListElement":[{"@type":"ListItem","position":1,"name":"Inicio","item":"https:\/\/www.quincycompressor.com\/es\/inicio\/"},{"@type":"ListItem","position":2,"name":"Productos","item":"https:\/\/www.quincycompressor.com\/es\/productos\/"},{"@type":"ListItem","position":3,"name":"Filtros"}]},{"@type":"WebSite","@id":"https:\/\/www.quincycompressor.com\/es\/#website","url":"https:\/\/www.quincycompressor.com\/es\/","name":"Quincy Compressor","description":"Quincy Compressor is your go-to source to find knowledge and dealers with the right air compressor for your situation.","publisher":{"@id":"https:\/\/www.quincycompressor.com\/es\/#organization"},"potentialAction":[{"@type":"SearchAction","target":{"@type":"EntryPoint","urlTemplate":"https:\/\/www.quincycompressor.com\/es\/?s={search_term_string}"},"query-input":"required name=search_term_string"}],"inLanguage":"es"},{"@type":"Organization","@id":"https:\/\/www.quincycompressor.com\/es\/#organization","name":"Compresor Quincy","url":"https:\/\/www.quincycompressor.com\/es\/","logo":{"@type":"ImageObject","inLanguage":"es","@id":"https:\/\/www.quincycompressor.com\/es\/#\/schema\/logo\/image\/","url":"https:\/\/www.quincycompressor.com\/wp-content\/uploads\/2021\/04\/Quincy-Compressor-Logo-web-full.jpg","contentUrl":"https:\/\/www.quincycompressor.com\/wp-content\/uploads\/2021\/04\/Quincy-Compressor-Logo-web-full.jpg","width":293,"height":111,"caption":"Compresor Quincy"},"image":{"@id":"https:\/\/www.quincycompressor.com\/es\/#\/schema\/logo\/image\/"}}]}},"_links":{"self":[{"href":"https:\/\/www.quincycompressor.com\/es\/wp-json\/wp\/v2\/pages\/28319"}],"collection":[{"href":"https:\/\/www.quincycompressor.com\/es\/wp-json\/wp\/v2\/pages"}],"about":[{"href":"https:\/\/www.quincycompressor.com\/es\/wp-json\/wp\/v2\/types\/page"}],"author":[{"embeddable":true,"href":"https:\/\/www.quincycompressor.com\/es\/wp-json\/wp\/v2\/users\/5"}],"replies":[{"embeddable":true,"href":"https:\/\/www.quincycompressor.com\/es\/wp-json\/wp\/v2\/comments?post=28319"}],"version-history":[{"count":0,"href":"https:\/\/www.quincycompressor.com\/es\/wp-json\/wp\/v2\/pages\/28319\/revisions"}],"up":[{"embeddable":true,"href":"https:\/\/www.quincycompressor.com\/es\/wp-json\/wp\/v2\/pages\/27175"}],"wp:attachment":[{"href":"https:\/\/www.quincycompressor.com\/es\/wp-json\/wp\/v2\/media?parent=28319"}],"curies":[{"name":"wp","href":"https:\/\/api.w.org\/{rel}","templated":true}]}}