{"id":28685,"date":"2025-02-25T11:40:06","date_gmt":"2025-02-25T11:40:06","guid":{"rendered":"https:\/\/www.quincycompressor.com\/productos\/secadores-refrigerados\/"},"modified":"2026-02-23T16:31:50","modified_gmt":"2026-02-23T16:31:50","slug":"secadores-refrigerados","status":"publish","type":"page","link":"https:\/\/www.quincycompressor.com\/es\/productos\/secadores-refrigerados\/","title":{"rendered":"Secadores refrigerados"},"content":{"rendered":"<p><img decoding=\"async\" class=\"aligncenter size-full wp-image-15448 mobile-image\" src=\"https:\/\/www.quincycompressor.com\/wp-content\/uploads\/2020\/12\/Dryers-Medium-Small-1.png\" alt=\"\" width=\"500\" height=\"375\" srcset=\"https:\/\/www.quincycompressor.com\/wp-content\/uploads\/2020\/12\/Dryers-Medium-Small-1.png 500w, https:\/\/www.quincycompressor.com\/wp-content\/uploads\/2020\/12\/Dryers-Medium-Small-1-300x225.png 300w\" sizes=\"(max-width: 500px) 100vw, 500px\" \/><\/p>\n<p>Un secador de aire refrigerante cumple la funci\u00f3n esencial de eliminar el vapor de agua y los contaminantes que transporta del aire comprimido. Los secadores de aire refrigerados de Quincy purifican el aire comprimido enfri\u00e1ndolo hasta aproximadamente 37 grados Fahrenheit. Este proceso provoca que la humedad se condense. La humedad condensada transporta la suciedad y el aceite en suspensi\u00f3n al separador, donde un desag\u00fce autom\u00e1tico los elimina del flujo de aire. Ofrecemos una amplia selecci\u00f3n de <a href=\"https:\/\/www.quincycompressor.com\/es\/productos\/secadoras\/\">secadores de compresores<\/a> de aire de \u00faltima generaci\u00f3n, incluyendo secadores no ciclables, de ciclismo, de velocidad variable y compactos de alta temperatura para muchas aplicaciones industriales.    <\/p>\n<p><a class=\"btn btn-primary btn\" href=\"https:\/\/www.quincycompressor.com\/es\/localizador-de-ventas-y-servicio\/\">Localiza un distribuidor<\/a><br \/>\n<a class=\"btn btn-secondary btn\" href=\"https:\/\/www.quincycompressor.com\/es\/contacta-con-quincy\/\">Cont\u00e1ctenos<\/a><\/p>\n","protected":false},"excerpt":{"rendered":"<p>Un secador de aire refrigerante cumple la funci\u00f3n esencial de eliminar el vapor de agua y los contaminantes que transporta del aire comprimido. Los secadores de aire refrigerados de Quincy purifican el aire comprimido enfri\u00e1ndolo hasta aproximadamente 37 grados Fahrenheit. Este proceso provoca que la humedad se condense. La humedad condensada transporta la suciedad y [&hellip;]<\/p>\n","protected":false},"author":5,"featured_media":26791,"parent":27175,"menu_order":0,"comment_status":"closed","ping_status":"closed","template":"","meta":{"_acf_changed":false,"inline_featured_image":false,"footnotes":""},"acf":[],"yoast_head":"<!-- This site is optimized with the Yoast SEO plugin v22.9 - https:\/\/yoast.com\/wordpress\/plugins\/seo\/ -->\n<title>Secador con compresor de aire | Compresor Quincy<\/title>\n<meta name=\"description\" content=\"Quincy Compressor ofrece secadores de aire refrigerados de alta calidad. Descubre la ingenier\u00eda de ra\u00edces americana, respaldada por m\u00e1s de un siglo de fiabilidad para aire limpio y seco.\" \/>\n<meta name=\"robots\" content=\"index, follow, max-snippet:-1, max-image-preview:large, max-video-preview:-1\" \/>\n<link rel=\"canonical\" href=\"https:\/\/www.quincycompressor.com\/es\/productos\/secadores-refrigerados\/\" \/>\n<meta property=\"og:locale\" content=\"es_ES\" \/>\n<meta property=\"og:type\" content=\"article\" \/>\n<meta property=\"og:title\" content=\"Secador con compresor de aire | Compresor Quincy\" \/>\n<meta property=\"og:description\" content=\"Quincy Compressor ofrece secadores de aire refrigerados de alta calidad. Descubre la ingenier\u00eda de ra\u00edces americana, respaldada por m\u00e1s de un siglo de fiabilidad para aire limpio y seco.\" \/>\n<meta property=\"og:url\" content=\"https:\/\/www.quincycompressor.com\/es\/productos\/secadores-refrigerados\/\" \/>\n<meta property=\"og:site_name\" content=\"Quincy Compressor\" \/>\n<meta property=\"article:modified_time\" content=\"2026-02-23T16:31:50+00:00\" \/>\n<meta property=\"og:image\" content=\"https:\/\/www.quincycompressor.com\/wp-content\/uploads\/2021\/02\/QP_transparent.png\" \/>\n\t<meta property=\"og:image:width\" content=\"300\" \/>\n\t<meta property=\"og:image:height\" content=\"244\" \/>\n\t<meta property=\"og:image:type\" content=\"image\/png\" \/>\n<meta name=\"twitter:card\" content=\"summary_large_image\" \/>\n<meta name=\"twitter:label1\" content=\"Tiempo de lectura\" \/>\n\t<meta name=\"twitter:data1\" content=\"1 minuto\" \/>\n<script type=\"application\/ld+json\" class=\"yoast-schema-graph\">{\"@context\":\"https:\/\/schema.org\",\"@graph\":[{\"@type\":\"WebPage\",\"@id\":\"https:\/\/www.quincycompressor.com\/es\/productos\/secadores-refrigerados\/\",\"url\":\"https:\/\/www.quincycompressor.com\/es\/productos\/secadores-refrigerados\/\",\"name\":\"Secador con compresor de aire | Compresor Quincy\",\"isPartOf\":{\"@id\":\"https:\/\/www.quincycompressor.com\/es\/#website\"},\"primaryImageOfPage\":{\"@id\":\"https:\/\/www.quincycompressor.com\/es\/productos\/secadores-refrigerados\/#primaryimage\"},\"image\":{\"@id\":\"https:\/\/www.quincycompressor.com\/es\/productos\/secadores-refrigerados\/#primaryimage\"},\"thumbnailUrl\":\"https:\/\/www.quincycompressor.com\/wp-content\/uploads\/2021\/02\/QP_transparent.png\",\"datePublished\":\"2025-02-25T11:40:06+00:00\",\"dateModified\":\"2026-02-23T16:31:50+00:00\",\"description\":\"Quincy Compressor ofrece secadores de aire refrigerados de alta calidad. Descubre la ingenier\u00eda de ra\u00edces americana, respaldada por m\u00e1s de un siglo de fiabilidad para aire limpio y seco.\",\"breadcrumb\":{\"@id\":\"https:\/\/www.quincycompressor.com\/es\/productos\/secadores-refrigerados\/#breadcrumb\"},\"inLanguage\":\"es\",\"potentialAction\":[{\"@type\":\"ReadAction\",\"target\":[\"https:\/\/www.quincycompressor.com\/es\/productos\/secadores-refrigerados\/\"]}]},{\"@type\":\"ImageObject\",\"inLanguage\":\"es\",\"@id\":\"https:\/\/www.quincycompressor.com\/es\/productos\/secadores-refrigerados\/#primaryimage\",\"url\":\"https:\/\/www.quincycompressor.com\/wp-content\/uploads\/2021\/02\/QP_transparent.png\",\"contentUrl\":\"https:\/\/www.quincycompressor.com\/wp-content\/uploads\/2021\/02\/QP_transparent.png\",\"width\":300,\"height\":244},{\"@type\":\"BreadcrumbList\",\"@id\":\"https:\/\/www.quincycompressor.com\/es\/productos\/secadores-refrigerados\/#breadcrumb\",\"itemListElement\":[{\"@type\":\"ListItem\",\"position\":1,\"name\":\"Inicio\",\"item\":\"https:\/\/www.quincycompressor.com\/es\/inicio\/\"},{\"@type\":\"ListItem\",\"position\":2,\"name\":\"Productos\",\"item\":\"https:\/\/www.quincycompressor.com\/es\/productos\/\"},{\"@type\":\"ListItem\",\"position\":3,\"name\":\"Secadores refrigerados\"}]},{\"@type\":\"WebSite\",\"@id\":\"https:\/\/www.quincycompressor.com\/es\/#website\",\"url\":\"https:\/\/www.quincycompressor.com\/es\/\",\"name\":\"Quincy Compressor\",\"description\":\"Quincy Compressor is your go-to source to find knowledge and dealers with the right air compressor for your situation.\",\"publisher\":{\"@id\":\"https:\/\/www.quincycompressor.com\/es\/#organization\"},\"potentialAction\":[{\"@type\":\"SearchAction\",\"target\":{\"@type\":\"EntryPoint\",\"urlTemplate\":\"https:\/\/www.quincycompressor.com\/es\/?s={search_term_string}\"},\"query-input\":\"required name=search_term_string\"}],\"inLanguage\":\"es\"},{\"@type\":\"Organization\",\"@id\":\"https:\/\/www.quincycompressor.com\/es\/#organization\",\"name\":\"Compresor Quincy\",\"url\":\"https:\/\/www.quincycompressor.com\/es\/\",\"logo\":{\"@type\":\"ImageObject\",\"inLanguage\":\"es\",\"@id\":\"https:\/\/www.quincycompressor.com\/es\/#\/schema\/logo\/image\/\",\"url\":\"https:\/\/www.quincycompressor.com\/wp-content\/uploads\/2021\/04\/Quincy-Compressor-Logo-web-full.jpg\",\"contentUrl\":\"https:\/\/www.quincycompressor.com\/wp-content\/uploads\/2021\/04\/Quincy-Compressor-Logo-web-full.jpg\",\"width\":293,\"height\":111,\"caption\":\"Compresor Quincy\"},\"image\":{\"@id\":\"https:\/\/www.quincycompressor.com\/es\/#\/schema\/logo\/image\/\"}}]}<\/script>\n<!-- \/ Yoast SEO plugin. -->","yoast_head_json":{"title":"Secador con compresor de aire | Compresor Quincy","description":"Quincy Compressor ofrece secadores de aire refrigerados de alta calidad. Descubre la ingenier\u00eda de ra\u00edces americana, respaldada por m\u00e1s de un siglo de fiabilidad para aire limpio y seco.","robots":{"index":"index","follow":"follow","max-snippet":"max-snippet:-1","max-image-preview":"max-image-preview:large","max-video-preview":"max-video-preview:-1"},"canonical":"https:\/\/www.quincycompressor.com\/es\/productos\/secadores-refrigerados\/","og_locale":"es_ES","og_type":"article","og_title":"Secador con compresor de aire | Compresor Quincy","og_description":"Quincy Compressor ofrece secadores de aire refrigerados de alta calidad. Descubre la ingenier\u00eda de ra\u00edces americana, respaldada por m\u00e1s de un siglo de fiabilidad para aire limpio y seco.","og_url":"https:\/\/www.quincycompressor.com\/es\/productos\/secadores-refrigerados\/","og_site_name":"Quincy Compressor","article_modified_time":"2026-02-23T16:31:50+00:00","og_image":[{"width":300,"height":244,"url":"https:\/\/www.quincycompressor.com\/wp-content\/uploads\/2021\/02\/QP_transparent.png","type":"image\/png"}],"twitter_card":"summary_large_image","twitter_misc":{"Tiempo de lectura":"1 minuto"},"schema":{"@context":"https:\/\/schema.org","@graph":[{"@type":"WebPage","@id":"https:\/\/www.quincycompressor.com\/es\/productos\/secadores-refrigerados\/","url":"https:\/\/www.quincycompressor.com\/es\/productos\/secadores-refrigerados\/","name":"Secador con compresor de aire | Compresor Quincy","isPartOf":{"@id":"https:\/\/www.quincycompressor.com\/es\/#website"},"primaryImageOfPage":{"@id":"https:\/\/www.quincycompressor.com\/es\/productos\/secadores-refrigerados\/#primaryimage"},"image":{"@id":"https:\/\/www.quincycompressor.com\/es\/productos\/secadores-refrigerados\/#primaryimage"},"thumbnailUrl":"https:\/\/www.quincycompressor.com\/wp-content\/uploads\/2021\/02\/QP_transparent.png","datePublished":"2025-02-25T11:40:06+00:00","dateModified":"2026-02-23T16:31:50+00:00","description":"Quincy Compressor ofrece secadores de aire refrigerados de alta calidad. Descubre la ingenier\u00eda de ra\u00edces americana, respaldada por m\u00e1s de un siglo de fiabilidad para aire limpio y seco.","breadcrumb":{"@id":"https:\/\/www.quincycompressor.com\/es\/productos\/secadores-refrigerados\/#breadcrumb"},"inLanguage":"es","potentialAction":[{"@type":"ReadAction","target":["https:\/\/www.quincycompressor.com\/es\/productos\/secadores-refrigerados\/"]}]},{"@type":"ImageObject","inLanguage":"es","@id":"https:\/\/www.quincycompressor.com\/es\/productos\/secadores-refrigerados\/#primaryimage","url":"https:\/\/www.quincycompressor.com\/wp-content\/uploads\/2021\/02\/QP_transparent.png","contentUrl":"https:\/\/www.quincycompressor.com\/wp-content\/uploads\/2021\/02\/QP_transparent.png","width":300,"height":244},{"@type":"BreadcrumbList","@id":"https:\/\/www.quincycompressor.com\/es\/productos\/secadores-refrigerados\/#breadcrumb","itemListElement":[{"@type":"ListItem","position":1,"name":"Inicio","item":"https:\/\/www.quincycompressor.com\/es\/inicio\/"},{"@type":"ListItem","position":2,"name":"Productos","item":"https:\/\/www.quincycompressor.com\/es\/productos\/"},{"@type":"ListItem","position":3,"name":"Secadores refrigerados"}]},{"@type":"WebSite","@id":"https:\/\/www.quincycompressor.com\/es\/#website","url":"https:\/\/www.quincycompressor.com\/es\/","name":"Quincy Compressor","description":"Quincy Compressor is your go-to source to find knowledge and dealers with the right air compressor for your situation.","publisher":{"@id":"https:\/\/www.quincycompressor.com\/es\/#organization"},"potentialAction":[{"@type":"SearchAction","target":{"@type":"EntryPoint","urlTemplate":"https:\/\/www.quincycompressor.com\/es\/?s={search_term_string}"},"query-input":"required name=search_term_string"}],"inLanguage":"es"},{"@type":"Organization","@id":"https:\/\/www.quincycompressor.com\/es\/#organization","name":"Compresor Quincy","url":"https:\/\/www.quincycompressor.com\/es\/","logo":{"@type":"ImageObject","inLanguage":"es","@id":"https:\/\/www.quincycompressor.com\/es\/#\/schema\/logo\/image\/","url":"https:\/\/www.quincycompressor.com\/wp-content\/uploads\/2021\/04\/Quincy-Compressor-Logo-web-full.jpg","contentUrl":"https:\/\/www.quincycompressor.com\/wp-content\/uploads\/2021\/04\/Quincy-Compressor-Logo-web-full.jpg","width":293,"height":111,"caption":"Compresor Quincy"},"image":{"@id":"https:\/\/www.quincycompressor.com\/es\/#\/schema\/logo\/image\/"}}]}},"_links":{"self":[{"href":"https:\/\/www.quincycompressor.com\/es\/wp-json\/wp\/v2\/pages\/28685"}],"collection":[{"href":"https:\/\/www.quincycompressor.com\/es\/wp-json\/wp\/v2\/pages"}],"about":[{"href":"https:\/\/www.quincycompressor.com\/es\/wp-json\/wp\/v2\/types\/page"}],"author":[{"embeddable":true,"href":"https:\/\/www.quincycompressor.com\/es\/wp-json\/wp\/v2\/users\/5"}],"replies":[{"embeddable":true,"href":"https:\/\/www.quincycompressor.com\/es\/wp-json\/wp\/v2\/comments?post=28685"}],"version-history":[{"count":0,"href":"https:\/\/www.quincycompressor.com\/es\/wp-json\/wp\/v2\/pages\/28685\/revisions"}],"up":[{"embeddable":true,"href":"https:\/\/www.quincycompressor.com\/es\/wp-json\/wp\/v2\/pages\/27175"}],"wp:featuredmedia":[{"embeddable":true,"href":"https:\/\/www.quincycompressor.com\/es\/wp-json\/wp\/v2\/media\/26791"}],"wp:attachment":[{"href":"https:\/\/www.quincycompressor.com\/es\/wp-json\/wp\/v2\/media?parent=28685"}],"curies":[{"name":"wp","href":"https:\/\/api.w.org\/{rel}","templated":true}]}}